{"id":125147,"date":"2023-07-17T20:49:56","date_gmt":"2023-07-17T18:49:56","guid":{"rendered":"https:\/\/www.creaearredanegozi.it\/?post_type=product&#038;p=125147"},"modified":"2023-07-19T18:51:44","modified_gmt":"2023-07-19T16:51:44","slug":"2-stockige-neutrale-brioches-theke-vitrine-bar","status":"publish","type":"product","link":"https:\/\/www.creaearredanegozi.it\/de\/2-stockige-neutrale-brioches-theke-vitrine-bar\/","title":{"rendered":"Neutrale 2-st\u00f6ckige Brioches Thekenvitrine"},"content":{"rendered":"<div class=\"content\" tabindex=\"0\" aria-hidden=\"true\">\n<div class=\"ac-container ac-adaptiveCard\">\n<div class=\"ac-textBlock\">\n<p>La <strong>Brioche-Schaufenster<\/strong> ist vollst\u00e4ndig aus Abs mit transparenten Plexiglasverschl\u00fcssen hergestellt. Sie ist haltbar und eignet sich f\u00fcr die Aufbewahrung und Pr\u00e4sentation von Brioches, Amarena-Keksen, Mandelgeb\u00e4ck, Muffins und all jenen Produkten, die bei Raumtemperatur gelagert werden k\u00f6nnen.<\/p>\n<p>Er hat runde Klappenverschl\u00fcsse, mit denen sich der Deckel leicht von beiden Seiten \u00f6ffnen und schlie\u00dfen l\u00e4sst. Die runde Form der Verschl\u00fcsse ist harmonisch und modern. Die Vitrine hat ein Fassungsverm\u00f6gen von ca. <strong>18 Brioches<\/strong> von mittlerer Gr\u00f6\u00dfe in der <strong>Version 40 cm<\/strong> und \u00fcber <strong>32 Brioches<\/strong> unter <strong>Version 50 cm<\/strong>leicht mit einem feuchten Tuch zu reinigen.<\/p>\n<p>Er ist ideal f\u00fcr die Pr\u00e4sentation von Lebensmitteln in Bars, Buffets, Imbissecken, Hotels und Pensionen.<\/p>\n<\/div>\n<p>Verf\u00fcgbare Abmessungen (BxTxH):<\/p>\n<ul>\n<li>400x245x320h mm<\/li>\n<li>505x305x400h mm<\/li>\n<\/ul>\n<\/div>\n<\/div>","protected":false},"excerpt":{"rendered":"<p>La vetrinetta brioches \u00e8 costruita interamente in abs con chiusure in plexiglass trasparente. E&#8217; resistente ed \u00e8 adatta per conservare e esporre brioches, biscotti all&#8217;amarena, dolci a pasta di mandorla, muffin, e tutti quei prodotti che possono essere conservati a temperatura ambiente. Ha delle chiusure a ribalta tonde che permettono di aprire e chiudere facilmente [&#8230;]","protected":false},"featured_media":125148,"comment_status":"closed","ping_status":"closed","template":"","meta":{"_monsterinsights_skip_tracking":false,"_monsterinsights_sitenote_active":false,"_monsterinsights_sitenote_note":"","_monsterinsights_sitenote_category":0},"product_brand":[],"product_cat":[257,335,28,339],"product_tag":[],"class_list":{"0":"post-125147","1":"product","2":"type-product","3":"status-publish","4":"has-post-thumbnail","6":"product_cat-neutre","7":"product_cat-self-service","8":"product_cat-vetrine","9":"product_cat-vetrine-self-service","10":"product_shipping_class-48","11":"pa_marca-karel","13":"first","14":"instock","15":"taxable","16":"shipping-taxable","17":"purchasable","18":"product-type-variable"},"_links":{"self":[{"href":"https:\/\/www.creaearredanegozi.it\/de\/wp-json\/wp\/v2\/product\/125147","targetHints":{"allow":["GET"]}}],"collection":[{"href":"https:\/\/www.creaearredanegozi.it\/de\/wp-json\/wp\/v2\/product"}],"about":[{"href":"https:\/\/www.creaearredanegozi.it\/de\/wp-json\/wp\/v2\/types\/product"}],"replies":[{"embeddable":true,"href":"https:\/\/www.creaearredanegozi.it\/de\/wp-json\/wp\/v2\/comments?post=125147"}],"wp:featuredmedia":[{"embeddable":true,"href":"https:\/\/www.creaearredanegozi.it\/de\/wp-json\/wp\/v2\/media\/125148"}],"wp:attachment":[{"href":"https:\/\/www.creaearredanegozi.it\/de\/wp-json\/wp\/v2\/media?parent=125147"}],"wp:term":[{"taxonomy":"product_brand","embeddable":true,"href":"https:\/\/www.creaearredanegozi.it\/de\/wp-json\/wp\/v2\/product_brand?post=125147"},{"taxonomy":"product_cat","embeddable":true,"href":"https:\/\/www.creaearredanegozi.it\/de\/wp-json\/wp\/v2\/product_cat?post=125147"},{"taxonomy":"product_tag","embeddable":true,"href":"https:\/\/www.creaearredanegozi.it\/de\/wp-json\/wp\/v2\/product_tag?post=125147"}],"curies":[{"name":"wp","href":"https:\/\/api.w.org\/{rel}","templated":true}]}}