{"id":125165,"date":"2023-07-19T11:48:52","date_gmt":"2023-07-19T09:48:52","guid":{"rendered":"https:\/\/www.creaearredanegozi.it\/?post_type=product&#038;p=125165"},"modified":"2024-10-04T13:22:19","modified_gmt":"2024-10-04T11:22:19","slug":"draht-einkaufswagen-55lt-hoher-korb","status":"publish","type":"product","link":"https:\/\/www.creaearredanegozi.it\/de\/draht-einkaufswagen-55lt-hoher-korb\/","title":{"rendered":"Draht-Einkaufswagen 55lt hoher Korb"},"content":{"rendered":"<p><strong>Drahtwagen und Kunststoffgriff<\/strong><\/p>\n<p>Einfachheit, Design, Leichtigkeit und Praktikabilit\u00e4t sind die vier Merkmale dieses Produkts. Die Kunden werden den Wagen besonders praktisch finden, wenn sie Produkte an der Kasse abstellen m\u00fcssen, weil der Ablagekorb besonders hoch ist.<\/p>\n<p>Dieser Einkaufswagen eignet sich f\u00fcr kleine Gesch\u00e4fte, in denen der Platz zum Man\u00f6vrieren begrenzt ist, aber auch f\u00fcr gro\u00dfe Superm\u00e4rkte, die ihren Kunden ein alternatives, kleineres und wendigeres Transportmittel zur Verf\u00fcgung stellen wollen, wenn sie keinen hohen Einkaufsbedarf haben.<\/p>\n<p>Dieser kleine Einkaufswagen ist eine robustere und bequemere Alternative zu den klassischen Plastikwagen. Mit seiner h\u00f6heren Ladefl\u00e4che ist er einfacher zu benutzen, um auch den anspruchsvollsten Kunden oder denjenigen, die sich nur schwer b\u00fccken k\u00f6nnen, wenn sie durch die Kasse gehen m\u00fcssen, gerecht zu werden.<\/p>\n<ul>\n<li>Fassungsverm\u00f6gen: 55 Liter<\/li>\n<li>Version mit Drahtkorb<\/li>\n<li>Farbe Kunststoffzubeh\u00f6r: Schwarz<\/li>\n<li>Rad-\u00d8: 80 mm Gummi<\/li>\n<li>Abmessungen (B x T x H): 600 x 490 x 960 mm<\/li>\n<li>Tragf\u00e4higkeit: Max. 40 kg<\/li>\n<\/ul>\n<p>&nbsp;<\/p>\n<p><img decoding=\"async\" width=\"563\" height=\"371\" class=\"alignnone size-full wp-image-125168 aligncenter\" style=\"width: 100%; height: auto; max-width: 563px;\" src=\"https:\/\/www.creaearredanegozi.it\/wp-content\/uploads\/2023\/07\/Trolley_box_impilamento.jpg\" alt=\"Trolley Einkaufswagen\" title=\"\" srcset=\"https:\/\/www.creaearredanegozi.it\/wp-content\/uploads\/2023\/07\/Trolley_box_impilamento.jpg 563w, https:\/\/www.creaearredanegozi.it\/wp-content\/uploads\/2023\/07\/Trolley_box_impilamento-516x340.jpg 516w, https:\/\/www.creaearredanegozi.it\/wp-content\/uploads\/2023\/07\/Trolley_box_impilamento-64x42.jpg 64w\" sizes=\"(max-width: 563px) 100vw, 563px\" \/><\/p>\n<hr \/>\n<p>Optional<\/p>\n<ul>\n<li>Ablagefach<\/li>\n<li><strong>Maximale Tragf\u00e4higkeit: 10 kg<\/strong><\/li>\n<\/ul>\n<p style=\"text-align: center;\"><img decoding=\"async\" class=\"alignnone size-full wp-image-125169\" src=\"https:\/\/www.creaearredanegozi.it\/wp-content\/uploads\/2023\/07\/Trolley_box_optional-pianalina.jpg\" alt=\"\" width=\"346\" height=\"237\" title=\"\" srcset=\"https:\/\/www.creaearredanegozi.it\/wp-content\/uploads\/2023\/07\/Trolley_box_optional-pianalina.jpg 346w, https:\/\/www.creaearredanegozi.it\/wp-content\/uploads\/2023\/07\/Trolley_box_optional-pianalina-64x44.jpg 64w\" sizes=\"(max-width: 346px) 100vw, 346px\" \/><a href=\"https:\/\/www.creaearredanegozi.it\/wp-content\/uploads\/2023\/07\/particolare_Pianalino.png\"><img decoding=\"async\" class=\"alignnone size-full wp-image-128468\" src=\"https:\/\/www.creaearredanegozi.it\/wp-content\/uploads\/2023\/07\/particolare_Pianalino.png\" alt=\"\" width=\"317\" height=\"221\" title=\"\" srcset=\"https:\/\/www.creaearredanegozi.it\/wp-content\/uploads\/2023\/07\/particolare_Pianalino.png 317w, https:\/\/www.creaearredanegozi.it\/wp-content\/uploads\/2023\/07\/particolare_Pianalino-64x45.png 64w\" sizes=\"(max-width: 317px) 100vw, 317px\" \/><\/a><\/p>","protected":false},"excerpt":{"rendered":"<p>Mindestabnahme 10 St\u00fcck<\/p>","protected":false},"featured_media":125166,"comment_status":"closed","ping_status":"closed","template":"","meta":{"_monsterinsights_skip_tracking":false,"_monsterinsights_sitenote_active":false,"_monsterinsights_sitenote_note":"","_monsterinsights_sitenote_category":0},"product_brand":[772],"product_cat":[103,29],"product_tag":[],"class_list":{"0":"post-125165","1":"product","2":"type-product","3":"status-publish","4":"has-post-thumbnail","6":"product_brand-crea-e-arreda-negozi","7":"product_cat-carrellicestelli","8":"product_cat-cesteria-e-carrelli","9":"product_shipping_class-f","10":"pa_marca-imola-filo","12":"first","13":"instock","14":"taxable","15":"shipping-taxable","16":"purchasable","17":"product-type-simple"},"_links":{"self":[{"href":"https:\/\/www.creaearredanegozi.it\/de\/wp-json\/wp\/v2\/product\/125165","targetHints":{"allow":["GET"]}}],"collection":[{"href":"https:\/\/www.creaearredanegozi.it\/de\/wp-json\/wp\/v2\/product"}],"about":[{"href":"https:\/\/www.creaearredanegozi.it\/de\/wp-json\/wp\/v2\/types\/product"}],"replies":[{"embeddable":true,"href":"https:\/\/www.creaearredanegozi.it\/de\/wp-json\/wp\/v2\/comments?post=125165"}],"wp:featuredmedia":[{"embeddable":true,"href":"https:\/\/www.creaearredanegozi.it\/de\/wp-json\/wp\/v2\/media\/125166"}],"wp:attachment":[{"href":"https:\/\/www.creaearredanegozi.it\/de\/wp-json\/wp\/v2\/media?parent=125165"}],"wp:term":[{"taxonomy":"product_brand","embeddable":true,"href":"https:\/\/www.creaearredanegozi.it\/de\/wp-json\/wp\/v2\/product_brand?post=125165"},{"taxonomy":"product_cat","embeddable":true,"href":"https:\/\/www.creaearredanegozi.it\/de\/wp-json\/wp\/v2\/product_cat?post=125165"},{"taxonomy":"product_tag","embeddable":true,"href":"https:\/\/www.creaearredanegozi.it\/de\/wp-json\/wp\/v2\/product_tag?post=125165"}],"curies":[{"name":"wp","href":"https:\/\/api.w.org\/{rel}","templated":true}]}}