{"id":125173,"date":"2023-07-19T19:52:58","date_gmt":"2023-07-19T17:52:58","guid":{"rendered":"https:\/\/www.creaearredanegozi.it\/?post_type=product&#038;p=125173"},"modified":"2025-03-27T16:38:38","modified_gmt":"2025-03-27T15:38:38","slug":"aufsatz-doppelkornmuhlen-spender-2x-35-l","status":"publish","type":"product","link":"https:\/\/www.creaearredanegozi.it\/de\/aufsatz-doppelkornmuhlen-spender-2x-35-l\/","title":{"rendered":"Doppel-Getreidespender Aufsatzm\u00fchle 2x 3,5 Liter"},"content":{"rendered":"<p><strong>2-Glocken-Wachsspender<\/strong><\/p>\n<p>Theken-\/Wandspender, ideal f\u00fcr B\u00fcffets. Durch sein spezielles Design kann er an der Wand platziert werden, um weniger Platz zu beanspruchen. F\u00fcr mehr Stabilit\u00e4t und Sicherheit kann er mit D\u00fcbeln (nicht im Lieferumfang enthalten) an der Wand befestigt werden.<\/p>\n<table class=\"table\" style=\"width: 100%;\">\n<tbody>\n<tr>\n<td class=\"attrib\" style=\"width: 50%;\">Sch\u00fcsselh\u00f6he, max.<\/td>\n<td>75 mm<\/td>\n<\/tr>\n<tr>\n<td class=\"attrib\">Anzahl der Dispenser<\/td>\n<td>2<\/td>\n<\/tr>\n<tr>\n<td class=\"attrib\">Inhalt<\/td>\n<td>2 x 3,5 Liter<\/td>\n<\/tr>\n<tr>\n<td class=\"attrib\">Eigenschaften<\/td>\n<td>Kratzfester Beh\u00e4lter<br \/>\nGeeignet f\u00fcr die Wandmontage<\/td>\n<\/tr>\n<tr>\n<td class=\"attrib\">Geeignet f\u00fcr<\/td>\n<td>Cornflakes<br \/>\nGetreide<br \/>\nMusli<br \/>\nWaln\u00fcsse usw.<\/td>\n<\/tr>\n<\/tbody>\n<\/table>\n<table class=\"table\" style=\"width: 100%;\">\n<tbody>\n<tr>\n<td class=\"attrib\" style=\"width: 50%;\">Material<\/td>\n<td>Glocken: Kunststoff<br \/>\nSockel: Lackiertes Stahlblech<\/td>\n<\/tr>\n<tr>\n<td class=\"attrib\">Wichtige Informationen<\/td>\n<td>Stellen Sie es auf eine stabile Oberfl\u00e4che (Wand, M\u00f6bel)<\/td>\n<\/tr>\n<\/tbody>\n<\/table>\n<table class=\"table\" style=\"width: 100%;\">\n<tbody>\n<tr>\n<td class=\"attrib\" style=\"width: 50%;\">Breite<\/td>\n<td>360 mm<\/td>\n<\/tr>\n<tr>\n<td class=\"attrib\">Tiefe<\/td>\n<td>170 mm<\/td>\n<\/tr>\n<tr>\n<td class=\"attrib\">H\u00f6he<\/td>\n<td>395mm<\/td>\n<\/tr>\n<tr>\n<td class=\"attrib\">Gewicht<\/td>\n<td>3,7 kg<\/td>\n<\/tr>\n<\/tbody>\n<\/table>","protected":false},"excerpt":{"rendered":"<p>Dispenser cerali a 2 campane Dispenser da banco\/a muro ideale per buffet. La sua particolare forma costruttiva lo rende idoneo ad accostarlo al muro al fine di occupare meno spazio. E&#8217; possibile fissarlo al muro con dei tasselli (non inclusi) per una maggiore stabilit\u00e0 e sicurezza. Altezza delle ciotole, max. 75 mm Numero di erogatori [&#8230;]","protected":false},"featured_media":125174,"comment_status":"closed","ping_status":"closed","template":"","meta":{"_monsterinsights_skip_tracking":false,"_monsterinsights_sitenote_active":false,"_monsterinsights_sitenote_note":"","_monsterinsights_sitenote_category":0},"product_brand":[],"product_cat":[335,341],"product_tag":[],"class_list":{"0":"post-125173","1":"product","2":"type-product","3":"status-publish","4":"has-post-thumbnail","6":"product_cat-self-service","7":"product_cat-accessori-self-service","8":"product_shipping_class-48","9":"pa_marca-karel","11":"first","12":"instock","13":"taxable","14":"shipping-taxable","15":"purchasable","16":"product-type-simple"},"_links":{"self":[{"href":"https:\/\/www.creaearredanegozi.it\/de\/wp-json\/wp\/v2\/product\/125173","targetHints":{"allow":["GET"]}}],"collection":[{"href":"https:\/\/www.creaearredanegozi.it\/de\/wp-json\/wp\/v2\/product"}],"about":[{"href":"https:\/\/www.creaearredanegozi.it\/de\/wp-json\/wp\/v2\/types\/product"}],"replies":[{"embeddable":true,"href":"https:\/\/www.creaearredanegozi.it\/de\/wp-json\/wp\/v2\/comments?post=125173"}],"wp:featuredmedia":[{"embeddable":true,"href":"https:\/\/www.creaearredanegozi.it\/de\/wp-json\/wp\/v2\/media\/125174"}],"wp:attachment":[{"href":"https:\/\/www.creaearredanegozi.it\/de\/wp-json\/wp\/v2\/media?parent=125173"}],"wp:term":[{"taxonomy":"product_brand","embeddable":true,"href":"https:\/\/www.creaearredanegozi.it\/de\/wp-json\/wp\/v2\/product_brand?post=125173"},{"taxonomy":"product_cat","embeddable":true,"href":"https:\/\/www.creaearredanegozi.it\/de\/wp-json\/wp\/v2\/product_cat?post=125173"},{"taxonomy":"product_tag","embeddable":true,"href":"https:\/\/www.creaearredanegozi.it\/de\/wp-json\/wp\/v2\/product_tag?post=125173"}],"curies":[{"name":"wp","href":"https:\/\/api.w.org\/{rel}","templated":true}]}}