{"id":125273,"date":"2023-08-23T13:10:23","date_gmt":"2023-08-23T11:10:23","guid":{"rendered":"https:\/\/www.creaearredanegozi.it\/?post_type=product&#038;p=125273"},"modified":"2025-12-03T21:57:06","modified_gmt":"2025-12-03T20:57:06","slug":"statische-gefriertruhe-400-l-klimaitalia","status":"publish","type":"product","link":"https:\/\/www.creaearredanegozi.it\/de\/statische-gefriertruhe-400-l-klimaitalia\/","title":{"rendered":"Statische Gefriertruhe 400 Liter Klimaitalia"},"content":{"rendered":"<h2>Statische Gefriertruhe 400 Liter<\/h2>\n<p>Praktisch <strong>Gefriertruhe<\/strong> statisch mit obenliegender Blindfl\u00fcgelt\u00fcr. Komplett mit Schl\u00fcssel, Schloss und Rollen.<\/p>\n<hr \/>\n<p><strong>Technische Daten:<\/strong><\/p>\n<table class=\"table table-striped\">\n<tbody>\n<tr>\n<td>\n<div align=\"left\"><strong>Modell<\/strong><\/div>\n<\/td>\n<td>\n<div align=\"left\"><b>FR 400 PS K<\/b><\/div>\n<\/td>\n<\/tr>\n<tr>\n<td>\n<div align=\"left\">Arbeitstemperatur<\/div>\n<\/td>\n<td>\n<div align=\"left\">-24 \u00b0C \/ -18 \u00b0C<\/div>\n<\/td>\n<\/tr>\n<tr>\n<td>\n<div align=\"left\">\u00c4u\u00dfere Abmessungen<\/div>\n<\/td>\n<td>\n<div align=\"left\">130,5 x 72 x 84,5 cm<\/div>\n<\/td>\n<\/tr>\n<tr>\n<td>\n<div align=\"left\">Netto-Brutto-Kapazit\u00e4t<\/div>\n<\/td>\n<td>\n<div align=\"left\">Leutnant 373 \/ 391<\/div>\n<\/td>\n<\/tr>\n<tr>\n<td>\n<div align=\"left\">\u00c4u\u00dfere Oberfl\u00e4che<\/div>\n<\/td>\n<td>\n<div align=\"left\">Vorlackierte Bleche mit Korrosionsschutzbehandlung<\/div>\n<\/td>\n<\/tr>\n<tr>\n<td>\n<div align=\"left\">Innere Oberfl\u00e4che<\/div>\n<\/td>\n<td>\n<div align=\"left\">Geh\u00e4mmertes Aluminium<\/div>\n<\/td>\n<\/tr>\n<tr>\n<td>\n<div align=\"left\">Thermometer<\/div>\n<\/td>\n<td>\n<div align=\"left\">Analog<\/div>\n<\/td>\n<\/tr>\n<tr>\n<td>\n<div align=\"left\">Temperaturregler<\/div>\n<\/td>\n<td>\n<div align=\"left\">Mechaniker<\/div>\n<\/td>\n<\/tr>\n<tr>\n<td>\n<div align=\"left\">Dicke der Isolierung<\/div>\n<\/td>\n<td>\n<div align=\"left\">60 mm<\/div>\n<\/td>\n<\/tr>\n<tr>\n<td>\n<div align=\"left\">Beleuchtung<\/div>\n<\/td>\n<td>\n<div align=\"left\">Ja<\/div>\n<\/td>\n<\/tr>\n<tr>\n<td>\n<div align=\"left\">Schl\u00fcssel und Schloss<\/div>\n<\/td>\n<td>\n<div align=\"left\">Ja<\/div>\n<\/td>\n<\/tr>\n<tr>\n<td>\n<div align=\"left\">F\u00fc\u00dfe - R\u00e4der<\/div>\n<\/td>\n<td>\n<div align=\"left\">4 R\u00e4der<\/div>\n<\/td>\n<\/tr>\n<tr>\n<td>\n<div align=\"left\">Netto-Brutto Gewicht<\/div>\n<\/td>\n<td>\n<div align=\"left\">Kg 58\/68<\/div>\n<\/td>\n<\/tr>\n<tr>\n<td>\n<div align=\"left\">Spannung<\/div>\n<\/td>\n<td>\n<div align=\"left\">V 220-240<\/div>\n<\/td>\n<\/tr>\n<tr>\n<td>\n<div align=\"left\">Frequenz<\/div>\n<\/td>\n<td>\n<div align=\"left\">Hz 50<\/div>\n<\/td>\n<\/tr>\n<tr>\n<td>\n<div align=\"left\">K\u00fchlmittel<\/div>\n<\/td>\n<td>\n<div align=\"left\">R600A<\/div>\n<\/td>\n<\/tr>\n<tr>\n<td>\n<div align=\"left\">Absorption<\/div>\n<\/td>\n<td>\n<div align=\"left\">W 257<\/div>\n<\/td>\n<\/tr>\n<tr>\n<td>\n<div align=\"left\">Energieverbrauch<\/div>\n<\/td>\n<td>\n<div align=\"left\">1,99 Kw\/h \/24H<\/div>\n<\/td>\n<\/tr>\n<tr>\n<td>\n<div align=\"left\">Energieklasse<\/div>\n<\/td>\n<td>\n<div align=\"left\">C<\/div>\n<\/td>\n<\/tr>\n<tr>\n<td>\n<div align=\"left\">Klima-Klasse<\/div>\n<\/td>\n<td>\n<div align=\"left\">4<\/div>\n<\/td>\n<\/tr>\n<\/tbody>\n<\/table>\n<p><img decoding=\"async\" class=\"alignnone size-full wp-image-125276\" src=\"https:\/\/www.creaearredanegozi.it\/wp-content\/uploads\/2023\/08\/FR-400-PSK_dettagli.jpg\" alt=\"\" width=\"100%\" height=\"auto\" title=\"\" srcset=\"https:\/\/www.creaearredanegozi.it\/wp-content\/uploads\/2023\/08\/FR-400-PSK_dettagli.jpg 1261w, https:\/\/www.creaearredanegozi.it\/wp-content\/uploads\/2023\/08\/FR-400-PSK_dettagli-516x183.jpg 516w, https:\/\/www.creaearredanegozi.it\/wp-content\/uploads\/2023\/08\/FR-400-PSK_dettagli-64x23.jpg 64w, https:\/\/www.creaearredanegozi.it\/wp-content\/uploads\/2023\/08\/FR-400-PSK_dettagli-800x283.jpg 800w, https:\/\/www.creaearredanegozi.it\/wp-content\/uploads\/2023\/08\/FR-400-PSK_dettagli-768x272.jpg 768w\" sizes=\"(max-width: 1261px) 100vw, 1261px\" \/><\/p>","protected":false},"excerpt":{"rendered":"<p>Congelatore pozzetto statico 400 Lt Pratico Congelatore a pozzetto statico con porta a battente cieca superiore. Completo di chiave, serratura e ruote. Dati tecnici: Modello FR 400 PS K Temperatura di lavoro -24 \u00b0C \/ -18 \u00b0C Dimensioni esterne 130,5 x 72 x 84,5 cm Capacit\u00e0 Netto-Lordo Lt 373 \/ 391 Superficie Esterna Lamiera preverniciata [&#8230;]","protected":false},"featured_media":125274,"comment_status":"closed","ping_status":"closed","template":"","meta":{"_monsterinsights_skip_tracking":false,"_monsterinsights_sitenote_active":false,"_monsterinsights_sitenote_note":"","_monsterinsights_sitenote_category":0},"product_brand":[768],"product_cat":[290,27,653],"product_tag":[],"class_list":{"0":"post-125273","1":"product","2":"type-product","3":"status-publish","4":"has-post-thumbnail","6":"product_brand-klimaitalia","7":"product_cat-congelatori-a-pozzetto","8":"product_cat-armadi-e-tavoli-refrigerati","9":"product_cat-refrigerazione","10":"product_shipping_class-c","11":"pa_classe-energetica-classe-c","13":"first","14":"instock","15":"taxable","16":"shipping-taxable","17":"purchasable","18":"product-type-simple"},"_links":{"self":[{"href":"https:\/\/www.creaearredanegozi.it\/de\/wp-json\/wp\/v2\/product\/125273","targetHints":{"allow":["GET"]}}],"collection":[{"href":"https:\/\/www.creaearredanegozi.it\/de\/wp-json\/wp\/v2\/product"}],"about":[{"href":"https:\/\/www.creaearredanegozi.it\/de\/wp-json\/wp\/v2\/types\/product"}],"replies":[{"embeddable":true,"href":"https:\/\/www.creaearredanegozi.it\/de\/wp-json\/wp\/v2\/comments?post=125273"}],"wp:featuredmedia":[{"embeddable":true,"href":"https:\/\/www.creaearredanegozi.it\/de\/wp-json\/wp\/v2\/media\/125274"}],"wp:attachment":[{"href":"https:\/\/www.creaearredanegozi.it\/de\/wp-json\/wp\/v2\/media?parent=125273"}],"wp:term":[{"taxonomy":"product_brand","embeddable":true,"href":"https:\/\/www.creaearredanegozi.it\/de\/wp-json\/wp\/v2\/product_brand?post=125273"},{"taxonomy":"product_cat","embeddable":true,"href":"https:\/\/www.creaearredanegozi.it\/de\/wp-json\/wp\/v2\/product_cat?post=125273"},{"taxonomy":"product_tag","embeddable":true,"href":"https:\/\/www.creaearredanegozi.it\/de\/wp-json\/wp\/v2\/product_tag?post=125273"}],"curies":[{"name":"wp","href":"https:\/\/api.w.org\/{rel}","templated":true}]}}