{"id":125361,"date":"2023-09-20T11:34:10","date_gmt":"2023-09-20T09:34:10","guid":{"rendered":"https:\/\/www.creaearredanegozi.it\/?post_type=product&#038;p=125361"},"modified":"2025-12-03T20:40:12","modified_gmt":"2025-12-03T19:40:12","slug":"edelstahl-sicherheitsschurze-professioneller-fleischerschutz-furcar-av-4898","status":"publish","type":"product","link":"https:\/\/www.creaearredanegozi.it\/de\/edelstahl-sicherheitsschurze-professioneller-fleischerschutz-furcar-av-4898\/","title":{"rendered":"Professionelle Sicherheit Edelstahl Sch\u00fcrze Professioneller Schutz Fleischer Forcar AV 4898"},"content":{"rendered":"<h3>Professionelle Sicherheit Edelstahl Sch\u00fcrze f\u00fcr Metzger Schutz<\/h3>\n<p><strong>Produkt Forcar AV 4898<\/strong><\/p>\n<p>Sicherheitssch\u00fcrze aus rostfreiem Stahl mit Streben.<\/p>\n<ul>\n<li>Schutzsch\u00fcrze f\u00fcr das Fleischerhandwerk und die Fleischverarbeitung.<\/li>\n<li>Eine Gr\u00f6\u00dfe f\u00fcr alle.<\/li>\n<li>CE-konform.<\/li>\n<\/ul>","protected":false},"excerpt":{"rendered":"<p>Grembiule Acciaio Inox Antinfortunistico Professionale Protezione Macellaio Prodotto Forcar AV 4898 Grembiule acciaio inox antinfortunistico con bretelle. Grembiule di protezione per macelleria e sfascio lavorazioni carni. Taglia unica. A norma CE.<\/p>","protected":false},"featured_media":125362,"comment_status":"closed","ping_status":"closed","template":"","meta":{"_monsterinsights_skip_tracking":false,"_monsterinsights_sitenote_active":false,"_monsterinsights_sitenote_note":"","_monsterinsights_sitenote_category":0},"product_brand":[624],"product_cat":[26],"product_tag":[],"class_list":{"0":"post-125361","1":"product","2":"type-product","3":"status-publish","4":"has-post-thumbnail","6":"product_brand-forcar","7":"product_cat-macelleria-e-gastronomia","8":"product_shipping_class-48","9":"pa_marca-forcar","11":"first","12":"instock","13":"sale","14":"taxable","15":"shipping-taxable","16":"purchasable","17":"product-type-simple"},"_links":{"self":[{"href":"https:\/\/www.creaearredanegozi.it\/de\/wp-json\/wp\/v2\/product\/125361","targetHints":{"allow":["GET"]}}],"collection":[{"href":"https:\/\/www.creaearredanegozi.it\/de\/wp-json\/wp\/v2\/product"}],"about":[{"href":"https:\/\/www.creaearredanegozi.it\/de\/wp-json\/wp\/v2\/types\/product"}],"replies":[{"embeddable":true,"href":"https:\/\/www.creaearredanegozi.it\/de\/wp-json\/wp\/v2\/comments?post=125361"}],"wp:featuredmedia":[{"embeddable":true,"href":"https:\/\/www.creaearredanegozi.it\/de\/wp-json\/wp\/v2\/media\/125362"}],"wp:attachment":[{"href":"https:\/\/www.creaearredanegozi.it\/de\/wp-json\/wp\/v2\/media?parent=125361"}],"wp:term":[{"taxonomy":"product_brand","embeddable":true,"href":"https:\/\/www.creaearredanegozi.it\/de\/wp-json\/wp\/v2\/product_brand?post=125361"},{"taxonomy":"product_cat","embeddable":true,"href":"https:\/\/www.creaearredanegozi.it\/de\/wp-json\/wp\/v2\/product_cat?post=125361"},{"taxonomy":"product_tag","embeddable":true,"href":"https:\/\/www.creaearredanegozi.it\/de\/wp-json\/wp\/v2\/product_tag?post=125361"}],"curies":[{"name":"wp","href":"https:\/\/api.w.org\/{rel}","templated":true}]}}