{"id":125365,"date":"2023-09-20T11:48:26","date_gmt":"2023-09-20T09:48:26","guid":{"rendered":"https:\/\/www.creaearredanegozi.it\/?post_type=product&#038;p=125365"},"modified":"2025-12-03T20:40:12","modified_gmt":"2025-12-03T19:40:12","slug":"professioneller-sicherheitshandschuh-aus-rostfreiem-stahl-fur-das-auto-av4900","status":"publish","type":"product","link":"https:\/\/www.creaearredanegozi.it\/de\/professioneller-sicherheitshandschuh-aus-rostfreiem-stahl-fur-das-auto-av4900\/","title":{"rendered":"Professionelle Sicherheit Edelstahl Handschuh Schutz Fleischer Forcar AV4900"},"content":{"rendered":"<h3>Professionelle Sicherheit Edelstahl Handschuh Schutz Fleischer Forcar AV4900<\/h3>\n<p>Edelstahl-F\u00fcnf-Finger-Sicherheitshandschuh mit Edelstahlband, vollst\u00e4ndig sterilisierbar.<\/p>\n<ul>\n<li>Schutzhandschuh f\u00fcr das Fleischerhandwerk und die Fleischverarbeitung.<\/li>\n<li>Eine Gr\u00f6\u00dfe f\u00fcr alle.<\/li>\n<li>CE-konform.<\/li>\n<\/ul>","protected":false},"excerpt":{"rendered":"<p>Guanto Inox Antinfortunistico Professionale Protezione Macellaio Forcar AV4900 Guanto inox antinfortunistico a cinque dita con cinturino inox completamente sterilizzabile. Guanto di protezione per macelleria e sfascio lavorazioni carni. Taglia unica. A norma CE.<\/p>","protected":false},"featured_media":125370,"comment_status":"closed","ping_status":"closed","template":"","meta":{"_monsterinsights_skip_tracking":false,"_monsterinsights_sitenote_active":false,"_monsterinsights_sitenote_note":"","_monsterinsights_sitenote_category":0},"product_brand":[624],"product_cat":[26],"product_tag":[],"class_list":{"0":"post-125365","1":"product","2":"type-product","3":"status-publish","4":"has-post-thumbnail","6":"product_brand-forcar","7":"product_cat-macelleria-e-gastronomia","8":"product_shipping_class-48","9":"pa_marca-forcar","11":"first","12":"instock","13":"sale","14":"taxable","15":"shipping-taxable","16":"purchasable","17":"product-type-variable"},"_links":{"self":[{"href":"https:\/\/www.creaearredanegozi.it\/de\/wp-json\/wp\/v2\/product\/125365","targetHints":{"allow":["GET"]}}],"collection":[{"href":"https:\/\/www.creaearredanegozi.it\/de\/wp-json\/wp\/v2\/product"}],"about":[{"href":"https:\/\/www.creaearredanegozi.it\/de\/wp-json\/wp\/v2\/types\/product"}],"replies":[{"embeddable":true,"href":"https:\/\/www.creaearredanegozi.it\/de\/wp-json\/wp\/v2\/comments?post=125365"}],"wp:featuredmedia":[{"embeddable":true,"href":"https:\/\/www.creaearredanegozi.it\/de\/wp-json\/wp\/v2\/media\/125370"}],"wp:attachment":[{"href":"https:\/\/www.creaearredanegozi.it\/de\/wp-json\/wp\/v2\/media?parent=125365"}],"wp:term":[{"taxonomy":"product_brand","embeddable":true,"href":"https:\/\/www.creaearredanegozi.it\/de\/wp-json\/wp\/v2\/product_brand?post=125365"},{"taxonomy":"product_cat","embeddable":true,"href":"https:\/\/www.creaearredanegozi.it\/de\/wp-json\/wp\/v2\/product_cat?post=125365"},{"taxonomy":"product_tag","embeddable":true,"href":"https:\/\/www.creaearredanegozi.it\/de\/wp-json\/wp\/v2\/product_tag?post=125365"}],"curies":[{"name":"wp","href":"https:\/\/api.w.org\/{rel}","templated":true}]}}