{"id":125472,"date":"2023-09-25T11:07:57","date_gmt":"2023-09-25T09:07:57","guid":{"rendered":"https:\/\/www.creaearredanegozi.it\/?post_type=product&#038;p=125472"},"modified":"2025-12-03T20:40:14","modified_gmt":"2025-12-03T19:40:14","slug":"professioneller-gasflammkocher-fur-restaurant-und-hotel-forcar-av-4561","status":"publish","type":"product","link":"https:\/\/www.creaearredanegozi.it\/de\/professioneller-gasflammkocher-fur-restaurant-und-hotel-forcar-av-4561\/","title":{"rendered":"Professioneller Gasflammenkocher f\u00fcr Restaurant und Hotel Forcar AV 4561"},"content":{"rendered":"<h3>Professioneller Gasflammenkocher f\u00fcr Restaurant und Hotel Forcar<\/h3>\n<p><strong>Flambierkocher AV 4561<\/strong><\/p>\n<p>Gasflammkocher aus Kupfer mit Grill aus Edelstahl.<\/p>\n<p>Gr\u00f6\u00dfe \u00f8 26 x 29,5(h) cm.<\/p>\n<p>Kaufbare Optionen<\/p>\n<p>Flammkuchenpfanne aus Edelstahl, Holzgriff in 2 Gr\u00f6\u00dfen:<\/p>\n<ul>\n<li>AV 4581 Flambierpfanne \u00f8 26 cm.<\/li>\n<li>AV 4580 Flambierpfanne \u00f8 29 cm.<\/li>\n<\/ul>\n<p>&nbsp;<\/p>\n<p><img decoding=\"async\" class=\"alignnone wp-image-125476 size-medium\" src=\"https:\/\/www.creaearredanegozi.it\/wp-content\/uploads\/2023\/09\/AV-4580-padella-flambe-593x400.jpg\" alt=\"\" width=\"593\" height=\"400\" title=\"\" srcset=\"https:\/\/www.creaearredanegozi.it\/wp-content\/uploads\/2023\/09\/AV-4580-padella-flambe-593x400.jpg 593w, https:\/\/www.creaearredanegozi.it\/wp-content\/uploads\/2023\/09\/AV-4580-padella-flambe-516x348.jpg 516w, https:\/\/www.creaearredanegozi.it\/wp-content\/uploads\/2023\/09\/AV-4580-padella-flambe-64x43.jpg 64w, https:\/\/www.creaearredanegozi.it\/wp-content\/uploads\/2023\/09\/AV-4580-padella-flambe-768x518.jpg 768w, https:\/\/www.creaearredanegozi.it\/wp-content\/uploads\/2023\/09\/AV-4580-padella-flambe.jpg 800w\" sizes=\"(max-width: 593px) 100vw, 593px\" \/><\/p>","protected":false},"excerpt":{"rendered":"<p>Fornello Flambe&#8217; a Gas Professionale Per Ristorante e Albergo Forcar Fornello Flamb\u00e8 AV 4561 Fornello flamb\u00e9 a gas in rame con griglia in acciaio inox. Dimensione \u00f8 26 x 29,5(h) cm. Optional Acquistabili Padella flamb\u00e8 inox-cuprum, manico legno in 2 dimensioni: AV 4581 padella flamb\u00e8 \u00f8 26 cm. AV 4580 padella flamb\u00e8 \u00f8 29 cm. [&#8230;]","protected":false},"featured_media":125473,"comment_status":"closed","ping_status":"closed","template":"","meta":{"_monsterinsights_skip_tracking":false,"_monsterinsights_sitenote_active":false,"_monsterinsights_sitenote_note":"","_monsterinsights_sitenote_category":0},"product_brand":[624],"product_cat":[192,25],"product_tag":[],"class_list":{"0":"post-125472","1":"product","2":"type-product","3":"status-publish","4":"has-post-thumbnail","6":"product_brand-forcar","7":"product_cat-cottura","8":"product_cat-attrezzature-ristoranti-pub-cucine","9":"product_shipping_class-f","11":"first","12":"instock","13":"sale","14":"taxable","15":"shipping-taxable","16":"purchasable","17":"product-type-simple"},"_links":{"self":[{"href":"https:\/\/www.creaearredanegozi.it\/de\/wp-json\/wp\/v2\/product\/125472","targetHints":{"allow":["GET"]}}],"collection":[{"href":"https:\/\/www.creaearredanegozi.it\/de\/wp-json\/wp\/v2\/product"}],"about":[{"href":"https:\/\/www.creaearredanegozi.it\/de\/wp-json\/wp\/v2\/types\/product"}],"replies":[{"embeddable":true,"href":"https:\/\/www.creaearredanegozi.it\/de\/wp-json\/wp\/v2\/comments?post=125472"}],"wp:featuredmedia":[{"embeddable":true,"href":"https:\/\/www.creaearredanegozi.it\/de\/wp-json\/wp\/v2\/media\/125473"}],"wp:attachment":[{"href":"https:\/\/www.creaearredanegozi.it\/de\/wp-json\/wp\/v2\/media?parent=125472"}],"wp:term":[{"taxonomy":"product_brand","embeddable":true,"href":"https:\/\/www.creaearredanegozi.it\/de\/wp-json\/wp\/v2\/product_brand?post=125472"},{"taxonomy":"product_cat","embeddable":true,"href":"https:\/\/www.creaearredanegozi.it\/de\/wp-json\/wp\/v2\/product_cat?post=125472"},{"taxonomy":"product_tag","embeddable":true,"href":"https:\/\/www.creaearredanegozi.it\/de\/wp-json\/wp\/v2\/product_tag?post=125472"}],"curies":[{"name":"wp","href":"https:\/\/api.w.org\/{rel}","templated":true}]}}