{"id":125538,"date":"2023-09-29T12:51:20","date_gmt":"2023-09-29T10:51:20","guid":{"rendered":"https:\/\/www.creaearredanegozi.it\/?post_type=product&#038;p=125538"},"modified":"2025-12-07T03:41:13","modified_gmt":"2025-12-07T02:41:13","slug":"armadio-refrigerato-professionale-gn-2-1-ventilato-18c-22c-650l-super-eco","status":"publish","type":"product","link":"https:\/\/www.creaearredanegozi.it\/de\/armadio-refrigerato-professionale-gn-2-1-ventilato-18c-22c-650l-super-eco\/","title":{"rendered":"Profi-K\u00fchlschrank GN 2\/1 bel\u00fcftet -18\u00b0C\/-22\u00b0C 650L Super Eco"},"content":{"rendered":"<h2>Armadio Refrigerato Professionale GN 2\/1 Ventilato -18\u00b0C\/-22\u00b0C 650L<\/h2>\n<p><strong>GN2\/1 BEL\u00dcFTETES K\u00dcHLM\u00d6BEL G-GN650BT-FC<\/strong><\/p>\n<p class=\"blocco_pag\"><strong>Tiefk\u00fchltruhe\u00a0<\/strong>Ventilato costruito in Acciaio Inox. Modello ad 1 anta con molla di ritorno e reversibile. Adatto per Griglie GN2\/1. Dimensioni interne (L x P x H): 620x700x1396 mm<\/p>\n<p class=\"blocco_pag\">Dotato di n\u00b03 griglie e n\u00b06 guide, luce interna led e piedini regolabili.<\/p>\n<p><strong>Produktmerkmale:<\/strong><\/p>\n<ul>\n<li>Bel\u00fcftete K\u00fchlung<\/li>\n<li>Eingebettete Gruppe<\/li>\n<li>Automatische Abtauung mit elektrischem Heizelement und automatischer Abtautemperaturregelung<\/li>\n<li>Motorraum mit isolierten Seiten<\/li>\n<li>Verdeckter Verdampfer f\u00fcr maximalen Platzbedarf<\/li>\n<li>Elektronische Temperaturregelung mit digitalem Thermostat<\/li>\n<li>Elektrische Heizung um den T\u00fcrrahmen zur Vermeidung von Kondenswasser<\/li>\n<li>T\u00fcr mit elektrischem Widerstand zur Vermeidung von Kondenswasser<\/li>\n<li>Automatische Steuerung der Abtautemperatur<\/li>\n<li>Evaporazione automatica dell\u2019acqua di condensa<\/li>\n<li>Anti-Korrosions-behandelter Verdampfer<\/li>\n<li>T\u00fcrschloss mit Schl\u00fcssel<\/li>\n<li>Abnehmbare T\u00fcrdichtungen ohne Werkzeug<\/li>\n<li>Innenbeleuchtung<\/li>\n<li>Unten mit abgerundeten Ecken<\/li>\n<li>Au\u00dfenboden und R\u00fcckwand aus verzinktem Blech<\/li>\n<li>H\u00f6henverstellbare F\u00fc\u00dfe aus Edelstahl.<\/li>\n<\/ul>\n<p>&nbsp;<\/p>\n<hr \/>\n<p><strong>Technische Daten:<\/strong><\/p>\n<table class=\"table table-striped\">\n<tbody>\n<tr>\n<td>\n<div align=\"left\"><strong>Modell<\/strong><\/div>\n<\/td>\n<td>\n<div align=\"left\"><strong>G-GN650BT-EC<\/strong><\/div>\n<\/td>\n<\/tr>\n<tr>\n<td>\n<div align=\"left\">Arbeitstemperatur<\/div>\n<\/td>\n<td>\n<div align=\"left\">-18\u00b0C \/ -22\u00b0C<\/div>\n<\/td>\n<\/tr>\n<tr>\n<td>\n<div align=\"left\">\u00c4u\u00dfere Abmessungen<\/div>\n<\/td>\n<td>\n<div align=\"left\">740 x 830 x 2010h mm<\/div>\n<\/td>\n<\/tr>\n<tr>\n<td>\n<div align=\"left\">Innere Abmessungen<\/div>\n<\/td>\n<td>\n<div align=\"left\">620 x 700 x 1396h mm<\/div>\n<\/td>\n<\/tr>\n<tr>\n<td>\n<div align=\"left\">Kapazit\u00e4t<\/div>\n<\/td>\n<td>\n<div align=\"left\">650 L<\/div>\n<\/td>\n<\/tr>\n<tr>\n<td>\n<div align=\"left\">Maximale Arbeitstemperatur<\/div>\n<\/td>\n<td>\n<div align=\"left\">+35\u00b0C\/ 55 % HR<\/div>\n<\/td>\n<\/tr>\n<tr>\n<td>\n<div align=\"left\">Art der K\u00fchlung<\/div>\n<\/td>\n<td>\n<div align=\"left\">Bel\u00fcftet<\/div>\n<\/td>\n<\/tr>\n<tr>\n<td>\n<div align=\"left\">Art der Abtauung<\/div>\n<\/td>\n<td>\n<div align=\"left\">Automatisch<\/div>\n<\/td>\n<\/tr>\n<tr>\n<td>\n<div align=\"left\">Art des K\u00e4ltemittelgases<\/div>\n<\/td>\n<td>\n<div align=\"left\">R290<\/div>\n<\/td>\n<\/tr>\n<tr>\n<td>\n<div align=\"left\">Kondenswasserverdunstung<\/div>\n<\/td>\n<td>\n<div align=\"left\">Automatisch<\/div>\n<\/td>\n<\/tr>\n<tr>\n<td>\n<div align=\"left\">Temperaturkontrolle<\/div>\n<\/td>\n<td>\n<div align=\"left\">Elektronisch<\/div>\n<\/td>\n<\/tr>\n<tr>\n<td>\n<div align=\"left\">Isolierung<\/div>\n<\/td>\n<td>\n<div align=\"left\">60 mm<\/div>\n<\/td>\n<\/tr>\n<tr>\n<td>\n<div align=\"left\">Absorption<\/div>\n<\/td>\n<td>\n<div align=\"left\">520 W<\/div>\n<\/td>\n<\/tr>\n<tr>\n<td>\n<div align=\"left\">Spannung<\/div>\n<\/td>\n<td>\n<div align=\"left\">230V \/ 50 Hz<\/div>\n<\/td>\n<\/tr>\n<tr>\n<td>\n<div align=\"left\">Baumaterial<\/div>\n<\/td>\n<td>\n<div align=\"left\">Rostfreier Stahl AISI 201<\/div>\n<\/td>\n<\/tr>\n<tr>\n<td>\n<div align=\"left\">Umkehrung der T\u00fcr<\/div>\n<\/td>\n<td>\n<div align=\"left\">Ja<\/div>\n<\/td>\n<\/tr>\n<tr>\n<td>\n<div align=\"left\">Innenbeleuchtung<\/div>\n<\/td>\n<td>\n<div align=\"left\">LED<\/div>\n<\/td>\n<\/tr>\n<tr>\n<td>\n<div align=\"left\">Mitgeliefertes Zubeh\u00f6r<\/div>\n<\/td>\n<td>\n<div align=\"left\">3 griglie GN2\/1 &#8211; 3 coppie di guide<\/div>\n<\/td>\n<\/tr>\n<tr>\n<td>\n<div align=\"left\">Energieklasse<\/div>\n<\/td>\n<td>\n<div align=\"left\">E<\/div>\n<\/td>\n<\/tr>\n<tr>\n<td>\n<div align=\"left\">Nettogewicht<\/div>\n<\/td>\n<td>\n<div align=\"left\">124 Kg<\/div>\n<\/td>\n<\/tr>\n<\/tbody>\n<\/table>\n<p>&nbsp;<\/p>","protected":false},"excerpt":{"rendered":"<p>Armadio Refrigerato Professionale GN 2\/1 Ventilato -18\u00b0C\/-22\u00b0C 650L ARMADIO REFRIGERATO GN2\/1 VENTILATO G-GN650BT-FC Armadio Congelatore\u00a0Ventilato costruito in Acciaio Inox. Modello ad 1 anta con molla di ritorno e reversibile. Adatto per Griglie GN2\/1. Dimensioni interne (L x P x H): 620x700x1396 mm Dotato di n\u00b03 griglie e n\u00b06 guide, luce interna led e piedini regolabili. [&#8230;]","protected":false},"featured_media":9459,"comment_status":"closed","ping_status":"closed","template":"","meta":{"_monsterinsights_skip_tracking":false,"_monsterinsights_sitenote_active":false,"_monsterinsights_sitenote_note":"","_monsterinsights_sitenote_category":0},"product_brand":[757,624],"product_cat":[69,27,653],"product_tag":[],"class_list":{"0":"post-125538","1":"product","2":"type-product","3":"status-publish","4":"has-post-thumbnail","6":"product_brand-forcold","7":"product_brand-forcar","8":"product_cat-armadi-refrigerati","9":"product_cat-armadi-e-tavoli-refrigerati","10":"product_cat-refrigerazione","11":"product_shipping_class-m","12":"pa_classe-energetica-classe-e","13":"pa_marca-forcar","14":"pa_marca-forcold","16":"first","17":"outofstock","18":"taxable","19":"shipping-taxable","20":"purchasable","21":"product-type-simple"},"_links":{"self":[{"href":"https:\/\/www.creaearredanegozi.it\/de\/wp-json\/wp\/v2\/product\/125538","targetHints":{"allow":["GET"]}}],"collection":[{"href":"https:\/\/www.creaearredanegozi.it\/de\/wp-json\/wp\/v2\/product"}],"about":[{"href":"https:\/\/www.creaearredanegozi.it\/de\/wp-json\/wp\/v2\/types\/product"}],"replies":[{"embeddable":true,"href":"https:\/\/www.creaearredanegozi.it\/de\/wp-json\/wp\/v2\/comments?post=125538"}],"wp:featuredmedia":[{"embeddable":true,"href":"https:\/\/www.creaearredanegozi.it\/de\/wp-json\/wp\/v2\/media\/9459"}],"wp:attachment":[{"href":"https:\/\/www.creaearredanegozi.it\/de\/wp-json\/wp\/v2\/media?parent=125538"}],"wp:term":[{"taxonomy":"product_brand","embeddable":true,"href":"https:\/\/www.creaearredanegozi.it\/de\/wp-json\/wp\/v2\/product_brand?post=125538"},{"taxonomy":"product_cat","embeddable":true,"href":"https:\/\/www.creaearredanegozi.it\/de\/wp-json\/wp\/v2\/product_cat?post=125538"},{"taxonomy":"product_tag","embeddable":true,"href":"https:\/\/www.creaearredanegozi.it\/de\/wp-json\/wp\/v2\/product_tag?post=125538"}],"curies":[{"name":"wp","href":"https:\/\/api.w.org\/{rel}","templated":true}]}}