{"id":125542,"date":"2023-09-29T13:29:10","date_gmt":"2023-09-29T11:29:10","guid":{"rendered":"https:\/\/www.creaearredanegozi.it\/?post_type=product&#038;p=125542"},"modified":"2025-12-03T22:02:37","modified_gmt":"2025-12-03T21:02:37","slug":"professionelle-kuhlvitrine-gn-2-1-beluftet-2c-8c-2-turen-1300-lt","status":"publish","type":"product","link":"https:\/\/www.creaearredanegozi.it\/de\/professionelle-kuhlvitrine-gn-2-1-beluftet-2c-8c-2-turen-1300-lt\/","title":{"rendered":"Profi-K\u00fchlvitrine GN 2\/1 bel\u00fcftet 0\u00b0C\/+8\u00b0C 2 T\u00fcren 1300 Lt"},"content":{"rendered":"<h2>Professionelle K\u00fchlvitrine GN 2\/1 bel\u00fcftet 2 T\u00fcren 1300 Lt<\/h2>\n<p><strong>GN2\/1 BEL\u00dcFTETE K\u00dcHLTRUHE M-GN1410TNG-FC<\/strong><\/p>\n<ul>\n<li>GN 2\/1-K\u00fchlm\u00f6bel in <strong>rostfreier Stahl<\/strong>Doppelt\u00fcr aus Glas.<\/li>\n<li>Bel\u00fcftete K\u00fchlung.<\/li>\n<li>Eingebaute Gruppe.<\/li>\n<li>Der Verdampfer ist verdeckt angebracht, so dass ein Maximum an Platz zur Verf\u00fcgung steht.<\/li>\n<li>Motorraum mit isolierten Seiten.<\/li>\n<li>Elektronische Temperaturregelung mit digitalem Thermostat.<\/li>\n<li>Elektrische Heizung um den T\u00fcrrahmen zur Beseitigung von Kondenswasser.<\/li>\n<li>Automatische Abtauung mit elektrischem Heizelement und automatischer Abtauungstemperaturregelung.<\/li>\n<li>Automatische Verdunstung von Kondenswasser.<\/li>\n<li>Verdampfer gegen Korrosion behandelt.<\/li>\n<li>T\u00fcrschloss mit Schl\u00fcssel.<\/li>\n<li>T\u00fcrdichtung ohne Werkzeug abnehmbar.<\/li>\n<li>Innenbeleuchtung.<\/li>\n<li>Unten mit abgerundeten Ecken.<\/li>\n<li>Au\u00dfenboden und R\u00fcckwand aus verzinktem Blech.<\/li>\n<li>H\u00f6henverstellbare F\u00fc\u00dfe aus Edelstahl.<\/li>\n<\/ul>\n<hr \/>\n<p><strong>Technische Daten:<\/strong><\/p>\n<table class=\"table table-striped\" style=\"width: 100%;\">\n<tbody>\n<tr>\n<td style=\"width: 34%;\">\n<div align=\"left\"><strong>Modell<\/strong><\/div>\n<\/td>\n<td style=\"width: 33%;\">\n<div style=\"text-align: center;\"><strong>M-GN1410TNG-FC<\/strong><\/div>\n<\/td>\n<td style=\"width: 33%;\">\n<p style=\"text-align: center;\"><strong>M-GN1410BTG-FC<\/strong><\/p>\n<\/td>\n<\/tr>\n<tr>\n<td style=\"width: 34%;\">\n<div align=\"left\">Arbeitstemperatur<\/div>\n<\/td>\n<td style=\"width: 33%; text-align: center;\">\n<div>0\u00b0C\/+8\u00b0C<\/div>\n<\/td>\n<td style=\"width: 33%; text-align: center;\">\n<div>-18\u00b0C \/ -22\u00b0C<\/div>\n<\/td>\n<\/tr>\n<tr>\n<td style=\"width: 34%;\">\n<div align=\"left\">\u00c4u\u00dfere Abmessungen<\/div>\n<\/td>\n<td style=\"width: 33%;\" colspan=\"2\">\n<div style=\"text-align: center;\" align=\"left\">1480 x 830 x 2010h mm<\/div>\n<\/td>\n<\/tr>\n<tr>\n<td style=\"width: 34%;\">\n<div align=\"left\">Innere Abmessungen<\/div>\n<\/td>\n<td style=\"width: 33%;\" colspan=\"2\">\n<div style=\"text-align: center;\" align=\"left\">1360 x 700 x 1397h mm<\/div>\n<\/td>\n<\/tr>\n<tr>\n<td style=\"width: 34%;\">\n<div align=\"left\">Kapazit\u00e4t<\/div>\n<\/td>\n<td style=\"width: 33%;\" colspan=\"2\">\n<div style=\"text-align: center;\" align=\"left\">1300 L<\/div>\n<\/td>\n<\/tr>\n<tr>\n<td style=\"width: 34%;\">\n<div align=\"left\">Maximale Arbeitstemperatur<\/div>\n<\/td>\n<td style=\"width: 33%;\" colspan=\"2\">\n<div style=\"text-align: center;\" align=\"left\">+38\u00b0C\/ 60 % HR<\/div>\n<\/td>\n<\/tr>\n<tr>\n<td style=\"width: 34%;\">\n<div align=\"left\">Art der K\u00fchlung<\/div>\n<\/td>\n<td style=\"width: 33%;\" colspan=\"2\">\n<div style=\"text-align: center;\" align=\"left\">Bel\u00fcftet<\/div>\n<\/td>\n<\/tr>\n<tr>\n<td style=\"width: 34%;\">\n<div align=\"left\">Art der Abtauung<\/div>\n<\/td>\n<td style=\"width: 33%;\" colspan=\"2\">\n<div style=\"text-align: center;\" align=\"left\">Automatisch<\/div>\n<\/td>\n<\/tr>\n<tr>\n<td style=\"width: 34%;\">\n<div align=\"left\">Art des K\u00e4ltemittelgases<\/div>\n<\/td>\n<td style=\"width: 33%;\" colspan=\"2\">\n<div style=\"text-align: center;\" align=\"left\">R290<\/div>\n<\/td>\n<\/tr>\n<tr>\n<td style=\"width: 34%;\">\n<div align=\"left\">Kondenswasserverdunstung<\/div>\n<\/td>\n<td style=\"width: 33%;\" colspan=\"2\">\n<div style=\"text-align: center;\" align=\"left\">Automatisch<\/div>\n<\/td>\n<\/tr>\n<tr>\n<td style=\"width: 34%;\">\n<div align=\"left\">Temperaturkontrolle<\/div>\n<\/td>\n<td style=\"width: 33%;\" colspan=\"2\">\n<div style=\"text-align: center;\" align=\"left\">Elektronisch<\/div>\n<\/td>\n<\/tr>\n<tr>\n<td style=\"width: 34%;\">\n<div align=\"left\">Isolierung<\/div>\n<\/td>\n<td style=\"width: 33%;\" colspan=\"2\">\n<div style=\"text-align: center;\" align=\"left\">60 mm<\/div>\n<\/td>\n<\/tr>\n<tr>\n<td style=\"width: 34%;\">\n<div align=\"left\">Absorption<\/div>\n<\/td>\n<td style=\"width: 33%;\">\n<div style=\"text-align: center;\" align=\"left\">508 W<\/div>\n<\/td>\n<td style=\"width: 33%;\">\n<div style=\"text-align: center;\" align=\"left\">815 W<\/div>\n<\/td>\n<\/tr>\n<tr>\n<td style=\"width: 34%;\">\n<div align=\"left\">Spannung<\/div>\n<\/td>\n<td style=\"width: 33%;\" colspan=\"2\">\n<div style=\"text-align: center;\" align=\"left\">230V \/ 50 Hz<\/div>\n<\/td>\n<\/tr>\n<tr>\n<td style=\"width: 34%;\">\n<div align=\"left\">Baumaterial<\/div>\n<\/td>\n<td style=\"width: 33%;\" colspan=\"2\">\n<div style=\"text-align: center;\" align=\"left\">AISI 201 Edelstahl + Glast\u00fcr<\/div>\n<\/td>\n<\/tr>\n<tr>\n<td style=\"width: 34%;\">\n<div align=\"left\">Umkehrung der T\u00fcr<\/div>\n<\/td>\n<td style=\"width: 33%;\" colspan=\"2\">\n<div style=\"text-align: center;\" align=\"left\">Nein<\/div>\n<\/td>\n<\/tr>\n<tr>\n<td style=\"width: 34%;\">\n<div align=\"left\">Innenbeleuchtung<\/div>\n<\/td>\n<td style=\"width: 33%;\" colspan=\"2\">\n<div style=\"text-align: center;\" align=\"left\">Ja<\/div>\n<\/td>\n<\/tr>\n<tr>\n<td style=\"width: 34%;\">\n<div align=\"left\">Mitgeliefertes Zubeh\u00f6r<\/div>\n<\/td>\n<td style=\"width: 33%;\" colspan=\"2\">\n<div style=\"text-align: center;\" align=\"left\">6 GN2\/1-Gitter + 6 Schienenpaare<\/div>\n<\/td>\n<\/tr>\n<tr>\n<td style=\"width: 34%;\">\n<div align=\"left\">Energieklasse<\/div>\n<\/td>\n<td style=\"width: 33%; text-align: center;\"><span style=\"color: #ff9900;\"><strong>C<\/strong><\/span><\/td>\n<td style=\"width: 33%; text-align: center;\"><strong><span style=\"color: #ff0000;\">E<\/span><\/strong><\/td>\n<\/tr>\n<tr>\n<td style=\"width: 34%;\">\n<div align=\"left\">Nettogewicht<\/div>\n<\/td>\n<td style=\"width: 33%;\" colspan=\"2\">\n<div style=\"text-align: center;\" align=\"left\">206 kg<\/div>\n<\/td>\n<\/tr>\n<\/tbody>\n<\/table>\n<p>&nbsp;<\/p>","protected":false},"excerpt":{"rendered":"<p>Vetrina Refrigerata Professionale GN 2\/1 Ventilata 2 Porte 1300 Lt ARMADIO REFRIGERATO GN2\/1 VENTILATO M-GN1410TNG-FC Armadio refrigerato GN 2\/1 in acciaio inox, doppia anta in vetro. Refrigerazione ventilata. Gruppo incorporato. Evaporatore posizionato a scomparsa in modo da avere massimo spazio disponibile. Vano motore con fianchi coibentati. Controllo temperatura elettronico con termostato digitale. Resistenza elettrica intorno [&#8230;]","protected":false},"featured_media":125543,"comment_status":"closed","ping_status":"closed","template":"","meta":{"_monsterinsights_skip_tracking":false,"_monsterinsights_sitenote_active":false,"_monsterinsights_sitenote_note":"","_monsterinsights_sitenote_category":0},"product_brand":[757,624],"product_cat":[69,27,753,256,708,653,28],"product_tag":[],"class_list":{"0":"post-125542","1":"product","2":"type-product","3":"status-publish","4":"has-post-thumbnail","6":"product_brand-forcold","7":"product_brand-forcar","8":"product_cat-armadi-refrigerati","9":"product_cat-armadi-e-tavoli-refrigerati","10":"product_cat-armadi-refrigerati-pasticcerie","11":"product_cat-fredde","12":"product_cat-pasticcerie","13":"product_cat-refrigerazione","14":"product_cat-vetrine","15":"product_shipping_class-373","16":"pa_classe-energetica-classe-c","17":"pa_classe-energetica-classe-e","18":"pa_marca-forcar","19":"pa_marca-forcold","21":"first","22":"instock","23":"taxable","24":"shipping-taxable","25":"purchasable","26":"product-type-variable"},"_links":{"self":[{"href":"https:\/\/www.creaearredanegozi.it\/de\/wp-json\/wp\/v2\/product\/125542","targetHints":{"allow":["GET"]}}],"collection":[{"href":"https:\/\/www.creaearredanegozi.it\/de\/wp-json\/wp\/v2\/product"}],"about":[{"href":"https:\/\/www.creaearredanegozi.it\/de\/wp-json\/wp\/v2\/types\/product"}],"replies":[{"embeddable":true,"href":"https:\/\/www.creaearredanegozi.it\/de\/wp-json\/wp\/v2\/comments?post=125542"}],"wp:featuredmedia":[{"embeddable":true,"href":"https:\/\/www.creaearredanegozi.it\/de\/wp-json\/wp\/v2\/media\/125543"}],"wp:attachment":[{"href":"https:\/\/www.creaearredanegozi.it\/de\/wp-json\/wp\/v2\/media?parent=125542"}],"wp:term":[{"taxonomy":"product_brand","embeddable":true,"href":"https:\/\/www.creaearredanegozi.it\/de\/wp-json\/wp\/v2\/product_brand?post=125542"},{"taxonomy":"product_cat","embeddable":true,"href":"https:\/\/www.creaearredanegozi.it\/de\/wp-json\/wp\/v2\/product_cat?post=125542"},{"taxonomy":"product_tag","embeddable":true,"href":"https:\/\/www.creaearredanegozi.it\/de\/wp-json\/wp\/v2\/product_tag?post=125542"}],"curies":[{"name":"wp","href":"https:\/\/api.w.org\/{rel}","templated":true}]}}