{"id":125551,"date":"2023-09-29T14:08:28","date_gmt":"2023-09-29T12:08:28","guid":{"rendered":"https:\/\/www.creaearredanegozi.it\/?post_type=product&#038;p=125551"},"modified":"2025-12-07T03:41:13","modified_gmt":"2025-12-07T02:41:13","slug":"gn2-1-professionelle-statische-kuhltruhe-18c-22c-600-lt","status":"publish","type":"product","link":"https:\/\/www.creaearredanegozi.it\/de\/gn2-1-professionelle-statische-kuhltruhe-18c-22c-600-lt\/","title":{"rendered":"Statisches K\u00fchlregal GN2\/1 Professional -18\u00b0C\/-22\u00b0C 600 Lt"},"content":{"rendered":"<h3>Statisches K\u00fchlregal GN2\/1 Professional -18\u00b0C\/-22\u00b0C 600 Lt<\/h3>\n<p><strong>GN2\/1 STATISCHE K\u00dcHLTRUHE - G-GN600BT-FC<\/strong><\/p>\n<ul>\n<li>GN2\/1-K\u00fchlm\u00f6bel aus Edelstahl.<\/li>\n<li>Statische K\u00fchlung<\/li>\n<li>Interner Ventilator und Luftf\u00f6rderer f\u00fcr gleichm\u00e4\u00dfige Temperaturverteilung<\/li>\n<li>In das obere Fach integrierte Gruppe<\/li>\n<li>Motorraum mit isolierten Seiten<\/li>\n<li>Elektronische Temperaturregelung mit digitalem Thermostat<\/li>\n<li>Elektrische Heizung um den T\u00fcrrahmen zur Vermeidung von Kondenswasser<\/li>\n<li>Ableitung des Kondenswassers mit Hilfe eines Beckens<\/li>\n<li>T\u00fcr mit Federr\u00fcckzug und Umkehrfunktion<\/li>\n<li>T\u00fcrschloss mit Schl\u00fcssel<\/li>\n<li>Abnehmbare T\u00fcrdichtung ohne Werkzeug<\/li>\n<li>Unten mit abgerundeten Ecken<\/li>\n<li>Au\u00dfenboden und R\u00fcckwand aus verzinktem Blech<\/li>\n<li>H\u00f6henverstellbare F\u00fc\u00dfe aus Edelstahl.<\/li>\n<\/ul>\n<hr \/>\n<table style=\"border-collapse: collapse; width: 100%;\">\n<tbody>\n<tr>\n<td style=\"width: 50%;\">TECHNISCHE DATEN<\/td>\n<td style=\"width: 50%;\"><strong>GN600BT-FC<\/strong><\/td>\n<\/tr>\n<tr>\n<td style=\"width: 50%;\">Arbeitstemperatur<\/td>\n<td style=\"width: 50%;\">-18\u00b0C \/ -22\u00b0C<\/td>\n<\/tr>\n<tr>\n<td style=\"width: 50%;\">\u00c4u\u00dfere Abmessungen<\/td>\n<td style=\"width: 50%;\">680 x 810 x 2010(h) mm<\/td>\n<\/tr>\n<tr>\n<td style=\"width: 50%;\">Innere Abmessungen<\/td>\n<td style=\"width: 50%;\">560 x 680 x 1390(h) mm<\/td>\n<\/tr>\n<tr>\n<td style=\"width: 50%;\">Kapazit\u00e4t<\/td>\n<td style=\"width: 50%;\">600 L<\/td>\n<\/tr>\n<tr>\n<td style=\"width: 50%;\">Maximale Arbeitstemperatur<\/td>\n<td style=\"width: 50%;\">+35\u00b0C \/ 50%HR<\/td>\n<\/tr>\n<tr>\n<td style=\"width: 50%;\">Art der K\u00fchlung<\/td>\n<td style=\"width: 50%;\">Statik<\/td>\n<\/tr>\n<tr>\n<td style=\"width: 50%;\">Art der Abtauung<\/td>\n<td style=\"width: 50%;\">Handbuch<\/td>\n<\/tr>\n<tr>\n<td style=\"width: 50%;\">Art des K\u00e4ltemittelgases<\/td>\n<td style=\"width: 50%;\">R290<\/td>\n<\/tr>\n<tr>\n<td style=\"width: 50%;\">Kondenswasserverdunstung<\/td>\n<td style=\"width: 50%;\">Sammeltank<\/td>\n<\/tr>\n<tr>\n<td style=\"width: 50%;\">Temperaturkontrolle<\/td>\n<td style=\"width: 50%;\">Elektronisch<\/td>\n<\/tr>\n<tr>\n<td style=\"width: 50%;\">Isolierung (mm)<\/td>\n<td style=\"width: 50%;\">60<\/td>\n<\/tr>\n<tr>\n<td style=\"width: 50%;\">Absorption (W)<\/td>\n<td style=\"width: 50%;\">204 W<\/td>\n<\/tr>\n<tr>\n<td style=\"width: 50%;\">Spannung<\/td>\n<td style=\"width: 50%;\">230V \/ 50Hz<\/td>\n<\/tr>\n<tr>\n<td style=\"width: 50%;\">Baumaterial<\/td>\n<td style=\"width: 50%;\"><strong>rostfreier Stahl<\/strong><\/td>\n<\/tr>\n<tr>\n<td style=\"width: 50%;\">Umkehrung der T\u00fcr<\/td>\n<td style=\"width: 50%;\">Ja<\/td>\n<\/tr>\n<tr>\n<td style=\"width: 50%;\">Innenbeleuchtung<\/td>\n<td style=\"width: 50%;\">Nein<\/td>\n<\/tr>\n<tr>\n<td style=\"width: 50%;\">Mitgeliefertes Zubeh\u00f6r<\/td>\n<td style=\"width: 50%;\">3 GN2\/1-Gitter - 3 Schienenpaare<\/td>\n<\/tr>\n<tr>\n<td style=\"width: 50%;\">Energieklasse<\/td>\n<td style=\"width: 50%;\">D<\/td>\n<\/tr>\n<tr>\n<td style=\"width: 50%;\">Nettogewicht (kg)<\/td>\n<td style=\"width: 50%;\">114 kg<\/td>\n<\/tr>\n<\/tbody>\n<\/table>","protected":false},"excerpt":{"rendered":"<p>Armadio Refrigerato GN2\/1 Professionale Statico -18\u00b0C\/-22\u00b0C 600 Lt ARMADIO REFRIGERATO GN2\/1 STATICO \u2013 G-GN600BT-FC Armadi refrigeratI GN2\/1 in acciaio inox. Refrigerazione statica Ventilatore e convogliatore d\u2019aria interno per uniformare la temperatura Gruppo incorporato in vano superiore Vano motore con fianchi coibentati Controllo temperatura elettronico con termostato digitale Resistenza elettrica intorno alla cornice porta per elimina-zione [&#8230;]","protected":false},"featured_media":125548,"comment_status":"closed","ping_status":"closed","template":"","meta":{"_monsterinsights_skip_tracking":false,"_monsterinsights_sitenote_active":false,"_monsterinsights_sitenote_note":"","_monsterinsights_sitenote_category":0},"product_brand":[757,624],"product_cat":[69,27,653],"product_tag":[],"class_list":{"0":"post-125551","1":"product","2":"type-product","3":"status-publish","4":"has-post-thumbnail","6":"product_brand-forcold","7":"product_brand-forcar","8":"product_cat-armadi-refrigerati","9":"product_cat-armadi-e-tavoli-refrigerati","10":"product_cat-refrigerazione","11":"product_shipping_class-e","12":"pa_classe-energetica-classe-d","13":"pa_marca-forcold","15":"first","16":"instock","17":"taxable","18":"shipping-taxable","19":"purchasable","20":"product-type-simple"},"_links":{"self":[{"href":"https:\/\/www.creaearredanegozi.it\/de\/wp-json\/wp\/v2\/product\/125551","targetHints":{"allow":["GET"]}}],"collection":[{"href":"https:\/\/www.creaearredanegozi.it\/de\/wp-json\/wp\/v2\/product"}],"about":[{"href":"https:\/\/www.creaearredanegozi.it\/de\/wp-json\/wp\/v2\/types\/product"}],"replies":[{"embeddable":true,"href":"https:\/\/www.creaearredanegozi.it\/de\/wp-json\/wp\/v2\/comments?post=125551"}],"wp:featuredmedia":[{"embeddable":true,"href":"https:\/\/www.creaearredanegozi.it\/de\/wp-json\/wp\/v2\/media\/125548"}],"wp:attachment":[{"href":"https:\/\/www.creaearredanegozi.it\/de\/wp-json\/wp\/v2\/media?parent=125551"}],"wp:term":[{"taxonomy":"product_brand","embeddable":true,"href":"https:\/\/www.creaearredanegozi.it\/de\/wp-json\/wp\/v2\/product_brand?post=125551"},{"taxonomy":"product_cat","embeddable":true,"href":"https:\/\/www.creaearredanegozi.it\/de\/wp-json\/wp\/v2\/product_cat?post=125551"},{"taxonomy":"product_tag","embeddable":true,"href":"https:\/\/www.creaearredanegozi.it\/de\/wp-json\/wp\/v2\/product_tag?post=125551"}],"curies":[{"name":"wp","href":"https:\/\/api.w.org\/{rel}","templated":true}]}}