{"id":125558,"date":"2023-09-29T14:33:14","date_gmt":"2023-09-29T12:33:14","guid":{"rendered":"https:\/\/www.creaearredanegozi.it\/?post_type=product&#038;p=125558"},"modified":"2025-12-07T03:41:13","modified_gmt":"2025-12-07T02:41:13","slug":"armadio-refrigerato-gn2-1-professionale-statico-18c-22c-2-porte-1200-lt","status":"publish","type":"product","link":"https:\/\/www.creaearredanegozi.it\/de\/armadio-refrigerato-gn2-1-professionale-statico-18c-22c-2-porte-1200-lt\/","title":{"rendered":"Statisches K\u00fchlregal GN2\/1 Professional -18\u00b0C\/-22\u00b0C 2 T\u00fcren 1200 Lt"},"content":{"rendered":"<h3>Statisches K\u00fchlregal GN2\/1 Professional -18\u00b0C\/-22\u00b0C 2 T\u00fcren 1200 Lt<\/h3>\n<p><strong>GN2\/1 STATISCHE K\u00dcHLTRUHE - G-GN1200BT-FC<\/strong><\/p>\n<ul>\n<li>GN2\/1-K\u00fchlm\u00f6bel aus Edelstahl.<\/li>\n<li>Statische K\u00fchlung<\/li>\n<li>Interner Ventilator und Luftf\u00f6rderer f\u00fcr gleichm\u00e4\u00dfige Temperaturverteilung<\/li>\n<li>In das obere Fach integrierte Gruppe<\/li>\n<li>Motorraum mit isolierten Seiten<\/li>\n<li>Elektronische Temperaturregelung mit digitalem Thermostat<\/li>\n<li>Elektrische Heizung um den T\u00fcrrahmen zur Vermeidung von Kondenswasser<\/li>\n<li>Ableitung des Kondenswassers mit Hilfe eines Beckens<\/li>\n<li>T\u00fcr mit Federr\u00fcckzug und Umkehrfunktion<\/li>\n<li>T\u00fcrschloss mit Schl\u00fcssel<\/li>\n<li>Abnehmbare T\u00fcrdichtung ohne Werkzeug<\/li>\n<li>Unten mit abgerundeten Ecken<\/li>\n<li>Au\u00dfenboden und R\u00fcckwand aus verzinktem Blech<\/li>\n<li>H\u00f6henverstellbare F\u00fc\u00dfe aus Edelstahl.<\/li>\n<\/ul>\n<hr \/>\n<p><strong>Technische Daten:<\/strong><\/p>\n<table class=\"table table-striped\">\n<tbody>\n<tr>\n<td>\n<div align=\"left\"><strong>Modell<\/strong><\/div>\n<\/td>\n<td>\n<div align=\"left\"><strong>GN1200BT-FC<\/strong><\/div>\n<\/td>\n<\/tr>\n<tr>\n<td>\n<div align=\"left\">Arbeitstemperatur<\/div>\n<\/td>\n<td>\n<div align=\"left\">-18\u00b0C\/-22\u00b0C<\/div>\n<\/td>\n<\/tr>\n<tr>\n<td>\n<div align=\"left\">\u00c4u\u00dfere Abmessungen<\/div>\n<\/td>\n<td>\n<div align=\"left\">1340 x 810 x 2010h mm<\/div>\n<\/td>\n<\/tr>\n<tr>\n<td>\n<div align=\"left\">Innere Abmessungen<\/div>\n<\/td>\n<td>\n<div align=\"left\">1220 x 680 x 1390h mm<\/div>\n<\/td>\n<\/tr>\n<tr>\n<td>\n<div align=\"left\">Kapazit\u00e4t<\/div>\n<\/td>\n<td>\n<div align=\"left\">1200 L<\/div>\n<\/td>\n<\/tr>\n<tr>\n<td>\n<div align=\"left\">Maximale Arbeitstemperatur<\/div>\n<\/td>\n<td>\n<div align=\"left\">+35\u00b0C\/ 50 % HR<\/div>\n<\/td>\n<\/tr>\n<tr>\n<td>\n<div align=\"left\">Art der K\u00fchlung<\/div>\n<\/td>\n<td>\n<div align=\"left\">Statik<\/div>\n<\/td>\n<\/tr>\n<tr>\n<td>\n<div align=\"left\">Art der Abtauung<\/div>\n<\/td>\n<td>\n<div align=\"left\">Handbuch<\/div>\n<\/td>\n<\/tr>\n<tr>\n<td>\n<div align=\"left\">Art des K\u00e4ltemittelgases<\/div>\n<\/td>\n<td>\n<div align=\"left\">R290<\/div>\n<\/td>\n<\/tr>\n<tr>\n<td>\n<div align=\"left\">Kondenswasserverdunstung<\/div>\n<\/td>\n<td>\n<div align=\"left\">Sammelbeh\u00e4lter<\/div>\n<\/td>\n<\/tr>\n<tr>\n<td>\n<div align=\"left\">Temperaturkontrolle<\/div>\n<\/td>\n<td>\n<div align=\"left\">Elektronisch<\/div>\n<\/td>\n<\/tr>\n<tr>\n<td>\n<div align=\"left\">Isolierung<\/div>\n<\/td>\n<td>\n<div align=\"left\">60 mm<\/div>\n<\/td>\n<\/tr>\n<tr>\n<td>\n<div align=\"left\">Absorption<\/div>\n<\/td>\n<td>\n<div align=\"left\">602 W<\/div>\n<\/td>\n<\/tr>\n<tr>\n<td>\n<div align=\"left\">Spannung<\/div>\n<\/td>\n<td>\n<div align=\"left\">230V \/ 50 Hz<\/div>\n<\/td>\n<\/tr>\n<tr>\n<td>\n<div align=\"left\">Baumaterial<\/div>\n<\/td>\n<td>\n<div align=\"left\">Rostfreier Stahl<\/div>\n<\/td>\n<\/tr>\n<tr>\n<td>\n<div align=\"left\">Umkehrung der T\u00fcr<\/div>\n<\/td>\n<td>\n<div align=\"left\">Nein<\/div>\n<\/td>\n<\/tr>\n<tr>\n<td>\n<div align=\"left\">Innenbeleuchtung<\/div>\n<\/td>\n<td>\n<div align=\"left\">Nein<\/div>\n<\/td>\n<\/tr>\n<tr>\n<td>\n<div align=\"left\">Mitgeliefertes Zubeh\u00f6r<\/div>\n<\/td>\n<td>\n<div align=\"left\">6 GN2\/1-Gitter 6 Schienenpaare<\/div>\n<\/td>\n<\/tr>\n<tr>\n<td>\n<div align=\"left\">Energieklasse<\/div>\n<\/td>\n<td>\n<div align=\"left\">D<\/div>\n<\/td>\n<\/tr>\n<tr>\n<td>\n<div align=\"left\">Nettogewicht<\/div>\n<\/td>\n<td>\n<div align=\"left\">174 Kg<\/div>\n<\/td>\n<\/tr>\n<tr>\n<td>\n<div align=\"left\"><\/div>\n<\/td>\n<td>\n<div align=\"left\"><\/div>\n<\/td>\n<\/tr>\n<\/tbody>\n<\/table>\n<p>&nbsp;<\/p>","protected":false},"excerpt":{"rendered":"<p>Armadio Refrigerato GN2\/1 Professionale Statico -18\u00b0C\/-22\u00b0C 2 Porte 1200 Lt ARMADIO REFRIGERATO GN2\/1 STATICO \u2013 G-GN1200BT-FC Armadi refrigerato GN2\/1 in acciaio inox. Refrigerazione statica Ventilatore e convogliatore d\u2019aria interno per uniformare la temperatura Gruppo incorporato in vano superiore Vano motore con fianchi coibentati Controllo temperatura elettronico con termostato digitale Resistenza elettrica intorno alla cornice porta [&#8230;]","protected":false},"featured_media":125556,"comment_status":"closed","ping_status":"closed","template":"","meta":{"_monsterinsights_skip_tracking":false,"_monsterinsights_sitenote_active":false,"_monsterinsights_sitenote_note":"","_monsterinsights_sitenote_category":0},"product_brand":[757,624],"product_cat":[69,27,653],"product_tag":[],"class_list":{"0":"post-125558","1":"product","2":"type-product","3":"status-publish","4":"has-post-thumbnail","6":"product_brand-forcold","7":"product_brand-forcar","8":"product_cat-armadi-refrigerati","9":"product_cat-armadi-e-tavoli-refrigerati","10":"product_cat-refrigerazione","11":"product_shipping_class-372","12":"pa_classe-energetica-classe-d","13":"pa_marca-forcold","15":"first","16":"instock","17":"taxable","18":"shipping-taxable","19":"purchasable","20":"product-type-simple"},"_links":{"self":[{"href":"https:\/\/www.creaearredanegozi.it\/de\/wp-json\/wp\/v2\/product\/125558","targetHints":{"allow":["GET"]}}],"collection":[{"href":"https:\/\/www.creaearredanegozi.it\/de\/wp-json\/wp\/v2\/product"}],"about":[{"href":"https:\/\/www.creaearredanegozi.it\/de\/wp-json\/wp\/v2\/types\/product"}],"replies":[{"embeddable":true,"href":"https:\/\/www.creaearredanegozi.it\/de\/wp-json\/wp\/v2\/comments?post=125558"}],"wp:featuredmedia":[{"embeddable":true,"href":"https:\/\/www.creaearredanegozi.it\/de\/wp-json\/wp\/v2\/media\/125556"}],"wp:attachment":[{"href":"https:\/\/www.creaearredanegozi.it\/de\/wp-json\/wp\/v2\/media?parent=125558"}],"wp:term":[{"taxonomy":"product_brand","embeddable":true,"href":"https:\/\/www.creaearredanegozi.it\/de\/wp-json\/wp\/v2\/product_brand?post=125558"},{"taxonomy":"product_cat","embeddable":true,"href":"https:\/\/www.creaearredanegozi.it\/de\/wp-json\/wp\/v2\/product_cat?post=125558"},{"taxonomy":"product_tag","embeddable":true,"href":"https:\/\/www.creaearredanegozi.it\/de\/wp-json\/wp\/v2\/product_tag?post=125558"}],"curies":[{"name":"wp","href":"https:\/\/api.w.org\/{rel}","templated":true}]}}