{"id":125639,"date":"2023-10-05T15:00:02","date_gmt":"2023-10-05T13:00:02","guid":{"rendered":"https:\/\/www.creaearredanegozi.it\/?post_type=product&#038;p=125639"},"modified":"2024-11-20T13:42:06","modified_gmt":"2024-11-20T12:42:06","slug":"gekuhlter-gastronomietisch-gn1-1-professionell-beluftet-3-turen-snack-2c-8c","status":"publish","type":"product","link":"https:\/\/www.creaearredanegozi.it\/de\/gekuhlter-gastronomietisch-gn1-1-professionell-beluftet-3-turen-snack-2c-8c\/","title":{"rendered":"Gek\u00fchlter Gastronomietisch GN1\/1 Professional Bel\u00fcftet 3 T\u00fcren SNACK -2\u00b0C\/+8\u00b0C"},"content":{"rendered":"<h3>Gek\u00fchlter Gastronomietisch GN1\/1 bel\u00fcftet 3 T\u00fcren SNACK -2\u00b0C\/+8\u00b0C<\/h3>\n<p><strong>Gek\u00fchlter Tisch G-SNACK3100TN und G-SNACK3200TN-FC (mit Spritzwand) Tiefk\u00fchlung<\/strong><\/p>\n<p><strong>GN 1\/1 Gastronomie, mit 3 T\u00fcren. SNACK Linie (Getr\u00e4nkebeh\u00e4lter).<\/strong><\/p>\n<p>Herausnehmbare Einbaugruppe f\u00fcr einfache Wartung - Kaltluftzirkulation, um das Produkt nicht direkt zu ber\u00fchren - elektronische Temperaturregelung mit digitalem Thermostat - elektrisches Heizelement um den T\u00fcrrahmen zur Beseitigung von Kondenswasser - automatische Abtauung mit elektrischem Heizelement und automatischer Abtautemperaturregelung - automatische Verdunstung von Tauwasser - korrosionsfrei behandelter Verdampfer. T\u00fcr mit R\u00fcckholfeder - T\u00fcrdichtung kann ohne Werkzeug entfernt werden - Boden mit abgerundeten Ecken - einfache Austauschbarkeit der T\u00fcren bei Ger\u00e4ten mit zwei und drei Schubladen - leicht ausziehbare Schubladen mit Teleskopf\u00fchrungen aus Edelstahl. H\u00f6henverstellbare F\u00fc\u00dfe aus Edelstahl - kann an die Wand gestellt werden.<\/p>\n<hr \/>\n<p><strong>Technische Daten:<\/strong><\/p>\n<table class=\"table table-striped\">\n<tbody>\n<tr>\n<td>\n<div align=\"left\"><strong>Modell<\/strong><\/div>\n<\/td>\n<td>\n<div align=\"left\"><b>G-SNACK3100TN \/ G-SNACK3200TN-FC<\/b><\/div>\n<\/td>\n<\/tr>\n<tr>\n<td>\n<div align=\"left\">Arbeitstemperatur<\/div>\n<\/td>\n<td>\n<div align=\"left\">-2\u00b0C\/+8\u00b0C<\/div>\n<\/td>\n<\/tr>\n<tr>\n<td>\n<div align=\"left\">\u00c4u\u00dfere Abmessungen mm<\/div>\n<\/td>\n<td>\n<div align=\"left\">1795 x 600 x 850h \/ 950h mit Aufkantung<\/div>\n<\/td>\n<\/tr>\n<tr>\n<td>\n<div align=\"left\">Innenma\u00dfe mm<\/div>\n<\/td>\n<td>\n<div align=\"left\">1335 x 430 x 560h mm<\/div>\n<\/td>\n<\/tr>\n<tr>\n<td>\n<div align=\"left\">Kapazit\u00e4t<\/div>\n<\/td>\n<td>\n<div align=\"left\">239 L<\/div>\n<\/td>\n<\/tr>\n<tr>\n<td>\n<div align=\"left\">Maximale Arbeitstemperatur<\/div>\n<\/td>\n<td>\n<div align=\"left\">+35\u00b0C\/ 50 % HR<\/div>\n<\/td>\n<\/tr>\n<tr>\n<td>\n<div align=\"left\">Art der K\u00fchlung<\/div>\n<\/td>\n<td>\n<div align=\"left\">Bel\u00fcftet<\/div>\n<\/td>\n<\/tr>\n<tr>\n<td>\n<div align=\"left\">Art der Abtauung<\/div>\n<\/td>\n<td>\n<div align=\"left\">Elektrisch<\/div>\n<\/td>\n<\/tr>\n<tr>\n<td>\n<div align=\"left\">Art des K\u00e4ltemittelgases<\/div>\n<\/td>\n<td>\n<div align=\"left\">R600a<\/div>\n<\/td>\n<\/tr>\n<tr>\n<td>\n<div align=\"left\">Kondenswasserverdunstung<\/div>\n<\/td>\n<td>\n<div align=\"left\">Automatisch<\/div>\n<\/td>\n<\/tr>\n<tr>\n<td>\n<div align=\"left\">Temperaturkontrolle<\/div>\n<\/td>\n<td>\n<div align=\"left\">Elektronisch<\/div>\n<\/td>\n<\/tr>\n<tr>\n<td>\n<div align=\"left\">Isolierung<\/div>\n<\/td>\n<td>\n<div align=\"left\">60 mm<\/div>\n<\/td>\n<\/tr>\n<tr>\n<td>\n<div align=\"left\">Absorption<\/div>\n<\/td>\n<td>\n<div align=\"left\">275 W<\/div>\n<\/td>\n<\/tr>\n<tr>\n<td>\n<div align=\"left\">Spannung<\/div>\n<\/td>\n<td>\n<div align=\"left\">230V \/ 50 Hz<\/div>\n<\/td>\n<\/tr>\n<tr>\n<td>\n<div align=\"left\">Baumaterial<\/div>\n<\/td>\n<td>\n<div align=\"left\">Rostfreier Stahl<\/div>\n<\/td>\n<\/tr>\n<tr>\n<td>\n<div align=\"left\">Umkehrung der T\u00fcr<\/div>\n<\/td>\n<td>\n<div align=\"left\">Nein<\/div>\n<\/td>\n<\/tr>\n<tr>\n<td>\n<div align=\"left\">Innenbeleuchtung<\/div>\n<\/td>\n<td>\n<div align=\"left\">Nein<\/div>\n<\/td>\n<\/tr>\n<tr>\n<td>\n<div align=\"left\">Mitgeliefertes Zubeh\u00f6r<\/div>\n<\/td>\n<td>\n<div align=\"left\">3 Gitter 33\u00d743 und 3 Schienenpaare<\/div>\n<\/td>\n<\/tr>\n<tr>\n<td>\n<div align=\"left\">Energieklasse<\/div>\n<\/td>\n<td>\n<div align=\"left\">C<\/div>\n<\/td>\n<\/tr>\n<tr>\n<td>\n<div align=\"left\">Nettogewicht<\/div>\n<\/td>\n<td>\n<div align=\"left\">103 kg<\/div>\n<\/td>\n<\/tr>\n<tr>\n<td>\n<div align=\"left\">Bruttogewicht<\/div>\n<\/td>\n<td>\n<div align=\"left\">127 kg<\/div>\n<\/td>\n<\/tr>\n<\/tbody>\n<\/table>\n<p>&nbsp;<\/p>","protected":false},"excerpt":{"rendered":"<p>Tavolo refrigerato gastronomia GN1\/1 ventilato 3 porte SNACK -2\u00b0C\/+8\u00b0C Tavolo refrigerato G-SNACK3100TN e G-SNACK3200TN-FC (con alzatina) Forcold gastronomia GN 1\/1, con 3 ante. Linea SNACK (contenitore di bibite). Gruppo incorporato estraibile per facile manutenzione &#8211; andamento circolare dell\u2019aria fredda in modo da non toccare direttamente il prodotto &#8211; controllo temperatura elettronico con termostato digitale &#8211; [&#8230;]","protected":false},"featured_media":125643,"comment_status":"closed","ping_status":"closed","template":"","meta":{"_monsterinsights_skip_tracking":false,"_monsterinsights_sitenote_active":false,"_monsterinsights_sitenote_note":"","_monsterinsights_sitenote_category":0},"product_brand":[757],"product_cat":[70,27,653],"product_tag":[],"class_list":{"0":"post-125639","1":"product","2":"type-product","3":"status-publish","4":"has-post-thumbnail","6":"product_brand-forcold","7":"product_cat-tavoli-refrigerati","8":"product_cat-armadi-e-tavoli-refrigerati","9":"product_cat-refrigerazione","10":"product_shipping_class-d","11":"pa_classe-energetica-classe-c","12":"pa_marca-forcold","14":"first","15":"instock","16":"sale","17":"taxable","18":"shipping-taxable","19":"purchasable","20":"product-type-variable"},"_links":{"self":[{"href":"https:\/\/www.creaearredanegozi.it\/de\/wp-json\/wp\/v2\/product\/125639","targetHints":{"allow":["GET"]}}],"collection":[{"href":"https:\/\/www.creaearredanegozi.it\/de\/wp-json\/wp\/v2\/product"}],"about":[{"href":"https:\/\/www.creaearredanegozi.it\/de\/wp-json\/wp\/v2\/types\/product"}],"replies":[{"embeddable":true,"href":"https:\/\/www.creaearredanegozi.it\/de\/wp-json\/wp\/v2\/comments?post=125639"}],"wp:featuredmedia":[{"embeddable":true,"href":"https:\/\/www.creaearredanegozi.it\/de\/wp-json\/wp\/v2\/media\/125643"}],"wp:attachment":[{"href":"https:\/\/www.creaearredanegozi.it\/de\/wp-json\/wp\/v2\/media?parent=125639"}],"wp:term":[{"taxonomy":"product_brand","embeddable":true,"href":"https:\/\/www.creaearredanegozi.it\/de\/wp-json\/wp\/v2\/product_brand?post=125639"},{"taxonomy":"product_cat","embeddable":true,"href":"https:\/\/www.creaearredanegozi.it\/de\/wp-json\/wp\/v2\/product_cat?post=125639"},{"taxonomy":"product_tag","embeddable":true,"href":"https:\/\/www.creaearredanegozi.it\/de\/wp-json\/wp\/v2\/product_tag?post=125639"}],"curies":[{"name":"wp","href":"https:\/\/api.w.org\/{rel}","templated":true}]}}