{"id":125661,"date":"2023-10-06T11:41:28","date_gmt":"2023-10-06T09:41:28","guid":{"rendered":"https:\/\/www.creaearredanegozi.it\/?post_type=product&#038;p=125661"},"modified":"2024-11-20T13:42:07","modified_gmt":"2024-11-20T12:42:07","slug":"professionelles-geback-gekuhlter-tisch-beluftet-2c-8c-2-turen","status":"publish","type":"product","link":"https:\/\/www.creaearredanegozi.it\/de\/professionelles-geback-gekuhlter-tisch-beluftet-2c-8c-2-turen\/","title":{"rendered":"Professioneller gek\u00fchlter Geb\u00e4cktisch bel\u00fcftet -2\u00b0C\/+8\u00b0C 2-t\u00fcrig"},"content":{"rendered":"<h3>Professioneller gek\u00fchlter Geb\u00e4cktisch bel\u00fcftet -2\u00b0C\/+8\u00b0C 2-t\u00fcrig<\/h3>\n<p><strong>Professionelle Konditorei Tisch gek\u00fchlt G-PA2100TN-FC Forcold<\/strong><\/p>\n<p><b>SPEZIELL F\u00dcR 60\u00d740 T\u00d6PFE<\/b><\/p>\n<ul>\n<li>Struktur in <strong>Rostfreier Stahl.<\/strong><\/li>\n<li>Bel\u00fcftete K\u00fchlung.<\/li>\n<li>Elektronisches Bedienfeld mit digitaler Anzeige.<\/li>\n<li>Automatische Abtauung und Verdunstung des Tauwassers.<\/li>\n<li>Herausnehmbare Einbaueinheit f\u00fcr einfache Wartung.<\/li>\n<li>T\u00fcren mit magnetischen Dichtungen.<\/li>\n<li>Abgerundete Innenecken.<\/li>\n<li>Verstellbare F\u00fc\u00dfe aus rostfreiem Stahl.<\/li>\n<li>T\u00fcr mit R\u00fcckholfeder.<\/li>\n<li>R\u00fcckenlehne aus Edelstahl mit der M\u00f6glichkeit, sich an die Wand zu lehnen.<\/li>\n<\/ul>\n<hr \/>\n<p><strong>Technische Daten:<\/strong><\/p>\n<table class=\"table table-striped\">\n<tbody>\n<tr>\n<td>\n<div align=\"left\"><strong>Modell<\/strong><\/div>\n<\/td>\n<td>\n<div align=\"left\"><strong>G-PA2100TN-FC<\/strong><\/div>\n<\/td>\n<\/tr>\n<tr>\n<td>\n<div align=\"left\">Arbeitstemperatur<\/div>\n<\/td>\n<td>\n<div align=\"left\">-2\u00b0C\/+8\u00b0C<\/div>\n<\/td>\n<\/tr>\n<tr>\n<td>\n<div align=\"left\">\u00c4u\u00dfere Abmessungen<\/div>\n<\/td>\n<td>\n<div align=\"left\">1510 x 800 x 850h mm<\/div>\n<\/td>\n<\/tr>\n<tr>\n<td>\n<div align=\"left\">Innere Abmessungen<\/div>\n<\/td>\n<td>\n<div align=\"left\">1052 x 630 x 580h mm<\/div>\n<\/td>\n<\/tr>\n<tr>\n<td>\n<div align=\"left\">Kapazit\u00e4t<\/div>\n<\/td>\n<td>\n<div align=\"left\">390 L<\/div>\n<\/td>\n<\/tr>\n<tr>\n<td>\n<div align=\"left\">Maximale Arbeitstemperatur<\/div>\n<\/td>\n<td>\n<div align=\"left\">+35\u00b0C\/ 50 % HR<\/div>\n<\/td>\n<\/tr>\n<tr>\n<td>\n<div align=\"left\">Art der K\u00fchlung<\/div>\n<\/td>\n<td>\n<div align=\"left\">Bel\u00fcftet<\/div>\n<\/td>\n<\/tr>\n<tr>\n<td>\n<div align=\"left\">Art der Abtauung<\/div>\n<\/td>\n<td>\n<div align=\"left\">Elektrisch<\/div>\n<\/td>\n<\/tr>\n<tr>\n<td>\n<div align=\"left\">Art des K\u00e4ltemittelgases<\/div>\n<\/td>\n<td>\n<div align=\"left\">R600a<\/div>\n<\/td>\n<\/tr>\n<tr>\n<td>\n<div align=\"left\">Kondenswasserverdunstung<\/div>\n<\/td>\n<td>\n<div align=\"left\">Automatisch<\/div>\n<\/td>\n<\/tr>\n<tr>\n<td>\n<div align=\"left\">Temperaturkontrolle<\/div>\n<\/td>\n<td>\n<div align=\"left\">Elektronisch<\/div>\n<\/td>\n<\/tr>\n<tr>\n<td>\n<div align=\"left\">Isolierung<\/div>\n<\/td>\n<td>\n<div align=\"left\">60 mm<\/div>\n<\/td>\n<\/tr>\n<tr>\n<td>\n<div align=\"left\">Absorption<\/div>\n<\/td>\n<td>\n<div align=\"left\">275 W<\/div>\n<\/td>\n<\/tr>\n<tr>\n<td>\n<div align=\"left\">Spannung<\/div>\n<\/td>\n<td>\n<div align=\"left\">230V \/ 50 Hz<\/div>\n<\/td>\n<\/tr>\n<tr>\n<td>\n<div align=\"left\">Baumaterial<\/div>\n<\/td>\n<td>\n<div align=\"left\">Rostfreier Stahl<\/div>\n<\/td>\n<\/tr>\n<tr>\n<td>\n<div align=\"left\">Umkehrung der T\u00fcr<\/div>\n<\/td>\n<td>\n<div align=\"left\">Nein<\/div>\n<\/td>\n<\/tr>\n<tr>\n<td>\n<div align=\"left\">Innenbeleuchtung<\/div>\n<\/td>\n<td>\n<div align=\"left\">Nein<\/div>\n<\/td>\n<\/tr>\n<tr>\n<td>\n<div align=\"left\">Mitgeliefertes Zubeh\u00f6r<\/div>\n<\/td>\n<td>\n<div align=\"left\">2 Gitter 60\u00d740 cm<br \/>\n2 F\u00fchrungspaare<\/div>\n<\/td>\n<\/tr>\n<tr>\n<td>\n<div align=\"left\">Energieklasse<\/div>\n<\/td>\n<td>\n<div align=\"left\">C<\/div>\n<\/td>\n<\/tr>\n<tr>\n<td>\n<div align=\"left\">Nettogewicht<\/div>\n<\/td>\n<td>\n<div align=\"left\">92 kg<\/div>\n<\/td>\n<\/tr>\n<tr>\n<td>\n<div align=\"left\">Bruttogewicht<\/div>\n<\/td>\n<td>\n<div align=\"left\">106 Kg<\/div>\n<\/td>\n<\/tr>\n<\/tbody>\n<\/table>\n<p>&nbsp;<\/p>","protected":false},"excerpt":{"rendered":"<p>Tavolo Refrigerato Pasticceria Professionale Ventilato -2\u00b0C\/+8\u00b0C 2 Porte Tavolo refrigerato pasticceria Professionale G-PA2100TN-FC Forcold SPECIFICO PER TEGLIE 60&#215;40 Struttura in acciaio inox. Refrigerazione ventilata. Pannello di controllo elettronico con display digitale. Sbrinamento ed evaporazione dell&#8217;acqua di sbrinamento automatici. Gruppo incorporato estraibile per una facile manutenzione. Porte con guarnizioni magnetiche. Angoli interni arrotondati. Piedi regolabili in [&#8230;]","protected":false},"featured_media":125662,"comment_status":"closed","ping_status":"closed","template":"","meta":{"_monsterinsights_skip_tracking":false,"_monsterinsights_sitenote_active":false,"_monsterinsights_sitenote_note":"","_monsterinsights_sitenote_category":0},"product_brand":[757],"product_cat":[70,27,653],"product_tag":[],"class_list":{"0":"post-125661","1":"product","2":"type-product","3":"status-publish","4":"has-post-thumbnail","6":"product_brand-forcold","7":"product_cat-tavoli-refrigerati","8":"product_cat-armadi-e-tavoli-refrigerati","9":"product_cat-refrigerazione","10":"product_shipping_class-d","11":"pa_classe-energetica-classe-c","12":"pa_marca-forcold","14":"first","15":"instock","16":"sale","17":"taxable","18":"shipping-taxable","19":"purchasable","20":"product-type-variable"},"_links":{"self":[{"href":"https:\/\/www.creaearredanegozi.it\/de\/wp-json\/wp\/v2\/product\/125661","targetHints":{"allow":["GET"]}}],"collection":[{"href":"https:\/\/www.creaearredanegozi.it\/de\/wp-json\/wp\/v2\/product"}],"about":[{"href":"https:\/\/www.creaearredanegozi.it\/de\/wp-json\/wp\/v2\/types\/product"}],"replies":[{"embeddable":true,"href":"https:\/\/www.creaearredanegozi.it\/de\/wp-json\/wp\/v2\/comments?post=125661"}],"wp:featuredmedia":[{"embeddable":true,"href":"https:\/\/www.creaearredanegozi.it\/de\/wp-json\/wp\/v2\/media\/125662"}],"wp:attachment":[{"href":"https:\/\/www.creaearredanegozi.it\/de\/wp-json\/wp\/v2\/media?parent=125661"}],"wp:term":[{"taxonomy":"product_brand","embeddable":true,"href":"https:\/\/www.creaearredanegozi.it\/de\/wp-json\/wp\/v2\/product_brand?post=125661"},{"taxonomy":"product_cat","embeddable":true,"href":"https:\/\/www.creaearredanegozi.it\/de\/wp-json\/wp\/v2\/product_cat?post=125661"},{"taxonomy":"product_tag","embeddable":true,"href":"https:\/\/www.creaearredanegozi.it\/de\/wp-json\/wp\/v2\/product_tag?post=125661"}],"curies":[{"name":"wp","href":"https:\/\/api.w.org\/{rel}","templated":true}]}}