{"id":125785,"date":"2023-10-10T12:24:20","date_gmt":"2023-10-10T10:24:20","guid":{"rendered":"https:\/\/www.creaearredanegozi.it\/?post_type=product&#038;p=125785"},"modified":"2026-04-14T11:15:30","modified_gmt":"2026-04-14T09:15:30","slug":"saladette-refrigerata-vano-porta-ingredienti-5x-gn1-6-ideale-per-insalata-e-poke","status":"publish","type":"product","link":"https:\/\/www.creaearredanegozi.it\/de\/saladette-refrigerata-vano-porta-ingredienti-5x-gn1-6-ideale-per-insalata-e-poke\/","title":{"rendered":"Gek\u00fchlte Saladette 5x GN1\/6 Ideal f\u00fcr Salate und Poke"},"content":{"rendered":"<h3 class=\"blocco_pag\">Tavolo Saladette Professionale Refrigerata Statica +2\u00b0C\/+8\u00b0C 2 Porte 5x GN1\/6 &#8211; 254 L<\/h3>\n<div><strong>Saladette Refrigerata Professionale G-PS200-FC Forcold<\/strong><\/div>\n<div><\/div>\n<div>Salatettentisch mit gek\u00fchltem Zutatenregal f\u00fcr Salate mit statischer K\u00fchlung<\/div>\n<div><\/div>\n<ul>\n<li>\u00c4u\u00dfere Struktur aus rostfreiem Stahl<\/li>\n<li>N 2 T\u00fcren<\/li>\n<li>Automatische Abtauung<\/li>\n<li>Statischer, dreiseitig gesch\u00e4umter Verdampfer mit Ventilator f\u00fcr gleichm\u00e4\u00dfige Temperaturverteilung<\/li>\n<li>Deckel mit Teleskop\u00f6ffnung<\/li>\n<li>Elektronischer Thermostat<\/li>\n<li>Arbeitsfl\u00e4che aus lebensmittelechtem Polyethylen<\/li>\n<li>1 Zwischengitter f\u00fcr GN1\/1-T\u00fcr<\/li>\n<li>Becken ausgeschlossen.<\/li>\n<\/ul>\n<p>Ideal f\u00fcr Salate und Poke.<\/p>\n<div><\/div>\n<div>Optional erh\u00e4ltliche Extras:<\/div>\n<ul>\n<li>Paar Grillf\u00fchrungen<\/li>\n<li>Kunststoffbeschichtetes Gitter<\/li>\n<li>Satz von 4 R\u00e4dern mit Bremse \u00f8 50 mm.<\/li>\n<\/ul>\n<hr \/>\n<p><strong>Technische Daten<\/strong><\/p>\n<table class=\"table table-striped\">\n<tbody>\n<tr>\n<td>\n<div align=\"left\"><span style=\"font-size: 14.4px;\">Klassifizierung<\/span><\/div>\n<\/td>\n<td>\n<div align=\"left\"><strong>G- PS200 -FC<\/strong><\/div>\n<\/td>\n<\/tr>\n<tr>\n<td>\n<div align=\"left\"><span style=\"font-size: 14.4px;\">Abmessungen (BxTxH mm)<\/span><\/div>\n<\/td>\n<td>\n<div align=\"left\">900 x 700 x 970(h)<\/div>\n<\/td>\n<\/tr>\n<tr>\n<td>\n<div align=\"left\">Innenma\u00dfe mm<\/div>\n<\/td>\n<td>\n<div align=\"left\">827 x 512 x 500<\/div>\n<\/td>\n<\/tr>\n<tr>\n<td>\n<div align=\"left\"><span style=\"font-size: 14.4px;\">Innentemperatur (\u00baC)<\/span><\/div>\n<\/td>\n<td>\n<div align=\"left\"><span style=\"font-size: 14.4px;\">+2\u00baC bis +8\u00baC<\/span><\/div>\n<\/td>\n<\/tr>\n<tr>\n<td>\n<div align=\"left\"><span style=\"font-size: 14.4px;\">Fassungsverm\u00f6gen (Liter)<\/span><\/div>\n<\/td>\n<td>\n<div align=\"left\">5x GN1\/6 &#8211; 254 L<\/div>\n<\/td>\n<\/tr>\n<tr>\n<td>\n<div align=\"left\"><span style=\"font-size: 14.4px;\">Max. Arbeitstemperatur<\/span><\/div>\n<\/td>\n<td>\n<div align=\"left\"><span style=\"font-size: 14.4px;\">+35\u00b0C \/ 50%HR<\/span><\/div>\n<\/td>\n<\/tr>\n<tr>\n<td>\n<div align=\"left\"><span style=\"font-size: 14.4px;\">Typ K\u00e4ltemittel<\/span><\/div>\n<\/td>\n<td>\n<div align=\"left\"><span style=\"font-size: 14.4px;\">R600a<\/span><\/div>\n<\/td>\n<\/tr>\n<tr>\n<td>\n<div align=\"left\"><span style=\"font-size: 14.4px;\">Art der K\u00fchlung<\/span><\/div>\n<\/td>\n<td>\n<div align=\"left\"><span style=\"font-size: 14.4px;\">Statik<\/span><\/div>\n<\/td>\n<\/tr>\n<tr>\n<td>\n<div align=\"left\"><span style=\"font-size: 14.4px;\">Typ Abtauen<\/span><\/div>\n<\/td>\n<td>\n<div align=\"left\"><span style=\"font-size: 14.4px;\">Ein Zwischenstopp<\/span><\/div>\n<\/td>\n<\/tr>\n<tr>\n<td>\n<div align=\"left\"><span style=\"font-size: 14.4px;\">Kondenswasserverdunstung<\/span><\/div>\n<\/td>\n<td>\n<div align=\"left\"><span style=\"font-size: 14.4px;\">Automatisch<\/span><\/div>\n<\/td>\n<\/tr>\n<tr>\n<td>\n<div align=\"left\"><span style=\"font-size: 14.4px;\">Temperaturkontrolle<\/span><\/div>\n<\/td>\n<td>\n<div align=\"left\"><span style=\"font-size: 14.4px;\">Elektronisch<\/span><\/div>\n<\/td>\n<\/tr>\n<tr>\n<td>\n<div align=\"left\"><span style=\"font-size: 14.4px;\">Dicke der Isolierung<\/span><\/div>\n<\/td>\n<td>\n<div align=\"left\"><span style=\"font-size: 14.4px;\">40 mm<\/span><\/div>\n<\/td>\n<\/tr>\n<tr>\n<td>\n<div align=\"left\"><span style=\"font-size: 14.4px;\">Absorption (W)<\/span><\/div>\n<\/td>\n<td>\n<div align=\"left\"><span style=\"font-size: 14.4px;\">235\u00a0<\/span><\/div>\n<\/td>\n<\/tr>\n<tr>\n<td>\n<div align=\"left\"><span style=\"font-size: 14.4px;\">Spannung<\/span><\/div>\n<\/td>\n<td>\n<div align=\"left\"><span style=\"font-size: 14.4px;\">230V\/50HZ<\/span><\/div>\n<\/td>\n<\/tr>\n<tr>\n<td>\n<div align=\"left\"><span style=\"font-size: 14.4px;\">Umkehrung der T\u00fcr<\/span><\/div>\n<\/td>\n<td>\n<div align=\"left\"><span style=\"font-size: 14.4px;\">Nein<\/span><\/div>\n<\/td>\n<\/tr>\n<tr>\n<td>\n<div align=\"left\"><span style=\"font-size: 14.4px;\">Innenbeleuchtung<\/span><\/div>\n<\/td>\n<td>\n<div align=\"left\"><span style=\"font-size: 14.4px;\">Nein<\/span><\/div>\n<\/td>\n<\/tr>\n<tr>\n<td>\n<div align=\"left\"><span style=\"font-size: 14.4px;\">Baumaterial<\/span><\/div>\n<\/td>\n<td>\n<div align=\"left\"><span style=\"font-size: 14.4px;\">Rostfreier Stahl AISI 201<\/span><\/div>\n<\/td>\n<\/tr>\n<tr>\n<td>\n<div align=\"left\"><span style=\"font-size: 14.4px;\">Mitgeliefertes Zubeh\u00f6r<\/span><\/div>\n<\/td>\n<td>\n<div align=\"left\">2 griglie \/GN1\/1 2 coppie di guide<\/div>\n<\/td>\n<\/tr>\n<tr>\n<td>\n<div align=\"left\"><span style=\"font-size: 14.4px;\">Nettogewicht (kg)<\/span><\/div>\n<\/td>\n<td>\n<div align=\"left\"><span style=\"font-size: 14.4px;\">72<\/span><\/div>\n<\/td>\n<\/tr>\n<\/tbody>\n<\/table>","protected":false},"excerpt":{"rendered":"<p>Tavolo Saladette Professionale Refrigerata Statica +2\u00b0C\/+8\u00b0C 2 Porte 5x GN1\/6 &#8211; 254 L Saladette Refrigerata Professionale G-PS200-FC Forcold Tavolo Saladette con porta ingredienti refrigerata per insalate con refrigerazione statica Struttura esterna in acciaio inox N 2 porte Sbrinamento automatico Evaporatore statico schiumato su tre lati con ventola per uniformare la temperatura Coperchio ad apertura telescopica [&#8230;]","protected":false},"featured_media":125787,"comment_status":"closed","ping_status":"closed","template":"","meta":{"_monsterinsights_skip_tracking":false,"_monsterinsights_sitenote_active":false,"_monsterinsights_sitenote_note":"","_monsterinsights_sitenote_category":0},"product_brand":[757,624],"product_cat":[72,27,653],"product_tag":[],"class_list":{"0":"post-125785","1":"product","2":"type-product","3":"status-publish","4":"has-post-thumbnail","6":"product_brand-forcold","7":"product_brand-forcar","8":"product_cat-saladette","9":"product_cat-armadi-e-tavoli-refrigerati","10":"product_cat-refrigerazione","11":"product_shipping_class-c","12":"pa_marca-forcold","14":"first","15":"instock","16":"sale","17":"taxable","18":"shipping-taxable","19":"purchasable","20":"product-type-simple"},"_links":{"self":[{"href":"https:\/\/www.creaearredanegozi.it\/de\/wp-json\/wp\/v2\/product\/125785","targetHints":{"allow":["GET"]}}],"collection":[{"href":"https:\/\/www.creaearredanegozi.it\/de\/wp-json\/wp\/v2\/product"}],"about":[{"href":"https:\/\/www.creaearredanegozi.it\/de\/wp-json\/wp\/v2\/types\/product"}],"replies":[{"embeddable":true,"href":"https:\/\/www.creaearredanegozi.it\/de\/wp-json\/wp\/v2\/comments?post=125785"}],"wp:featuredmedia":[{"embeddable":true,"href":"https:\/\/www.creaearredanegozi.it\/de\/wp-json\/wp\/v2\/media\/125787"}],"wp:attachment":[{"href":"https:\/\/www.creaearredanegozi.it\/de\/wp-json\/wp\/v2\/media?parent=125785"}],"wp:term":[{"taxonomy":"product_brand","embeddable":true,"href":"https:\/\/www.creaearredanegozi.it\/de\/wp-json\/wp\/v2\/product_brand?post=125785"},{"taxonomy":"product_cat","embeddable":true,"href":"https:\/\/www.creaearredanegozi.it\/de\/wp-json\/wp\/v2\/product_cat?post=125785"},{"taxonomy":"product_tag","embeddable":true,"href":"https:\/\/www.creaearredanegozi.it\/de\/wp-json\/wp\/v2\/product_tag?post=125785"}],"curies":[{"name":"wp","href":"https:\/\/api.w.org\/{rel}","templated":true}]}}