{"id":126213,"date":"2023-11-10T13:11:44","date_gmt":"2023-11-10T12:11:44","guid":{"rendered":"https:\/\/www.creaearredanegozi.it\/?post_type=product&#038;p=126213"},"modified":"2023-11-14T09:55:38","modified_gmt":"2023-11-14T08:55:38","slug":"professioneller-4-flammen-gasherd-mit-gasbackofen-tiefe-65-cm","status":"publish","type":"product","link":"https:\/\/www.creaearredanegozi.it\/de\/professioneller-4-flammen-gasherd-mit-gasbackofen-tiefe-65-cm\/","title":{"rendered":"Professioneller 4-Flammen-Gasherd auf Gasofen Tiefe 65 cm"},"content":{"rendered":"<h3>Emaillierter 4-Flammen-Gasherd auf Gasofen Tiefe 65 cm<\/h3>\n<p><strong>Industrieller 4-flammiger Gasherd f\u00fcr die Gastronomie, mit Gasofen.<\/strong><\/p>\n<p><strong>Eigenschaften<\/strong><\/p>\n<p>Brenner: Piezoz\u00fcndung, erh\u00e4ltlich in Gusseisen mit einkronigen Messingflammen.<br \/>\nRoste: Gusseisen mit langen Speichen.<br \/>\nKn\u00f6pfe: aus einer robusten, hitzebest\u00e4ndigen Polymermischung in Schwarz mit Labyrinth, das das Auslaufen von Fl\u00fcssigkeiten verhindert<br \/>\nGriffe: Geb\u00fcrstetes Aluminium.<br \/>\nPlatte: Aus 10\/10 mm dickem Edelstahl AISI 304 mit herausnehmbaren emaillierten Becken.<br \/>\nAusstattung: 1 Backofengestell 530\u00d7530 mm.<br \/>\nGas-Kit: Umr\u00fcstungs-Kit von Erdgas 30\/50 m\/bar.<\/p>\n<p><strong>Technische Daten<\/strong><\/p>\n<ul>\n<li>Abmessungen: <strong>70x65x85 h cm.<\/strong><\/li>\n<li>Nettogewicht: (kg): 78<\/li>\n<li>Bruttogewicht (kg): 90.<\/li>\n<li>Gasanschluss: 1\/2\u2033<\/li>\n<li>Gesamtgasleistung (kW): 22,2<\/li>\n<li><span class=\"title\">Feuerkraft 2 x <\/span>3,6 <span class=\"title\"> (kW) und 2 x 5 (kW).<\/span><\/li>\n<li>Leistung des Ofens 5 KW.<\/li>\n<li>Backofen-Typ: statisch.<\/li>\n<li>Gr\u00f6\u00dfe des Backofens (mm): 555x540x270.<\/li>\n<li>Temperaturbereich im Backofen (\u00b0C): 150-300.<\/li>\n<\/ul>","protected":false},"excerpt":{"rendered":"<p>Cucina a gas bacinelle smaltate 4 fuochi su forno a gas profondit\u00e0 65 cm Cucina industriale a gas 4 fuochi per ristorazione, su forno a gas. Caratteristiche Bruciatori: Accensione con piezo disponibili in ghisa con spartifiamma in ottone mono corona. Griglie: In ghisa con lunghe razze. Manopole: Realizzate in una robusta mescola di polimero termoresistente [&#8230;]","protected":false},"featured_media":126214,"comment_status":"closed","ping_status":"closed","template":"","meta":{"_monsterinsights_skip_tracking":false,"_monsterinsights_sitenote_active":false,"_monsterinsights_sitenote_note":"","_monsterinsights_sitenote_category":0},"product_brand":[775],"product_cat":[193,192,153,776,25],"product_tag":[],"class_list":{"0":"post-126213","1":"product","2":"type-product","3":"status-publish","4":"has-post-thumbnail","6":"product_brand-function","7":"product_cat-cucine-a-gas","8":"product_cat-cottura","9":"product_cat-a-gas-cucine","10":"product_cat-profondita-65","11":"product_cat-attrezzature-ristoranti-pub-cucine","12":"product_shipping_class-i","13":"pa_marca-function","15":"first","16":"instock","17":"taxable","18":"shipping-taxable","19":"purchasable","20":"product-type-simple"},"_links":{"self":[{"href":"https:\/\/www.creaearredanegozi.it\/de\/wp-json\/wp\/v2\/product\/126213","targetHints":{"allow":["GET"]}}],"collection":[{"href":"https:\/\/www.creaearredanegozi.it\/de\/wp-json\/wp\/v2\/product"}],"about":[{"href":"https:\/\/www.creaearredanegozi.it\/de\/wp-json\/wp\/v2\/types\/product"}],"replies":[{"embeddable":true,"href":"https:\/\/www.creaearredanegozi.it\/de\/wp-json\/wp\/v2\/comments?post=126213"}],"wp:featuredmedia":[{"embeddable":true,"href":"https:\/\/www.creaearredanegozi.it\/de\/wp-json\/wp\/v2\/media\/126214"}],"wp:attachment":[{"href":"https:\/\/www.creaearredanegozi.it\/de\/wp-json\/wp\/v2\/media?parent=126213"}],"wp:term":[{"taxonomy":"product_brand","embeddable":true,"href":"https:\/\/www.creaearredanegozi.it\/de\/wp-json\/wp\/v2\/product_brand?post=126213"},{"taxonomy":"product_cat","embeddable":true,"href":"https:\/\/www.creaearredanegozi.it\/de\/wp-json\/wp\/v2\/product_cat?post=126213"},{"taxonomy":"product_tag","embeddable":true,"href":"https:\/\/www.creaearredanegozi.it\/de\/wp-json\/wp\/v2\/product_tag?post=126213"}],"curies":[{"name":"wp","href":"https:\/\/api.w.org\/{rel}","templated":true}]}}