{"id":126333,"date":"2023-11-28T13:06:23","date_gmt":"2023-11-28T12:06:23","guid":{"rendered":"https:\/\/www.creaearredanegozi.it\/?post_type=product&#038;p=126333"},"modified":"2025-12-07T03:41:14","modified_gmt":"2025-12-07T02:41:14","slug":"armadio-frigo-congelatore-professionale-porte-in-vetro-18-22c-700lt-forcar-snack-line","status":"publish","type":"product","link":"https:\/\/www.creaearredanegozi.it\/de\/armadio-frigo-congelatore-professionale-porte-in-vetro-18-22c-700lt-forcar-snack-line\/","title":{"rendered":"Professionelle K\u00fchl- und Gefrierschr\u00e4nke Glast\u00fcren -18\/-22\u00b0C 700LT Forcar Snack Line"},"content":{"rendered":"<h3>Vetrina congelatore Professionale doppia porta in vetro Ventilano Forcar<\/h3>\n<p>Snack-Line-K\u00fchlschr\u00e4nke mit bel\u00fcfteter K\u00fchlung.<\/p>\n<ul>\n<li>\u00c4u\u00dfere und innere Struktur aus epoxidbeschichtetem Blech<\/li>\n<li>T\u00fcrverschluss mit Federr\u00fcckzug<\/li>\n<li>doppelt verglaste T\u00fcr mit Kondenswasserschutz<\/li>\n<li>LED-Innenbeleuchtung<\/li>\n<li>Au\u00dfenboden und R\u00fcckwand aus verzinktem Blech.<\/li>\n<\/ul>\n<hr \/>\n<table style=\"border-collapse: collapse; width: 100%;\">\n<tbody>\n<tr>\n<td style=\"width: 50%;\">TECHNISCHE DATEN<\/td>\n<td style=\"width: 50%;\"><strong>G-SNACK1220BTG<\/strong><\/td>\n<\/tr>\n<tr>\n<td style=\"width: 50%;\">Arbeitstemperatur<\/td>\n<td style=\"width: 50%;\">-18\u00b0C \/ -22\u00b0C<\/td>\n<\/tr>\n<tr>\n<td style=\"width: 50%;\">\u00c4u\u00dfere Abmessungen<\/td>\n<td style=\"width: 50%;\">1220x765x1893h mm<\/td>\n<\/tr>\n<tr>\n<td style=\"width: 50%;\">Innere Abmessungen<\/td>\n<td style=\"width: 50%;\">1103x558x1394h mm<\/td>\n<\/tr>\n<tr>\n<td style=\"width: 50%;\">Kapazit\u00e4t<\/td>\n<td style=\"width: 50%;\">744 Lt<\/td>\n<\/tr>\n<tr>\n<td style=\"width: 50%;\">Maximale Arbeitstemperatur<\/td>\n<td style=\"width: 50%;\">+32\u00b0C \/ 55%HR<\/td>\n<\/tr>\n<tr>\n<td style=\"width: 50%;\">Art der K\u00fchlung<\/td>\n<td style=\"width: 50%;\">Bel\u00fcftet<\/td>\n<\/tr>\n<tr>\n<td style=\"width: 50%;\">Art der Abtauung<\/td>\n<td style=\"width: 50%;\">Automatisch<\/td>\n<\/tr>\n<tr>\n<td style=\"width: 50%;\">Art des K\u00e4ltemittelgases<\/td>\n<td style=\"width: 50%;\">R290<\/td>\n<\/tr>\n<tr>\n<td style=\"width: 50%;\">Kondenswasserverdunstung<\/td>\n<td style=\"width: 50%;\">Automatisch<\/td>\n<\/tr>\n<tr>\n<td style=\"width: 50%;\">Temperaturkontrolle<\/td>\n<td style=\"width: 50%;\">Elektronisch<\/td>\n<\/tr>\n<tr>\n<td style=\"width: 50%;\">Isolierung (mm)<\/td>\n<td style=\"width: 50%;\">60<\/td>\n<\/tr>\n<tr>\n<td style=\"width: 50%;\">Absorption (W)<\/td>\n<td style=\"width: 50%;\">1100W<\/td>\n<\/tr>\n<tr>\n<td style=\"width: 50%;\">Spannung<\/td>\n<td style=\"width: 50%;\">230V \/ 50Hz<\/td>\n<\/tr>\n<tr>\n<td style=\"width: 50%;\">Baumaterial<\/td>\n<td style=\"width: 50%;\"><strong>Schwarz lackiertes Blech + Aluminium<\/strong><\/td>\n<\/tr>\n<tr>\n<td style=\"width: 50%;\">Umkehrung der T\u00fcr<\/td>\n<td style=\"width: 50%;\">Nein<\/td>\n<\/tr>\n<tr>\n<td style=\"width: 50%;\">Innenbeleuchtung<\/td>\n<td style=\"width: 50%;\">SI<\/td>\n<\/tr>\n<tr>\n<td style=\"width: 50%;\">Mitgeliefertes Zubeh\u00f6r<\/td>\n<td style=\"width: 50%;\">10 griglie 490&#215;490 mm<\/td>\n<\/tr>\n<tr>\n<td style=\"width: 50%;\">Energieklasse<\/td>\n<td style=\"width: 50%;\">F<\/td>\n<\/tr>\n<tr>\n<td style=\"width: 50%;\">Nettogewicht (kg)<\/td>\n<td style=\"width: 50%;\">194 kg<\/td>\n<\/tr>\n<\/tbody>\n<\/table>","protected":false},"excerpt":{"rendered":"<p>Vetrina congelatore Professionale doppia porta in vetro Ventilano Forcar Armadi refrigerati linea snack con refrigerazione ventilata. Struttura esterna e interna in lamiera verniciata epossidica chiusura porta con molla di ritorno porta in doppio vetro con resistenza anti condensa luce interna a LED pannelli esterni di fondo e retro in lamiera zincata. DATI TECNICI G-SNACK1220BTG Temperatura [&#8230;]","protected":false},"featured_media":126334,"comment_status":"closed","ping_status":"closed","template":"","meta":{"_monsterinsights_skip_tracking":false,"_monsterinsights_sitenote_active":false,"_monsterinsights_sitenote_note":"","_monsterinsights_sitenote_category":0},"product_brand":[624],"product_cat":[69,27,256,708,653,28,715],"product_tag":[],"class_list":{"0":"post-126333","1":"product","2":"type-product","3":"status-publish","4":"has-post-thumbnail","6":"product_brand-forcar","7":"product_cat-armadi-refrigerati","8":"product_cat-armadi-e-tavoli-refrigerati","9":"product_cat-fredde","10":"product_cat-pasticcerie","11":"product_cat-refrigerazione","12":"product_cat-vetrine","13":"product_cat-vetrine-pasticceria","14":"product_shipping_class-369","15":"pa_classe-energetica-classe-f","16":"pa_marca-forcar","18":"first","19":"instock","20":"taxable","21":"shipping-taxable","22":"purchasable","23":"product-type-simple"},"_links":{"self":[{"href":"https:\/\/www.creaearredanegozi.it\/de\/wp-json\/wp\/v2\/product\/126333","targetHints":{"allow":["GET"]}}],"collection":[{"href":"https:\/\/www.creaearredanegozi.it\/de\/wp-json\/wp\/v2\/product"}],"about":[{"href":"https:\/\/www.creaearredanegozi.it\/de\/wp-json\/wp\/v2\/types\/product"}],"replies":[{"embeddable":true,"href":"https:\/\/www.creaearredanegozi.it\/de\/wp-json\/wp\/v2\/comments?post=126333"}],"wp:featuredmedia":[{"embeddable":true,"href":"https:\/\/www.creaearredanegozi.it\/de\/wp-json\/wp\/v2\/media\/126334"}],"wp:attachment":[{"href":"https:\/\/www.creaearredanegozi.it\/de\/wp-json\/wp\/v2\/media?parent=126333"}],"wp:term":[{"taxonomy":"product_brand","embeddable":true,"href":"https:\/\/www.creaearredanegozi.it\/de\/wp-json\/wp\/v2\/product_brand?post=126333"},{"taxonomy":"product_cat","embeddable":true,"href":"https:\/\/www.creaearredanegozi.it\/de\/wp-json\/wp\/v2\/product_cat?post=126333"},{"taxonomy":"product_tag","embeddable":true,"href":"https:\/\/www.creaearredanegozi.it\/de\/wp-json\/wp\/v2\/product_tag?post=126333"}],"curies":[{"name":"wp","href":"https:\/\/api.w.org\/{rel}","templated":true}]}}