{"id":12639,"date":"2018-05-14T18:13:39","date_gmt":"2018-05-14T16:13:39","guid":{"rendered":"https:\/\/www.creaearredanegozi.it\/?post_type=product&#038;p=12639"},"modified":"2024-06-17T17:47:38","modified_gmt":"2024-06-17T15:47:38","slug":"professionelle-automatische-schlagsahne-aufschlagmaschine-cattabriga","status":"publish","type":"product","link":"https:\/\/www.creaearredanegozi.it\/de\/professionelle-automatische-schlagsahne-aufschlagmaschine-cattabriga\/","title":{"rendered":"Professionelle automatische Schlagsahne Aufschlagmaschine Cattabriga"},"content":{"rendered":"<p><strong>Professionelle automatische Schlagsahne Aufschlagmaschine Cattabriga<\/strong><\/p>\n<p>In einem gek\u00fchlten und thermostatgesteuerten Edelstahltank wird die frische Sahne unter Sichtkontrolle eines Thermometers auf der idealen Temperatur gehalten.<br \/>\nErst nach Aufforderung, auf Knopfdruck, saugt eine Pumpe Luft und Sahne an, dr\u00fcckt sie in ein st\u00e4hlernes Labyrinth (Tessurizer), wo das Gemisch im Laufe der Zeit auf mehr als 200% an Volumen zunimmt, und gibt es \u00fcber einen Hahn mit gezacktem, gek\u00fchltem Auslauf an den Auslass ab.<br \/>\nEin R\u00fcckschlagventil verhindert, dass die Schlagsahne in den Tank zur\u00fcckflie\u00dft.<br \/>\nEingebaut in kleinen Abmessungen (220 x 520 x 460) i <strong>CATTABRIGA<\/strong> zeichnen sich durch eine einfache Reinigung in Verbindung mit hoher Leistung f\u00fcr jede Art von nat\u00fcrlicher oder pflanzlicher, frischer oder haltbarer Sahne aus.<\/p>\n<p>Leicht abnehmbare und leicht zu reinigende Pumpen erm\u00f6glichen eine hygienische Kontrolle aller Teile, die mit der Creme in Ber\u00fchrung kommen. Ein einfacher Regler erm\u00f6glicht die Variation der Volumenerh\u00f6hung.<\/p>\n<p>Die besondere Form des 'SOFTER' erm\u00f6glicht ein besseres Aussehen der Sahne, trocken und gut geschlagen.<\/p>\n<p>&nbsp;<\/p>\n<table class=\"table table-striped\">\n<tbody>\n<tr>\n<td colspan=\"5\"><strong>TECHNISCHE MERKMALE<\/strong><\/td>\n<\/tr>\n<tr>\n<td colspan=\"2\"><\/td>\n<td> Gl\u00fccksmond k<\/td>\n<td>Gl\u00fcckscreme k<\/td>\n<td>gl\u00fcckliche Sonne k<\/td>\n<\/tr>\n<tr>\n<td>Max. Tankinhalt<\/td>\n<td>Es<\/td>\n<td>2<\/td>\n<td>2<\/td>\n<td>5<\/td>\n<\/tr>\n<tr>\n<td>Leistung des Verdichters<\/td>\n<td>kW<\/td>\n<td>0,12<\/td>\n<td>0,12<\/td>\n<td>0,14<\/td>\n<\/tr>\n<tr>\n<td>Leistung des Pumpenmotors<\/td>\n<td>kW<\/td>\n<td>0,38<\/td>\n<td>0,6<\/td>\n<td>0,4<\/td>\n<\/tr>\n<tr>\n<td>Kondenswasser<\/td>\n<td style=\"text-align: center;\" colspan=\"4\">Luft<\/td>\n<\/tr>\n<tr>\n<td>Elektrische Eigenschaften<\/td>\n<td>V<\/td>\n<td>220 \/ 1 \/ 50 Hz<\/td>\n<td>220 \/ 1 \/ 50 Hz<\/td>\n<td>220 \/ 1 \/ 50 Hz<\/td>\n<\/tr>\n<tr>\n<td>Breite<\/td>\n<td>mm<\/td>\n<td>220<\/td>\n<td>220<\/td>\n<td>310<\/td>\n<\/tr>\n<tr>\n<td>H\u00f6he<\/td>\n<td>mm<\/td>\n<td>460<\/td>\n<td>460<\/td>\n<td>510<\/td>\n<\/tr>\n<tr>\n<td>Netto-Bruttogewicht<\/td>\n<td>kg<\/td>\n<td>25 \/ 28<\/td>\n<td>29 \/ 32<\/td>\n<td>53 \/ 57<\/td>\n<\/tr>\n<\/tbody>\n<\/table>","protected":false},"excerpt":{"rendered":"<p>Macchina montapanna automatica professionale per panna montata Cattabriga In una vasca di acciaio inox, refrigerata e termostatata, sotto il controllo visivo di un termometro, la panna fresca viene tenuta in conservazione alla temperatura ideale. Solo al momento in cui viene richiesto, spingendo l\u2019apposito pulsante, una pompa aspira aria e panna, le spinge in un labirinto [&#8230;]","protected":false},"featured_media":12671,"comment_status":"closed","ping_status":"closed","template":"","meta":{"_monsterinsights_skip_tracking":false,"_monsterinsights_sitenote_active":false,"_monsterinsights_sitenote_note":"","_monsterinsights_sitenote_category":0},"product_brand":[],"product_cat":[317],"product_tag":[],"class_list":{"0":"post-12639","1":"product","2":"type-product","3":"status-publish","4":"has-post-thumbnail","6":"product_cat-gelaterie","7":"product_shipping_class-38","8":"pa_marca-cattabriga","10":"first","11":"instock","12":"taxable","13":"shipping-taxable","14":"purchasable","15":"product-type-variable","16":"has-default-attributes"},"_links":{"self":[{"href":"https:\/\/www.creaearredanegozi.it\/de\/wp-json\/wp\/v2\/product\/12639","targetHints":{"allow":["GET"]}}],"collection":[{"href":"https:\/\/www.creaearredanegozi.it\/de\/wp-json\/wp\/v2\/product"}],"about":[{"href":"https:\/\/www.creaearredanegozi.it\/de\/wp-json\/wp\/v2\/types\/product"}],"replies":[{"embeddable":true,"href":"https:\/\/www.creaearredanegozi.it\/de\/wp-json\/wp\/v2\/comments?post=12639"}],"wp:featuredmedia":[{"embeddable":true,"href":"https:\/\/www.creaearredanegozi.it\/de\/wp-json\/wp\/v2\/media\/12671"}],"wp:attachment":[{"href":"https:\/\/www.creaearredanegozi.it\/de\/wp-json\/wp\/v2\/media?parent=12639"}],"wp:term":[{"taxonomy":"product_brand","embeddable":true,"href":"https:\/\/www.creaearredanegozi.it\/de\/wp-json\/wp\/v2\/product_brand?post=12639"},{"taxonomy":"product_cat","embeddable":true,"href":"https:\/\/www.creaearredanegozi.it\/de\/wp-json\/wp\/v2\/product_cat?post=12639"},{"taxonomy":"product_tag","embeddable":true,"href":"https:\/\/www.creaearredanegozi.it\/de\/wp-json\/wp\/v2\/product_tag?post=12639"}],"curies":[{"name":"wp","href":"https:\/\/api.w.org\/{rel}","templated":true}]}}