{"id":126532,"date":"2024-01-18T12:41:50","date_gmt":"2024-01-18T11:41:50","guid":{"rendered":"https:\/\/www.creaearredanegozi.it\/?post_type=product&#038;p=126532"},"modified":"2024-01-18T12:47:13","modified_gmt":"2024-01-18T11:47:13","slug":"wolfsscheibe-aus-edelstahl-22-einlass-52-mm-ausziehbares-mahlwerk-22rse-fimar","status":"publish","type":"product","link":"https:\/\/www.creaearredanegozi.it\/de\/wolfsscheibe-aus-edelstahl-22-einlass-52-mm-ausziehbares-mahlwerk-22rse-fimar\/","title":{"rendered":"Fleischwolf Edelstahl Platte 22 Einlass 52 mm Abnehmbare Mahlwerk 22RSE Fimar"},"content":{"rendered":"<h3>Edelstahl-Wolfsm\u00fcndung \u00f8 52 mm Fimar 22RS<\/h3>\n<ul>\n<li>Geh\u00e4use und Trichter aus rostfreiem Stahl.<\/li>\n<li>Zerkleinerungseinheit aus rostfreiem Stahl AISI 304 oder aus lebensmittelechtem Aluminium.<\/li>\n<li>Fleischeingang \u00f8 52 mm.<\/li>\n<li>Getriebe mit \u00d6lbadgetrieben.<\/li>\n<li>Enterprise-System mit Edelstahlplatte (\u00f8 6 mm L\u00f6cher) und selbstsch\u00e4rfendem Edelstahlmesser inklusive.<\/li>\n<li>Einphasige und dreiphasige Versionen verf\u00fcgbar.<\/li>\n<\/ul>\n<p><strong>Optional:<\/strong><\/p>\n<ul>\n<li>Komplettes Unger-System aus Edelstahl f\u00fcr sehr feines Hackfleisch (z.B. Wurst) mit 2 Messern und 3 Platten 0 - 4,5 - 8 mm.<\/li>\n<li>Absacktrichter \u00f8 15mm \/ 20mm \/ 30mm.<\/li>\n<\/ul>\n<p>&nbsp;<\/p>\n<div class=\"well\">\n<p><img decoding=\"async\" class=\"alignnone size-full wp-image-17387\" src=\"https:\/\/www.creaearredanegozi.it\/wp-content\/uploads\/2018\/11\/Sistema-Unger-400x300.jpg\" alt=\"\" width=\"400\" height=\"300\" title=\"\" srcset=\"https:\/\/www.creaearredanegozi.it\/wp-content\/uploads\/2018\/11\/Sistema-Unger-400x300.jpg 400w, https:\/\/www.creaearredanegozi.it\/wp-content\/uploads\/2018\/11\/Sistema-Unger-400x300-64x48.jpg 64w, https:\/\/www.creaearredanegozi.it\/wp-content\/uploads\/2018\/11\/Sistema-Unger-400x300-200x150.jpg 200w\" sizes=\"(max-width: 400px) 100vw, 400px\" \/><\/p>\n<p><strong>Standard-Unger-System - 32-22-12<\/strong><\/p>\n<p>(A) Schleiferk\u00f6rper - (B) Schnecke - (C) Schruppplatte 0 - (D) Messer - (E) Platte \u00d88 - (F) Platte \u00d84,5 - (G) Handrad.<\/p>\n<\/div>\n<p>&nbsp;<\/p>\n<p><strong>Technische Daten:<\/strong><\/p>\n<table class=\"table table-striped\">\n<tbody>\n<tr>\n<td>\n<p class=\"dati_tecnici_label_1\"><strong>Modell<\/strong><\/p>\n<\/td>\n<td><b>22RSE<\/b><\/td>\n<\/tr>\n<tr>\n<td><strong>Strom<\/strong><\/td>\n<td align=\"left\">1,1 kW (1,5 PS)<\/td>\n<\/tr>\n<tr>\n<td><strong>Stromversorgung<\/strong><\/td>\n<td align=\"left\">230V\/1N\/50Hz<\/p>\n<p>230-400V\/3\/50Hz<\/td>\n<\/tr>\n<tr>\n<td><strong>Abmessungen<\/strong><\/td>\n<td align=\"left\">410x310x520h (mm)<\/td>\n<\/tr>\n<tr>\n<td><b>Nettogewicht<\/b><\/td>\n<td align=\"left\">32 kg<\/td>\n<\/tr>\n<tr>\n<td><strong>Bruttogewicht<\/strong><\/td>\n<td align=\"left\">38 kg<\/td>\n<\/tr>\n<tr>\n<td><strong>Verpackung Abmessungen<\/strong><\/td>\n<td align=\"left\">570x420x680h (mm)<\/td>\n<\/tr>\n<tr>\n<td><strong>Verpackungsvolumen<\/strong><\/td>\n<td align=\"left\">0,163 m\u00b3<\/td>\n<\/tr>\n<tr>\n<td><strong>St\u00fcndliche Leistung<\/strong><\/td>\n<td align=\"left\">150\u00f7250 Kg\/h<\/td>\n<\/tr>\n<\/tbody>\n<\/table>\n<p>&nbsp;<\/p>\n<p style=\"text-align: center;\"><iframe loading=\"lazy\" src=\"https:\/\/www.youtube.com\/embed\/y0Z1w8bwvcc\" width=\"560\" height=\"315\" frameborder=\"0\" allowfullscreen=\"allowfullscreen\"><\/iframe><\/p>","protected":false},"excerpt":{"rendered":"<p>Tritacarne acciaio inox bocca \u00f8 52 mm Fimar 22RS Carcassa e tramoggia in acciaio inox. Gruppo macinazione in acciaio inox AISI 304 estraibile o in alluminio trattata per alimenti. Bocca ingresso carne \u00f8 52 mm. Riduttore con ingranaggi a bagno d\u2019olio. In dotazione sistema enterprise con piastra inox (fori \u00f8 6 mm) e coltello inox [&#8230;]","protected":false},"featured_media":126533,"comment_status":"closed","ping_status":"closed","template":"","meta":{"_monsterinsights_skip_tracking":false,"_monsterinsights_sitenote_active":false,"_monsterinsights_sitenote_note":"","_monsterinsights_sitenote_category":0},"product_brand":[],"product_cat":[49,183],"product_tag":[],"class_list":{"0":"post-126532","1":"product","2":"type-product","3":"status-publish","4":"has-post-thumbnail","6":"product_cat-tritacarne","7":"product_cat-tritacarne-ristorazione","8":"product_shipping_class-38","9":"pa_marca-fimar","11":"first","12":"instock","13":"taxable","14":"shipping-taxable","15":"purchasable","16":"product-type-simple"},"_links":{"self":[{"href":"https:\/\/www.creaearredanegozi.it\/de\/wp-json\/wp\/v2\/product\/126532","targetHints":{"allow":["GET"]}}],"collection":[{"href":"https:\/\/www.creaearredanegozi.it\/de\/wp-json\/wp\/v2\/product"}],"about":[{"href":"https:\/\/www.creaearredanegozi.it\/de\/wp-json\/wp\/v2\/types\/product"}],"replies":[{"embeddable":true,"href":"https:\/\/www.creaearredanegozi.it\/de\/wp-json\/wp\/v2\/comments?post=126532"}],"wp:featuredmedia":[{"embeddable":true,"href":"https:\/\/www.creaearredanegozi.it\/de\/wp-json\/wp\/v2\/media\/126533"}],"wp:attachment":[{"href":"https:\/\/www.creaearredanegozi.it\/de\/wp-json\/wp\/v2\/media?parent=126532"}],"wp:term":[{"taxonomy":"product_brand","embeddable":true,"href":"https:\/\/www.creaearredanegozi.it\/de\/wp-json\/wp\/v2\/product_brand?post=126532"},{"taxonomy":"product_cat","embeddable":true,"href":"https:\/\/www.creaearredanegozi.it\/de\/wp-json\/wp\/v2\/product_cat?post=126532"},{"taxonomy":"product_tag","embeddable":true,"href":"https:\/\/www.creaearredanegozi.it\/de\/wp-json\/wp\/v2\/product_tag?post=126532"}],"curies":[{"name":"wp","href":"https:\/\/api.w.org\/{rel}","templated":true}]}}