{"id":126608,"date":"2024-01-25T13:19:57","date_gmt":"2024-01-25T12:19:57","guid":{"rendered":"https:\/\/www.creaearredanegozi.it\/?post_type=product&#038;p=126608"},"modified":"2024-02-01T10:32:31","modified_gmt":"2024-02-01T09:32:31","slug":"professionelle-leichte-spiral-knetmaschine-fur-brot-pizza-10-kg-15ln-fimar","status":"publish","type":"product","link":"https:\/\/www.creaearredanegozi.it\/de\/professionelle-leichte-spiral-knetmaschine-fur-brot-pizza-10-kg-15ln-fimar\/","title":{"rendered":"Professionelle leichte Spiralkneter f\u00fcr Brot Pizza 10 kg 15LN Fimar"},"content":{"rendered":"<h3>Fimar 15LN leichter Spiralkneter 16 kg Kapazit\u00e4t<\/h3>\n<p>Leichter Spiralmischer.<\/p>\n<p>Maschine zur Herstellung verschiedener Teigsorten, besonders geeignet f\u00fcr weiche Teige wie Brot, Pizza und Piada.<\/p>\n<ul>\n<li>Die Struktur ist mit kratzfester Farbe beschichtet.<\/li>\n<li>Teile, die mit Lebensmitteln in Ber\u00fchrung kommen (Sch\u00fcssel und Spirale), sind aus Edelstahl AISI 304 gefertigt.<\/li>\n<li>Sicherheitsmikroschalter am Tankdeckel.<\/li>\n<li>Standardm\u00e4\u00dfig mit ger\u00e4ucherter Polycarbonatabdeckung.<\/li>\n<li><strong>CE professionell.<\/strong><\/li>\n<\/ul>\n<p>Optional:<\/p>\n<ul>\n<li>Radsatz h 130mm<\/li>\n<li>Mechanische Zeitschaltuhr<\/li>\n<li>Digitale Zeitschaltuhr<\/li>\n<li>Rasterdeckel in <strong>Rostfreier Stahl AISI 304.<\/strong><\/li>\n<li>Zweite Geschwindigkeit, nur dreiphasige Version.<\/li>\n<\/ul>\n<p style=\"text-align: center;\"><a href=\"https:\/\/www.creaearredanegozi.it\/wp-content\/uploads\/2019\/11\/timer-digitale.jpg\"><img decoding=\"async\" class=\"alignnone size-full wp-image-126596\" src=\"https:\/\/www.creaearredanegozi.it\/wp-content\/uploads\/2019\/11\/timer-digitale.jpg\" alt=\"\" width=\"156\" height=\"200\" title=\"\" srcset=\"https:\/\/www.creaearredanegozi.it\/wp-content\/uploads\/2019\/11\/timer-digitale.jpg 156w, https:\/\/www.creaearredanegozi.it\/wp-content\/uploads\/2019\/11\/timer-digitale-64x82.jpg 64w\" sizes=\"(max-width: 156px) 100vw, 156px\" \/><\/a> <a href=\"https:\/\/www.creaearredanegozi.it\/wp-content\/uploads\/2024\/01\/timer-meccanico.jpg\"><img decoding=\"async\" class=\"alignnone size-full wp-image-126594\" src=\"https:\/\/www.creaearredanegozi.it\/wp-content\/uploads\/2024\/01\/timer-meccanico.jpg\" alt=\"\" width=\"129\" height=\"200\" title=\"\" srcset=\"https:\/\/www.creaearredanegozi.it\/wp-content\/uploads\/2024\/01\/timer-meccanico.jpg 129w, https:\/\/www.creaearredanegozi.it\/wp-content\/uploads\/2024\/01\/timer-meccanico-64x99.jpg 64w\" sizes=\"(max-width: 129px) 100vw, 129px\" \/><\/a> <a href=\"https:\/\/www.creaearredanegozi.it\/wp-content\/uploads\/2019\/11\/coperchio-grigliato.jpg\"><img decoding=\"async\" class=\"alignnone size-full wp-image-126601\" src=\"https:\/\/www.creaearredanegozi.it\/wp-content\/uploads\/2019\/11\/coperchio-grigliato.jpg\" alt=\"\" width=\"260\" height=\"184\" title=\"\" srcset=\"https:\/\/www.creaearredanegozi.it\/wp-content\/uploads\/2019\/11\/coperchio-grigliato.jpg 260w, https:\/\/www.creaearredanegozi.it\/wp-content\/uploads\/2019\/11\/coperchio-grigliato-64x45.jpg 64w\" sizes=\"(max-width: 260px) 100vw, 260px\" \/><\/a><\/p>\n<p><strong>Technische Daten:<\/strong><\/p>\n<table class=\"table table-striped\">\n<tbody>\n<tr>\n<td>\n<p class=\"dati_tecnici_label_1\"><strong>Modell<\/strong><\/p>\n<\/td>\n<td><b>15LN<\/b><\/td>\n<\/tr>\n<tr>\n<td><strong>Strom<\/strong><\/td>\n<td align=\"left\">0,55 kW (0,75 PS)<\/td>\n<\/tr>\n<tr>\n<td><strong>Dreiphasen-Stromversorgung<\/strong><\/td>\n<td align=\"left\">400V\/3N\/50Hz<\/td>\n<\/tr>\n<tr>\n<td><strong>Einphasige Stromversorgung<\/strong><\/td>\n<td align=\"left\">230V\/1N\/50Hz<\/td>\n<\/tr>\n<tr>\n<td><b>St\u00fcndliche Leistung<\/b><\/td>\n<td align=\"left\">30 kg\/h<\/td>\n<\/tr>\n<tr>\n<td><b>Fassungsverm\u00f6gen des Tanks<\/b><\/td>\n<td align=\"left\">10 kg<\/td>\n<\/tr>\n<tr>\n<td><b>Container-Kapazit\u00e4t<\/b><\/td>\n<td align=\"left\">15 L \u00f8 320 x 210(h) mm<\/td>\n<\/tr>\n<tr>\n<td><b>Geschwindigkeit<\/b><\/td>\n<td align=\"left\">80 Umdrehungen pro Minute<\/td>\n<\/tr>\n<tr>\n<td><b>Abmessungen<\/b><\/td>\n<td align=\"left\">337 x 627 x 652\u00f7930(h) mm<\/td>\n<\/tr>\n<tr>\n<td><b>Nettogewicht<\/b><\/td>\n<td align=\"left\">56 kg<\/td>\n<\/tr>\n<tr>\n<td><b>Bruttogewicht<\/b><\/td>\n<td align=\"left\">66 kg<\/td>\n<\/tr>\n<\/tbody>\n<\/table>\n<p><a href=\"https:\/\/www.creaearredanegozi.it\/wp-content\/uploads\/2024\/01\/im-15ln.jpg\"><img decoding=\"async\" class=\"alignnone size-full wp-image-126609\" src=\"https:\/\/www.creaearredanegozi.it\/wp-content\/uploads\/2024\/01\/im-15ln.jpg\" alt=\"\" width=\"314\" height=\"366\" title=\"\" srcset=\"https:\/\/www.creaearredanegozi.it\/wp-content\/uploads\/2024\/01\/im-15ln.jpg 314w, https:\/\/www.creaearredanegozi.it\/wp-content\/uploads\/2024\/01\/im-15ln-64x75.jpg 64w\" sizes=\"(max-width: 314px) 100vw, 314px\" \/><\/a><\/p>\n<p>Verf\u00fcgbar ab Februar 2024<\/p>","protected":false},"excerpt":{"rendered":"<p>Impastatrice a spirale light capacit\u00e0 16 kg Fimar 15LN Impastatrice a spirale light. Macchina per realizzare diversi tipi di impasto, indicata soprattutto per impasti teneri come pane, pizza e piada. Struttura rivestita con vernice antigraffio. Parti a contatto con gli alimenti quali (vasca e spirale) sono in acciaio inox AISI 304. Microinterruttore di sicurezza su [&#8230;]","protected":false},"featured_media":121404,"comment_status":"closed","ping_status":"closed","template":"","meta":{"_monsterinsights_skip_tracking":false,"_monsterinsights_sitenote_active":false,"_monsterinsights_sitenote_note":"","_monsterinsights_sitenote_category":0},"product_brand":[628],"product_cat":[692,295,46,17,169,188,691],"product_tag":[],"class_list":{"0":"post-126608","1":"product","2":"type-product","3":"status-publish","4":"has-post-thumbnail","6":"product_brand-fimar","7":"product_cat-impastatrici-panifici","8":"product_cat-a-spirale","9":"product_cat-attrezzature-per-pizzeria-attrezzi-pizzaiolo","10":"product_cat-impastatrici","11":"product_cat-impastatrici-ristorazione","12":"product_cat-impastatrici-attrezzature-per-pizzeria","13":"product_cat-panifici","14":"product_shipping_class-38","15":"pa_marca-fimar","17":"first","18":"instock","19":"taxable","20":"shipping-taxable","21":"purchasable","22":"product-type-simple"},"_links":{"self":[{"href":"https:\/\/www.creaearredanegozi.it\/de\/wp-json\/wp\/v2\/product\/126608","targetHints":{"allow":["GET"]}}],"collection":[{"href":"https:\/\/www.creaearredanegozi.it\/de\/wp-json\/wp\/v2\/product"}],"about":[{"href":"https:\/\/www.creaearredanegozi.it\/de\/wp-json\/wp\/v2\/types\/product"}],"replies":[{"embeddable":true,"href":"https:\/\/www.creaearredanegozi.it\/de\/wp-json\/wp\/v2\/comments?post=126608"}],"wp:featuredmedia":[{"embeddable":true,"href":"https:\/\/www.creaearredanegozi.it\/de\/wp-json\/wp\/v2\/media\/121404"}],"wp:attachment":[{"href":"https:\/\/www.creaearredanegozi.it\/de\/wp-json\/wp\/v2\/media?parent=126608"}],"wp:term":[{"taxonomy":"product_brand","embeddable":true,"href":"https:\/\/www.creaearredanegozi.it\/de\/wp-json\/wp\/v2\/product_brand?post=126608"},{"taxonomy":"product_cat","embeddable":true,"href":"https:\/\/www.creaearredanegozi.it\/de\/wp-json\/wp\/v2\/product_cat?post=126608"},{"taxonomy":"product_tag","embeddable":true,"href":"https:\/\/www.creaearredanegozi.it\/de\/wp-json\/wp\/v2\/product_tag?post=126608"}],"curies":[{"name":"wp","href":"https:\/\/api.w.org\/{rel}","templated":true}]}}