{"id":126692,"date":"2024-02-13T11:34:52","date_gmt":"2024-02-13T10:34:52","guid":{"rendered":"https:\/\/www.creaearredanegozi.it\/?post_type=product&#038;p=126692"},"modified":"2024-02-13T12:40:27","modified_gmt":"2024-02-13T11:40:27","slug":"professioneller-mechanischer-umluftofen-6-pfannen-gn1-1-doppeltes-glas-und-led-licht-fimar-slim6m","status":"publish","type":"product","link":"https:\/\/www.creaearredanegozi.it\/de\/professioneller-mechanischer-umluftofen-6-pfannen-gn1-1-doppeltes-glas-und-led-licht-fimar-slim6m\/","title":{"rendered":"Mechanischer Umluftofen Professional 6 Backbleche GN1\/1 Doppelglas und LED-Licht Fimar SLIM6M"},"content":{"rendered":"<h3>Professioneller mechanischer Umluftofen Direktdampf<\/h3>\n<p><strong>SLIM6M UMLUFTOFEN FIMAR<\/strong><\/p>\n<p>Gastronomie-Back\u00f6fen mit Konvektion\/Direktdampf<\/p>\n<div class=\"row thumbnails\">\n<ul>\n<li class=\"col-md-3\">Struktur aus rostfreiem Stahl.<\/li>\n<li>LED-Innenbeleuchtung.<\/li>\n<li>Zentrifugalgebl\u00e4se mit Reversierautomatik.<\/li>\n<li>Doppelt verglaste T\u00fcr (Innenverglasung zum \u00d6ffnen).<\/li>\n<li>Wasserableitung.<\/li>\n<li>Befeuchter mit Energieregler (Direkteinspritzung).<\/li>\n<li class=\"col-md-3\">Thermostat 50-260\u00b0C.<\/li>\n<li>F\u00fcr GN1\/1-Tabletts<\/li>\n<li>Tabletts nicht enthalten.<\/li>\n<li>CE-konform.<\/li>\n<\/ul>\n<\/div>\n<p>Optional<\/p>\n<div>Kondensationshaube aus Edelstahl, 2 Fettfilter aus Edelstahl, 2 Absauggeschwindigkeiten. Abmessungen 532 x 853 x 323(h) mm.<\/div>\n<div>Backofenst\u00e4nder mit Edelstahlrahmen, geliefert als Bausatz, Kapazit\u00e4t 4 x GN1\/1. Abmessungen 530 x 610 x 800(h) mm.<\/div>\n<div>Edelstahl-Kartoffelnetz GN1\/1 h40<\/div>\n<div>Gitterrost aus Edelstahl GN1\/1<\/div>\n<div>Edelstahlwanne GN1\/1 H20<\/div>\n<div>Edelstahltablett GN1\/1 H40<\/div>\n<div>Edelstahltablett GN1\/1 H65<\/div>\n<div>Emailliertes Backblech GN1\/1 H20<\/div>\n<div>Emailliertes Backblech GN1\/1 H40<\/div>\n<div>Emailliertes Backblech GN1\/1 H65<\/div>\n<div>Aluminiumschale GN1\/1 20(h) mm<\/div>\n<div><\/div>\n<p><strong>Technische Daten:<\/strong><\/p>\n<table class=\"table table-striped\">\n<tbody>\n<tr>\n<td>\n<p class=\"dati_tecnici_label_1\"><span style=\"color: #333333;\"><span style=\"font-size: 14.4px;\">Modell<\/span><\/span><\/p>\n<\/td>\n<td><span style=\"font-size: 14.4px;\">SLIM6M<\/span><\/td>\n<\/tr>\n<tr>\n<td><span style=\"font-size: 14.4px;\">Strom<\/span><\/td>\n<td align=\"left\"><span style=\"font-size: 14.4px;\">6,3 kW<\/span><\/td>\n<\/tr>\n<tr>\n<td><span style=\"font-size: 14.4px;\">Stromversorgung<\/span><\/td>\n<td align=\"left\"><span style=\"font-size: 14.4px;\">380- 415V\/3N\/50-60Hz (3Ph)<\/span><\/td>\n<\/tr>\n<tr>\n<td><span style=\"font-size: 14.4px;\">Arbeitstemperatur<\/span><\/td>\n<td align=\"left\"><span style=\"font-size: 14.4px;\">50 - 260 \u00b0C<\/span><\/td>\n<\/tr>\n<tr>\n<td><span style=\"font-size: 14.4px;\">Abmessungen der Garkammer<\/span><\/td>\n<td align=\"left\">380 x 563 x 376(h) mm<\/td>\n<\/tr>\n<tr>\n<td><span style=\"font-size: 14.4px;\">Abmessungen<\/span><\/td>\n<td align=\"left\">532 x 860\/913 x 748(h) mm<br \/>\nohne \/ mit Griff<\/td>\n<\/tr>\n<tr>\n<td><span style=\"font-size: 14.4px;\">Nettogewicht <\/span><\/td>\n<td align=\"left\"><span style=\"font-size: 14.4px;\">72 kg<\/span><\/td>\n<\/tr>\n<tr>\n<td><span style=\"font-size: 14.4px;\">Bruttogewicht<\/span><\/td>\n<td align=\"left\"><span style=\"font-size: 14.4px;\">86 kg<\/span><\/td>\n<\/tr>\n<tr>\n<td><span style=\"font-size: 14.4px;\">Abmessungen der Verpackung<\/span><\/td>\n<td align=\"left\">600 x 1000 x 927(h) mm<\/td>\n<\/tr>\n<tr>\n<td><span style=\"font-size: 14.4px;\">Verpackungsvolumen<\/span><\/td>\n<td align=\"left\">0,056 m\u00b3<\/td>\n<\/tr>\n<tr>\n<td><span style=\"font-size: 14.4px;\">Kapazit\u00e4t des Kochraums<\/span><\/td>\n<td align=\"left\">6 x GN1\/1*<\/td>\n<\/tr>\n<tr>\n<td><span style=\"font-size: 14.4px;\">Zeitschaltuhr<\/span><\/td>\n<td align=\"left\"><span style=\"font-size: 14.4px;\">mechanisch 0-120'<\/span><\/td>\n<\/tr>\n<tr>\n<td><span style=\"font-size: 14.4px;\">Gr\u00f6\u00dfe der Haube (optional)<\/span><\/td>\n<td>532 x 853 x 323(h)mm - 25kg<\/td>\n<\/tr>\n<tr>\n<td><span style=\"font-size: 14.4px;\">Gr\u00f6\u00dfe Unterst\u00fctzung (optional)<\/span><\/td>\n<td>530 x 610 x 800(h)mm - 21kg<\/td>\n<\/tr>\n<\/tbody>\n<\/table>","protected":false},"excerpt":{"rendered":"<p>Forno a Convezione Meccanico Professionale Vapore diretto FORNO CONVEZIONE SLIM6M FIMAR Forni per gastronomia a convezione\/vapore diretto. Struttura in acciaio inox. Illuminazione interna a led. Ventilatore centrifugo con autoreverse. Porta con doppio vetro (vetro interno apribile). Scarico acqua. Umidificatore con regolatore di energia (iniezione diretta). Termostato 50-260\u00b0C. Per teglie GN1\/1 Teglie non incluse. A norma [&#8230;]","protected":false},"featured_media":126694,"comment_status":"closed","ping_status":"closed","template":"","meta":{"_monsterinsights_skip_tracking":false,"_monsterinsights_sitenote_active":false,"_monsterinsights_sitenote_note":"","_monsterinsights_sitenote_category":0},"product_brand":[628],"product_cat":[667,84,46,9,664,16,64,83,159,662,10],"product_tag":[],"class_list":{"0":"post-126692","1":"product","2":"type-product","3":"status-publish","4":"has-post-thumbnail","6":"product_brand-fimar","7":"product_cat-convezione-forni","8":"product_cat-a-convenzione","9":"product_cat-attrezzature-per-pizzeria-attrezzi-pizzaiolo","10":"product_cat-attrezzature-pub","11":"product_cat-convezione","12":"product_cat-forni","13":"product_cat-forni-attrezzature-bar","14":"product_cat-forni-attrezzature-pub","15":"product_cat-forni-ristorazione","16":"product_cat-forni-cottura","17":"product_cat-attrezzature-bar","18":"product_shipping_class-l","19":"pa_marca-fimar","21":"first","22":"instock","23":"taxable","24":"shipping-taxable","25":"purchasable","26":"product-type-simple"},"_links":{"self":[{"href":"https:\/\/www.creaearredanegozi.it\/de\/wp-json\/wp\/v2\/product\/126692","targetHints":{"allow":["GET"]}}],"collection":[{"href":"https:\/\/www.creaearredanegozi.it\/de\/wp-json\/wp\/v2\/product"}],"about":[{"href":"https:\/\/www.creaearredanegozi.it\/de\/wp-json\/wp\/v2\/types\/product"}],"replies":[{"embeddable":true,"href":"https:\/\/www.creaearredanegozi.it\/de\/wp-json\/wp\/v2\/comments?post=126692"}],"wp:featuredmedia":[{"embeddable":true,"href":"https:\/\/www.creaearredanegozi.it\/de\/wp-json\/wp\/v2\/media\/126694"}],"wp:attachment":[{"href":"https:\/\/www.creaearredanegozi.it\/de\/wp-json\/wp\/v2\/media?parent=126692"}],"wp:term":[{"taxonomy":"product_brand","embeddable":true,"href":"https:\/\/www.creaearredanegozi.it\/de\/wp-json\/wp\/v2\/product_brand?post=126692"},{"taxonomy":"product_cat","embeddable":true,"href":"https:\/\/www.creaearredanegozi.it\/de\/wp-json\/wp\/v2\/product_cat?post=126692"},{"taxonomy":"product_tag","embeddable":true,"href":"https:\/\/www.creaearredanegozi.it\/de\/wp-json\/wp\/v2\/product_tag?post=126692"}],"curies":[{"name":"wp","href":"https:\/\/api.w.org\/{rel}","templated":true}]}}