{"id":126817,"date":"2024-02-19T12:25:49","date_gmt":"2024-02-19T11:25:49","guid":{"rendered":"https:\/\/www.creaearredanegozi.it\/?post_type=product&#038;p=126817"},"modified":"2026-03-24T11:45:17","modified_gmt":"2026-03-24T10:45:17","slug":"frontal-edelstahl-geschirrspuler-quadratischer-korb-35x35-2890w-fimar-labi35-und-labi35pl","status":"publish","type":"product","link":"https:\/\/www.creaearredanegozi.it\/de\/frontal-edelstahl-geschirrspuler-quadratischer-korb-35x35-2890w-fimar-labi35-und-labi35pl\/","title":{"rendered":"Geschirrsp\u00fcler Front Inox Square Basket 35\u00d735 2890W FIMAR LABI35 und LABI35PL"},"content":{"rendered":"<h2 style=\"text-align: center;\">Professionelle Gl\u00e4sersp\u00fclmaschine aus rostfreiem Stahl<\/h2>\n<p><strong>Fimar LABI35 und LABI35PL Gl\u00e4sersp\u00fclmaschinen<\/strong><\/p>\n<p>Einwandige Struktur aus rostfreiem Stahl AISI 304.<\/p>\n<ul>\n<li>Geformte Wanne mit abgerundeten Ecken, doppelwandige T\u00fcr.<\/li>\n<li>Leicht abnehmbare Wasch- und Sp\u00fclarme aus Verbundwerkstoff.<\/li>\n<li>Mikroschalter an der T\u00fcr.<\/li>\n<li>Nutzbare Waschh\u00f6he 25 cm.<\/li>\n<li>Klarsp\u00fclerspender.<\/li>\n<li>Automatische Bef\u00fcllung.<\/li>\n<li>Hei\u00df absp\u00fclen.<\/li>\n<li>Thermostopp-Funktion.<\/li>\n<li>\u00dcberflutungsschutzventil als Standard.<\/li>\n<li>Lieferumfang: 1 Glaskorb 35\u00d735 cm - 1 L\u00f6ffelkorb - 1 Wasserzulaufschlauch (L\u00e4nge 2 m) - 1 Ablaufschlauch (L\u00e4nge 2,5 m).<\/li>\n<li>Das Modell <strong>LABI35PL<\/strong> ist mit einem elektrischen Waschmittelspender und einer Ablaufpumpe ausgestattet.<\/li>\n<\/ul>\n<p>&nbsp;<\/p>\n<p><strong>Optional:<\/strong><\/p>\n<ul>\n<li>1 Quadratischer Korb 350 x 350 x 150(h) mm<\/li>\n<li>Bausatz f\u00fcr runden Korb: 1 St\u00fctze 350 x 350 mm + runder Korb \u00d8 350 x 160(h) mm<\/li>\n<li>1 runder Korb.<\/li>\n<li>2\u00d75 kg Fl\u00fcssigreiniger f\u00fcr Geschirrsp\u00fcler, geeignet f\u00fcr S\u00fc\u00dfwasser (&lt; 15\u00b0F).<\/li>\n<li>2\u00d76 kg Klarsp\u00fcler f\u00fcr Geschirrsp\u00fclmaschinen, geeignet f\u00fcr weiches Wasser (&lt; 15\u00b0F).<\/li>\n<li>2\u00d75 kg Sanitisierender Fl\u00fcssigreiniger f\u00fcr Geschirrsp\u00fcler, geeignet f\u00fcr mittleres und hartes Wasser (&gt;15\u00b0F).<\/li>\n<li>2\u00d76 kg Klarsp\u00fcler f\u00fcr Geschirrsp\u00fclmaschinen, geeignet f\u00fcr mittelhartes Wasser (&gt;15\u00b0F).<\/li>\n<\/ul>\n<table style=\"border-collapse: collapse;\">\n<tbody>\n<tr>\n<td style=\"width: 50%;\">RUNDER KASTEN<\/td>\n<td style=\"width: 50%;\">QUADRATBASKET<\/td>\n<\/tr>\n<tr>\n<td style=\"width: 50%;\"><img decoding=\"async\" class=\"alignnone size-full wp-image-122272\" src=\"https:\/\/www.creaearredanegozi.it\/wp-content\/uploads\/2023\/01\/O-350-x-160h-mm.jpg\" alt=\"\" width=\"200\" height=\"200\" title=\"\" srcset=\"https:\/\/www.creaearredanegozi.it\/wp-content\/uploads\/2023\/01\/O-350-x-160h-mm.jpg 200w, https:\/\/www.creaearredanegozi.it\/wp-content\/uploads\/2023\/01\/O-350-x-160h-mm-100x100.jpg 100w, https:\/\/www.creaearredanegozi.it\/wp-content\/uploads\/2023\/01\/O-350-x-160h-mm-64x64.jpg 64w\" sizes=\"(max-width: 200px) 100vw, 200px\" \/><\/td>\n<td style=\"width: 50%;\"><img decoding=\"async\" class=\"alignnone size-full wp-image-122267\" src=\"https:\/\/www.creaearredanegozi.it\/wp-content\/uploads\/2023\/01\/350-x-350-x-150h.jpg\" alt=\"\" width=\"200\" height=\"200\" title=\"\" srcset=\"https:\/\/www.creaearredanegozi.it\/wp-content\/uploads\/2023\/01\/350-x-350-x-150h.jpg 200w, https:\/\/www.creaearredanegozi.it\/wp-content\/uploads\/2023\/01\/350-x-350-x-150h-100x100.jpg 100w, https:\/\/www.creaearredanegozi.it\/wp-content\/uploads\/2023\/01\/350-x-350-x-150h-64x64.jpg 64w\" sizes=\"(max-width: 200px) 100vw, 200px\" \/><\/td>\n<\/tr>\n<tr>\n<td style=\"width: 50%;\"><\/td>\n<td style=\"width: 50%;\"><\/td>\n<\/tr>\n<tr>\n<td style=\"width: 50%;\"><img decoding=\"async\" class=\"alignnone size-full wp-image-122274\" src=\"https:\/\/www.creaearredanegozi.it\/wp-content\/uploads\/2023\/01\/350-x-350-mm-supporto-cesto-tondo.jpg\" alt=\"\" width=\"200\" height=\"200\" title=\"\" srcset=\"https:\/\/www.creaearredanegozi.it\/wp-content\/uploads\/2023\/01\/350-x-350-mm-supporto-cesto-tondo.jpg 200w, https:\/\/www.creaearredanegozi.it\/wp-content\/uploads\/2023\/01\/350-x-350-mm-supporto-cesto-tondo-100x100.jpg 100w, https:\/\/www.creaearredanegozi.it\/wp-content\/uploads\/2023\/01\/350-x-350-mm-supporto-cesto-tondo-64x64.jpg 64w\" sizes=\"(max-width: 200px) 100vw, 200px\" \/><\/td>\n<td style=\"width: 50%;\"><\/td>\n<\/tr>\n<\/tbody>\n<\/table>\n<hr \/>\n<ul>\n<li><strong>Technische Daten<\/strong><\/li>\n<\/ul>\n<table class=\"table table-striped\" style=\"width: 32.7062%;\">\n<tbody>\n<tr>\n<td style=\"width: 43.8356%;\">\n<p class=\"dati_tecnici_label_1\">Modell<\/p>\n<\/td>\n<td style=\"width: 28.7671%;\" align=\"left\"><strong>LABI35<\/strong><\/td>\n<td style=\"width: 24.6575%;\"><strong>LABI35PL<br \/>\n<\/strong><\/td>\n<\/tr>\n<tr>\n<td style=\"width: 43.8356%;\">Produktion K\u00f6rbe\/h<\/td>\n<td style=\"width: 53.4247%; text-align: center;\" colspan=\"2\" align=\"left\">120\u2033 Zyklus \/ 30 K\u00f6rbe pro Stunde<\/td>\n<\/tr>\n<tr>\n<td style=\"width: 43.8356%;\">Korbgr\u00f6\u00dfe<\/td>\n<td style=\"width: 53.4247%; text-align: center;\" colspan=\"2\" align=\"left\">350\u00d7350 mm<\/td>\n<\/tr>\n<tr>\n<td style=\"width: 43.8356%;\">Strom<\/td>\n<td style=\"width: 53.4247%;\" colspan=\"2\" align=\"left\">\n<div style=\"text-align: center;\"><span class=\"valore_scheda\">2,89 kW<br \/>\n<\/span><\/div>\n<div><span class=\"valore_scheda\">\u00a0<\/span><\/div>\n<\/td>\n<\/tr>\n<tr>\n<td style=\"width: 43.8356%;\">Kessel\/Badewannenheizung<\/td>\n<td style=\"width: 53.4247%; text-align: center;\" colspan=\"2\" align=\"left\">2,7 kW \/ 2,4 kW<\/td>\n<\/tr>\n<tr>\n<td style=\"width: 43.8356%;\">Kessel-\/Tankkapazit\u00e4t<\/td>\n<td style=\"width: 53.4247%; text-align: center;\" colspan=\"2\" align=\"left\">3 Liter \/ 10 Liter<\/td>\n<\/tr>\n<tr>\n<td style=\"width: 43.8356%;\">Wasserverbrauch pro Zyklus<\/td>\n<td style=\"width: 53.4247%; text-align: center;\" colspan=\"2\" align=\"left\">2 Liter<\/td>\n<\/tr>\n<tr>\n<td style=\"width: 43.8356%;\">Dauer des Zyklus<\/td>\n<td style=\"width: 53.4247%; text-align: center;\" colspan=\"2\" align=\"left\">120 Sek.<\/td>\n<\/tr>\n<tr>\n<td style=\"width: 43.8356%;\">Gewicht<\/td>\n<td style=\"width: 53.4247%; text-align: center;\" colspan=\"2\" align=\"left\">33,5 kg<\/td>\n<\/tr>\n<tr>\n<td style=\"width: 43.8356%;\">Abmessungen<\/td>\n<td style=\"width: 53.4247%; text-align: center;\" colspan=\"2\" align=\"left\">440 x 497 x 640 h<\/td>\n<\/tr>\n<tr>\n<td style=\"width: 43.8356%;\">Stromversorgung<\/td>\n<td style=\"width: 53.4247%; text-align: center;\" colspan=\"2\">230V\/50Hz<\/td>\n<\/tr>\n<tr>\n<td style=\"width: 43.8356%;\">Waschpumpe<\/td>\n<td style=\"text-align: center; width: 53.4247%;\" colspan=\"2\">0,19 kW<\/td>\n<\/tr>\n<tr>\n<td style=\"width: 43.8356%;\">Mit elektrischem Waschmittelspender<\/td>\n<td style=\"text-align: center; width: 28.7671%;\">NO<\/td>\n<td style=\"text-align: center; width: 24.6575%;\">SI<\/td>\n<\/tr>\n<tr>\n<td style=\"width: 43.8356%;\">Mit Entleerungspumpe<\/td>\n<td style=\"text-align: center; width: 28.7671%;\">NO<\/td>\n<td style=\"text-align: center; width: 24.6575%;\">SI<\/td>\n<\/tr>\n<\/tbody>\n<\/table>","protected":false},"excerpt":{"rendered":"<p>Lava bicchieri stoviglie professionale in acciaio inox Lavabicchieri Fimar LABI35 e LABI35PL Struttura a singola parete in acciaio inox AISI 304. Vasca stampata con angoli arrotondati, porta a doppia parete. Bracci di lavaggio e risciacquo in materiale composito facilmente smontabili. Microinterruttore su porta. Altezza utile lavaggio 25 cm. Dosatore di brillantante. Riempimento automatico. Risciacquo a [&#8230;]","protected":false},"featured_media":129888,"comment_status":"closed","ping_status":"closed","template":"","meta":{"_monsterinsights_skip_tracking":false,"_monsterinsights_sitenote_active":false,"_monsterinsights_sitenote_note":"","_monsterinsights_sitenote_category":0},"product_brand":[628],"product_cat":[19],"product_tag":[],"class_list":{"0":"post-126817","1":"product","2":"type-product","3":"status-publish","4":"has-post-thumbnail","6":"product_brand-fimar","7":"product_cat-lavaggio","8":"product_shipping_class-33","9":"pa_marca-mec","11":"first","12":"instock","13":"taxable","14":"shipping-taxable","15":"purchasable","16":"product-type-variable","17":"has-default-attributes"},"_links":{"self":[{"href":"https:\/\/www.creaearredanegozi.it\/de\/wp-json\/wp\/v2\/product\/126817","targetHints":{"allow":["GET"]}}],"collection":[{"href":"https:\/\/www.creaearredanegozi.it\/de\/wp-json\/wp\/v2\/product"}],"about":[{"href":"https:\/\/www.creaearredanegozi.it\/de\/wp-json\/wp\/v2\/types\/product"}],"replies":[{"embeddable":true,"href":"https:\/\/www.creaearredanegozi.it\/de\/wp-json\/wp\/v2\/comments?post=126817"}],"wp:featuredmedia":[{"embeddable":true,"href":"https:\/\/www.creaearredanegozi.it\/de\/wp-json\/wp\/v2\/media\/129888"}],"wp:attachment":[{"href":"https:\/\/www.creaearredanegozi.it\/de\/wp-json\/wp\/v2\/media?parent=126817"}],"wp:term":[{"taxonomy":"product_brand","embeddable":true,"href":"https:\/\/www.creaearredanegozi.it\/de\/wp-json\/wp\/v2\/product_brand?post=126817"},{"taxonomy":"product_cat","embeddable":true,"href":"https:\/\/www.creaearredanegozi.it\/de\/wp-json\/wp\/v2\/product_cat?post=126817"},{"taxonomy":"product_tag","embeddable":true,"href":"https:\/\/www.creaearredanegozi.it\/de\/wp-json\/wp\/v2\/product_tag?post=126817"}],"curies":[{"name":"wp","href":"https:\/\/api.w.org\/{rel}","templated":true}]}}