{"id":126826,"date":"2024-02-20T10:20:12","date_gmt":"2024-02-20T09:20:12","guid":{"rendered":"https:\/\/www.creaearredanegozi.it\/?post_type=product&#038;p=126826"},"modified":"2026-03-24T11:42:29","modified_gmt":"2026-03-24T10:42:29","slug":"frontal-edelstahl-spulmaschine-quadratischer-korb-40x40-2890w-fimar-labi40-und-labi40pl","status":"publish","type":"product","link":"https:\/\/www.creaearredanegozi.it\/de\/frontal-edelstahl-spulmaschine-quadratischer-korb-40x40-2890w-fimar-labi40-und-labi40pl\/","title":{"rendered":"Geschirrsp\u00fcler Front Inox Square Basket 40\u00d740 2890W FIMAR LABI40 und LABI40PL"},"content":{"rendered":"<h3>Professionelle Gl\u00e4sersp\u00fclmaschine aus rostfreiem Stahl<\/h3>\n<p><strong>Fimar LABI40 und LABI40PL Gl\u00e4sersp\u00fclmaschinen<\/strong><\/p>\n<p>Teilweise doppelwandige Struktur aus rostfreiem Stahl AISI 304.<\/p>\n<ul>\n<li>Geformte Wanne mit abgerundeten Ecken, geformte Korbf\u00fchrungsschienen.<\/li>\n<li>Doppelwandige T\u00fcr.<\/li>\n<li>Leicht abnehmbare Wasch- und Sp\u00fclarme aus Verbundwerkstoff.<\/li>\n<li>Mikroschalter an der T\u00fcr.<\/li>\n<li>Nutzbare Waschh\u00f6he 30 cm.<\/li>\n<li>Klarsp\u00fclerspender.<\/li>\n<li>Automatische Bef\u00fcllung.<\/li>\n<li>Hei\u00df absp\u00fclen.<\/li>\n<li>Thermostopp-Funktion.<\/li>\n<li>\u00dcberflutungsschutzventil als Standard.<\/li>\n<li>Das Modell <strong>LABI40PL<\/strong> ist mit einem elektrischen Waschmittelspender und einer Ablaufpumpe ausgestattet.<\/li>\n<\/ul>\n<p>Mitgeliefert:<\/p>\n<ul>\n<li>1 Glaskorb 40\u00d740 cm<\/li>\n<li>1 L\u00f6ffelkorb<\/li>\n<li>1 Wasserzulaufschlauch (L\u00e4nge 2 m)<\/li>\n<li>1 Abgasschlauch (L\u00e4nge 2,5 m).<\/li>\n<\/ul>\n<p>&nbsp;<\/p>\n<p><strong>Optional:<\/strong><\/p>\n<ul>\n<li>1 Quadratischer Korb 400 x 400 x 130(h) mm<\/li>\n<li>Bausatz f\u00fcr runden Korb: 1 St\u00e4nder 400 x 400 mm + runder Korb \u00d8 400 x 180(h) mm<\/li>\n<li>1 Runder Korb \u00d8 400 x 180(h) mm.<\/li>\n<li>2\u00d75 kg Fl\u00fcssigreiniger f\u00fcr Geschirrsp\u00fcler, geeignet f\u00fcr S\u00fc\u00dfwasser (&lt; 15\u00b0F).<\/li>\n<li>2\u00d76 kg Klarsp\u00fcler f\u00fcr Geschirrsp\u00fclmaschinen, geeignet f\u00fcr weiches Wasser (&lt; 15\u00b0F).<\/li>\n<li>2\u00d75 kg Sanitisierender Fl\u00fcssigreiniger f\u00fcr Geschirrsp\u00fcler, geeignet f\u00fcr mittleres und hartes Wasser (&gt;15\u00b0F).<\/li>\n<li>2\u00d76 kg Klarsp\u00fcler f\u00fcr Geschirrsp\u00fclmaschinen, geeignet f\u00fcr mittelhartes Wasser (&gt;15\u00b0F).<\/li>\n<\/ul>\n<p>&nbsp;<\/p>\n<table style=\"border-collapse: collapse; width: 100%;\">\n<tbody>\n<tr>\n<td style=\"width: 50%;\">RUNDER KASTEN<\/td>\n<td style=\"width: 50%;\">QUADRATBASKET<\/td>\n<\/tr>\n<tr>\n<td style=\"width: 50%;\"><img decoding=\"async\" class=\"alignnone size-full wp-image-122273\" src=\"https:\/\/www.creaearredanegozi.it\/wp-content\/uploads\/2023\/01\/O-400-x-180h-mm.jpg\" alt=\"\" width=\"200\" height=\"200\" title=\"\" srcset=\"https:\/\/www.creaearredanegozi.it\/wp-content\/uploads\/2023\/01\/O-400-x-180h-mm.jpg 200w, https:\/\/www.creaearredanegozi.it\/wp-content\/uploads\/2023\/01\/O-400-x-180h-mm-100x100.jpg 100w, https:\/\/www.creaearredanegozi.it\/wp-content\/uploads\/2023\/01\/O-400-x-180h-mm-64x64.jpg 64w\" sizes=\"(max-width: 200px) 100vw, 200px\" \/><\/td>\n<td style=\"width: 50%;\"><img decoding=\"async\" class=\"alignnone size-full wp-image-122268\" src=\"https:\/\/www.creaearredanegozi.it\/wp-content\/uploads\/2023\/01\/400-x-400-x-130hmm.jpg\" alt=\"\" width=\"200\" height=\"200\" title=\"\" srcset=\"https:\/\/www.creaearredanegozi.it\/wp-content\/uploads\/2023\/01\/400-x-400-x-130hmm.jpg 200w, https:\/\/www.creaearredanegozi.it\/wp-content\/uploads\/2023\/01\/400-x-400-x-130hmm-100x100.jpg 100w, https:\/\/www.creaearredanegozi.it\/wp-content\/uploads\/2023\/01\/400-x-400-x-130hmm-64x64.jpg 64w\" sizes=\"(max-width: 200px) 100vw, 200px\" \/><\/td>\n<\/tr>\n<tr>\n<td style=\"width: 50%;\"><img decoding=\"async\" class=\"alignnone size-full wp-image-122275\" src=\"https:\/\/www.creaearredanegozi.it\/wp-content\/uploads\/2023\/01\/400x400-mm-supporto-cesto-tondo.jpg\" alt=\"\" width=\"200\" height=\"200\" title=\"\" srcset=\"https:\/\/www.creaearredanegozi.it\/wp-content\/uploads\/2023\/01\/400x400-mm-supporto-cesto-tondo.jpg 200w, https:\/\/www.creaearredanegozi.it\/wp-content\/uploads\/2023\/01\/400x400-mm-supporto-cesto-tondo-100x100.jpg 100w, https:\/\/www.creaearredanegozi.it\/wp-content\/uploads\/2023\/01\/400x400-mm-supporto-cesto-tondo-64x64.jpg 64w\" sizes=\"(max-width: 200px) 100vw, 200px\" \/><\/td>\n<td style=\"width: 50%;\"><\/td>\n<\/tr>\n<\/tbody>\n<\/table>\n<hr \/>\n<ul>\n<li><strong>Technische Daten<\/strong><\/li>\n<\/ul>\n<table class=\"table table-striped\" style=\"width: 32.7062%;\">\n<tbody>\n<tr>\n<td style=\"width: 43.8356%;\">\n<p class=\"dati_tecnici_label_1\">Modell<\/p>\n<\/td>\n<td style=\"width: 28.7671%;\" align=\"left\"><strong>LABI40<\/strong><\/td>\n<td style=\"width: 24.6575%;\"><strong>LABI40PL<br \/>\n<\/strong><\/td>\n<\/tr>\n<tr>\n<td style=\"width: 43.8356%;\">Produktion K\u00f6rbe\/h<\/td>\n<td style=\"width: 53.4247%; text-align: center;\" colspan=\"2\" align=\"left\">120\u2033 Zyklus \/ 30 K\u00f6rbe pro Stunde<\/td>\n<\/tr>\n<tr>\n<td style=\"width: 43.8356%;\">Korbgr\u00f6\u00dfe<\/td>\n<td style=\"width: 53.4247%; text-align: center;\" colspan=\"2\" align=\"left\">400 x 400 x 130(h) mm<\/td>\n<\/tr>\n<tr>\n<td style=\"width: 43.8356%;\">Strom<\/td>\n<td style=\"width: 53.4247%;\" colspan=\"2\" align=\"left\">\n<div style=\"text-align: center;\"><span class=\"valore_scheda\">2,89 kW<br \/>\n<\/span><\/div>\n<div><span class=\"valore_scheda\">\u00a0<\/span><\/div>\n<\/td>\n<\/tr>\n<tr>\n<td style=\"width: 43.8356%;\">Kessel\/Badewannenheizung<\/td>\n<td style=\"width: 53.4247%; text-align: center;\" colspan=\"2\" align=\"left\">2,7 kW \/ 2,4 kW<\/td>\n<\/tr>\n<tr>\n<td style=\"width: 43.8356%;\">Kessel-\/Tankkapazit\u00e4t<\/td>\n<td style=\"width: 53.4247%; text-align: center;\" colspan=\"2\" align=\"left\">3 Liter \/ 12 Liter<\/td>\n<\/tr>\n<tr>\n<td style=\"width: 43.8356%;\">Wasserverbrauch pro Zyklus<\/td>\n<td style=\"width: 53.4247%; text-align: center;\" colspan=\"2\" align=\"left\">2 Liter<\/td>\n<\/tr>\n<tr>\n<td style=\"width: 43.8356%;\">Dauer des Zyklus<\/td>\n<td style=\"width: 53.4247%; text-align: center;\" colspan=\"2\" align=\"left\">120 Sek.<\/td>\n<\/tr>\n<tr>\n<td style=\"width: 43.8356%;\">Gewicht<\/td>\n<td style=\"width: 53.4247%; text-align: center;\" colspan=\"2\" align=\"left\">33,5 kg<\/td>\n<\/tr>\n<tr>\n<td style=\"width: 43.8356%;\">Abmessungen<\/td>\n<td style=\"width: 53.4247%; text-align: center;\" colspan=\"2\" align=\"left\">455 x 550 x 700(h) mm<\/td>\n<\/tr>\n<tr>\n<td style=\"width: 43.8356%;\">Stromversorgung<\/td>\n<td style=\"width: 53.4247%; text-align: center;\" colspan=\"2\">230V\/50Hz<\/td>\n<\/tr>\n<tr>\n<td style=\"width: 43.8356%;\">Waschpumpe<\/td>\n<td style=\"text-align: center; width: 53.4247%;\" colspan=\"2\">0,19 kW<\/td>\n<\/tr>\n<tr>\n<td style=\"width: 43.8356%;\">Mit elektrischem Waschmittelspender<\/td>\n<td style=\"text-align: center; width: 28.7671%;\">NO<\/td>\n<td style=\"text-align: center; width: 24.6575%;\">SI<\/td>\n<\/tr>\n<tr>\n<td style=\"width: 43.8356%;\">Mit Abflusspumpe<\/td>\n<td style=\"text-align: center; width: 28.7671%;\">NO<\/td>\n<td style=\"text-align: center; width: 24.6575%;\">SI<\/td>\n<\/tr>\n<\/tbody>\n<\/table>","protected":false},"excerpt":{"rendered":"<p>Lava bicchieri stoviglie professionale in acciaio inox Lavabicchieri Fimar LABI40 e LABI40PL Struttura a doppia parete parziale in acciaio inox AISI 304. Vasca stampata con angoli arrotondati, correntini guida cesto stampati. Porta a doppia parete. Bracci di lavaggio e risciacquo in materiale composito facilmente smontabili. Microinterruttore su porta. Altezza utile lavaggio 30 cm. Dosatore di [&#8230;]","protected":false},"featured_media":129888,"comment_status":"closed","ping_status":"closed","template":"","meta":{"_monsterinsights_skip_tracking":false,"_monsterinsights_sitenote_active":false,"_monsterinsights_sitenote_note":"","_monsterinsights_sitenote_category":0},"product_brand":[628],"product_cat":[19],"product_tag":[],"class_list":{"0":"post-126826","1":"product","2":"type-product","3":"status-publish","4":"has-post-thumbnail","6":"product_brand-fimar","7":"product_cat-lavaggio","8":"product_shipping_class-681","9":"pa_marca-mec","11":"first","12":"instock","13":"taxable","14":"shipping-taxable","15":"purchasable","16":"product-type-variable"},"_links":{"self":[{"href":"https:\/\/www.creaearredanegozi.it\/de\/wp-json\/wp\/v2\/product\/126826","targetHints":{"allow":["GET"]}}],"collection":[{"href":"https:\/\/www.creaearredanegozi.it\/de\/wp-json\/wp\/v2\/product"}],"about":[{"href":"https:\/\/www.creaearredanegozi.it\/de\/wp-json\/wp\/v2\/types\/product"}],"replies":[{"embeddable":true,"href":"https:\/\/www.creaearredanegozi.it\/de\/wp-json\/wp\/v2\/comments?post=126826"}],"wp:featuredmedia":[{"embeddable":true,"href":"https:\/\/www.creaearredanegozi.it\/de\/wp-json\/wp\/v2\/media\/129888"}],"wp:attachment":[{"href":"https:\/\/www.creaearredanegozi.it\/de\/wp-json\/wp\/v2\/media?parent=126826"}],"wp:term":[{"taxonomy":"product_brand","embeddable":true,"href":"https:\/\/www.creaearredanegozi.it\/de\/wp-json\/wp\/v2\/product_brand?post=126826"},{"taxonomy":"product_cat","embeddable":true,"href":"https:\/\/www.creaearredanegozi.it\/de\/wp-json\/wp\/v2\/product_cat?post=126826"},{"taxonomy":"product_tag","embeddable":true,"href":"https:\/\/www.creaearredanegozi.it\/de\/wp-json\/wp\/v2\/product_tag?post=126826"}],"curies":[{"name":"wp","href":"https:\/\/api.w.org\/{rel}","templated":true}]}}