{"id":126892,"date":"2024-02-23T09:54:03","date_gmt":"2024-02-23T08:54:03","guid":{"rendered":"https:\/\/www.creaearredanegozi.it\/?post_type=product&#038;p=126892"},"modified":"2024-02-27T11:10:25","modified_gmt":"2024-02-27T10:10:25","slug":"kitchenaid-pk4-5-professioneller-planetenmixer-45-liter","status":"publish","type":"product","link":"https:\/\/www.creaearredanegozi.it\/de\/kitchenaid-pk4-5-professioneller-planetenmixer-45-liter\/","title":{"rendered":"Profi-Planetenkneter 4,5 Liter KitchenAid PK4.5"},"content":{"rendered":"<h3>Professionelle Planeten-Knetmaschine 4,5 Liter<\/h3>\n<p>Modell <strong>KitchenAid PK 4.5 Planetenmixer<\/strong><\/p>\n<ul>\n<li>Maschinen f\u00fcr den professionellen Einsatz<\/li>\n<li>Rahmen aus Metalldruckguss<\/li>\n<li>Original-Planetenbewegung (der R\u00fchrer dreht sich beim Mischen in eine Richtung und dreht sich in die andere, so dass die Zutaten st\u00e4ndig in die Mitte der Sch\u00fcssel gebracht werden)<\/li>\n<li>B\u00fcrstenmotor<\/li>\n<li>Getriebe\u00fcbertragung<\/li>\n<li>10 Geschwindigkeiten verf\u00fcgbar<\/li>\n<li>Schneebesen aus rostfreiem Stahl, emaillierter Aluminiumhaken und Spatel<\/li>\n<li>Abnehmbarer Edelstahltank<\/li>\n<li>Breites Angebot an Zubeh\u00f6r<\/li>\n<li>Leicht abwaschbar<\/li>\n<li>Inklusive: Wanne, Haken, Spatel und Schneebesen<\/li>\n<li>EG-Normen.<\/li>\n<\/ul>\n<p>&nbsp;<\/p>\n<p><strong>Technische Daten:<\/strong><\/p>\n<p>&nbsp;<\/p>\n<table class=\"table table-striped\" style=\"width: 100%;\">\n<tbody>\n<tr>\n<td style=\"width: 50%;\"><strong>Modell<\/strong><\/td>\n<td><strong>PK 4,5<\/strong><\/td>\n<\/tr>\n<tr>\n<td style=\"width: 50%;\" align=\"left\">Absorption<\/td>\n<td align=\"left\">275 Watt<\/td>\n<\/tr>\n<tr>\n<td style=\"width: 50%;\">Einphasige Stromversorgung<\/td>\n<td>230V\/1N\/50-60Hz<\/td>\n<\/tr>\n<tr>\n<td style=\"width: 50%;\">Drehzahl RPM<\/td>\n<td>58\/220<\/td>\n<\/tr>\n<tr style=\"height: 21px;\">\n<td style=\"height: 21px; width: 50%;\">Gr\u00f6\u00dfe der Schale<\/td>\n<td style=\"height: 21px; width: 50%;\">\u00f8210\u00d7150<\/td>\n<\/tr>\n<tr style=\"height: 21px;\">\n<td style=\"height: 21px; width: 50%;\">M\u00fcrbeteig kg<\/td>\n<td style=\"height: 21px; width: 50%;\">0,7<\/td>\n<\/tr>\n<tr style=\"height: 21px;\">\n<td style=\"height: 21px; width: 50%;\">Biskuitkuchen<\/td>\n<td style=\"height: 21px; width: 50%;\">5 Eier<\/td>\n<\/tr>\n<tr style=\"height: 21px;\">\n<td style=\"height: 21px; width: 50%;\">Eiklar<\/td>\n<td style=\"height: 21px; width: 50%;\">7 Eier<\/td>\n<\/tr>\n<tr style=\"height: 21px;\">\n<td style=\"height: 21px; width: 50%;\">Kapazit\u00e4t<\/td>\n<td style=\"height: 21px; width: 50%;\" align=\"left\">4,5 L<\/td>\n<\/tr>\n<tr style=\"height: 21px;\">\n<td style=\"height: 21px; width: 50%;\">Nettogewicht<\/td>\n<td style=\"height: 21px; width: 50%;\" align=\"left\">10,5 kg<\/td>\n<\/tr>\n<tr style=\"height: 21px;\">\n<td style=\"height: 21px; width: 50%;\">Bruttogewicht<\/td>\n<td style=\"height: 21px; width: 50%;\" align=\"left\">11,5 kg<\/td>\n<\/tr>\n<tr style=\"height: 21px;\">\n<td style=\"width: 50%;\">Abmessungen mm<\/td>\n<td style=\"height: 21px; width: 50%;\" align=\"left\">220 x 350 x 350 h<\/td>\n<\/tr>\n<tr style=\"height: 21px;\">\n<td style=\"height: 21px; width: 50%;\">Verpackungsgr\u00f6\u00dfe mm<\/td>\n<td style=\"height: 21px; width: 50%;\" align=\"left\">280 x 410 x 410h<\/td>\n<\/tr>\n<tr style=\"height: 21px;\">\n<td style=\"height: 21px; width: 50%;\"><\/td>\n<td style=\"height: 21px; width: 50%;\" align=\"left\"><\/td>\n<\/tr>\n<\/tbody>\n<\/table>\n<p style=\"text-align: center;\"><iframe loading=\"lazy\" title=\"YouTube-Video-Player\" src=\"https:\/\/www.youtube-nocookie.com\/embed\/GcdDRxLKY5M?si=Huld2zlsV8NmI84u&amp;start=20\" width=\"560\" height=\"315\" frameborder=\"0\" allowfullscreen=\"allowfullscreen\"><\/iframe><\/p>\n<hr \/>\n<h3 style=\"text-align: center;\">Optional:<\/h3>\n<table class=\"table table-striped\" width=\"100%\">\n<tbody>\n<tr>\n<td><a href=\"https:\/\/www.creaearredanegozi.it\/wp-content\/uploads\/2019\/11\/PK5-coperchio-versatore-kitchenaid.jpg\"><img decoding=\"async\" class=\"alignnone size-full wp-image-126881\" src=\"https:\/\/www.creaearredanegozi.it\/wp-content\/uploads\/2019\/11\/PK5-coperchio-versatore-kitchenaid.jpg\" alt=\"\" width=\"300\" height=\"300\" title=\"\" srcset=\"https:\/\/www.creaearredanegozi.it\/wp-content\/uploads\/2019\/11\/PK5-coperchio-versatore-kitchenaid.jpg 300w, https:\/\/www.creaearredanegozi.it\/wp-content\/uploads\/2019\/11\/PK5-coperchio-versatore-kitchenaid-250x250.jpg 250w, https:\/\/www.creaearredanegozi.it\/wp-content\/uploads\/2019\/11\/PK5-coperchio-versatore-kitchenaid-100x100.jpg 100w, https:\/\/www.creaearredanegozi.it\/wp-content\/uploads\/2019\/11\/PK5-coperchio-versatore-kitchenaid-64x64.jpg 64w, https:\/\/www.creaearredanegozi.it\/wp-content\/uploads\/2019\/11\/PK5-coperchio-versatore-kitchenaid-280x280.jpg 280w\" sizes=\"(max-width: 300px) 100vw, 300px\" \/><\/a><\/td>\n<td style=\"text-align: center;\">IKN1PS Deckel des Ausgie\u00dfers<\/td>\n<\/tr>\n<tr>\n<td><a href=\"https:\/\/www.creaearredanegozi.it\/wp-content\/uploads\/2019\/11\/tritacarne-kitchenaid.jpg\"><img decoding=\"async\" class=\"alignnone size-full wp-image-126870\" src=\"https:\/\/www.creaearredanegozi.it\/wp-content\/uploads\/2019\/11\/tritacarne-kitchenaid.jpg\" alt=\"\" width=\"260\" height=\"260\" title=\"\" srcset=\"https:\/\/www.creaearredanegozi.it\/wp-content\/uploads\/2019\/11\/tritacarne-kitchenaid.jpg 260w, https:\/\/www.creaearredanegozi.it\/wp-content\/uploads\/2019\/11\/tritacarne-kitchenaid-250x250.jpg 250w, https:\/\/www.creaearredanegozi.it\/wp-content\/uploads\/2019\/11\/tritacarne-kitchenaid-100x100.jpg 100w, https:\/\/www.creaearredanegozi.it\/wp-content\/uploads\/2019\/11\/tritacarne-kitchenaid-64x64.jpg 64w\" sizes=\"(max-width: 260px) 100vw, 260px\" \/><\/a><\/td>\n<td style=\"text-align: center;\">IKFGA Fleischwolf<br \/>\n<iframe loading=\"lazy\" title=\"YouTube-Video-Player\" src=\"https:\/\/www.youtube-nocookie.com\/embed\/UWFknBO3ILg?si=CeA3uYj-Y953SOhb\" width=\"560\" height=\"315\" frameborder=\"0\" allowfullscreen=\"allowfullscreen\"><\/iframe><\/td>\n<\/tr>\n<tr>\n<td><a href=\"https:\/\/www.creaearredanegozi.it\/wp-content\/uploads\/2019\/11\/grattugia-a-cilindro-kitchenaid.jpg\"><img decoding=\"async\" class=\"alignnone size-full wp-image-126871\" src=\"https:\/\/www.creaearredanegozi.it\/wp-content\/uploads\/2019\/11\/grattugia-a-cilindro-kitchenaid.jpg\" alt=\"\" width=\"300\" height=\"300\" title=\"\" srcset=\"https:\/\/www.creaearredanegozi.it\/wp-content\/uploads\/2019\/11\/grattugia-a-cilindro-kitchenaid.jpg 300w, https:\/\/www.creaearredanegozi.it\/wp-content\/uploads\/2019\/11\/grattugia-a-cilindro-kitchenaid-250x250.jpg 250w, https:\/\/www.creaearredanegozi.it\/wp-content\/uploads\/2019\/11\/grattugia-a-cilindro-kitchenaid-100x100.jpg 100w, https:\/\/www.creaearredanegozi.it\/wp-content\/uploads\/2019\/11\/grattugia-a-cilindro-kitchenaid-64x64.jpg 64w, https:\/\/www.creaearredanegozi.it\/wp-content\/uploads\/2019\/11\/grattugia-a-cilindro-kitchenaid-280x280.jpg 280w\" sizes=\"(max-width: 300px) 100vw, 300px\" \/><\/a><\/td>\n<td>IKMVSA Zylinderreibe: Ausgestattet mit drei Zylindern f\u00fcr: Schneiden (Gem\u00fcse),<br \/>\nmittelgrob geschnitten (Julienne-Paniermehl), geschnitten<br \/>\ngrob (Mozzarella, geriebener Parmesan)<\/td>\n<\/tr>\n<tr>\n<td><a href=\"https:\/\/www.creaearredanegozi.it\/wp-content\/uploads\/2019\/11\/insaccatrice-kitchenaid.jpg\"><img decoding=\"async\" class=\"alignnone size-full wp-image-126872\" src=\"https:\/\/www.creaearredanegozi.it\/wp-content\/uploads\/2019\/11\/insaccatrice-kitchenaid.jpg\" alt=\"\" width=\"300\" height=\"300\" title=\"\" srcset=\"https:\/\/www.creaearredanegozi.it\/wp-content\/uploads\/2019\/11\/insaccatrice-kitchenaid.jpg 300w, https:\/\/www.creaearredanegozi.it\/wp-content\/uploads\/2019\/11\/insaccatrice-kitchenaid-250x250.jpg 250w, https:\/\/www.creaearredanegozi.it\/wp-content\/uploads\/2019\/11\/insaccatrice-kitchenaid-100x100.jpg 100w, https:\/\/www.creaearredanegozi.it\/wp-content\/uploads\/2019\/11\/insaccatrice-kitchenaid-64x64.jpg 64w, https:\/\/www.creaearredanegozi.it\/wp-content\/uploads\/2019\/11\/insaccatrice-kitchenaid-280x280.jpg 280w\" sizes=\"(max-width: 300px) 100vw, 300px\" \/><\/a><\/td>\n<td>IKSSA-Absackmaschine<\/td>\n<\/tr>\n<tr>\n<td width=\"50%\"><a href=\"https:\/\/www.creaearredanegozi.it\/wp-content\/uploads\/2019\/11\/set-3-cilindri-gratt.-kitchenaid.jpg\"><img decoding=\"async\" class=\"alignnone size-full wp-image-126873\" src=\"https:\/\/www.creaearredanegozi.it\/wp-content\/uploads\/2019\/11\/set-3-cilindri-gratt.-kitchenaid.jpg\" alt=\"\" width=\"300\" height=\"300\" title=\"\" srcset=\"https:\/\/www.creaearredanegozi.it\/wp-content\/uploads\/2019\/11\/set-3-cilindri-gratt.-kitchenaid.jpg 300w, https:\/\/www.creaearredanegozi.it\/wp-content\/uploads\/2019\/11\/set-3-cilindri-gratt.-kitchenaid-250x250.jpg 250w, https:\/\/www.creaearredanegozi.it\/wp-content\/uploads\/2019\/11\/set-3-cilindri-gratt.-kitchenaid-100x100.jpg 100w, https:\/\/www.creaearredanegozi.it\/wp-content\/uploads\/2019\/11\/set-3-cilindri-gratt.-kitchenaid-64x64.jpg 64w, https:\/\/www.creaearredanegozi.it\/wp-content\/uploads\/2019\/11\/set-3-cilindri-gratt.-kitchenaid-280x280.jpg 280w\" sizes=\"(max-width: 300px) 100vw, 300px\" \/><\/a><\/td>\n<td>IKEMVSC 3-Zylinder-Set f\u00fcr Reibezubeh\u00f6r: fein hacken, p\u00fcrieren, St\u00e4bchen julienne (nur in Kombination mit optionaler Reibe IKMVSA)<\/td>\n<\/tr>\n<tr>\n<td><a href=\"https:\/\/www.creaearredanegozi.it\/wp-content\/uploads\/2019\/11\/pasta-sfogliatrice-kitchenaid.jpg\"><img decoding=\"async\" class=\"alignnone size-full wp-image-126869\" src=\"https:\/\/www.creaearredanegozi.it\/wp-content\/uploads\/2019\/11\/pasta-sfogliatrice-kitchenaid.jpg\" alt=\"\" width=\"300\" height=\"300\" title=\"\" srcset=\"https:\/\/www.creaearredanegozi.it\/wp-content\/uploads\/2019\/11\/pasta-sfogliatrice-kitchenaid.jpg 300w, https:\/\/www.creaearredanegozi.it\/wp-content\/uploads\/2019\/11\/pasta-sfogliatrice-kitchenaid-250x250.jpg 250w, https:\/\/www.creaearredanegozi.it\/wp-content\/uploads\/2019\/11\/pasta-sfogliatrice-kitchenaid-100x100.jpg 100w, https:\/\/www.creaearredanegozi.it\/wp-content\/uploads\/2019\/11\/pasta-sfogliatrice-kitchenaid-64x64.jpg 64w, https:\/\/www.creaearredanegozi.it\/wp-content\/uploads\/2019\/11\/pasta-sfogliatrice-kitchenaid-280x280.jpg 280w\" sizes=\"(max-width: 300px) 100vw, 300px\" \/><\/a><\/td>\n<td style=\"text-align: center;\" align=\"left\">IKPRA Nudelblatt-Set + 2 Schnitte (Tagliatelle - Nudeln)<br \/>\n<iframe loading=\"lazy\" title=\"YouTube-Video-Player\" src=\"https:\/\/www.youtube-nocookie.com\/embed\/m1h6XbXHXzc?si=-1LHaEFf-sJBj_zv\" width=\"560\" height=\"315\" frameborder=\"0\" allowfullscreen=\"allowfullscreen\"><\/iframe><\/td>\n<\/tr>\n<tr>\n<td><a href=\"https:\/\/www.creaearredanegozi.it\/wp-content\/uploads\/2019\/11\/pasta-corta-kitchenaid.jpg\"><img decoding=\"async\" class=\"alignnone size-full wp-image-126874\" src=\"https:\/\/www.creaearredanegozi.it\/wp-content\/uploads\/2019\/11\/pasta-corta-kitchenaid.jpg\" alt=\"\" width=\"300\" height=\"300\" title=\"\" srcset=\"https:\/\/www.creaearredanegozi.it\/wp-content\/uploads\/2019\/11\/pasta-corta-kitchenaid.jpg 300w, https:\/\/www.creaearredanegozi.it\/wp-content\/uploads\/2019\/11\/pasta-corta-kitchenaid-250x250.jpg 250w, https:\/\/www.creaearredanegozi.it\/wp-content\/uploads\/2019\/11\/pasta-corta-kitchenaid-100x100.jpg 100w, https:\/\/www.creaearredanegozi.it\/wp-content\/uploads\/2019\/11\/pasta-corta-kitchenaid-64x64.jpg 64w, https:\/\/www.creaearredanegozi.it\/wp-content\/uploads\/2019\/11\/pasta-corta-kitchenaid-280x280.jpg 280w\" sizes=\"(max-width: 300px) 100vw, 300px\" \/><\/a><\/td>\n<td style=\"text-align: center;\" align=\"left\">IKPEXTA Kurzpasta 6 Matrizen + Zubeh\u00f6r<br \/>\n<iframe loading=\"lazy\" title=\"YouTube-Video-Player\" src=\"https:\/\/www.youtube-nocookie.com\/embed\/O-CeVnWunOk?si=QJ6H2fuI-ioku00V\" width=\"560\" height=\"315\" frameborder=\"0\" allowfullscreen=\"allowfullscreen\"><\/iframe><\/td>\n<\/tr>\n<tr>\n<td><a href=\"https:\/\/www.creaearredanegozi.it\/wp-content\/uploads\/2019\/11\/rullo-sfoglia-kitchenaid.jpg\"><img decoding=\"async\" class=\"alignnone size-full wp-image-126875\" src=\"https:\/\/www.creaearredanegozi.it\/wp-content\/uploads\/2019\/11\/rullo-sfoglia-kitchenaid.jpg\" alt=\"\" width=\"300\" height=\"300\" title=\"\" srcset=\"https:\/\/www.creaearredanegozi.it\/wp-content\/uploads\/2019\/11\/rullo-sfoglia-kitchenaid.jpg 300w, https:\/\/www.creaearredanegozi.it\/wp-content\/uploads\/2019\/11\/rullo-sfoglia-kitchenaid-250x250.jpg 250w, https:\/\/www.creaearredanegozi.it\/wp-content\/uploads\/2019\/11\/rullo-sfoglia-kitchenaid-100x100.jpg 100w, https:\/\/www.creaearredanegozi.it\/wp-content\/uploads\/2019\/11\/rullo-sfoglia-kitchenaid-64x64.jpg 64w, https:\/\/www.creaearredanegozi.it\/wp-content\/uploads\/2019\/11\/rullo-sfoglia-kitchenaid-280x280.jpg 280w\" sizes=\"(max-width: 300px) 100vw, 300px\" \/><\/a><\/td>\n<td style=\"text-align: center;\" align=\"left\">IKPSA Einfacher Bl\u00e4tterteigroller<br \/>\n<iframe loading=\"lazy\" title=\"YouTube-Video-Player\" src=\"https:\/\/www.youtube-nocookie.com\/embed\/Q0noE9GQMeM?si=jnD6Jmw9ciTK7Uo2&amp;start=20\" width=\"560\" height=\"315\" frameborder=\"0\" allowfullscreen=\"allowfullscreen\"><\/iframe><\/td>\n<\/tr>\n<tr>\n<td><a href=\"https:\/\/www.creaearredanegozi.it\/wp-content\/uploads\/2019\/11\/passaverdure-kitchenaid.jpg\"><img decoding=\"async\" class=\"alignnone size-full wp-image-126876\" src=\"https:\/\/www.creaearredanegozi.it\/wp-content\/uploads\/2019\/11\/passaverdure-kitchenaid.jpg\" alt=\"\" width=\"300\" height=\"300\" title=\"\" srcset=\"https:\/\/www.creaearredanegozi.it\/wp-content\/uploads\/2019\/11\/passaverdure-kitchenaid.jpg 300w, https:\/\/www.creaearredanegozi.it\/wp-content\/uploads\/2019\/11\/passaverdure-kitchenaid-250x250.jpg 250w, https:\/\/www.creaearredanegozi.it\/wp-content\/uploads\/2019\/11\/passaverdure-kitchenaid-100x100.jpg 100w, https:\/\/www.creaearredanegozi.it\/wp-content\/uploads\/2019\/11\/passaverdure-kitchenaid-64x64.jpg 64w, https:\/\/www.creaearredanegozi.it\/wp-content\/uploads\/2019\/11\/passaverdure-kitchenaid-280x280.jpg 280w\" sizes=\"(max-width: 300px) 100vw, 300px\" \/><\/a><\/td>\n<td align=\"left\">IKFVSP Gem\u00fcsestampfer<\/td>\n<\/tr>\n<tr>\n<td><a href=\"https:\/\/www.creaearredanegozi.it\/wp-content\/uploads\/2019\/11\/spremiaugrumi-kitchenaid.jpg\"><img decoding=\"async\" class=\"alignnone size-full wp-image-126877\" src=\"https:\/\/www.creaearredanegozi.it\/wp-content\/uploads\/2019\/11\/spremiaugrumi-kitchenaid.jpg\" alt=\"\" width=\"300\" height=\"300\" title=\"\" srcset=\"https:\/\/www.creaearredanegozi.it\/wp-content\/uploads\/2019\/11\/spremiaugrumi-kitchenaid.jpg 300w, https:\/\/www.creaearredanegozi.it\/wp-content\/uploads\/2019\/11\/spremiaugrumi-kitchenaid-250x250.jpg 250w, https:\/\/www.creaearredanegozi.it\/wp-content\/uploads\/2019\/11\/spremiaugrumi-kitchenaid-100x100.jpg 100w, https:\/\/www.creaearredanegozi.it\/wp-content\/uploads\/2019\/11\/spremiaugrumi-kitchenaid-64x64.jpg 64w, https:\/\/www.creaearredanegozi.it\/wp-content\/uploads\/2019\/11\/spremiaugrumi-kitchenaid-280x280.jpg 280w\" sizes=\"(max-width: 300px) 100vw, 300px\" \/><\/a><\/td>\n<td style=\"text-align: center;\">IKJE Entsafter<\/td>\n<\/tr>\n<tr>\n<td><a href=\"https:\/\/www.creaearredanegozi.it\/wp-content\/uploads\/2019\/11\/estrattore-lento-kitchenaid.jpg\"><img decoding=\"async\" class=\"alignnone size-full wp-image-126878\" src=\"https:\/\/www.creaearredanegozi.it\/wp-content\/uploads\/2019\/11\/estrattore-lento-kitchenaid.jpg\" alt=\"\" width=\"300\" height=\"300\" title=\"\" srcset=\"https:\/\/www.creaearredanegozi.it\/wp-content\/uploads\/2019\/11\/estrattore-lento-kitchenaid.jpg 300w, https:\/\/www.creaearredanegozi.it\/wp-content\/uploads\/2019\/11\/estrattore-lento-kitchenaid-250x250.jpg 250w, https:\/\/www.creaearredanegozi.it\/wp-content\/uploads\/2019\/11\/estrattore-lento-kitchenaid-100x100.jpg 100w, https:\/\/www.creaearredanegozi.it\/wp-content\/uploads\/2019\/11\/estrattore-lento-kitchenaid-64x64.jpg 64w, https:\/\/www.creaearredanegozi.it\/wp-content\/uploads\/2019\/11\/estrattore-lento-kitchenaid-280x280.jpg 280w\" sizes=\"(max-width: 300px) 100vw, 300px\" \/><\/a><\/td>\n<td style=\"text-align: center;\">IKSM1JA Langsamauszieher<br \/>\n<iframe loading=\"lazy\" title=\"YouTube-Video-Player\" src=\"https:\/\/www.youtube-nocookie.com\/embed\/3_Qkx-AXxqM?si=ZijdQrfZEEo6utTl\" width=\"560\" height=\"315\" frameborder=\"0\" allowfullscreen=\"allowfullscreen\"><\/iframe><\/td>\n<\/tr>\n<tr>\n<td><a href=\"https:\/\/www.creaearredanegozi.it\/wp-content\/uploads\/2019\/11\/gelatiera-kitchenaid.jpg\"><img decoding=\"async\" class=\"alignnone size-full wp-image-126879\" src=\"https:\/\/www.creaearredanegozi.it\/wp-content\/uploads\/2019\/11\/gelatiera-kitchenaid.jpg\" alt=\"\" width=\"300\" height=\"300\" title=\"\" srcset=\"https:\/\/www.creaearredanegozi.it\/wp-content\/uploads\/2019\/11\/gelatiera-kitchenaid.jpg 300w, https:\/\/www.creaearredanegozi.it\/wp-content\/uploads\/2019\/11\/gelatiera-kitchenaid-250x250.jpg 250w, https:\/\/www.creaearredanegozi.it\/wp-content\/uploads\/2019\/11\/gelatiera-kitchenaid-100x100.jpg 100w, https:\/\/www.creaearredanegozi.it\/wp-content\/uploads\/2019\/11\/gelatiera-kitchenaid-64x64.jpg 64w, https:\/\/www.creaearredanegozi.it\/wp-content\/uploads\/2019\/11\/gelatiera-kitchenaid-280x280.jpg 280w\" sizes=\"(max-width: 300px) 100vw, 300px\" \/><\/a><\/td>\n<td style=\"text-align: center;\">IKICAOWH Speiseeismaschine<br \/>\n<iframe loading=\"lazy\" title=\"YouTube-Video-Player\" src=\"https:\/\/www.youtube-nocookie.com\/embed\/GNTTFLCEIiQ?si=NMM07pSHbc1hN4sI&amp;start=20\" width=\"560\" height=\"315\" frameborder=\"0\" allowfullscreen=\"allowfullscreen\"><\/iframe><\/td>\n<\/tr>\n<tr>\n<td><a href=\"https:\/\/www.creaearredanegozi.it\/wp-content\/uploads\/2019\/11\/macina-cereali-kitchenaid.jpg\"><img decoding=\"async\" class=\"alignnone size-full wp-image-126880\" src=\"https:\/\/www.creaearredanegozi.it\/wp-content\/uploads\/2019\/11\/macina-cereali-kitchenaid.jpg\" alt=\"\" width=\"300\" height=\"300\" title=\"\" srcset=\"https:\/\/www.creaearredanegozi.it\/wp-content\/uploads\/2019\/11\/macina-cereali-kitchenaid.jpg 300w, https:\/\/www.creaearredanegozi.it\/wp-content\/uploads\/2019\/11\/macina-cereali-kitchenaid-250x250.jpg 250w, https:\/\/www.creaearredanegozi.it\/wp-content\/uploads\/2019\/11\/macina-cereali-kitchenaid-100x100.jpg 100w, https:\/\/www.creaearredanegozi.it\/wp-content\/uploads\/2019\/11\/macina-cereali-kitchenaid-64x64.jpg 64w, https:\/\/www.creaearredanegozi.it\/wp-content\/uploads\/2019\/11\/macina-cereali-kitchenaid-280x280.jpg 280w\" sizes=\"(max-width: 300px) 100vw, 300px\" \/><\/a><\/td>\n<td>IKGMA Getreidem\u00fchle<\/td>\n<\/tr>\n<tr>\n<td><a href=\"https:\/\/www.creaearredanegozi.it\/wp-content\/uploads\/2024\/02\/PK45-senza-manico-kitchenaid.jpg\"><img decoding=\"async\" class=\"alignnone size-full wp-image-126895\" src=\"https:\/\/www.creaearredanegozi.it\/wp-content\/uploads\/2024\/02\/PK45-senza-manico-kitchenaid.jpg\" alt=\"\" width=\"300\" height=\"300\" title=\"\" srcset=\"https:\/\/www.creaearredanegozi.it\/wp-content\/uploads\/2024\/02\/PK45-senza-manico-kitchenaid.jpg 300w, https:\/\/www.creaearredanegozi.it\/wp-content\/uploads\/2024\/02\/PK45-senza-manico-kitchenaid-250x250.jpg 250w, https:\/\/www.creaearredanegozi.it\/wp-content\/uploads\/2024\/02\/PK45-senza-manico-kitchenaid-100x100.jpg 100w, https:\/\/www.creaearredanegozi.it\/wp-content\/uploads\/2024\/02\/PK45-senza-manico-kitchenaid-64x64.jpg 64w, https:\/\/www.creaearredanegozi.it\/wp-content\/uploads\/2024\/02\/PK45-senza-manico-kitchenaid-280x280.jpg 280w\" sizes=\"(max-width: 300px) 100vw, 300px\" \/><\/a><\/td>\n<td>IK45SB Schale ohne Griff - 4.28 Lt.<\/td>\n<\/tr>\n<tr>\n<td><a href=\"https:\/\/www.creaearredanegozi.it\/wp-content\/uploads\/2024\/02\/PK45-con-manico-kitchenaid.jpg\"><img decoding=\"async\" class=\"alignnone size-full wp-image-126896\" src=\"https:\/\/www.creaearredanegozi.it\/wp-content\/uploads\/2024\/02\/PK45-con-manico-kitchenaid.jpg\" alt=\"\" width=\"300\" height=\"300\" title=\"\" srcset=\"https:\/\/www.creaearredanegozi.it\/wp-content\/uploads\/2024\/02\/PK45-con-manico-kitchenaid.jpg 300w, https:\/\/www.creaearredanegozi.it\/wp-content\/uploads\/2024\/02\/PK45-con-manico-kitchenaid-250x250.jpg 250w, https:\/\/www.creaearredanegozi.it\/wp-content\/uploads\/2024\/02\/PK45-con-manico-kitchenaid-100x100.jpg 100w, https:\/\/www.creaearredanegozi.it\/wp-content\/uploads\/2024\/02\/PK45-con-manico-kitchenaid-64x64.jpg 64w, https:\/\/www.creaearredanegozi.it\/wp-content\/uploads\/2024\/02\/PK45-con-manico-kitchenaid-280x280.jpg 280w\" sizes=\"(max-width: 300px) 100vw, 300px\" \/><\/a><\/td>\n<td>IK45SBWH Schale mit Griff 4.28 Lt.<\/td>\n<\/tr>\n<\/tbody>\n<\/table>\n<p>&nbsp;<\/p>","protected":false},"excerpt":{"rendered":"<p>Impastatrice planetaria professionale per lavorazione pasta\u00a0 4,5 Litri Modello Planetaria KitchenAid PK 4,5 Macchinario per uso professionale Struttura in metallo pressofuso Movimento planetario originale (lo sbattitore ruota in una direzione mentre mescola e gira nell\u2019altra, in modo che gli ingredienti vengono costantemente portati verso il centro della ciotola) Motore a spazzole Trasmissione a ingranaggi 10 [&#8230;]","protected":false},"featured_media":126893,"comment_status":"closed","ping_status":"closed","template":"","meta":{"_monsterinsights_skip_tracking":false,"_monsterinsights_sitenote_active":false,"_monsterinsights_sitenote_note":"","_monsterinsights_sitenote_category":0},"product_brand":[704],"product_cat":[300,188],"product_tag":[],"class_list":{"0":"post-126892","1":"product","2":"type-product","3":"status-publish","4":"has-post-thumbnail","6":"product_brand-fama","7":"product_cat-planetarie","8":"product_cat-impastatrici-attrezzature-per-pizzeria","9":"product_shipping_class-206","10":"pa_marca-fama","12":"first","13":"instock","14":"taxable","15":"shipping-taxable","16":"purchasable","17":"product-type-simple"},"_links":{"self":[{"href":"https:\/\/www.creaearredanegozi.it\/de\/wp-json\/wp\/v2\/product\/126892","targetHints":{"allow":["GET"]}}],"collection":[{"href":"https:\/\/www.creaearredanegozi.it\/de\/wp-json\/wp\/v2\/product"}],"about":[{"href":"https:\/\/www.creaearredanegozi.it\/de\/wp-json\/wp\/v2\/types\/product"}],"replies":[{"embeddable":true,"href":"https:\/\/www.creaearredanegozi.it\/de\/wp-json\/wp\/v2\/comments?post=126892"}],"wp:featuredmedia":[{"embeddable":true,"href":"https:\/\/www.creaearredanegozi.it\/de\/wp-json\/wp\/v2\/media\/126893"}],"wp:attachment":[{"href":"https:\/\/www.creaearredanegozi.it\/de\/wp-json\/wp\/v2\/media?parent=126892"}],"wp:term":[{"taxonomy":"product_brand","embeddable":true,"href":"https:\/\/www.creaearredanegozi.it\/de\/wp-json\/wp\/v2\/product_brand?post=126892"},{"taxonomy":"product_cat","embeddable":true,"href":"https:\/\/www.creaearredanegozi.it\/de\/wp-json\/wp\/v2\/product_cat?post=126892"},{"taxonomy":"product_tag","embeddable":true,"href":"https:\/\/www.creaearredanegozi.it\/de\/wp-json\/wp\/v2\/product_tag?post=126892"}],"curies":[{"name":"wp","href":"https:\/\/api.w.org\/{rel}","templated":true}]}}