{"id":126945,"date":"2024-02-27T12:04:37","date_gmt":"2024-02-27T11:04:37","guid":{"rendered":"https:\/\/www.creaearredanegozi.it\/?post_type=product&#038;p=126945"},"modified":"2024-12-01T00:00:10","modified_gmt":"2024-11-30T23:00:10","slug":"fimar-easyline-professionelles-glaskeramik-induktionskochfeld-2-kw-e200a-struktur-aus-edelstahl","status":"publish","type":"product","link":"https:\/\/www.creaearredanegozi.it\/de\/fimar-easyline-professionelles-glaskeramik-induktionskochfeld-2-kw-e200a-struktur-aus-edelstahl\/","title":{"rendered":"Semiprofessionelles Induktionskochfeld aus Glaskeramik mit Edelstahlstruktur 2 kW E200A Fimar Easyline"},"content":{"rendered":"<h3>Semiprofessionelles Glaskeramik-Induktionskochfeld mit Inox-Struktur und digitaler Zeitschaltuhr<\/h3>\n<p><strong>Modell E200A Fimar Easyline<\/strong><\/p>\n<p>Maschine mit Induktionskochsystem von der Platte zum Beh\u00e4lter (Metalltyp).<\/p>\n<ul>\n<li>Konstruktion aus rostfreiem Stahl<\/li>\n<li>Glaskeramik-Kochfeld<\/li>\n<li>Digitaler 180-Minuten-Timer<\/li>\n<li>Ber\u00fchrungssteuerung<\/li>\n<li>8 Leistungsstufen.<\/li>\n<\/ul>\n<p>&nbsp;<\/p>\n<table class=\"table table-striped\">\n<tbody>\n<tr>\n<td>\n<p class=\"dati_tecnici_label_1\"><strong>Modell<\/strong><\/p>\n<\/td>\n<td><strong>E200A<\/strong><\/td>\n<\/tr>\n<tr>\n<td><strong>Strom<\/strong><\/td>\n<td align=\"left\">2 KW<\/td>\n<\/tr>\n<tr>\n<td><strong>Stromversorgung<\/strong><\/td>\n<td align=\"left\">230V\/1N\/50Hz<\/td>\n<\/tr>\n<tr>\n<td><b>Induktive Oberfl\u00e4che<\/b><\/td>\n<td align=\"left\">\u00f8 120 \u00f7 \u00f8 240 mm<\/td>\n<\/tr>\n<tr>\n<td><b>Abmessungen mm<\/b><\/td>\n<td align=\"left\">295 x 375 x 60(h) mm<\/td>\n<\/tr>\n<tr>\n<td><b>Abmessungen der Verpackung mm<\/b><\/td>\n<td align=\"left\">350 x 470 x 100(h) mm<\/td>\n<\/tr>\n<tr>\n<td><strong>Nettogewicht<\/strong><\/td>\n<td align=\"left\">4 kg<\/td>\n<\/tr>\n<tr>\n<td><strong>Bruttogewicht<\/strong><\/td>\n<td align=\"left\">5 kg<\/td>\n<\/tr>\n<\/tbody>\n<\/table>\n<p>&nbsp;<\/p>","protected":false},"excerpt":{"rendered":"<p>Piastra Induzione in Vetroceramica Semiprofessionale Struttura Inox e Timer Digitale Modello E200A Fimar Easyline Macchina con sistema di cottura ad induzione di calore dalla piastra al contenitore (di tipo metallico). Struttura in acciaio inox Piastra in vetroceramica Timer digitale da 180 minuti Touch control 8 livelli di potenza. &nbsp; Modello E200A Potenza 2 KW Alimentazione [&#8230;]","protected":false},"featured_media":126946,"comment_status":"closed","ping_status":"closed","template":"","meta":{"_monsterinsights_skip_tracking":false,"_monsterinsights_sitenote_active":false,"_monsterinsights_sitenote_note":"","_monsterinsights_sitenote_category":0},"product_brand":[623,628],"product_cat":[88,9,86],"product_tag":[],"class_list":{"0":"post-126945","1":"product","2":"type-product","3":"status-publish","4":"has-post-thumbnail","6":"product_brand-easyline","7":"product_brand-fimar","8":"product_cat-a-induzione","9":"product_cat-attrezzature-pub","10":"product_cat-piastre","11":"product_shipping_class-215","12":"pa_marca-easyline-by-fimar","14":"first","15":"instock","16":"taxable","17":"shipping-taxable","18":"purchasable","19":"product-type-simple"},"_links":{"self":[{"href":"https:\/\/www.creaearredanegozi.it\/de\/wp-json\/wp\/v2\/product\/126945","targetHints":{"allow":["GET"]}}],"collection":[{"href":"https:\/\/www.creaearredanegozi.it\/de\/wp-json\/wp\/v2\/product"}],"about":[{"href":"https:\/\/www.creaearredanegozi.it\/de\/wp-json\/wp\/v2\/types\/product"}],"replies":[{"embeddable":true,"href":"https:\/\/www.creaearredanegozi.it\/de\/wp-json\/wp\/v2\/comments?post=126945"}],"wp:featuredmedia":[{"embeddable":true,"href":"https:\/\/www.creaearredanegozi.it\/de\/wp-json\/wp\/v2\/media\/126946"}],"wp:attachment":[{"href":"https:\/\/www.creaearredanegozi.it\/de\/wp-json\/wp\/v2\/media?parent=126945"}],"wp:term":[{"taxonomy":"product_brand","embeddable":true,"href":"https:\/\/www.creaearredanegozi.it\/de\/wp-json\/wp\/v2\/product_brand?post=126945"},{"taxonomy":"product_cat","embeddable":true,"href":"https:\/\/www.creaearredanegozi.it\/de\/wp-json\/wp\/v2\/product_cat?post=126945"},{"taxonomy":"product_tag","embeddable":true,"href":"https:\/\/www.creaearredanegozi.it\/de\/wp-json\/wp\/v2\/product_tag?post=126945"}],"curies":[{"name":"wp","href":"https:\/\/api.w.org\/{rel}","templated":true}]}}