{"id":126957,"date":"2024-02-27T12:36:49","date_gmt":"2024-02-27T11:36:49","guid":{"rendered":"https:\/\/www.creaearredanegozi.it\/?post_type=product&#038;p=126957"},"modified":"2024-12-01T00:00:11","modified_gmt":"2024-11-30T23:00:11","slug":"professionelles-doppel-induktions-glaskeramik-kochfeld-18-kw-13-kw-bt310t3-fimar-easyline","status":"publish","type":"product","link":"https:\/\/www.creaearredanegozi.it\/de\/professionelles-doppel-induktions-glaskeramik-kochfeld-18-kw-13-kw-bt310t3-fimar-easyline\/","title":{"rendered":"Professionelles Doppel-Induktions-Glaskeramik-Kochfeld 1,8 kW + 1,3 kW BT310T3 Fimar Easyline"},"content":{"rendered":"<h3>Profi-Induktionskochfeld Glaskeramik-Kochfeld<\/h3>\n<p><strong>INDUKTIONSKOCHFELD BT310T3<\/strong><br \/>\nMaschine mit Induktionskochsystem von der Platte zum Beh\u00e4lter (Metalltyp).<\/p>\n<ul>\n<li>Plastische Struktur f\u00fcr das Modell.<\/li>\n<li>Glaskeramik-Kochfeld.<\/li>\n<li>Betrieb im Leistungsstufenmodus und\/oder im Temperaturmodus.<\/li>\n<li>Ber\u00fchrungssteuerung.<\/li>\n<li>Digitale Zeitschaltuhr.<\/li>\n<li>Bereit zum Einbetten.<\/li>\n<\/ul>\n<p>&nbsp;<\/p>\n<table class=\"table table-striped\">\n<tbody>\n<tr>\n<td>\n<p class=\"dati_tecnici_label_1\"><strong>Modell<\/strong><\/p>\n<\/td>\n<td><strong>BT310T3<\/strong><\/td>\n<\/tr>\n<tr>\n<td><strong>Strom<\/strong><\/td>\n<td align=\"left\">1,8 kW + 1,3 kW<\/td>\n<\/tr>\n<tr>\n<td><strong>Stromversorgung<\/strong><\/td>\n<td align=\"left\">230V\/1N\/50Hz<\/td>\n<\/tr>\n<tr>\n<td><b>Induktive Oberfl\u00e4che<\/b><\/td>\n<td align=\"left\">\u00f8 275 \u00f7 \u00f8 495 mm<\/td>\n<\/tr>\n<tr>\n<td><b>Abmessungen mm<\/b><\/td>\n<td align=\"left\">290 x 510 x 80(h) mm<\/td>\n<\/tr>\n<tr>\n<td><strong>Nettogewicht<\/strong><\/td>\n<td align=\"left\">5 kg<\/td>\n<\/tr>\n<tr>\n<td><strong>Bruttogewicht<\/strong><\/td>\n<td align=\"left\">6 kg<\/td>\n<\/tr>\n<\/tbody>\n<\/table>\n<p>&nbsp;<\/p>","protected":false},"excerpt":{"rendered":"<p>Piastra Induzione Professionale Piano in Vetroceramica PIASTRA INDUZIONE BT310T3 Macchina con sistema di cottura ad induzione di calore dalla piastra al contenitore (di tipo metallico). Struttura in plastica per il modello. Piastra in vetroceramica. Funzionamento in modalit\u00e0 livelli di potenza e\/o in modalit\u00e0 temperatura. Touch control. Timer digitale. Predisposte per l\u2019incasso. &nbsp; Modello BT310T3 Potenza [&#8230;]","protected":false},"featured_media":126958,"comment_status":"closed","ping_status":"closed","template":"","meta":{"_monsterinsights_skip_tracking":false,"_monsterinsights_sitenote_active":false,"_monsterinsights_sitenote_note":"","_monsterinsights_sitenote_category":0},"product_brand":[623,628],"product_cat":[88,9,86],"product_tag":[],"class_list":{"0":"post-126957","1":"product","2":"type-product","3":"status-publish","4":"has-post-thumbnail","6":"product_brand-easyline","7":"product_brand-fimar","8":"product_cat-a-induzione","9":"product_cat-attrezzature-pub","10":"product_cat-piastre","11":"product_shipping_class-f","12":"pa_marca-easyline-by-fimar","14":"first","15":"instock","16":"taxable","17":"shipping-taxable","18":"purchasable","19":"product-type-simple"},"_links":{"self":[{"href":"https:\/\/www.creaearredanegozi.it\/de\/wp-json\/wp\/v2\/product\/126957","targetHints":{"allow":["GET"]}}],"collection":[{"href":"https:\/\/www.creaearredanegozi.it\/de\/wp-json\/wp\/v2\/product"}],"about":[{"href":"https:\/\/www.creaearredanegozi.it\/de\/wp-json\/wp\/v2\/types\/product"}],"replies":[{"embeddable":true,"href":"https:\/\/www.creaearredanegozi.it\/de\/wp-json\/wp\/v2\/comments?post=126957"}],"wp:featuredmedia":[{"embeddable":true,"href":"https:\/\/www.creaearredanegozi.it\/de\/wp-json\/wp\/v2\/media\/126958"}],"wp:attachment":[{"href":"https:\/\/www.creaearredanegozi.it\/de\/wp-json\/wp\/v2\/media?parent=126957"}],"wp:term":[{"taxonomy":"product_brand","embeddable":true,"href":"https:\/\/www.creaearredanegozi.it\/de\/wp-json\/wp\/v2\/product_brand?post=126957"},{"taxonomy":"product_cat","embeddable":true,"href":"https:\/\/www.creaearredanegozi.it\/de\/wp-json\/wp\/v2\/product_cat?post=126957"},{"taxonomy":"product_tag","embeddable":true,"href":"https:\/\/www.creaearredanegozi.it\/de\/wp-json\/wp\/v2\/product_tag?post=126957"}],"curies":[{"name":"wp","href":"https:\/\/api.w.org\/{rel}","templated":true}]}}