{"id":126968,"date":"2024-02-27T13:37:03","date_gmt":"2024-02-27T12:37:03","guid":{"rendered":"https:\/\/www.creaearredanegozi.it\/?post_type=product&#038;p=126968"},"modified":"2024-12-01T00:00:11","modified_gmt":"2024-11-30T23:00:11","slug":"professionelles-rundes-waffelgerat-aus-edelstahl-wmfy2205-easyline-fimar","status":"publish","type":"product","link":"https:\/\/www.creaearredanegozi.it\/de\/professionelles-rundes-waffelgerat-aus-edelstahl-wmfy2205-easyline-fimar\/","title":{"rendered":"Professionelle runde Waffelmaschine aus Edelstahl WMFY2205 Easyline Fimar"},"content":{"rendered":"<h3>Professionelle runde Waffelmaschine aus Edelstahl 1300 W<\/h3>\n<p class=\"product_title entry-title\"><strong>WAFFELMASCHINE Modell WMFY2205 Easyline<\/strong><\/p>\n<div class=\"woocommerce-product-details__short-description\">\n<p>Das Modell ist mit einem Drehteller ausgestattet, der durch Kippen eine gleichm\u00e4\u00dfigere Verteilung des Teigs erm\u00f6glicht.<\/p>\n<\/div>\n<ul>\n<li>Konstruktion aus rostfreiem Stahl<\/li>\n<li>Teflonbeschichtete Kochplatte<\/li>\n<li>Kochfeldgr\u00f6\u00dfe 185 mm<\/li>\n<li>Thermostat 50-300 \u00b0C<\/li>\n<li>Zeitschaltuhr 0-5 Minuten<\/li>\n<li>Drehteller.<\/li>\n<\/ul>\n<hr \/>\n<p><strong>Technische Daten<\/strong><\/p>\n<table class=\"table table-striped\">\n<tbody>\n<tr>\n<td width=\"28%\">Modell<\/td>\n<td width=\"42%\">WMFY2205<\/td>\n<\/tr>\n<tr>\n<td>Strom<\/td>\n<td>1,3 kW<\/td>\n<\/tr>\n<tr>\n<td>Stromversorgung<\/td>\n<td>220-240 V \/ 1N \/ 50-60 HZ<\/td>\n<\/tr>\n<tr>\n<td>Arbeitstemperatur<\/td>\n<td>50-300 \u00b0C<\/td>\n<\/tr>\n<tr>\n<td>Zeitschaltuhr<\/td>\n<td>0\u00f75'<\/td>\n<\/tr>\n<tr>\n<td>Kochfeldgr\u00f6\u00dfe<\/td>\n<td>\u00f8 185 mm<\/td>\n<\/tr>\n<tr>\n<td>Abmessungen<\/td>\n<td>280 x 520 x 310\/655(h) mm<\/td>\n<\/tr>\n<tr>\n<td>Nettogewicht<\/td>\n<td>9 KG<\/td>\n<\/tr>\n<tr>\n<td>Bruttogewicht<\/td>\n<td>10 KG<\/td>\n<\/tr>\n<\/tbody>\n<\/table>\n<hr \/>\n<p><img decoding=\"async\" class=\"alignnone size-full wp-image-125104 aligncenter\" src=\"https:\/\/www.creaearredanegozi.it\/wp-content\/uploads\/2016\/01\/Waffle.jpg\" alt=\"\" width=\"95%\" height=\"auto\" title=\"\" srcset=\"https:\/\/www.creaearredanegozi.it\/wp-content\/uploads\/2016\/01\/Waffle.jpg 743w, https:\/\/www.creaearredanegozi.it\/wp-content\/uploads\/2016\/01\/Waffle-516x356.jpg 516w, https:\/\/www.creaearredanegozi.it\/wp-content\/uploads\/2016\/01\/Waffle-64x44.jpg 64w, https:\/\/www.creaearredanegozi.it\/wp-content\/uploads\/2016\/01\/Waffle-580x400.jpg 580w\" sizes=\"(max-width: 743px) 100vw, 743px\" \/><\/p>","protected":false},"excerpt":{"rendered":"<p>Macchina Piastra Rotante per Waffle Tondi Professionale Acciaio Inox 1300 W WAFFLE MACHINE modello WMFY2205\u00a0Easyline Il modello \u00e8 dotato di piastra rotante che, ribaltandola, permette una distribuzione dell\u2019impasto pi\u00f9 omogenea. Struttura in acciaio inox Piastra di cottura teflonata Dimensione piano cottura 185 mm Termostato 50-300 \u00b0C Timer 0-5 minuti Piastra rotante. Dati Tecnici Modello WMFY2205 [&#8230;]","protected":false},"featured_media":126969,"comment_status":"closed","ping_status":"closed","template":"","meta":{"_monsterinsights_skip_tracking":false,"_monsterinsights_sitenote_active":false,"_monsterinsights_sitenote_note":"","_monsterinsights_sitenote_category":0},"product_brand":[623,628],"product_cat":[10,9,89,86,175,94],"product_tag":[],"class_list":{"0":"post-126968","1":"product","2":"type-product","3":"status-publish","4":"has-post-thumbnail","6":"product_brand-easyline","7":"product_brand-fimar","8":"product_cat-attrezzature-bar","9":"product_cat-attrezzature-pub","10":"product_cat-in-ghisa","11":"product_cat-piastre","12":"product_cat-piastre-ristorazione","13":"product_cat-tostiere","14":"product_shipping_class-f","15":"pa_marca-easyline-by-fimar","17":"first","18":"instock","19":"taxable","20":"shipping-taxable","21":"purchasable","22":"product-type-simple"},"_links":{"self":[{"href":"https:\/\/www.creaearredanegozi.it\/de\/wp-json\/wp\/v2\/product\/126968","targetHints":{"allow":["GET"]}}],"collection":[{"href":"https:\/\/www.creaearredanegozi.it\/de\/wp-json\/wp\/v2\/product"}],"about":[{"href":"https:\/\/www.creaearredanegozi.it\/de\/wp-json\/wp\/v2\/types\/product"}],"replies":[{"embeddable":true,"href":"https:\/\/www.creaearredanegozi.it\/de\/wp-json\/wp\/v2\/comments?post=126968"}],"wp:featuredmedia":[{"embeddable":true,"href":"https:\/\/www.creaearredanegozi.it\/de\/wp-json\/wp\/v2\/media\/126969"}],"wp:attachment":[{"href":"https:\/\/www.creaearredanegozi.it\/de\/wp-json\/wp\/v2\/media?parent=126968"}],"wp:term":[{"taxonomy":"product_brand","embeddable":true,"href":"https:\/\/www.creaearredanegozi.it\/de\/wp-json\/wp\/v2\/product_brand?post=126968"},{"taxonomy":"product_cat","embeddable":true,"href":"https:\/\/www.creaearredanegozi.it\/de\/wp-json\/wp\/v2\/product_cat?post=126968"},{"taxonomy":"product_tag","embeddable":true,"href":"https:\/\/www.creaearredanegozi.it\/de\/wp-json\/wp\/v2\/product_tag?post=126968"}],"curies":[{"name":"wp","href":"https:\/\/api.w.org\/{rel}","templated":true}]}}