{"id":127554,"date":"2024-03-26T10:57:21","date_gmt":"2024-03-26T09:57:21","guid":{"rendered":"https:\/\/www.creaearredanegozi.it\/?post_type=product&#038;p=127554"},"modified":"2025-12-03T20:40:16","modified_gmt":"2025-12-03T19:40:16","slug":"kit-von-3-professionellen-pizza-tools-pizzaschaufeln-furcar-av-4972","status":"publish","type":"product","link":"https:\/\/www.creaearredanegozi.it\/de\/kit-von-3-professionellen-pizza-tools-pizzaschaufeln-furcar-av-4972\/","title":{"rendered":"Kit 3 Professionelle Pizza Tools Pizzaschaufeln Forcar AV 4972"},"content":{"rendered":"<h3>Kit 3 Professionelle Pizza Tools Pizzaschaufeln Forcar<\/h3>\n<p><strong>3-teiliger Bausatz AV 4972<\/strong><\/p>\n<p>3 Professionelle Back- und Reinigungswerkzeuge f\u00fcr jeden Pizzab\u00e4ckerbetrieb.<br \/>\n3-teiliges Set: Schaufel, Schaufel und B\u00fcrste<\/p>\n<p>Abmessungen 135(h) cm (Schaufel \u00f8 33 cm - Schaufel \u00f8 22 cm - B\u00fcrste).<\/p>","protected":false},"excerpt":{"rendered":"<p>Kit 3 Attrezzi per Pizza Professionale Pale per Pizzeria Forcar Kit 3 pezzi AV 4972 3 Attrezzi professionali per infornare sfornare e pulire per ogni tipo di attivit\u00e0 con forno per pizza. Kit 3 pezzi: pala, palino e spazzola Dimensioni 135(h) cm (pala \u00f8 33 cm &#8211; palino \u00f8 22 cm &#8211; spazzola).<\/p>","protected":false},"featured_media":127555,"comment_status":"closed","ping_status":"closed","template":"","meta":{"_monsterinsights_skip_tracking":false,"_monsterinsights_sitenote_active":false,"_monsterinsights_sitenote_note":"","_monsterinsights_sitenote_category":0},"product_brand":[624],"product_cat":[73,46,75,344,343,760],"product_tag":[],"class_list":{"0":"post-127554","1":"product","2":"type-product","3":"status-publish","4":"has-post-thumbnail","6":"product_brand-forcar","7":"product_cat-pale","8":"product_cat-attrezzature-per-pizzeria-attrezzi-pizzaiolo","9":"product_cat-otelleria","10":"product_cat-pale-per-cuocere-sfornare","11":"product_cat-pale-per-infornare","12":"product_cat-pizzeria","13":"product_shipping_class-f","14":"pa_marca-forcar","16":"first","17":"instock","18":"sale","19":"taxable","20":"shipping-taxable","21":"purchasable","22":"product-type-simple"},"_links":{"self":[{"href":"https:\/\/www.creaearredanegozi.it\/de\/wp-json\/wp\/v2\/product\/127554","targetHints":{"allow":["GET"]}}],"collection":[{"href":"https:\/\/www.creaearredanegozi.it\/de\/wp-json\/wp\/v2\/product"}],"about":[{"href":"https:\/\/www.creaearredanegozi.it\/de\/wp-json\/wp\/v2\/types\/product"}],"replies":[{"embeddable":true,"href":"https:\/\/www.creaearredanegozi.it\/de\/wp-json\/wp\/v2\/comments?post=127554"}],"wp:featuredmedia":[{"embeddable":true,"href":"https:\/\/www.creaearredanegozi.it\/de\/wp-json\/wp\/v2\/media\/127555"}],"wp:attachment":[{"href":"https:\/\/www.creaearredanegozi.it\/de\/wp-json\/wp\/v2\/media?parent=127554"}],"wp:term":[{"taxonomy":"product_brand","embeddable":true,"href":"https:\/\/www.creaearredanegozi.it\/de\/wp-json\/wp\/v2\/product_brand?post=127554"},{"taxonomy":"product_cat","embeddable":true,"href":"https:\/\/www.creaearredanegozi.it\/de\/wp-json\/wp\/v2\/product_cat?post=127554"},{"taxonomy":"product_tag","embeddable":true,"href":"https:\/\/www.creaearredanegozi.it\/de\/wp-json\/wp\/v2\/product_tag?post=127554"}],"curies":[{"name":"wp","href":"https:\/\/api.w.org\/{rel}","templated":true}]}}