{"id":127603,"date":"2024-04-05T12:43:43","date_gmt":"2024-04-05T10:43:43","guid":{"rendered":"https:\/\/www.creaearredanegozi.it\/?post_type=product&#038;p=127603"},"modified":"2025-12-03T20:40:18","modified_gmt":"2025-12-03T19:40:18","slug":"dusche-mit-mischbatterie-hohe-1200mm-professionelle-brunnen-furcar-gdo120m","status":"publish","type":"product","link":"https:\/\/www.creaearredanegozi.it\/de\/dusche-mit-mischbatterie-hohe-1200mm-professionelle-brunnen-furcar-gdo120m\/","title":{"rendered":"Duscheinheit mit Mischbatterie H\u00f6he 1200mm Professional Fountain Forcar GDO120M"},"content":{"rendered":"<h3>Brunnen f\u00fcr Sp\u00fclbecken-Duschgruppe mit Mischbatterie<\/h3>\n<p><strong>Professionelle Duscheinheit Forcar GDO120M<\/strong><\/p>\n<p>Duscheinheit mit Einlochbatterie h 1200 mm.<\/p>\n<p>Mit Multidrehkn\u00f6pfen.<\/p>\n<p><a href=\"https:\/\/www.creaearredanegozi.it\/wp-content\/uploads\/2024\/04\/GDO120M-misure.jpg\"><img decoding=\"async\" class=\"alignnone size-medium wp-image-127606\" src=\"https:\/\/www.creaearredanegozi.it\/wp-content\/uploads\/2024\/04\/GDO120M-misure-338x400.jpg\" alt=\"\" width=\"338\" height=\"400\" title=\"\" srcset=\"https:\/\/www.creaearredanegozi.it\/wp-content\/uploads\/2024\/04\/GDO120M-misure-338x400.jpg 338w, https:\/\/www.creaearredanegozi.it\/wp-content\/uploads\/2024\/04\/GDO120M-misure-64x76.jpg 64w, https:\/\/www.creaearredanegozi.it\/wp-content\/uploads\/2024\/04\/GDO120M-misure.jpg 454w\" sizes=\"(max-width: 338px) 100vw, 338px\" \/><\/a><\/p>","protected":false},"excerpt":{"rendered":"<p>Fontana per Lavello Gruppo Doccia con Miscelatore Gruppo doccia professionale Forcar GDO120M Gruppo doccia con miscelatore monoforo h 1200 mm. Con manopole multigiro.<\/p>","protected":false},"featured_media":127607,"comment_status":"closed","ping_status":"closed","template":"","meta":{"_monsterinsights_skip_tracking":false,"_monsterinsights_sitenote_active":false,"_monsterinsights_sitenote_note":"","_monsterinsights_sitenote_category":0},"product_brand":[624],"product_cat":[18,119],"product_tag":[220,124,125,123,221],"class_list":{"0":"post-127603","1":"product","2":"type-product","3":"status-publish","4":"has-post-thumbnail","6":"product_brand-forcar","7":"product_cat-arredo-acciaio-inox","8":"product_cat-lavatoi","9":"product_tag-lavandino","10":"product_tag-lavandino-2-vasche-per-ristorazione","11":"product_tag-lavatoio-inox-professionale","12":"product_tag-lavatoio-per-ristoranti","13":"product_tag-lavello","14":"product_shipping_class-215","15":"pa_marca-forcar","17":"first","18":"instock","19":"sale","20":"sold-individually","21":"taxable","22":"shipping-taxable","23":"purchasable","24":"product-type-simple"},"_links":{"self":[{"href":"https:\/\/www.creaearredanegozi.it\/de\/wp-json\/wp\/v2\/product\/127603","targetHints":{"allow":["GET"]}}],"collection":[{"href":"https:\/\/www.creaearredanegozi.it\/de\/wp-json\/wp\/v2\/product"}],"about":[{"href":"https:\/\/www.creaearredanegozi.it\/de\/wp-json\/wp\/v2\/types\/product"}],"replies":[{"embeddable":true,"href":"https:\/\/www.creaearredanegozi.it\/de\/wp-json\/wp\/v2\/comments?post=127603"}],"wp:featuredmedia":[{"embeddable":true,"href":"https:\/\/www.creaearredanegozi.it\/de\/wp-json\/wp\/v2\/media\/127607"}],"wp:attachment":[{"href":"https:\/\/www.creaearredanegozi.it\/de\/wp-json\/wp\/v2\/media?parent=127603"}],"wp:term":[{"taxonomy":"product_brand","embeddable":true,"href":"https:\/\/www.creaearredanegozi.it\/de\/wp-json\/wp\/v2\/product_brand?post=127603"},{"taxonomy":"product_cat","embeddable":true,"href":"https:\/\/www.creaearredanegozi.it\/de\/wp-json\/wp\/v2\/product_cat?post=127603"},{"taxonomy":"product_tag","embeddable":true,"href":"https:\/\/www.creaearredanegozi.it\/de\/wp-json\/wp\/v2\/product_tag?post=127603"}],"curies":[{"name":"wp","href":"https:\/\/api.w.org\/{rel}","templated":true}]}}