{"id":127695,"date":"2024-04-15T12:01:37","date_gmt":"2024-04-15T10:01:37","guid":{"rendered":"https:\/\/www.creaearredanegozi.it\/?post_type=product&#038;p=127695"},"modified":"2024-04-15T13:04:45","modified_gmt":"2024-04-15T11:04:45","slug":"professionelle-fleischwolf-mund-70-mm-750-w-ruhm-ts-12","status":"publish","type":"product","link":"https:\/\/www.creaearredanegozi.it\/de\/professionelle-fleischwolf-mund-70-mm-750-w-ruhm-ts-12\/","title":{"rendered":"Professioneller Fleischwolf Maulweite 70 mm 750 W FAMA TS 12"},"content":{"rendered":"<h3>Professioneller Fleischwolf Maulweite 70mm 750 W<\/h3>\n<p><strong>Produkt-Code TS12 FAMA<\/strong><\/p>\n<ul>\n<li>Maschinen f\u00fcr den professionellen Einsatz.<\/li>\n<li>Hergestellt aus einer druckgegossenen und polierten Aluminiumlegierung.<\/li>\n<li>Elegantes Band aus rostfreiem Stahl am Motorgeh\u00e4use.<\/li>\n<li>Schr\u00e4gverzahnte Zahnr\u00e4der aus im \u00d6lbad geh\u00e4rtetem Stahl.<\/li>\n<li>Bel\u00fcfteter Asynchronmotor mit W\u00e4rmeschutz.<\/li>\n<li>Fleischwolf: Gusseisen\/Edelstahl.<\/li>\n<li>Selbstsch\u00e4rfende Matrizen aus rostfreiem Stahl als Standard.<\/li>\n<li>Trichter und Auffangplatte aus Edelstahl.<\/li>\n<li>ABS-St\u00f6\u00dfel.<\/li>\n<li>24-Volt-Steuerung.<\/li>\n<li>Absack-Set (auf Anfrage).<\/li>\n<li>R\u00fcckw\u00e4rtsgang (auf Anfrage).<\/li>\n<li>EG-Normen.<\/li>\n<li>Hergestellt in Italien.<\/li>\n<li>Ausgestattet mit W\u00e4rmeschutz.<\/li>\n<li>Die Platte wird standardm\u00e4\u00dfig mit 6 mm Bohrung geliefert.<\/li>\n<\/ul>\n<div class=\"well\">\n<p>&nbsp;<\/p>\n<\/div>\n<p><strong>Technische Daten:<\/strong><\/p>\n<table style=\"border-collapse: collapse; width: 100%;\">\n<tbody>\n<tr>\n<td style=\"width: 50%;\"><strong>Modell<\/strong><\/td>\n<td style=\"width: 50%;\"><strong>TS 12<\/strong><\/td>\n<\/tr>\n<tr>\n<td style=\"width: 50%;\">Stromversorgung (Volt\/Hz)<\/td>\n<td style=\"width: 50%;\">230\/50 - 230-400\/50<\/td>\n<\/tr>\n<tr>\n<td style=\"width: 50%;\">Leistung (Kwatt\/Hp)<\/td>\n<td style=\"width: 50%;\">0,75 (1,00)<\/td>\n<\/tr>\n<tr>\n<td style=\"width: 50%;\">Umdrehungen\/m Schnecke (RPM)<\/td>\n<td style=\"width: 50%;\">200<\/td>\n<\/tr>\n<tr>\n<td style=\"width: 50%;\">St\u00fcndliche Leistung (kg)<\/td>\n<td style=\"width: 50%;\">150\/200<\/td>\n<\/tr>\n<tr>\n<td style=\"width: 50%;\">Auslass\u00f6ffnung (mm)<\/td>\n<td style=\"width: 50%;\">\u00f870<\/td>\n<\/tr>\n<tr>\n<td style=\"width: 50%;\">Einf\u00fchrungs\u00f6ffnung f\u00fcr Fleisch (mm)<\/td>\n<td style=\"width: 50%;\">\u00f852<\/td>\n<\/tr>\n<tr>\n<td style=\"width: 50%;\">Gelieferte Platte (mm)<\/td>\n<td style=\"width: 50%;\">\u00f86<\/td>\n<\/tr>\n<tr>\n<td style=\"width: 50%;\">Schleifen von Gruppen<\/td>\n<td style=\"width: 50%;\">Edelstahl \/ Gusseisen<\/td>\n<\/tr>\n<tr>\n<td style=\"width: 50%;\">Einphasig\/dreiphasig Nettogewicht (kg)<\/td>\n<td style=\"width: 50%;\">19,0\/16,0<\/td>\n<\/tr>\n<tr>\n<td style=\"width: 50%;\">Bruttogewicht einphasig\/dreiphasig (kg)<\/td>\n<td style=\"width: 50%;\">21,0\/18,0<\/td>\n<\/tr>\n<tr>\n<td style=\"width: 50%;\">Abmessungen (mm)<\/td>\n<td style=\"width: 50%;\">B. 220 D. 370 H. 440<\/td>\n<\/tr>\n<tr>\n<td style=\"width: 50%;\">Verpackungsgr\u00f6\u00dfe (mm)<\/td>\n<td style=\"width: 50%;\">B. 250 D. 440 H. 440<\/td>\n<\/tr>\n<\/tbody>\n<\/table>\n<p style=\"text-align: left;\">","protected":false},"excerpt":{"rendered":"<p>Tritacarne Professionale Bocca 70mm 750 W Codice Prodotto TS12 FAMA Macchinario per uso professionale. Costruito in lega di alluminio pressofuso e lucidato. Elegante fascia in acciaio inossidabile sulla carcassa motore. Ingranaggi elicoidali in acciaio temperato a bagno d\u2019olio. Motore asincrono ventilato con termica di protezione. Gruppo macinazione carne: Ghisa \/ Acciaio Inox. Trafile auto affilanti [&#8230;]","protected":false},"featured_media":127698,"comment_status":"closed","ping_status":"closed","template":"","meta":{"_monsterinsights_skip_tracking":false,"_monsterinsights_sitenote_active":false,"_monsterinsights_sitenote_note":"","_monsterinsights_sitenote_category":0},"product_brand":[704],"product_cat":[49,26,25,183],"product_tag":[],"class_list":{"0":"post-127695","1":"product","2":"type-product","3":"status-publish","4":"has-post-thumbnail","6":"product_brand-fama","7":"product_cat-tritacarne","8":"product_cat-macelleria-e-gastronomia","9":"product_cat-attrezzature-ristoranti-pub-cucine","10":"product_cat-tritacarne-ristorazione","11":"product_shipping_class-215","12":"pa_marca-fama","13":"pa_versione-acciaio-inox","14":"pa_versione-ghisa-alimentare","16":"first","17":"instock","18":"taxable","19":"shipping-taxable","20":"purchasable","21":"product-type-simple"},"_links":{"self":[{"href":"https:\/\/www.creaearredanegozi.it\/de\/wp-json\/wp\/v2\/product\/127695","targetHints":{"allow":["GET"]}}],"collection":[{"href":"https:\/\/www.creaearredanegozi.it\/de\/wp-json\/wp\/v2\/product"}],"about":[{"href":"https:\/\/www.creaearredanegozi.it\/de\/wp-json\/wp\/v2\/types\/product"}],"replies":[{"embeddable":true,"href":"https:\/\/www.creaearredanegozi.it\/de\/wp-json\/wp\/v2\/comments?post=127695"}],"wp:featuredmedia":[{"embeddable":true,"href":"https:\/\/www.creaearredanegozi.it\/de\/wp-json\/wp\/v2\/media\/127698"}],"wp:attachment":[{"href":"https:\/\/www.creaearredanegozi.it\/de\/wp-json\/wp\/v2\/media?parent=127695"}],"wp:term":[{"taxonomy":"product_brand","embeddable":true,"href":"https:\/\/www.creaearredanegozi.it\/de\/wp-json\/wp\/v2\/product_brand?post=127695"},{"taxonomy":"product_cat","embeddable":true,"href":"https:\/\/www.creaearredanegozi.it\/de\/wp-json\/wp\/v2\/product_cat?post=127695"},{"taxonomy":"product_tag","embeddable":true,"href":"https:\/\/www.creaearredanegozi.it\/de\/wp-json\/wp\/v2\/product_tag?post=127695"}],"curies":[{"name":"wp","href":"https:\/\/api.w.org\/{rel}","templated":true}]}}