{"id":127791,"date":"2024-05-02T12:30:52","date_gmt":"2024-05-02T10:30:52","guid":{"rendered":"https:\/\/www.creaearredanegozi.it\/?post_type=product&#038;p=127791"},"modified":"2024-05-02T12:42:57","modified_gmt":"2024-05-02T10:42:57","slug":"professioneller-fleischwolf-mund-98mm-1500-w-fame-ti-32-eco","status":"publish","type":"product","link":"https:\/\/www.creaearredanegozi.it\/de\/professioneller-fleischwolf-mund-98mm-1500-w-fame-ti-32-eco\/","title":{"rendered":"Profi-Fleischwolf Maulweite 98mm 1500 W FAMA TI 32 ECO"},"content":{"rendered":"<h3>Professioneller Fleischwolf Maulweite 98mm 1500 W<\/h3>\n<p><strong>Produkt-Code TI 32 ECO FAMA<\/strong><\/p>\n<ul>\n<li>Maschinen f\u00fcr den professionellen Einsatz.<\/li>\n<li>Hergestellt aus einer druckgegossenen und polierten Aluminiumlegierung.<\/li>\n<li>Elegantes Band aus rostfreiem Stahl am Motorgeh\u00e4use.<\/li>\n<li>Schr\u00e4gverzahnte Zahnr\u00e4der aus im \u00d6lbad geh\u00e4rtetem Stahl.<\/li>\n<li>Bel\u00fcfteter Asynchronmotor mit W\u00e4rmeschutz.<\/li>\n<li><strong>Abnehmbare Schleifeinheit<\/strong><\/li>\n<li>Bel\u00fcftet.<\/li>\n<li>Fleischwolf: Lebensmittelgerechtes Gusseisen \/ Edelstahl.<\/li>\n<li>Selbstsch\u00e4rfende Matrizen aus rostfreiem Stahl als Standard.<\/li>\n<li>Trichter und Auffangplatte aus Edelstahl.<\/li>\n<li>ABS-St\u00f6\u00dfel.<\/li>\n<li>24-Volt-Steuerung.<\/li>\n<li>Absack-Set (auf Anfrage).<\/li>\n<li>R\u00fcckg\u00e4ngig machen.<\/li>\n<li>EG-Normen.<\/li>\n<li>Hergestellt in Italien.<\/li>\n<li>Demontierbare Schleifeinheit.<\/li>\n<li>Bel\u00fcftet.<\/li>\n<li>Ausgestattet mit W\u00e4rmeschutz.<\/li>\n<li>Die Platte wird standardm\u00e4\u00dfig mit 6 mm Bohrung geliefert.<\/li>\n<\/ul>\n<div class=\"well\">\n<p>&nbsp;<\/p>\n<\/div>\n<p><strong>Technische Daten:<\/strong><\/p>\n<table style=\"border-collapse: collapse; width: 100%;\">\n<tbody>\n<tr>\n<td style=\"width: 50%;\"><strong>Modell<\/strong><\/td>\n<td style=\"width: 50%;\"><strong>TI 32 ECO<\/strong><\/td>\n<\/tr>\n<tr>\n<td style=\"width: 50%;\">Stromversorgung (Volt\/Hz)<\/td>\n<td style=\"width: 50%;\">230\/50 - 230-400\/50<\/td>\n<\/tr>\n<tr>\n<td style=\"width: 50%;\">Leistung (Kwatt\/Hp)<\/td>\n<td style=\"width: 50%;\">1,50 (2,0)<\/td>\n<\/tr>\n<tr>\n<td style=\"width: 50%;\">Umdrehungen\/m Schnecke (RPM)<\/td>\n<td style=\"width: 50%;\">140<\/td>\n<\/tr>\n<tr>\n<td style=\"width: 50%;\">St\u00fcndliche Leistung (kg)<\/td>\n<td style=\"width: 50%;\">400<\/td>\n<\/tr>\n<tr>\n<td style=\"width: 50%;\">Auslass\u00f6ffnung (mm)<\/td>\n<td style=\"width: 50%;\">\u00f898<\/td>\n<\/tr>\n<tr>\n<td style=\"width: 50%;\">Einf\u00fchrungs\u00f6ffnung f\u00fcr Fleisch (mm)<\/td>\n<td style=\"width: 50%;\">\u00f852<\/td>\n<\/tr>\n<tr>\n<td style=\"width: 50%;\">Gelieferte Platte (mm)<\/td>\n<td style=\"width: 50%;\">\u00f86<\/td>\n<\/tr>\n<tr>\n<td style=\"width: 50%;\">Schleifen von Gruppen<\/td>\n<td style=\"width: 50%;\">Edelstahl \/ lebensmittelechtes Gusseisen<\/td>\n<\/tr>\n<tr>\n<td style=\"width: 50%;\">Einphasig\/dreiphasig Nettogewicht (kg)<\/td>\n<td style=\"width: 50%;\">36,0\/35,0<\/td>\n<\/tr>\n<tr>\n<td style=\"width: 50%;\">Bruttogewicht einphasig\/dreiphasig (kg)<\/td>\n<td style=\"width: 50%;\">39,0\/38,0<\/td>\n<\/tr>\n<tr>\n<td style=\"width: 50%;\">Abmessungen (mm)<\/td>\n<td style=\"width: 50%;\">B. 225 D. 500 H. 510<\/td>\n<\/tr>\n<tr>\n<td style=\"width: 50%;\">Verpackungsgr\u00f6\u00dfe (mm)<\/td>\n<td style=\"width: 50%;\">B. 370 D. 590 H. 520<\/td>\n<\/tr>\n<\/tbody>\n<\/table>\n<p style=\"text-align: left;\">","protected":false},"excerpt":{"rendered":"<p>Tritacarne Professionale Bocca 98mm 1500 W Codice Prodotto TI 32 ECO FAMA Macchinario per uso professionale. Costruito in lega di alluminio pressofuso e lucidato. Elegante fascia in acciaio inossidabile sulla carcassa motore. Ingranaggi elicoidali in acciaio temperato a bagno d\u2019olio. Motore asincrono ventilato con termica di protezione. Gruppo\u00a0 macinazione smontabile Ventilato. Gruppo macinazione carne: Ghisa [&#8230;]","protected":false},"featured_media":127792,"comment_status":"closed","ping_status":"closed","template":"","meta":{"_monsterinsights_skip_tracking":false,"_monsterinsights_sitenote_active":false,"_monsterinsights_sitenote_note":"","_monsterinsights_sitenote_category":0},"product_brand":[704],"product_cat":[49,26,25,183],"product_tag":[],"class_list":{"0":"post-127791","1":"product","2":"type-product","3":"status-publish","4":"has-post-thumbnail","6":"product_brand-fama","7":"product_cat-tritacarne","8":"product_cat-macelleria-e-gastronomia","9":"product_cat-attrezzature-ristoranti-pub-cucine","10":"product_cat-tritacarne-ristorazione","11":"product_shipping_class-206","12":"pa_marca-fama","13":"pa_versione-acciaio-inox","14":"pa_versione-ghisa-alimentare","16":"first","17":"instock","18":"taxable","19":"shipping-taxable","20":"purchasable","21":"product-type-simple"},"_links":{"self":[{"href":"https:\/\/www.creaearredanegozi.it\/de\/wp-json\/wp\/v2\/product\/127791","targetHints":{"allow":["GET"]}}],"collection":[{"href":"https:\/\/www.creaearredanegozi.it\/de\/wp-json\/wp\/v2\/product"}],"about":[{"href":"https:\/\/www.creaearredanegozi.it\/de\/wp-json\/wp\/v2\/types\/product"}],"replies":[{"embeddable":true,"href":"https:\/\/www.creaearredanegozi.it\/de\/wp-json\/wp\/v2\/comments?post=127791"}],"wp:featuredmedia":[{"embeddable":true,"href":"https:\/\/www.creaearredanegozi.it\/de\/wp-json\/wp\/v2\/media\/127792"}],"wp:attachment":[{"href":"https:\/\/www.creaearredanegozi.it\/de\/wp-json\/wp\/v2\/media?parent=127791"}],"wp:term":[{"taxonomy":"product_brand","embeddable":true,"href":"https:\/\/www.creaearredanegozi.it\/de\/wp-json\/wp\/v2\/product_brand?post=127791"},{"taxonomy":"product_cat","embeddable":true,"href":"https:\/\/www.creaearredanegozi.it\/de\/wp-json\/wp\/v2\/product_cat?post=127791"},{"taxonomy":"product_tag","embeddable":true,"href":"https:\/\/www.creaearredanegozi.it\/de\/wp-json\/wp\/v2\/product_tag?post=127791"}],"curies":[{"name":"wp","href":"https:\/\/api.w.org\/{rel}","templated":true}]}}