{"id":127801,"date":"2024-05-06T10:37:03","date_gmt":"2024-05-06T08:37:03","guid":{"rendered":"https:\/\/www.creaearredanegozi.it\/?post_type=product&#038;p=127801"},"modified":"2024-05-06T11:29:42","modified_gmt":"2024-05-06T09:29:42","slug":"tritacarne-professionale-bocca-98-mm-1600-watt-fama-ti-32-rs","status":"publish","type":"product","link":"https:\/\/www.creaearredanegozi.it\/de\/tritacarne-professionale-bocca-98-mm-1600-watt-fama-ti-32-rs\/","title":{"rendered":"Profi-Fleischwolf Maulweite 98 mm 1600 Watt FAMA TI 32 RS"},"content":{"rendered":"<h3>Tritacarne Professionale Bocca 98mm 1600 W<\/h3>\n<p><strong>Produkt-Code TI32RS FAMA<\/strong><\/p>\n<ul>\n<li>Sehr leistungsstarke Maschine f\u00fcr den professionellen Einsatz.<\/li>\n<li>Die Struktur besteht aus robustem AISI 304 Edelstahlblech.<\/li>\n<li>Hermetisches \u00d6lbad-Getriebe.<\/li>\n<li>Bel\u00fcfteter Asynchronmotor.<\/li>\n<li>Thermischer Schutz.<\/li>\n<li>Fleischwolf: Rostfreier Stahl.<\/li>\n<li>Selbstsch\u00e4rfende Matrizen aus rostfreiem Stahl als Standard.<\/li>\n<li>Trichter und Auffangplatte aus Edelstahl.<\/li>\n<li>ABS-St\u00f6\u00dfel.<\/li>\n<li>Elektronisches 24-Volt-Steuerger\u00e4t.<\/li>\n<li>Absack-Set (auf Anfrage).<\/li>\n<li>R\u00fcckw\u00e4rtsgang (auf Anfrage).<\/li>\n<li>EG-Normen.<\/li>\n<li>Hergestellt in Italien.<\/li>\n<li>Ausgestattet mit W\u00e4rmeschutz.<\/li>\n<li>Die Platte wird standardm\u00e4\u00dfig mit 6 mm Bohrung geliefert.<\/li>\n<\/ul>\n<div class=\"well\">\n<p>&nbsp;<\/p>\n<\/div>\n<p><strong>Technische Daten:<\/strong><\/p>\n<table style=\"border-collapse: collapse; width: 100%;\">\n<tbody>\n<tr>\n<td style=\"width: 50%;\"><strong>Modell<\/strong><\/td>\n<td style=\"width: 50%;\"><strong>TI 32RS<\/strong><\/td>\n<\/tr>\n<tr>\n<td style=\"width: 50%;\">Stromversorgung (Volt\/Hz)<\/td>\n<td style=\"width: 50%;\">230\/50 - 230-400\/50<\/td>\n<\/tr>\n<tr>\n<td style=\"width: 50%;\">Leistung (Kwatt\/Hp)<\/td>\n<td style=\"width: 50%;\">1,60 (2,20)<\/td>\n<\/tr>\n<tr>\n<td style=\"width: 50%;\">Umdrehungen\/m Schnecke (RPM)<\/td>\n<td style=\"width: 50%;\">140<\/td>\n<\/tr>\n<tr>\n<td style=\"width: 50%;\">St\u00fcndliche Leistung (kg)<\/td>\n<td style=\"width: 50%;\">500<\/td>\n<\/tr>\n<tr>\n<td style=\"width: 50%;\">Auslass\u00f6ffnung (mm)<\/td>\n<td style=\"width: 50%;\">\u00f898<\/td>\n<\/tr>\n<tr>\n<td style=\"width: 50%;\">Einf\u00fchrungs\u00f6ffnung f\u00fcr Fleisch (mm)<\/td>\n<td style=\"width: 50%;\">\u00f852<\/td>\n<\/tr>\n<tr>\n<td style=\"width: 50%;\">Gelieferte Platte (mm)<\/td>\n<td style=\"width: 50%;\">\u00f86<\/td>\n<\/tr>\n<tr>\n<td style=\"width: 50%;\">Schleifen von Gruppen<\/td>\n<td style=\"width: 50%;\">Rostfreier Stahl<\/td>\n<\/tr>\n<tr>\n<td style=\"width: 50%;\">Einphasig\/dreiphasig Nettogewicht (kg)<\/td>\n<td style=\"width: 50%;\">40,0\/40,0<\/td>\n<\/tr>\n<tr>\n<td style=\"width: 50%;\">Bruttogewicht einphasig\/dreiphasig (kg)<\/td>\n<td style=\"width: 50%;\">43,0\/43,0<\/td>\n<\/tr>\n<tr>\n<td style=\"width: 50%;\">Abmessungen (mm)<\/td>\n<td style=\"width: 50%;\">B. 260 D. 510 H. 525<\/td>\n<\/tr>\n<tr>\n<td style=\"width: 50%;\">Verpackungsgr\u00f6\u00dfe (mm)<\/td>\n<td style=\"width: 50%;\">B. 370 D. 590 H. 550<\/td>\n<\/tr>\n<\/tbody>\n<\/table>\n<p style=\"text-align: left;\">","protected":false},"excerpt":{"rendered":"<p>Tritacarne Professionale Bocca 98mm 1600 W Codice Prodotto TI32RS FAMA Macchinario per uso professionale molto potente. Struttura in robusta lamiera di acciaio inox AISI 304. Riduttore ermetico a bagno d\u2019olio. Motore asincrono ventilato. Termica di protezione. Gruppo macinazione carne: Acciaio Inox. Trafile auto affilanti in acciaio inox di serie. Tramoggia e piatto raccolta in acciaio [&#8230;]","protected":false},"featured_media":127802,"comment_status":"closed","ping_status":"closed","template":"","meta":{"_monsterinsights_skip_tracking":false,"_monsterinsights_sitenote_active":false,"_monsterinsights_sitenote_note":"","_monsterinsights_sitenote_category":0},"product_brand":[704],"product_cat":[49,26,25,183],"product_tag":[],"class_list":{"0":"post-127801","1":"product","2":"type-product","3":"status-publish","4":"has-post-thumbnail","6":"product_brand-fama","7":"product_cat-tritacarne","8":"product_cat-macelleria-e-gastronomia","9":"product_cat-attrezzature-ristoranti-pub-cucine","10":"product_cat-tritacarne-ristorazione","11":"product_shipping_class-206","12":"pa_marca-fama","13":"pa_versione-acciaio-inox","15":"first","16":"instock","17":"taxable","18":"shipping-taxable","19":"purchasable","20":"product-type-simple"},"_links":{"self":[{"href":"https:\/\/www.creaearredanegozi.it\/de\/wp-json\/wp\/v2\/product\/127801","targetHints":{"allow":["GET"]}}],"collection":[{"href":"https:\/\/www.creaearredanegozi.it\/de\/wp-json\/wp\/v2\/product"}],"about":[{"href":"https:\/\/www.creaearredanegozi.it\/de\/wp-json\/wp\/v2\/types\/product"}],"replies":[{"embeddable":true,"href":"https:\/\/www.creaearredanegozi.it\/de\/wp-json\/wp\/v2\/comments?post=127801"}],"wp:featuredmedia":[{"embeddable":true,"href":"https:\/\/www.creaearredanegozi.it\/de\/wp-json\/wp\/v2\/media\/127802"}],"wp:attachment":[{"href":"https:\/\/www.creaearredanegozi.it\/de\/wp-json\/wp\/v2\/media?parent=127801"}],"wp:term":[{"taxonomy":"product_brand","embeddable":true,"href":"https:\/\/www.creaearredanegozi.it\/de\/wp-json\/wp\/v2\/product_brand?post=127801"},{"taxonomy":"product_cat","embeddable":true,"href":"https:\/\/www.creaearredanegozi.it\/de\/wp-json\/wp\/v2\/product_cat?post=127801"},{"taxonomy":"product_tag","embeddable":true,"href":"https:\/\/www.creaearredanegozi.it\/de\/wp-json\/wp\/v2\/product_tag?post=127801"}],"curies":[{"name":"wp","href":"https:\/\/api.w.org\/{rel}","templated":true}]}}