{"id":127824,"date":"2024-05-09T12:26:25","date_gmt":"2024-05-09T10:26:25","guid":{"rendered":"https:\/\/www.creaearredanegozi.it\/?post_type=product&#038;p=127824"},"modified":"2024-05-13T13:04:08","modified_gmt":"2024-05-13T11:04:08","slug":"professioneller-kuhltheken-fleischwolf-platte-22-mit-umkehrfunktion-tr22-fame","status":"publish","type":"product","link":"https:\/\/www.creaearredanegozi.it\/de\/professioneller-kuhltheken-fleischwolf-platte-22-mit-umkehrfunktion-tr22-fame\/","title":{"rendered":"Professionelle gek\u00fchlte Fleischwolfplatte 22 mit R\u00fcckw\u00e4rtsgang TR22 FAMA"},"content":{"rendered":"<h2 style=\"text-align: center;\">Gek\u00fchlter Fleischwolf 22 Fleischeinlauf \u00f8 52 mm FAMA TR22<\/h2>\n<p>Ideal f\u00fcr mittelgro\u00dfe Metzgereien, Superm\u00e4rkte und Restaurants.<\/p>\n<ul>\n<li>Maschinen f\u00fcr den professionellen Einsatz<\/li>\n<li>Edelstahl-Monoblock<\/li>\n<li>Bel\u00fcfteter Asynchronmotor und Getriebemotor im \u00d6lbad<\/li>\n<li>Fleischwolf: Rostfreier Stahl<\/li>\n<li>Gek\u00fchlter Trichter<\/li>\n<li>Transparenter Plexiglasdeckel<\/li>\n<li>K\u00e4ltemittelgas R 134a - 80 g<\/li>\n<li>Temperatur -2 +4, einstellbar \u00fcber Thermostat<\/li>\n<li>Getriebe\u00fcbertragung<\/li>\n<li>Thermischer Schutz<\/li>\n<li>Leicht zu reinigen<\/li>\n<li>EG-Normen<\/li>\n<li>Hergestellt in Italien<\/li>\n<li>Ausgestattet mit W\u00e4rmeschutz<\/li>\n<li>Die Platte wird standardm\u00e4\u00dfig mit 6 mm Bohrung geliefert.<\/li>\n<\/ul>\n<p><strong>Technische Daten:<\/strong><\/p>\n<p>&nbsp;<\/p>\n<table class=\"table table-striped\">\n<tbody>\n<tr>\n<td>\n<p class=\"dati_tecnici_label_1\"><strong>Modell<\/strong><\/p>\n<\/td>\n<td><b>TR22<\/b><\/td>\n<\/tr>\n<tr>\n<td>Stromversorgung (Volt\/Hz)<\/td>\n<td align=\"left\">230\/50 - 230-400\/50<\/td>\n<\/tr>\n<tr>\n<td>Leistung (Kwatt\/Hp)<\/td>\n<td align=\"left\">0,90 (1,20)<\/td>\n<\/tr>\n<tr>\n<td>Umdrehungen\/m Schnecke (RPM)<\/td>\n<td align=\"left\">120<\/td>\n<\/tr>\n<tr>\n<td>St\u00fcndliche Leistung (kg)<\/td>\n<td align=\"left\">280\/300<\/td>\n<\/tr>\n<tr>\n<td>Auslass\u00f6ffnung (mm)<\/td>\n<td align=\"left\">\u00f882<\/td>\n<\/tr>\n<tr>\n<td>Einf\u00fchrungs\u00f6ffnung f\u00fcr Fleisch (mm)<\/td>\n<td align=\"left\">\u00f852<\/td>\n<\/tr>\n<tr>\n<td>Gelieferte Platte (mm)<\/td>\n<td align=\"left\">\u00f86<\/td>\n<\/tr>\n<tr>\n<td>Schleifen von Gruppen<\/td>\n<td align=\"left\">Inox<\/td>\n<\/tr>\n<tr>\n<td>Einphasig\/dreiphasig Nettogewicht (kg)<\/td>\n<td>43,0\/43,0<\/td>\n<\/tr>\n<tr>\n<td>Bruttogewicht einphasig\/dreiphasig (kg)<\/td>\n<td>46,0\/46,0<\/td>\n<\/tr>\n<tr>\n<td>Abmessungen (mm)<\/td>\n<td>B. 270 D. 410 H. 545<\/td>\n<\/tr>\n<tr>\n<td>Verpackungsgr\u00f6\u00dfe (mm)<\/td>\n<td>B. 430 D. 600 H. 660<\/td>\n<\/tr>\n<\/tbody>\n<\/table>\n<p>&nbsp;<\/p>","protected":false},"excerpt":{"rendered":"<p>Tritacarne refrigerato 22 bocca ingresso carne \u00f8 52 mm FAMA TR22 Ideale per laboratori di macelleria di medie dimensioni, supermercati e per la ristorazione. Macchinario per uso professionale Monoblocco in acciaio inossidabile Motore asincrono ventilato e motoriduttore a bagno d\u2019olio Gruppo macinazione carne: Acciaio Inox Tramoggia refrigerata Coperchio in plexiglass trasparente Gas refrigerante R 134a [&#8230;]","protected":false},"featured_media":127829,"comment_status":"closed","ping_status":"closed","template":"","meta":{"_monsterinsights_skip_tracking":false,"_monsterinsights_sitenote_active":false,"_monsterinsights_sitenote_note":"","_monsterinsights_sitenote_category":0},"product_brand":[704],"product_cat":[49,26,25,183],"product_tag":[],"class_list":{"0":"post-127824","1":"product","2":"type-product","3":"status-publish","4":"has-post-thumbnail","6":"product_brand-fama","7":"product_cat-tritacarne","8":"product_cat-macelleria-e-gastronomia","9":"product_cat-attrezzature-ristoranti-pub-cucine","10":"product_cat-tritacarne-ristorazione","11":"product_shipping_class-38","12":"pa_marca-fama","14":"first","15":"instock","16":"taxable","17":"shipping-taxable","18":"purchasable","19":"product-type-variable"},"_links":{"self":[{"href":"https:\/\/www.creaearredanegozi.it\/de\/wp-json\/wp\/v2\/product\/127824","targetHints":{"allow":["GET"]}}],"collection":[{"href":"https:\/\/www.creaearredanegozi.it\/de\/wp-json\/wp\/v2\/product"}],"about":[{"href":"https:\/\/www.creaearredanegozi.it\/de\/wp-json\/wp\/v2\/types\/product"}],"replies":[{"embeddable":true,"href":"https:\/\/www.creaearredanegozi.it\/de\/wp-json\/wp\/v2\/comments?post=127824"}],"wp:featuredmedia":[{"embeddable":true,"href":"https:\/\/www.creaearredanegozi.it\/de\/wp-json\/wp\/v2\/media\/127829"}],"wp:attachment":[{"href":"https:\/\/www.creaearredanegozi.it\/de\/wp-json\/wp\/v2\/media?parent=127824"}],"wp:term":[{"taxonomy":"product_brand","embeddable":true,"href":"https:\/\/www.creaearredanegozi.it\/de\/wp-json\/wp\/v2\/product_brand?post=127824"},{"taxonomy":"product_cat","embeddable":true,"href":"https:\/\/www.creaearredanegozi.it\/de\/wp-json\/wp\/v2\/product_cat?post=127824"},{"taxonomy":"product_tag","embeddable":true,"href":"https:\/\/www.creaearredanegozi.it\/de\/wp-json\/wp\/v2\/product_tag?post=127824"}],"curies":[{"name":"wp","href":"https:\/\/api.w.org\/{rel}","templated":true}]}}