{"id":127841,"date":"2024-05-13T11:54:25","date_gmt":"2024-05-13T09:54:25","guid":{"rendered":"https:\/\/www.creaearredanegozi.it\/?post_type=product&#038;p=127841"},"modified":"2024-05-14T12:06:07","modified_gmt":"2024-05-14T10:06:07","slug":"tritacarne-professionale-bocca-70mm-1100-w-fama-versione-unger-ti-12","status":"publish","type":"product","link":"https:\/\/www.creaearredanegozi.it\/de\/tritacarne-professionale-bocca-70mm-1100-w-fama-versione-unger-ti-12\/","title":{"rendered":"Profi-Fleischwolf Edelstahl beschichtetes Maul 70mm 1100 W FAMA Version Unger TI 12"},"content":{"rendered":"<h3>Profi-Fleischwolf Mund 70mm 1100 W<\/h3>\n<p><strong>Modell FAMA Fleischwolf Unger TI12 Version<\/strong><\/p>\n<ul>\n<li>Maschinen f\u00fcr den professionellen Einsatz.<\/li>\n<li>Version \u00bd unger (2 Platten und 1 Messer) (0mm + 6mm).<\/li>\n<li>Auch erh\u00e4ltlich als Total unger Version (3 Platten und 2 Messer) (0mm + 6mm + 10mm).<\/li>\n<li>Ideal f\u00fcr die Herstellung von W\u00fcrsten.<\/li>\n<li>Konstruktion aus poliertem Edelstahl.<\/li>\n<li>Schr\u00e4gverzahnte Zahnr\u00e4der aus im \u00d6lbad geh\u00e4rtetem Stahl.<\/li>\n<li>Bel\u00fcfteter Asynchronmotor mit W\u00e4rmeschutz.<\/li>\n<li>Fleischwolf: Gusseisen\/Edelstahl.<\/li>\n<li>Selbstsch\u00e4rfende Matrizen aus rostfreiem Stahl als Standard.<\/li>\n<li>Trichter und Auffangplatte aus Edelstahl.<\/li>\n<li>Thermoplastische Starttaste<\/li>\n<li>ABS-St\u00f6\u00dfel.<\/li>\n<li>24-Volt-Steuerung.<\/li>\n<li>EG-Normen.<\/li>\n<li>Hergestellt in Italien.<\/li>\n<li>2 Teller + 1 Messer.<\/li>\n<li>Bel\u00fcftet.<\/li>\n<li>Ausgestattet mit W\u00e4rmeschutz.<\/li>\n<li>Die Platte wird standardm\u00e4\u00dfig mit 0 mm + 6 mm Bohrung geliefert.<\/li>\n<\/ul>\n<p>Modell Basic Dreiphasen-Edelstahl \u00bd unger mit Gussmahlwerk<\/p>\n<p>Optional:<\/p>\n<ul>\n<li>Schleifeinheit aus Edelstahl<\/li>\n<li>Einphasig<\/li>\n<li>R\u00fcckg\u00e4ngig machen.<\/li>\n<\/ul>\n<div class=\"well\">\n<p>&nbsp;<\/p>\n<\/div>\n<p><strong>Technische Daten:<\/strong><\/p>\n<table style=\"border-collapse: collapse; width: 100%;\">\n<tbody>\n<tr>\n<td style=\"width: 50%;\"><strong>Modell<\/strong><\/td>\n<td style=\"width: 50%;\"><strong>TI 12 UNGER<\/strong><\/td>\n<\/tr>\n<tr>\n<td style=\"width: 50%;\">Stromversorgung (Volt\/Hz)<\/td>\n<td style=\"width: 50%;\">230\/50 - 230-400\/50<\/td>\n<\/tr>\n<tr>\n<td style=\"width: 50%;\">Leistung (Kwatt\/Hp)<\/td>\n<td style=\"width: 50%;\">1,10 (1,50)<\/td>\n<\/tr>\n<tr>\n<td style=\"width: 50%;\">Umdrehungen\/m Schnecke (RPM)<\/td>\n<td style=\"width: 50%;\">140<\/td>\n<\/tr>\n<tr>\n<td style=\"width: 50%;\">St\u00fcndliche Leistung (kg)<\/td>\n<td style=\"width: 50%;\">200<\/td>\n<\/tr>\n<tr>\n<td style=\"width: 50%;\">Auslass\u00f6ffnung (mm)<\/td>\n<td style=\"width: 50%;\">\u00f8 70<\/td>\n<\/tr>\n<tr>\n<td style=\"width: 50%;\">Einf\u00fchrungs\u00f6ffnung f\u00fcr Fleisch (mm)<\/td>\n<td style=\"width: 50%;\">\u00f8 52<\/td>\n<\/tr>\n<tr>\n<td style=\"width: 50%;\">Gelieferte Platte (mm)<\/td>\n<td style=\"width: 50%;\">\u00f8 0-6<\/td>\n<\/tr>\n<tr>\n<td style=\"width: 50%;\">Schleifen von Gruppen<\/td>\n<td style=\"width: 50%;\">rostfreier Stahl \/ Gusseisen - \u00bd unger<\/td>\n<\/tr>\n<tr>\n<td style=\"width: 50%;\">Einphasig\/dreiphasig Nettogewicht (kg)<\/td>\n<td style=\"width: 50%;\">24,0\/22,0<\/td>\n<\/tr>\n<tr>\n<td style=\"width: 50%;\">Bruttogewicht einphasig\/dreiphasig (kg)<\/td>\n<td style=\"width: 50%;\">27,0\/25,0<\/td>\n<\/tr>\n<tr>\n<td style=\"width: 50%;\">Abmessungen (mm)<\/td>\n<td style=\"width: 50%;\">B. 215 D. 430 H. 440<\/td>\n<\/tr>\n<tr>\n<td style=\"width: 50%;\">Verpackungsgr\u00f6\u00dfe (mm)<\/td>\n<td style=\"width: 50%;\">B. 300 D. 480 H. 520<\/td>\n<\/tr>\n<\/tbody>\n<\/table>\n<p style=\"text-align: left;\">","protected":false},"excerpt":{"rendered":"<p>Tritacarne Professionale Bocca 70mm 1100 W Modello Tritacarne Carenato FAMA Versione Unger TI12 Macchinario per uso professionale. Versione \u00bd unger (2 piastre e 1 coltello) (0mm + 6mm). Disponibile anche Versione unger totale (3 piastre e 2 coltelli) (0mm + 6mm + 10mm). Ideale per realizzare w\u00fcrstel. Struttura in acciaio inossidabile lucidato. Ingranaggi elicoidali in [&#8230;]","protected":false},"featured_media":127843,"comment_status":"closed","ping_status":"closed","template":"","meta":{"_monsterinsights_skip_tracking":false,"_monsterinsights_sitenote_active":false,"_monsterinsights_sitenote_note":"","_monsterinsights_sitenote_category":0},"product_brand":[704],"product_cat":[49,26,25,183],"product_tag":[],"class_list":{"0":"post-127841","1":"product","2":"type-product","3":"status-publish","4":"has-post-thumbnail","6":"product_brand-fama","7":"product_cat-tritacarne","8":"product_cat-macelleria-e-gastronomia","9":"product_cat-attrezzature-ristoranti-pub-cucine","10":"product_cat-tritacarne-ristorazione","11":"product_shipping_class-f","12":"pa_marca-fama","13":"pa_versione-acciaio-inox","14":"pa_versione-ghisa-alimentare","16":"first","17":"instock","18":"taxable","19":"shipping-taxable","20":"purchasable","21":"product-type-simple"},"_links":{"self":[{"href":"https:\/\/www.creaearredanegozi.it\/de\/wp-json\/wp\/v2\/product\/127841","targetHints":{"allow":["GET"]}}],"collection":[{"href":"https:\/\/www.creaearredanegozi.it\/de\/wp-json\/wp\/v2\/product"}],"about":[{"href":"https:\/\/www.creaearredanegozi.it\/de\/wp-json\/wp\/v2\/types\/product"}],"replies":[{"embeddable":true,"href":"https:\/\/www.creaearredanegozi.it\/de\/wp-json\/wp\/v2\/comments?post=127841"}],"wp:featuredmedia":[{"embeddable":true,"href":"https:\/\/www.creaearredanegozi.it\/de\/wp-json\/wp\/v2\/media\/127843"}],"wp:attachment":[{"href":"https:\/\/www.creaearredanegozi.it\/de\/wp-json\/wp\/v2\/media?parent=127841"}],"wp:term":[{"taxonomy":"product_brand","embeddable":true,"href":"https:\/\/www.creaearredanegozi.it\/de\/wp-json\/wp\/v2\/product_brand?post=127841"},{"taxonomy":"product_cat","embeddable":true,"href":"https:\/\/www.creaearredanegozi.it\/de\/wp-json\/wp\/v2\/product_cat?post=127841"},{"taxonomy":"product_tag","embeddable":true,"href":"https:\/\/www.creaearredanegozi.it\/de\/wp-json\/wp\/v2\/product_tag?post=127841"}],"curies":[{"name":"wp","href":"https:\/\/api.w.org\/{rel}","templated":true}]}}