{"id":127860,"date":"2024-05-14T13:08:57","date_gmt":"2024-05-14T11:08:57","guid":{"rendered":"https:\/\/www.creaearredanegozi.it\/?post_type=product&#038;p=127860"},"modified":"2024-05-14T13:26:31","modified_gmt":"2024-05-14T11:26:31","slug":"tritacarne-professionale-carenato-acciaio-inox-bocca-82mm-1500-w-fama-unger-ti-22-r","status":"publish","type":"product","link":"https:\/\/www.creaearredanegozi.it\/de\/tritacarne-professionale-carenato-acciaio-inox-bocca-82mm-1500-w-fama-unger-ti-22-r\/","title":{"rendered":"Profi-Fleischwolf Edelstahlgeh\u00e4use M\u00fcndung 82mm 1500 W FAMA Unger TI 22 R"},"content":{"rendered":"<h3>Professioneller Fleischwolf Maul 82mm 1500 W<\/h3>\n<p><strong>Produkt-Code TI22R UNGER FAMA<\/strong><\/p>\n<p>FLEISCHWOLF \u00bd UNGER TI 22 EDELSTAHL DREIPHASIGES GUSSEISENGEH\u00c4USE<\/p>\n<ul>\n<li>Maschinen f\u00fcr den professionellen Einsatz.<\/li>\n<li>Version \u00bd unger (2 Platten und 1 Messer) (0mm + 6mm).<\/li>\n<li>Total unger Version (3 Platten und 2 Messer) (0mm + 6mm + 10mm).<\/li>\n<li>Ideal f\u00fcr die Herstellung von W\u00fcrsten.<\/li>\n<li>Konstruktion aus poliertem Edelstahl.<\/li>\n<li>Schr\u00e4gverzahnte Zahnr\u00e4der aus im \u00d6lbad geh\u00e4rtetem Stahl.<\/li>\n<li>Bel\u00fcfteter Asynchronmotor mit W\u00e4rmeschutz.<\/li>\n<li>Fleischwolf: Gusseisen\/Edelstahl.<\/li>\n<li>Selbstsch\u00e4rfende Matrizen aus rostfreiem Stahl als Standard.<\/li>\n<li>Trichter und Auffangplatte aus Edelstahl.<\/li>\n<li>Thermoplastische Starttaste.<\/li>\n<li>ABS-St\u00f6\u00dfel.<\/li>\n<li>24-Volt-Steuerung.<\/li>\n<li>EG-Normen.<\/li>\n<li>Hergestellt in Italien.<\/li>\n<li>Ausgestattet mit W\u00e4rmeschutz.<\/li>\n<li>Die Platte wird standardm\u00e4\u00dfig mit 0 mm + 6 mm Bohrung geliefert.<\/li>\n<\/ul>\n<p>Optionaler Dreiphasen-Edelstahl \u00bd unger mit Mahlwerk aus lebensmittelechtem Gusseisen:<\/p>\n<ul>\n<li>Rostfreier Stahl<\/li>\n<li>Unger gesamt<\/li>\n<li>Einphasig<\/li>\n<li>R\u00fcckg\u00e4ngig machen.<\/li>\n<\/ul>\n<div class=\"well\">\n<p>&nbsp;<\/p>\n<\/div>\n<p><strong>Technische Daten:<\/strong><\/p>\n<table style=\"border-collapse: collapse; width: 100%;\">\n<tbody>\n<tr>\n<td style=\"width: 50%;\"><strong>Modell<\/strong><\/td>\n<td style=\"width: 50%;\"><strong>TI 22 R UNGER<\/strong><\/td>\n<\/tr>\n<tr>\n<td style=\"width: 50%;\">Stromversorgung (Volt\/Hz)<\/td>\n<td style=\"width: 50%;\">230\/50 - 230-400\/50<\/td>\n<\/tr>\n<tr>\n<td style=\"width: 50%;\">Leistung (Kwatt\/Hp)<\/td>\n<td style=\"width: 50%;\">1,50 (2,00)<\/td>\n<\/tr>\n<tr>\n<td style=\"width: 50%;\">Umdrehungen\/m Schnecke (RPM)<\/td>\n<td style=\"width: 50%;\">140<\/td>\n<\/tr>\n<tr>\n<td style=\"width: 50%;\">St\u00fcndliche Leistung (kg)<\/td>\n<td style=\"width: 50%;\">350\/400<\/td>\n<\/tr>\n<tr>\n<td style=\"width: 50%;\">Auslass\u00f6ffnung (mm)<\/td>\n<td style=\"width: 50%;\">\u00f882<\/td>\n<\/tr>\n<tr>\n<td style=\"width: 50%;\">Einf\u00fchrungs\u00f6ffnung f\u00fcr Fleisch (mm)<\/td>\n<td style=\"width: 50%;\">\u00f852<\/td>\n<\/tr>\n<tr>\n<td style=\"width: 50%;\">Gelieferte Platte (mm)<\/td>\n<td style=\"width: 50%;\">\u00f80-6<\/td>\n<\/tr>\n<tr>\n<td style=\"width: 50%;\">Schleifen von Gruppen<\/td>\n<td style=\"width: 50%;\">Edelstahl \/ lebensmittelechtes Gusseisen<\/td>\n<\/tr>\n<tr>\n<td style=\"width: 50%;\">Einphasig\/dreiphasig Nettogewicht (kg)<\/td>\n<td style=\"width: 50%;\">33,0\/33,0<\/td>\n<\/tr>\n<tr>\n<td style=\"width: 50%;\">Bruttogewicht einphasig\/dreiphasig (kg)<\/td>\n<td style=\"width: 50%;\">36,0\/36,0<\/td>\n<\/tr>\n<tr>\n<td style=\"width: 50%;\">Abmessungen (mm)<\/td>\n<td style=\"width: 50%;\">B. 260 D. 450 H. 530<\/td>\n<\/tr>\n<tr>\n<td style=\"width: 50%;\">Verpackungsgr\u00f6\u00dfe (mm)<\/td>\n<td style=\"width: 50%;\">B. 360 D. 580 H. 560<\/td>\n<\/tr>\n<\/tbody>\n<\/table>\n<p style=\"text-align: left;\">","protected":false},"excerpt":{"rendered":"<p>Tritacarne Professionale Bocca 82mm 1500 W Codice Prodotto TI22R UNGER FAMA TRITACARNE \u00bd UNGER TI 22 CARENATO ACCIAIO INOX TRIFASE IN GHISA Macchinario per uso professionale. Versione \u00bd unger (2 piastre e 1 coltello) (0mm + 6mm). Versione unger totale (3 piastre e 2 coltelli) (0mm + 6mm + 10mm). Ideale per realizzare w\u00fcrstel. Struttura [&#8230;]","protected":false},"featured_media":127861,"comment_status":"closed","ping_status":"closed","template":"","meta":{"_monsterinsights_skip_tracking":false,"_monsterinsights_sitenote_active":false,"_monsterinsights_sitenote_note":"","_monsterinsights_sitenote_category":0},"product_brand":[704],"product_cat":[49,26,25,183],"product_tag":[],"class_list":{"0":"post-127860","1":"product","2":"type-product","3":"status-publish","4":"has-post-thumbnail","6":"product_brand-fama","7":"product_cat-tritacarne","8":"product_cat-macelleria-e-gastronomia","9":"product_cat-attrezzature-ristoranti-pub-cucine","10":"product_cat-tritacarne-ristorazione","11":"product_shipping_class-206","12":"pa_marca-fama","13":"pa_versione-acciaio-inox","14":"pa_versione-ghisa-alimentare","16":"first","17":"instock","18":"taxable","19":"shipping-taxable","20":"purchasable","21":"product-type-simple"},"_links":{"self":[{"href":"https:\/\/www.creaearredanegozi.it\/de\/wp-json\/wp\/v2\/product\/127860","targetHints":{"allow":["GET"]}}],"collection":[{"href":"https:\/\/www.creaearredanegozi.it\/de\/wp-json\/wp\/v2\/product"}],"about":[{"href":"https:\/\/www.creaearredanegozi.it\/de\/wp-json\/wp\/v2\/types\/product"}],"replies":[{"embeddable":true,"href":"https:\/\/www.creaearredanegozi.it\/de\/wp-json\/wp\/v2\/comments?post=127860"}],"wp:featuredmedia":[{"embeddable":true,"href":"https:\/\/www.creaearredanegozi.it\/de\/wp-json\/wp\/v2\/media\/127861"}],"wp:attachment":[{"href":"https:\/\/www.creaearredanegozi.it\/de\/wp-json\/wp\/v2\/media?parent=127860"}],"wp:term":[{"taxonomy":"product_brand","embeddable":true,"href":"https:\/\/www.creaearredanegozi.it\/de\/wp-json\/wp\/v2\/product_brand?post=127860"},{"taxonomy":"product_cat","embeddable":true,"href":"https:\/\/www.creaearredanegozi.it\/de\/wp-json\/wp\/v2\/product_cat?post=127860"},{"taxonomy":"product_tag","embeddable":true,"href":"https:\/\/www.creaearredanegozi.it\/de\/wp-json\/wp\/v2\/product_tag?post=127860"}],"curies":[{"name":"wp","href":"https:\/\/api.w.org\/{rel}","templated":true}]}}