{"id":127877,"date":"2024-05-15T11:23:17","date_gmt":"2024-05-15T09:23:17","guid":{"rendered":"https:\/\/www.creaearredanegozi.it\/?post_type=product&#038;p=127877"},"modified":"2024-05-15T11:42:07","modified_gmt":"2024-05-15T09:42:07","slug":"professioneller-fleischwolf-mit-edelstahlgehause-und-98-mm-mundung-2200w-fame-unger-ti-32-r-pro","status":"publish","type":"product","link":"https:\/\/www.creaearredanegozi.it\/de\/professioneller-fleischwolf-mit-edelstahlgehause-und-98-mm-mundung-2200w-fame-unger-ti-32-r-pro\/","title":{"rendered":"Profi-Fleischwolf Edelstahl Maul 98mm 2200W FAMA Unger TI 32 R PRO"},"content":{"rendered":"<h3>Professioneller Fleischwolf Maul 98mm 2200 W Unger Total<\/h3>\n<p><strong>Produkt-Code FAMA TI 32 R PRO UNGER TOTAL<\/strong><\/p>\n<p>UNGER TI 32R PRO FLEISCHWOLF UMMANTELTES MAHLWERK AUS EDELSTAHL<\/p>\n<ul>\n<li>Sehr leistungsstarke Maschine f\u00fcr den professionellen Einsatz.<\/li>\n<li>Struktur aus robustem Edelstahlblech AISI 304, mit abnehmbarem Trichter, ausgestattet mit kodiertem Sicherheitsmikroschalter.<\/li>\n<li>Hermetisches \u00d6lbad-Getriebe.<\/li>\n<li>Robuster, im Inland hergestellter, bel\u00fcfteter Asynchronmotor mit thermischem Schutz.<\/li>\n<li>Drucktaster f\u00fcr Lauf und Stopp und Reversierung IP 65.<\/li>\n<li>Schutzart IP 65.<\/li>\n<li>Fleischwolf aus: Rostfreier Stahl.<\/li>\n<li>Trichter und Auffangplatte aus Edelstahl.<\/li>\n<li>Selbstsch\u00e4rfende Matrizen aus rostfreiem Stahl als Standard.<\/li>\n<li>ABS-St\u00f6\u00dfel.<\/li>\n<li>Elektronisches Steuerger\u00e4t mit \u00dcbereinstimmungskontrolle der magnetischen Sicherheitssensoren.<\/li>\n<li>Niederspannungssteuerung (24 Volt).<\/li>\n<li>Zus\u00e4tzliches K\u00fchlgebl\u00e4se.<\/li>\n<li>R\u00fcckw\u00e4rtsgang serienm\u00e4\u00dfig.<\/li>\n<li>Bagging-Set (auf Anfrage erh\u00e4ltlich).<\/li>\n<li>EG-Normen.<\/li>\n<li>Hergestellt in Italien.<\/li>\n<li>Die Platte wird standardm\u00e4\u00dfig mit 6 mm Bohrung geliefert.<\/li>\n<li>Ausgestattet mit W\u00e4rmeschutz.<\/li>\n<\/ul>\n<div class=\"well\">\n<p>&nbsp;<\/p>\n<\/div>\n<p><strong>Technische Daten:<\/strong><\/p>\n<table style=\"border-collapse: collapse; width: 100%;\">\n<tbody>\n<tr>\n<td style=\"width: 50%;\"><strong>Modell<\/strong><\/td>\n<td style=\"width: 50%;\"><strong>TI 32 R PRO UNGER<\/strong><\/td>\n<\/tr>\n<tr>\n<td style=\"width: 50%;\">Dreiphasen-Stromversorgung (Volt\/Hz)<\/td>\n<td style=\"width: 50%;\">230-400\/50<\/td>\n<\/tr>\n<tr>\n<td style=\"width: 50%;\">Leistung (Kwatt\/Hp)<\/td>\n<td style=\"width: 50%;\">2,20 (3,0)<\/td>\n<\/tr>\n<tr>\n<td style=\"width: 50%;\">Umdrehungen\/m Schnecke (RPM)<\/td>\n<td style=\"width: 50%;\">140<\/td>\n<\/tr>\n<tr>\n<td style=\"width: 50%;\">St\u00fcndliche Leistung (kg)<\/td>\n<td style=\"width: 50%;\">600<\/td>\n<\/tr>\n<tr>\n<td style=\"width: 50%;\">Auslass\u00f6ffnung (mm)<\/td>\n<td style=\"width: 50%;\">\u00f898<\/td>\n<\/tr>\n<tr>\n<td style=\"width: 50%;\">Einf\u00fchrungs\u00f6ffnung f\u00fcr Fleisch (mm)<\/td>\n<td style=\"width: 50%;\">\u00f876<\/td>\n<\/tr>\n<tr>\n<td style=\"width: 50%;\">Gelieferte Platte (mm)<\/td>\n<td style=\"width: 50%;\">\u00f80-6-10<\/td>\n<\/tr>\n<tr>\n<td style=\"width: 50%;\">Unger Total Grinding Group<\/td>\n<td style=\"width: 50%;\">Rostfreier Stahl<\/td>\n<\/tr>\n<tr>\n<td style=\"width: 50%;\">Einphasig\/dreiphasig Nettogewicht (kg)<\/td>\n<td style=\"width: 50%;\">52<\/td>\n<\/tr>\n<tr>\n<td style=\"width: 50%;\">Bruttogewicht einphasig\/dreiphasig (kg)<\/td>\n<td style=\"width: 50%;\">56<\/td>\n<\/tr>\n<tr>\n<td style=\"width: 50%;\">Abmessungen (mm)<\/td>\n<td style=\"width: 50%;\">B. 295 D. 565 H. 550<\/td>\n<\/tr>\n<tr>\n<td style=\"width: 50%;\">Verpackungsgr\u00f6\u00dfe (mm)<\/td>\n<td style=\"width: 50%;\">B. 420 D. 565 H. 550<\/td>\n<\/tr>\n<\/tbody>\n<\/table>\n<p style=\"text-align: left;\">","protected":false},"excerpt":{"rendered":"<p>Tritacarne Professionale Bocca 98mm 2200 W Unger Totale Codice Prodotto FAMA TI 32 R PRO UNGER TOTALE TRITACARNE UNGER TI 32R PRO CARENATO ACCIAIO INOX GRUPPO MACINAZIONE INOX Macchinario per uso professionale molto potente. Struttura in robusta lamiera di acciaio inox AISI 304, con tramoggia estraibile dotata di micro interruttore di sicurezza codificato. Riduttore ermetico [&#8230;]","protected":false},"featured_media":127880,"comment_status":"closed","ping_status":"closed","template":"","meta":{"_monsterinsights_skip_tracking":false,"_monsterinsights_sitenote_active":false,"_monsterinsights_sitenote_note":"","_monsterinsights_sitenote_category":0},"product_brand":[704],"product_cat":[49,26,25,183],"product_tag":[],"class_list":{"0":"post-127877","1":"product","2":"type-product","3":"status-publish","4":"has-post-thumbnail","6":"product_brand-fama","7":"product_cat-tritacarne","8":"product_cat-macelleria-e-gastronomia","9":"product_cat-attrezzature-ristoranti-pub-cucine","10":"product_cat-tritacarne-ristorazione","11":"product_shipping_class-38","12":"pa_marca-fama","13":"pa_versione-monofase","14":"pa_versione-trifase","16":"first","17":"instock","18":"taxable","19":"shipping-taxable","20":"purchasable","21":"product-type-simple"},"_links":{"self":[{"href":"https:\/\/www.creaearredanegozi.it\/de\/wp-json\/wp\/v2\/product\/127877","targetHints":{"allow":["GET"]}}],"collection":[{"href":"https:\/\/www.creaearredanegozi.it\/de\/wp-json\/wp\/v2\/product"}],"about":[{"href":"https:\/\/www.creaearredanegozi.it\/de\/wp-json\/wp\/v2\/types\/product"}],"replies":[{"embeddable":true,"href":"https:\/\/www.creaearredanegozi.it\/de\/wp-json\/wp\/v2\/comments?post=127877"}],"wp:featuredmedia":[{"embeddable":true,"href":"https:\/\/www.creaearredanegozi.it\/de\/wp-json\/wp\/v2\/media\/127880"}],"wp:attachment":[{"href":"https:\/\/www.creaearredanegozi.it\/de\/wp-json\/wp\/v2\/media?parent=127877"}],"wp:term":[{"taxonomy":"product_brand","embeddable":true,"href":"https:\/\/www.creaearredanegozi.it\/de\/wp-json\/wp\/v2\/product_brand?post=127877"},{"taxonomy":"product_cat","embeddable":true,"href":"https:\/\/www.creaearredanegozi.it\/de\/wp-json\/wp\/v2\/product_cat?post=127877"},{"taxonomy":"product_tag","embeddable":true,"href":"https:\/\/www.creaearredanegozi.it\/de\/wp-json\/wp\/v2\/product_tag?post=127877"}],"curies":[{"name":"wp","href":"https:\/\/api.w.org\/{rel}","templated":true}]}}