{"id":127887,"date":"2024-05-16T11:45:23","date_gmt":"2024-05-16T09:45:23","guid":{"rendered":"https:\/\/www.creaearredanegozi.it\/?post_type=product&#038;p=127887"},"modified":"2024-05-16T13:29:29","modified_gmt":"2024-05-16T11:29:29","slug":"professionelle-fleischwolf-reibe-mund-70mm-750-watt-tg12-ruhm","status":"publish","type":"product","link":"https:\/\/www.creaearredanegozi.it\/de\/professionelle-fleischwolf-reibe-mund-70mm-750-watt-tg12-ruhm\/","title":{"rendered":"Professioneller Fleischwolf Reibe Maul 70mm 750 Watt TG12 Fama"},"content":{"rendered":"<h3>Professionelle Fleischwolf + Reibe Maschine mit st\u00fcndlicher Produktion 50 Kg Einphasig<\/h3>\n<p><strong>FLEISCHWOLF REIBE TG 12 RUHM<\/strong><\/p>\n<p><strong>Beschreibung des Produkts:<\/strong><\/p>\n<p>Hervorragendes Ger\u00e4t f\u00fcr den professionellen Einsatz, geeignet f\u00fcr den Hausgebrauch und kleine Gemeinden. Sch\u00f6n und funktionell trotz seiner geringen Gr\u00f6\u00dfe, ist es in der Lage, Fleisch in den empfohlenen Mengen zu hacken, um Fleischsauce, Frikadellen, Schweizer W\u00fcrstchen zu erhalten. Der Hackblock ist leicht abnehmbar, um eine gr\u00fcndliche und einfache Reinigung zu erm\u00f6glichen. Die Version aus rostfreiem Stahl kann in der Sp\u00fclmaschine gereinigt werden. Der Reibeteil kann M\u00fcsli, Hartk\u00e4se, Kekse, Brot und Trockenfr\u00fcchte verarbeiten. Der Reibedr\u00fccker ist mit einer Sperre ausgestattet, die den Betrieb der Maschine unterbricht, wenn sie \u00fcber die Sicherheitsschwelle hinaus ge\u00f6ffnet wird.<\/p>\n<ul>\n<li>Maschinen f\u00fcr den professionellen Einsatz<\/li>\n<li>Hergestellt aus Aluminiumdruckgusslegierung<\/li>\n<li>AISI 304 Edelstahlblech am Motorgeh\u00e4use<\/li>\n<li>Stirnradgetriebesystem im \u00d6lbad<\/li>\n<li>Inl\u00e4ndische Produktion von Asynchronmotoren<\/li>\n<li>Thermischer Schutz<\/li>\n<li>Fleischwolf: Lebensmittelgerechtes Gusseisen \/ Edelstahl<\/li>\n<li>Selbstsch\u00e4rfende Matrizen aus rostfreiem Stahl als Standard<\/li>\n<li>Trichter und Produktschale aus rostfreiem Stahl<\/li>\n<li>Stahlwalze mit chemisch vernickelter Beschichtung<\/li>\n<li>Optionale Walze aus rostfreiem Stahl AISI 304<\/li>\n<li>K\u00e4seschale aus Edelstahl<\/li>\n<li>Auslaufschutzgitter aus rostfreiem Stahl<\/li>\n<li>Mikro-Schutzreibe<\/li>\n<li>ABS-St\u00f6\u00dfel<\/li>\n<li>24-Volt-Steuerung<\/li>\n<li>EG-Normen<\/li>\n<li>Hergestellt in Italien<\/li>\n<\/ul>\n<p>Eigenschaften<\/p>\n<ul>\n<li>Mahlwerk aus Aluminium oder rostfreiem Stahl.<\/li>\n<li>Auslass \u00d8 70 mm.<\/li>\n<li>Einf\u00fchr\u00f6ffnung f\u00fcr Fleisch \u00d8 52 mm.<\/li>\n<li>Gestanzte Reibwalze 140\u00d775 mm.<\/li>\n<li>Ausgestattet mit W\u00e4rmeschutz (nur CE-Version).<\/li>\n<li>Die Platte wird standardm\u00e4\u00dfig mit 6 mm Bohrung geliefert.<\/li>\n<\/ul>\n<p>Optional:<\/p>\n<ul>\n<li>Dreiphasig und einphasig<\/li>\n<li>Mahlwerk aus rostfreiem Stahl.<\/li>\n<li>R\u00fcckg\u00e4ngig machen.<\/li>\n<li>Zuschlag f\u00fcr Edelstahlwalze.<\/li>\n<\/ul>\n<table style=\"border-collapse: collapse; width: 100%; height: 315px;\">\n<tbody>\n<tr style=\"height: 21px;\">\n<td style=\"width: 50%; height: 21px;\"><strong>Technische Daten<\/strong><\/td>\n<td style=\"width: 50%; height: 21px;\"><strong>Fleischwolfreibe TG12<\/strong><\/td>\n<\/tr>\n<tr style=\"height: 21px;\">\n<td style=\"width: 50%; height: 21px;\">Spannungsversorgung Volt\/Hz<\/td>\n<td style=\"width: 50%; height: 21px;\">230\/50 - 230-400\/50<\/td>\n<\/tr>\n<tr style=\"height: 21px;\">\n<td style=\"width: 50%; height: 21px;\">Leistung Kwatt\/(Hp)<\/td>\n<td style=\"width: 50%; height: 21px;\">0,75 (1,00)<\/td>\n<\/tr>\n<tr>\n<td style=\"width: 50%;\">Gelieferte Platte (mm)<\/td>\n<td style=\"width: 50%;\">\u00f86<\/td>\n<\/tr>\n<tr>\n<td style=\"width: 50%;\">Schleifen von Gruppen<\/td>\n<td style=\"width: 50%;\">Edelstahl\/Aluminium<\/td>\n<\/tr>\n<tr>\n<td style=\"width: 50%;\">\u00d6ffnung der Reibe (mm)<\/td>\n<td style=\"width: 50%;\">140&#215;80<\/td>\n<\/tr>\n<tr>\n<td style=\"width: 50%;\">Auslass des Fleischwolfs (mm)<\/td>\n<td style=\"width: 50%;\">\u00f870<\/td>\n<\/tr>\n<tr>\n<td style=\"width: 50%;\">St\u00fcndliche Leistung Reibe (kg)<\/td>\n<td style=\"width: 50%;\">50<\/td>\n<\/tr>\n<tr>\n<td style=\"width: 50%;\">St\u00fcndliche Leistung Fleischwolf (kg)<\/td>\n<td style=\"width: 50%;\">200<\/td>\n<\/tr>\n<tr style=\"height: 21px;\">\n<td style=\"width: 50%; height: 21px;\">Umdrehungen\/m Reibe (RPM)<\/td>\n<td style=\"width: 50%; height: 21px;\">1400<\/td>\n<\/tr>\n<tr style=\"height: 21px;\">\n<td style=\"width: 50%; height: 21px;\">Umdrehungen\/m Fleischwolf (RPM)<\/td>\n<td style=\"width: 50%; height: 21px;\">200<\/td>\n<\/tr>\n<tr style=\"height: 21px;\">\n<td style=\"width: 50%; height: 21px;\">Bruttogewicht einphasig\/dreiphasig (kg)<\/td>\n<td style=\"width: 50%; height: 21px;\">25,0\/23,0<\/td>\n<\/tr>\n<tr style=\"height: 21px;\">\n<td style=\"width: 50%; height: 21px;\">Einphasig\/dreiphasig Nettogewicht (kg)<\/td>\n<td style=\"width: 50%; height: 21px;\">22,0\/20,0<\/td>\n<\/tr>\n<tr style=\"height: 21px;\">\n<td style=\"width: 50%; height: 21px;\">Abmessungen (mm)<\/td>\n<td style=\"width: 50%; height: 21px;\">B. 200 D. 550 H. 460<\/td>\n<\/tr>\n<tr style=\"height: 21px;\">\n<td style=\"width: 50%; height: 21px;\">Verpackungsgr\u00f6\u00dfe (mm)<\/td>\n<td style=\"width: 50%; height: 21px;\">B. 290 D. 600 H. 430<\/td>\n<\/tr>\n<\/tbody>\n<\/table>\n<p>&nbsp;<\/p>\n<p>&nbsp;<\/p>","protected":false},"excerpt":{"rendered":"<p>Macchina Professionale Tritacarne + Grattugia con Produzione Oraria 50 Kg Monofase TRITACARNE GRATTUGIA TG 12 FAMA Descrizione prodotto: Eccezionale apparecchio uso professionale indicato per usi domestici e piccole comunit\u00e0. Bello e funzionale nonostante le ridotte dimensioni, \u00e8 in grado di tritare carne nelle quantit\u00e0 consigliate, per ottenere rag\u00f9, polpette, svizzere, insaccati. Il blocco macinazione \u00e8 [&#8230;]","protected":false},"featured_media":127890,"comment_status":"closed","ping_status":"closed","template":"","meta":{"_monsterinsights_skip_tracking":false,"_monsterinsights_sitenote_active":false,"_monsterinsights_sitenote_note":"","_monsterinsights_sitenote_category":0},"product_brand":[704],"product_cat":[49,56,183],"product_tag":[],"class_list":{"0":"post-127887","1":"product","2":"type-product","3":"status-publish","4":"has-post-thumbnail","6":"product_brand-fama","7":"product_cat-tritacarne","8":"product_cat-grattugie","9":"product_cat-tritacarne-ristorazione","10":"product_shipping_class-f","11":"pa_marca-fama","13":"first","14":"instock","15":"taxable","16":"shipping-taxable","17":"purchasable","18":"product-type-variable"},"_links":{"self":[{"href":"https:\/\/www.creaearredanegozi.it\/de\/wp-json\/wp\/v2\/product\/127887","targetHints":{"allow":["GET"]}}],"collection":[{"href":"https:\/\/www.creaearredanegozi.it\/de\/wp-json\/wp\/v2\/product"}],"about":[{"href":"https:\/\/www.creaearredanegozi.it\/de\/wp-json\/wp\/v2\/types\/product"}],"replies":[{"embeddable":true,"href":"https:\/\/www.creaearredanegozi.it\/de\/wp-json\/wp\/v2\/comments?post=127887"}],"wp:featuredmedia":[{"embeddable":true,"href":"https:\/\/www.creaearredanegozi.it\/de\/wp-json\/wp\/v2\/media\/127890"}],"wp:attachment":[{"href":"https:\/\/www.creaearredanegozi.it\/de\/wp-json\/wp\/v2\/media?parent=127887"}],"wp:term":[{"taxonomy":"product_brand","embeddable":true,"href":"https:\/\/www.creaearredanegozi.it\/de\/wp-json\/wp\/v2\/product_brand?post=127887"},{"taxonomy":"product_cat","embeddable":true,"href":"https:\/\/www.creaearredanegozi.it\/de\/wp-json\/wp\/v2\/product_cat?post=127887"},{"taxonomy":"product_tag","embeddable":true,"href":"https:\/\/www.creaearredanegozi.it\/de\/wp-json\/wp\/v2\/product_tag?post=127887"}],"curies":[{"name":"wp","href":"https:\/\/api.w.org\/{rel}","templated":true}]}}