{"id":127902,"date":"2024-05-16T12:45:40","date_gmt":"2024-05-16T10:45:40","guid":{"rendered":"https:\/\/www.creaearredanegozi.it\/?post_type=product&#038;p=127902"},"modified":"2024-05-16T13:29:08","modified_gmt":"2024-05-16T11:29:08","slug":"kombinierte-professionelle-fleischwolf-und-reibe-edelstahl-struktur-380-watt-tgi8-beruhmt","status":"publish","type":"product","link":"https:\/\/www.creaearredanegozi.it\/de\/kombinierte-professionelle-fleischwolf-und-reibe-edelstahl-struktur-380-watt-tgi8-beruhmt\/","title":{"rendered":"Kombinierte professionelle Fleischwolf und Reibe Edelstahl Struktur 380 Watt TGI8 FAMA"},"content":{"rendered":"<h3>Professionelle einphasige Fleischwolf und Reibe mit Edelstahl Struktur 380 Watt TGI Serie<\/h3>\n<p><strong>Fleischwolf + Einphasenreibe TGI8 FAMA<\/strong><\/p>\n<ul>\n<li>Maschinen f\u00fcr den professionellen Einsatz<\/li>\n<li>AISI 304 Edelstahlblech Struktur<\/li>\n<li>Stirnradgetriebesystem im \u00d6lbad<\/li>\n<li>Inl\u00e4ndische Produktion von Asynchronmotoren<\/li>\n<li>Thermischer Schutz<\/li>\n<li>Fleischwolf: Lebensmittelgerechtes Aluminium \/ Edelstahl<\/li>\n<li>Selbstsch\u00e4rfende Matrizen aus rostfreiem Stahl als Standard<\/li>\n<li>Trichter und Produktschale aus rostfreiem Stahl<\/li>\n<li>Stahlwalze mit chemisch vernickelter Beschichtung<\/li>\n<li>Walze aus rostfreiem Stahl AISI 304 erh\u00e4ltlich<\/li>\n<li>K\u00e4seschale aus Edelstahl<\/li>\n<li>Auslaufschutzgitter aus rostfreiem Stahl<\/li>\n<li>Mikro-Schutzreibe<\/li>\n<li>ABS-St\u00f6\u00dfel<\/li>\n<li>24-Volt-Steuerung<\/li>\n<li>EG-Normen<\/li>\n<li>Hergestellt in Italien<\/li>\n<\/ul>\n<p>Merkmale:<\/p>\n<ul>\n<li>Auslass \u00d8 60 mm.<\/li>\n<li>Einf\u00fchr\u00f6ffnung f\u00fcr Fleisch \u00d8 52 mm.<\/li>\n<li>Gestanzte Reibwalze 110\u00d760 mm.<\/li>\n<li>Ausgestattet mit W\u00e4rmeschutz.<\/li>\n<li>Platte wird standardm\u00e4\u00dfig mit 6 mm Bohrung geliefert<\/li>\n<\/ul>\n<p>Optional:<\/p>\n<ul>\n<li>Mahlwerk aus Aluminium oder rostfreiem Stahl<\/li>\n<li>Zuschlag f\u00fcr Edelstahlwalze.<\/li>\n<\/ul>\n<hr \/>\n<p><strong>Technische Daten<\/strong><\/p>\n<table style=\"border-collapse: collapse; width: 100%;\">\n<tbody>\n<tr>\n<td style=\"width: 50%;\"><span style=\"font-size: 14.4px;\">Modell<\/span><\/td>\n<td style=\"width: 50%;\"><span style=\"font-size: 14.4px;\">TGI8<\/span><\/td>\n<\/tr>\n<tr>\n<td style=\"width: 50%;\"><span style=\"font-size: 14.4px;\">Stromversorgung (Volt\/Hz)<\/span><\/td>\n<td style=\"width: 50%;\"><span style=\"font-size: 14.4px;\">230\/50<\/span><\/td>\n<\/tr>\n<tr>\n<td style=\"width: 50%;\"><span style=\"font-size: 14.4px;\">Leistung (Kwatt\/Hp)<\/span><\/td>\n<td style=\"width: 50%;\">0,38 (0,50)<\/td>\n<\/tr>\n<tr>\n<td style=\"width: 50%;\"><span style=\"font-size: 14.4px;\">Umdrehungen\/m Reibe (RPM)<br \/>\n<\/span><\/td>\n<td style=\"width: 50%;\"><span style=\"font-size: 14.4px;\">1400<\/span><\/td>\n<\/tr>\n<tr>\n<td style=\"width: 50%;\"><span style=\"font-size: 14.4px;\">Umdrehungen\/m Fleischwolf (RPM)<\/span><\/td>\n<td style=\"width: 50%;\"><span style=\"font-size: 14.4px;\">80<\/span><\/td>\n<\/tr>\n<tr>\n<td style=\"width: 50%;\"><span style=\"font-size: 14.4px;\">Gelieferte Platte (mm)<\/span><\/td>\n<td style=\"width: 50%;\"><span style=\"font-size: 14.4px;\">\u00f86<\/span><\/td>\n<\/tr>\n<tr>\n<td style=\"width: 50%;\"><span style=\"font-size: 14.4px;\">\u00d6ffnung der Reibe (mm)<\/span><\/td>\n<td style=\"width: 50%;\"><span style=\"font-size: 14.4px;\">110&#215;65<\/span><\/td>\n<\/tr>\n<tr>\n<td style=\"width: 50%;\"><span style=\"font-size: 14.4px;\">Auslass des Fleischwolfs (mm)<\/span><\/td>\n<td style=\"width: 50%;\"><span style=\"font-size: 14.4px;\">\u00f860<\/span><\/td>\n<\/tr>\n<tr>\n<td style=\"width: 50%;\"><span style=\"font-size: 14.4px;\">St\u00fcndliche Leistung Reibe (kg)<\/span><\/td>\n<td style=\"width: 50%;\"><span style=\"font-size: 14.4px;\">30<\/span><\/td>\n<\/tr>\n<tr>\n<td style=\"width: 50%;\"><span style=\"font-size: 14.4px;\">St\u00fcndliche Leistung Fleischwolf (kg)<\/span><\/td>\n<td style=\"width: 50%;\"><span style=\"font-size: 14.4px;\">15<\/span><\/td>\n<\/tr>\n<tr>\n<td style=\"width: 50%;\"><span style=\"font-size: 14.4px;\">Einphasig Nettogewicht (kg)<\/span><\/td>\n<td style=\"width: 50%;\"><span style=\"font-size: 14.4px;\">12,0<\/span><\/td>\n<\/tr>\n<tr>\n<td style=\"width: 50%;\"><span style=\"font-size: 14.4px;\">Einphasig Bruttogewicht (kg)<\/span><\/td>\n<td style=\"width: 50%;\"><span style=\"font-size: 14.4px;\">13,0<\/span><\/td>\n<\/tr>\n<tr>\n<td style=\"width: 50%;\"><span style=\"font-size: 14.4px;\">Abmessungen (mm)<\/span><\/td>\n<td style=\"width: 50%;\"><span style=\"font-size: 14.4px;\">B. 280 D. 400 H. 360<\/span><\/td>\n<\/tr>\n<tr>\n<td style=\"width: 50%;\"><span style=\"font-size: 14.4px;\">Verpackungsgr\u00f6\u00dfe (mm)<\/span><\/td>\n<td style=\"width: 50%;\"><span style=\"font-size: 14.4px;\">B. 310 D. 410 H. 410<\/span><\/td>\n<\/tr>\n<\/tbody>\n<\/table>","protected":false},"excerpt":{"rendered":"<p>Macchina Tritacarne e Grattugia Monofase Professionale Struttura Inox 380 Watt Serie TGI Tritacarne + Grattugia Monofase TGI8 FAMA Macchinario per uso professionale Struttura in lamiera di acciaio inox AISI 304 Sistema di riduzione ad ingranaggi elicoidali a bagno d\u2019olio Motore asincrono produzione nazionale Termica di protezione Gruppo macinazione carne: Alluminio Alimentare \/ Acciaio Inox Trafile [&#8230;]","protected":false},"featured_media":127905,"comment_status":"closed","ping_status":"closed","template":"","meta":{"_monsterinsights_skip_tracking":false,"_monsterinsights_sitenote_active":false,"_monsterinsights_sitenote_note":"","_monsterinsights_sitenote_category":0},"product_brand":[704],"product_cat":[49,56,183],"product_tag":[],"class_list":{"0":"post-127902","1":"product","2":"type-product","3":"status-publish","4":"has-post-thumbnail","6":"product_brand-fama","7":"product_cat-tritacarne","8":"product_cat-grattugie","9":"product_cat-tritacarne-ristorazione","10":"product_shipping_class-215","11":"pa_marca-fama","13":"first","14":"instock","15":"taxable","16":"shipping-taxable","17":"purchasable","18":"product-type-variable"},"_links":{"self":[{"href":"https:\/\/www.creaearredanegozi.it\/de\/wp-json\/wp\/v2\/product\/127902","targetHints":{"allow":["GET"]}}],"collection":[{"href":"https:\/\/www.creaearredanegozi.it\/de\/wp-json\/wp\/v2\/product"}],"about":[{"href":"https:\/\/www.creaearredanegozi.it\/de\/wp-json\/wp\/v2\/types\/product"}],"replies":[{"embeddable":true,"href":"https:\/\/www.creaearredanegozi.it\/de\/wp-json\/wp\/v2\/comments?post=127902"}],"wp:featuredmedia":[{"embeddable":true,"href":"https:\/\/www.creaearredanegozi.it\/de\/wp-json\/wp\/v2\/media\/127905"}],"wp:attachment":[{"href":"https:\/\/www.creaearredanegozi.it\/de\/wp-json\/wp\/v2\/media?parent=127902"}],"wp:term":[{"taxonomy":"product_brand","embeddable":true,"href":"https:\/\/www.creaearredanegozi.it\/de\/wp-json\/wp\/v2\/product_brand?post=127902"},{"taxonomy":"product_cat","embeddable":true,"href":"https:\/\/www.creaearredanegozi.it\/de\/wp-json\/wp\/v2\/product_cat?post=127902"},{"taxonomy":"product_tag","embeddable":true,"href":"https:\/\/www.creaearredanegozi.it\/de\/wp-json\/wp\/v2\/product_tag?post=127902"}],"curies":[{"name":"wp","href":"https:\/\/api.w.org\/{rel}","templated":true}]}}