{"id":127914,"date":"2024-05-16T13:15:41","date_gmt":"2024-05-16T11:15:41","guid":{"rendered":"https:\/\/www.creaearredanegozi.it\/?post_type=product&#038;p=127914"},"modified":"2024-05-16T13:25:31","modified_gmt":"2024-05-16T11:25:31","slug":"professioneller-fleischwolf-und-reibe-aus-edelstahl-1100-watt-tgi22-fame","status":"publish","type":"product","link":"https:\/\/www.creaearredanegozi.it\/de\/professioneller-fleischwolf-und-reibe-aus-edelstahl-1100-watt-tgi22-fame\/","title":{"rendered":"Profi-Edelstahl-Fleischwolf und -Reibe 1100 Watt TGI22 FAMA"},"content":{"rendered":"<h3>Profi-Fleischwolf Reibe TGI Serie 1100 Watt<\/h3>\n<p><strong>Fleischwolfreibe TGI 22<\/strong><\/p>\n<ul>\n<li>Maschinen f\u00fcr den professionellen Einsatz<\/li>\n<li>Ideal f\u00fcr Restaurants, Hotels, Kantinen<\/li>\n<li>AISI 304 Edelstahlblech Struktur<\/li>\n<li>Stirnradgetriebesystem im \u00d6lbad<\/li>\n<li>Motor <strong>bel\u00fcftet<\/strong> asynchrone inl\u00e4ndische Produktion<\/li>\n<li><strong>Thermischer Schutz <\/strong><\/li>\n<li>Fleischwolf: lebensmittelechtes Gusseisen oder rostfreier Stahl<\/li>\n<li>Selbstsch\u00e4rfende Matrizen aus rostfreiem Stahl als Standard<\/li>\n<li>Trichter und Produktschale aus rostfreiem Stahl<\/li>\n<li>Stahlwalze mit chemisch vernickelter Beschichtung<\/li>\n<li>Walze aus rostfreiem Stahl AISI 304 erh\u00e4ltlich<\/li>\n<li>K\u00e4seschale aus Edelstahl<\/li>\n<li>Auslaufschutzgitter aus rostfreiem Stahl<\/li>\n<li>Mikro-Schutzreibe<\/li>\n<li>ABS-St\u00f6\u00dfel<\/li>\n<li>24-Volt-Steuerung<\/li>\n<li>Verf\u00fcgbar mit R\u00fcckw\u00e4rtsgang (auf Anfrage)<\/li>\n<li>EG-Norm<\/li>\n<li>Hergestellt in Italien.<\/li>\n<\/ul>\n<p>Eigenschaften<\/p>\n<ul>\n<li>Auslass \u00d8 82 mm<\/li>\n<li>\u00d6ffnung zum Einf\u00fchren des Fleisches \u00d8 52 mm<\/li>\n<li>Gestanzte Reibwalze 140\u00d775 mm<\/li>\n<li>Bel\u00fcftet<\/li>\n<li>Ausgestattet mit W\u00e4rmeschutz<\/li>\n<li>Platte wird standardm\u00e4\u00dfig mit 6 mm Bohrung geliefert<\/li>\n<\/ul>\n<p>Optional:<\/p>\n<ul>\n<li>Version aus Gusseisen und Edelstahl erh\u00e4ltlich<\/li>\n<li>Dreiphasiges und zweiphasiges Modell.<\/li>\n<li>Reibwalze aus rostfreiem Stahl AISI 304<\/li>\n<li>R\u00fcckg\u00e4ngig machen.<\/li>\n<\/ul>\n<hr \/>\n<p><strong>Technische Daten<\/strong><\/p>\n<hr \/>\n<table class=\"table table-striped\">\n<tbody>\n<tr>\n<td>Stromversorgung:<\/td>\n<td>230\/50 - 230-400\/50 Volt\/Hz<\/td>\n<\/tr>\n<tr>\n<td>Macht:<\/td>\n<td>1,10 (1,50) Kwatt\/(PS)<\/td>\n<\/tr>\n<tr>\n<td>RPM RPM Fleischwolf:<\/td>\n<td>140<\/td>\n<\/tr>\n<tr>\n<td>RPM-Reibe RPM:<\/td>\n<td>900<\/td>\n<\/tr>\n<tr>\n<td>St\u00fcndliche Leistung des Fleischwolfs:<\/td>\n<td>300 kg<\/td>\n<\/tr>\n<tr>\n<td>St\u00fcndliche Leistung Reibe:<\/td>\n<td>70 kg<\/td>\n<\/tr>\n<tr>\n<td>Fleischwolf-Ausgang:<\/td>\n<td>\u00f8 82<\/td>\n<\/tr>\n<tr>\n<td>Reibeisenmund:<\/td>\n<td>140\u00d780 mm<\/td>\n<\/tr>\n<tr>\n<td>Stanz-Walzenreibe:<\/td>\n<td>75 x 140<\/td>\n<\/tr>\n<tr>\n<td>Der Teller wird mit dem Fleischwolf geliefert:<\/td>\n<td>\u00f8 6<\/td>\n<\/tr>\n<tr>\n<td>Mahlwerk:<\/td>\n<td>Gisa Feeder \/Edelstahl<\/td>\n<\/tr>\n<tr>\n<td>Einphasig\/dreiphasig Nettogewicht (kg)<\/td>\n<td>28,0\/26,0<\/td>\n<\/tr>\n<tr>\n<td>Bruttogewicht einphasig\/dreiphasig (kg)<\/td>\n<td>31,0\/29,0<\/td>\n<\/tr>\n<tr>\n<td>Abmessungen der Maschine:<\/td>\n<td>B. 220 D. 610 H. 440<\/td>\n<\/tr>\n<tr>\n<td>Abmessungen der Verpackung:<\/td>\n<td>B. 280 D. 720 H. 440<\/td>\n<\/tr>\n<\/tbody>\n<\/table>\n<hr \/>\n<p>&nbsp;<\/p>\n<hr \/>\n<p style=\"text-align: center;\">","protected":false},"excerpt":{"rendered":"<p>Macchina Tritacarne Grattugia Professionale Serie TGI 1100 Watt Tritacarne Grattugia TGI 22 Macchinario per uso professionale Ideale per ristoranti, alberghi, mense Struttura in lamiera di acciaio inox AISI 304 Sistema di riduzione ad ingranaggi elicoidali a bagno d\u2019olio Motore ventilato asincrono produzione nazionale Termica di protezione Gruppo macinazione carne: Ghisa Alimentare o Acciaio Inox Trafile [&#8230;]","protected":false},"featured_media":127919,"comment_status":"closed","ping_status":"closed","template":"","meta":{"_monsterinsights_skip_tracking":false,"_monsterinsights_sitenote_active":false,"_monsterinsights_sitenote_note":"","_monsterinsights_sitenote_category":0},"product_brand":[704],"product_cat":[56,49],"product_tag":[],"class_list":{"0":"post-127914","1":"product","2":"type-product","3":"status-publish","4":"has-post-thumbnail","6":"product_brand-fama","7":"product_cat-grattugie","8":"product_cat-tritacarne","9":"product_shipping_class-f","10":"pa_marca-fama","12":"first","13":"instock","14":"taxable","15":"shipping-taxable","16":"purchasable","17":"product-type-variable"},"_links":{"self":[{"href":"https:\/\/www.creaearredanegozi.it\/de\/wp-json\/wp\/v2\/product\/127914","targetHints":{"allow":["GET"]}}],"collection":[{"href":"https:\/\/www.creaearredanegozi.it\/de\/wp-json\/wp\/v2\/product"}],"about":[{"href":"https:\/\/www.creaearredanegozi.it\/de\/wp-json\/wp\/v2\/types\/product"}],"replies":[{"embeddable":true,"href":"https:\/\/www.creaearredanegozi.it\/de\/wp-json\/wp\/v2\/comments?post=127914"}],"wp:featuredmedia":[{"embeddable":true,"href":"https:\/\/www.creaearredanegozi.it\/de\/wp-json\/wp\/v2\/media\/127919"}],"wp:attachment":[{"href":"https:\/\/www.creaearredanegozi.it\/de\/wp-json\/wp\/v2\/media?parent=127914"}],"wp:term":[{"taxonomy":"product_brand","embeddable":true,"href":"https:\/\/www.creaearredanegozi.it\/de\/wp-json\/wp\/v2\/product_brand?post=127914"},{"taxonomy":"product_cat","embeddable":true,"href":"https:\/\/www.creaearredanegozi.it\/de\/wp-json\/wp\/v2\/product_cat?post=127914"},{"taxonomy":"product_tag","embeddable":true,"href":"https:\/\/www.creaearredanegozi.it\/de\/wp-json\/wp\/v2\/product_tag?post=127914"}],"curies":[{"name":"wp","href":"https:\/\/api.w.org\/{rel}","templated":true}]}}