{"id":127929,"date":"2024-05-17T10:52:55","date_gmt":"2024-05-17T08:52:55","guid":{"rendered":"https:\/\/www.creaearredanegozi.it\/?post_type=product&#038;p=127929"},"modified":"2024-05-17T10:59:54","modified_gmt":"2024-05-17T08:59:54","slug":"tritacarne-grattugia-professionale-bocca-82mm-1100-watt-uniko-tgk22-fama","status":"publish","type":"product","link":"https:\/\/www.creaearredanegozi.it\/de\/tritacarne-grattugia-professionale-bocca-82mm-1100-watt-uniko-tgk22-fama\/","title":{"rendered":"Professionelle Fleischwolf Reibe Maul 82mm 1100 Watt UNIKO TGK22 Fama"},"content":{"rendered":"<h3>Macchina Professionale Tritacarne + Grattugia con Produzione Oraria 70 Kg<\/h3>\n<p><strong>FLEISCHWOLF UNIKO TGK 22 FAME<\/strong><\/p>\n<p><strong>Beschreibung des Produkts:<\/strong><\/p>\n<ul>\n<li>Maschinen f\u00fcr den professionellen Einsatz<\/li>\n<li>Geh\u00e4use aus Aluminiumdruckgusslegierung<\/li>\n<li>Stirnradgetriebesystem im \u00d6lbad<\/li>\n<li>Inl\u00e4ndische Produktion von Asynchronmotoren<\/li>\n<li>Thermischer Schutz<\/li>\n<li>Fleischwolf: Rostfreier Stahl<\/li>\n<li>Selbstsch\u00e4rfende Matrizen aus rostfreiem Stahl als Standard<\/li>\n<li>Trichter und Produktschale aus rostfreiem Stahl<\/li>\n<li>ABS-St\u00f6\u00dfel<\/li>\n<li>Mikroschutz an der Reibe\u00f6ffnung<\/li>\n<li>Rostfreier Stahlrost am Reibenauslauf<\/li>\n<li>24-Volt-Steuerung<\/li>\n<li>Verf\u00fcgbar mit R\u00fcckw\u00e4rtsgang (auf Anfrage)<\/li>\n<li>EG-Normen<\/li>\n<li>Hergestellt in Italien<\/li>\n<\/ul>\n<p>Eigenschaften<\/p>\n<ul>\n<li>Mahlwerk aus rostfreiem Stahl.<\/li>\n<li>Bocca d\u2019uscita \u00d8 82 mm.<\/li>\n<li>Einf\u00fchr\u00f6ffnung f\u00fcr Fleisch \u00d8 52 mm.<\/li>\n<li>Gestanzte Reibwalze 140\u00d775 mm.<\/li>\n<li>Gruppo macinazione smontabile.<\/li>\n<li>Bel\u00fcftet.<\/li>\n<li>Ausgestattet mit W\u00e4rmeschutz.<\/li>\n<li>Die Platte wird standardm\u00e4\u00dfig mit 6 mm Bohrung geliefert.<\/li>\n<\/ul>\n<p>Optional:<\/p>\n<ul>\n<li>Dreiphasig und einphasig<\/li>\n<li>R\u00fcckg\u00e4ngig machen.<\/li>\n<li>Zuschlag f\u00fcr Edelstahlwalze.<\/li>\n<\/ul>\n<table style=\"border-collapse: collapse; width: 100%; height: 315px;\">\n<tbody>\n<tr style=\"height: 21px;\">\n<td style=\"width: 50%; height: 21px;\"><strong>Technische Daten<\/strong><\/td>\n<td style=\"width: 50%; height: 21px;\"><strong>Tritacarne Grattugia UNIKO TGK22<\/strong><\/td>\n<\/tr>\n<tr style=\"height: 21px;\">\n<td style=\"width: 50%; height: 21px;\">Spannungsversorgung Volt\/Hz<\/td>\n<td style=\"width: 50%; height: 21px;\">230\/50 - 230-400\/50<\/td>\n<\/tr>\n<tr style=\"height: 21px;\">\n<td style=\"width: 50%; height: 21px;\">Leistung Kwatt\/(Hp)<\/td>\n<td style=\"width: 50%; height: 21px;\">1,10 (1,50)<\/td>\n<\/tr>\n<tr>\n<td style=\"width: 50%;\">Gelieferte Platte (mm)<\/td>\n<td style=\"width: 50%;\">\u00f86<\/td>\n<\/tr>\n<tr>\n<td style=\"width: 50%;\">Schleifen von Gruppen<\/td>\n<td style=\"width: 50%;\">rostfreier Stahl<\/td>\n<\/tr>\n<tr>\n<td style=\"width: 50%;\">\u00d6ffnung der Reibe (mm)<\/td>\n<td style=\"width: 50%;\">140&#215;80<\/td>\n<\/tr>\n<tr>\n<td style=\"width: 50%;\">Auslass des Fleischwolfs (mm)<\/td>\n<td style=\"width: 50%;\">\u00f882<\/td>\n<\/tr>\n<tr>\n<td style=\"width: 50%;\">St\u00fcndliche Leistung Reibe (kg)<\/td>\n<td style=\"width: 50%;\">70<\/td>\n<\/tr>\n<tr>\n<td style=\"width: 50%;\">St\u00fcndliche Leistung Fleischwolf (kg)<\/td>\n<td style=\"width: 50%;\">300<\/td>\n<\/tr>\n<tr style=\"height: 21px;\">\n<td style=\"width: 50%; height: 21px;\">Umdrehungen\/m Reibe (RPM)<\/td>\n<td style=\"width: 50%; height: 21px;\">900<\/td>\n<\/tr>\n<tr style=\"height: 21px;\">\n<td style=\"width: 50%; height: 21px;\">Umdrehungen\/m Fleischwolf (RPM)<\/td>\n<td style=\"width: 50%; height: 21px;\">140<\/td>\n<\/tr>\n<tr style=\"height: 21px;\">\n<td style=\"width: 50%; height: 21px;\">Bruttogewicht einphasig\/dreiphasig (kg)<\/td>\n<td style=\"width: 50%; height: 21px;\">32,0\/30,0<\/td>\n<\/tr>\n<tr style=\"height: 21px;\">\n<td style=\"width: 50%; height: 21px;\">Einphasig\/dreiphasig Nettogewicht (kg)<\/td>\n<td style=\"width: 50%; height: 21px;\">29,0\/27,0<\/td>\n<\/tr>\n<tr style=\"height: 21px;\">\n<td style=\"width: 50%; height: 21px;\">Abmessungen (mm)<\/td>\n<td style=\"width: 50%; height: 21px;\">B. 240 D. 670 H. 500<\/td>\n<\/tr>\n<tr style=\"height: 21px;\">\n<td style=\"width: 50%; height: 21px;\">Verpackungsgr\u00f6\u00dfe (mm)<\/td>\n<td style=\"width: 50%; height: 21px;\">B. 280 D. 720 H. 440<\/td>\n<\/tr>\n<\/tbody>\n<\/table>\n<p>&nbsp;<\/p>\n<p>&nbsp;<\/p>","protected":false},"excerpt":{"rendered":"<p>Macchina Professionale Tritacarne + Grattugia con Produzione Oraria 70 Kg TRITACARNE GRATTUGIA UNIKO TGK 22 FAMA Descrizione prodotto: Macchinario per uso professionale Corpo in lega di alluminio pressofuso Sistema di riduzione ad ingranaggi elicoidali a bagno d\u2019olio Motore asincrono produzione nazionale Termica di protezione Gruppo macinazione carne: Acciaio Inox Trafile auto affilanti in acciaio inox [&#8230;]","protected":false},"featured_media":127932,"comment_status":"closed","ping_status":"closed","template":"","meta":{"_monsterinsights_skip_tracking":false,"_monsterinsights_sitenote_active":false,"_monsterinsights_sitenote_note":"","_monsterinsights_sitenote_category":0},"product_brand":[704],"product_cat":[49,56,183],"product_tag":[],"class_list":{"0":"post-127929","1":"product","2":"type-product","3":"status-publish","4":"has-post-thumbnail","6":"product_brand-fama","7":"product_cat-tritacarne","8":"product_cat-grattugie","9":"product_cat-tritacarne-ristorazione","10":"product_shipping_class-f","11":"pa_marca-fama","13":"first","14":"instock","15":"taxable","16":"shipping-taxable","17":"purchasable","18":"product-type-variable"},"_links":{"self":[{"href":"https:\/\/www.creaearredanegozi.it\/de\/wp-json\/wp\/v2\/product\/127929","targetHints":{"allow":["GET"]}}],"collection":[{"href":"https:\/\/www.creaearredanegozi.it\/de\/wp-json\/wp\/v2\/product"}],"about":[{"href":"https:\/\/www.creaearredanegozi.it\/de\/wp-json\/wp\/v2\/types\/product"}],"replies":[{"embeddable":true,"href":"https:\/\/www.creaearredanegozi.it\/de\/wp-json\/wp\/v2\/comments?post=127929"}],"wp:featuredmedia":[{"embeddable":true,"href":"https:\/\/www.creaearredanegozi.it\/de\/wp-json\/wp\/v2\/media\/127932"}],"wp:attachment":[{"href":"https:\/\/www.creaearredanegozi.it\/de\/wp-json\/wp\/v2\/media?parent=127929"}],"wp:term":[{"taxonomy":"product_brand","embeddable":true,"href":"https:\/\/www.creaearredanegozi.it\/de\/wp-json\/wp\/v2\/product_brand?post=127929"},{"taxonomy":"product_cat","embeddable":true,"href":"https:\/\/www.creaearredanegozi.it\/de\/wp-json\/wp\/v2\/product_cat?post=127929"},{"taxonomy":"product_tag","embeddable":true,"href":"https:\/\/www.creaearredanegozi.it\/de\/wp-json\/wp\/v2\/product_tag?post=127929"}],"curies":[{"name":"wp","href":"https:\/\/api.w.org\/{rel}","templated":true}]}}