{"id":127934,"date":"2024-05-17T11:00:43","date_gmt":"2024-05-17T09:00:43","guid":{"rendered":"https:\/\/www.creaearredanegozi.it\/?post_type=product&#038;p=127934"},"modified":"2024-05-17T11:06:34","modified_gmt":"2024-05-17T09:06:34","slug":"tritacarne-grattugia-professionale-bocca-70mm-750-watt-uniko-tgik12-fama","status":"publish","type":"product","link":"https:\/\/www.creaearredanegozi.it\/de\/tritacarne-grattugia-professionale-bocca-70mm-750-watt-uniko-tgik12-fama\/","title":{"rendered":"Professionelle Fleischwolf Reibe Maul 70mm 750 Watt UNIKO TGIK12 Fama"},"content":{"rendered":"<h3>Professionelle Fleischwolf + Reibe Maschine mit Stundenproduktion 50 Kg<\/h3>\n<p><strong>FLEISCHWOLF UNIKO TGIK 12 FAME<\/strong><\/p>\n<p><strong>Beschreibung des Produkts:<\/strong><\/p>\n<ul>\n<li>Maschinen f\u00fcr den professionellen Einsatz<\/li>\n<li>Struttura in lamiera di acciaio inox<\/li>\n<li>Stirnradgetriebesystem im \u00d6lbad<\/li>\n<li>Inl\u00e4ndische Produktion von Asynchronmotoren<\/li>\n<li>Thermischer Schutz<\/li>\n<li>Fleischwolf: Rostfreier Stahl<\/li>\n<li>Selbstsch\u00e4rfende Matrizen aus rostfreiem Stahl als Standard<\/li>\n<li>Trichter und Produktschale aus rostfreiem Stahl<\/li>\n<li>ABS-St\u00f6\u00dfel<\/li>\n<li>Mikroschutz an der Reibe\u00f6ffnung<\/li>\n<li>Rostfreier Stahlrost am Reibenauslauf<\/li>\n<li>24-Volt-Steuerung<\/li>\n<li>Verf\u00fcgbar mit R\u00fcckw\u00e4rtsgang (auf Anfrage)<\/li>\n<li>EG-Normen<\/li>\n<li>Hergestellt in Italien<\/li>\n<\/ul>\n<p>Eigenschaften<\/p>\n<ul>\n<li>Mahlwerk aus rostfreiem Stahl.<\/li>\n<li>Auslass \u00d8 70 mm.<\/li>\n<li>Einf\u00fchr\u00f6ffnung f\u00fcr Fleisch \u00d8 52 mm.<\/li>\n<li>Gestanzte Reibwalze 140\u00d775 mm.<\/li>\n<li>Gruppo macinazione smontabile.<\/li>\n<li>Bel\u00fcftet.<\/li>\n<li>Ausgestattet mit W\u00e4rmeschutz.<\/li>\n<li>Die Platte wird standardm\u00e4\u00dfig mit 6 mm Bohrung geliefert.<\/li>\n<\/ul>\n<p>Optional:<\/p>\n<ul>\n<li>Dreiphasig und einphasig<\/li>\n<li>R\u00fcckg\u00e4ngig machen.<\/li>\n<li>Zuschlag f\u00fcr Edelstahlwalze.<\/li>\n<\/ul>\n<table style=\"border-collapse: collapse; width: 100%; height: 315px;\">\n<tbody>\n<tr style=\"height: 21px;\">\n<td style=\"width: 50%; height: 21px;\"><strong>Technische Daten<\/strong><\/td>\n<td style=\"width: 50%; height: 21px;\"><strong>Tritacarne Grattugia UNIKO TGIK12<\/strong><\/td>\n<\/tr>\n<tr style=\"height: 21px;\">\n<td style=\"width: 50%; height: 21px;\">Spannungsversorgung Volt\/Hz<\/td>\n<td style=\"width: 50%; height: 21px;\">230\/50 - 230-400\/50<\/td>\n<\/tr>\n<tr style=\"height: 21px;\">\n<td style=\"width: 50%; height: 21px;\">Leistung Kwatt\/(Hp)<\/td>\n<td style=\"width: 50%; height: 21px;\">0,75 (1,00)<\/td>\n<\/tr>\n<tr>\n<td style=\"width: 50%;\">Gelieferte Platte (mm)<\/td>\n<td style=\"width: 50%;\">\u00f86<\/td>\n<\/tr>\n<tr>\n<td style=\"width: 50%;\">Schleifen von Gruppen<\/td>\n<td style=\"width: 50%;\">rostfreier Stahl<\/td>\n<\/tr>\n<tr>\n<td style=\"width: 50%;\">\u00d6ffnung der Reibe (mm)<\/td>\n<td style=\"width: 50%;\">140&#215;80<\/td>\n<\/tr>\n<tr>\n<td style=\"width: 50%;\">Auslass des Fleischwolfs (mm)<\/td>\n<td style=\"width: 50%;\">\u00f870<\/td>\n<\/tr>\n<tr>\n<td style=\"width: 50%;\">St\u00fcndliche Leistung Reibe (kg)<\/td>\n<td style=\"width: 50%;\">50<\/td>\n<\/tr>\n<tr>\n<td style=\"width: 50%;\">St\u00fcndliche Leistung Fleischwolf (kg)<\/td>\n<td style=\"width: 50%;\">200<\/td>\n<\/tr>\n<tr style=\"height: 21px;\">\n<td style=\"width: 50%; height: 21px;\">Umdrehungen\/m Reibe (RPM)<\/td>\n<td style=\"width: 50%; height: 21px;\">1400<\/td>\n<\/tr>\n<tr style=\"height: 21px;\">\n<td style=\"width: 50%; height: 21px;\">Umdrehungen\/m Fleischwolf (RPM)<\/td>\n<td style=\"width: 50%; height: 21px;\">200<\/td>\n<\/tr>\n<tr style=\"height: 21px;\">\n<td style=\"width: 50%; height: 21px;\">Bruttogewicht einphasig\/dreiphasig (kg)<\/td>\n<td style=\"width: 50%; height: 21px;\">28,0\/26,0<\/td>\n<\/tr>\n<tr style=\"height: 21px;\">\n<td style=\"width: 50%; height: 21px;\">Einphasig\/dreiphasig Nettogewicht (kg)<\/td>\n<td style=\"width: 50%; height: 21px;\">26,0\/24,0<\/td>\n<\/tr>\n<tr style=\"height: 21px;\">\n<td style=\"width: 50%; height: 21px;\">Abmessungen (mm)<\/td>\n<td style=\"width: 50%; height: 21px;\">B. 220 D. 640 H. 430<\/td>\n<\/tr>\n<tr style=\"height: 21px;\">\n<td style=\"width: 50%; height: 21px;\">Verpackungsgr\u00f6\u00dfe (mm)<\/td>\n<td style=\"width: 50%; height: 21px;\">B. 280 D. 720 H. 440<\/td>\n<\/tr>\n<\/tbody>\n<\/table>\n<p>&nbsp;<\/p>\n<p>&nbsp;<\/p>","protected":false},"excerpt":{"rendered":"<p>Macchina Professionale Tritacarne + Grattugia con Produzione Oraria 50 Kg TRITACARNE GRATTUGIA UNIKO TGIK 12 FAMA Descrizione prodotto: Macchinario per uso professionale Struttura in lamiera di acciaio inox Sistema di riduzione ad ingranaggi elicoidali a bagno d\u2019olio Motore asincrono produzione nazionale Termica di protezione Gruppo macinazione carne: Acciaio Inox Trafile auto affilanti in acciaio inox [&#8230;]","protected":false},"featured_media":127937,"comment_status":"closed","ping_status":"closed","template":"","meta":{"_monsterinsights_skip_tracking":false,"_monsterinsights_sitenote_active":false,"_monsterinsights_sitenote_note":"","_monsterinsights_sitenote_category":0},"product_brand":[704],"product_cat":[49,56,183],"product_tag":[],"class_list":{"0":"post-127934","1":"product","2":"type-product","3":"status-publish","4":"has-post-thumbnail","6":"product_brand-fama","7":"product_cat-tritacarne","8":"product_cat-grattugie","9":"product_cat-tritacarne-ristorazione","10":"product_shipping_class-f","11":"pa_marca-fama","13":"first","14":"instock","15":"taxable","16":"shipping-taxable","17":"purchasable","18":"product-type-variable"},"_links":{"self":[{"href":"https:\/\/www.creaearredanegozi.it\/de\/wp-json\/wp\/v2\/product\/127934","targetHints":{"allow":["GET"]}}],"collection":[{"href":"https:\/\/www.creaearredanegozi.it\/de\/wp-json\/wp\/v2\/product"}],"about":[{"href":"https:\/\/www.creaearredanegozi.it\/de\/wp-json\/wp\/v2\/types\/product"}],"replies":[{"embeddable":true,"href":"https:\/\/www.creaearredanegozi.it\/de\/wp-json\/wp\/v2\/comments?post=127934"}],"wp:featuredmedia":[{"embeddable":true,"href":"https:\/\/www.creaearredanegozi.it\/de\/wp-json\/wp\/v2\/media\/127937"}],"wp:attachment":[{"href":"https:\/\/www.creaearredanegozi.it\/de\/wp-json\/wp\/v2\/media?parent=127934"}],"wp:term":[{"taxonomy":"product_brand","embeddable":true,"href":"https:\/\/www.creaearredanegozi.it\/de\/wp-json\/wp\/v2\/product_brand?post=127934"},{"taxonomy":"product_cat","embeddable":true,"href":"https:\/\/www.creaearredanegozi.it\/de\/wp-json\/wp\/v2\/product_cat?post=127934"},{"taxonomy":"product_tag","embeddable":true,"href":"https:\/\/www.creaearredanegozi.it\/de\/wp-json\/wp\/v2\/product_tag?post=127934"}],"curies":[{"name":"wp","href":"https:\/\/api.w.org\/{rel}","templated":true}]}}