{"id":127949,"date":"2024-05-17T11:47:54","date_gmt":"2024-05-17T09:47:54","guid":{"rendered":"https:\/\/www.creaearredanegozi.it\/?post_type=product&#038;p=127949"},"modified":"2024-05-21T12:09:38","modified_gmt":"2024-05-21T10:09:38","slug":"semiprofessionelle-fleischwolf-reibe-60mm-mund-380-watt-mignon-serie-retro-tg8r-ruhm","status":"publish","type":"product","link":"https:\/\/www.creaearredanegozi.it\/de\/semiprofessionelle-fleischwolf-reibe-60mm-mund-380-watt-mignon-serie-retro-tg8r-ruhm\/","title":{"rendered":"Fleischwolf Semiprofessionelle Reibe Maul 60mm 380 Watt Mignon Retro' Serie TG8R Fama"},"content":{"rendered":"<h3>Semiprofessioneller Fleischwolf + Reibe mit Stundenproduktion 30 Kg Einphasig<\/h3>\n<p>Ger\u00e4te f\u00fcr den semiprofessionellen und h\u00e4uslichen Gebrauch, ideal f\u00fcr Haushalte und kleine Restaurants<\/p>\n<p><strong>GRITACARNE Mignon Serie Retro' TG 8 R FAMA<\/strong><\/p>\n<p><strong>Beschreibung des Produkts:<\/strong><\/p>\n<ul>\n<li>Maschinen f\u00fcr den professionellen Einsatz<\/li>\n<li>Hergestellt aus druckgegossener und lackierter Aluminiumlegierung<\/li>\n<li>Stirnradgetriebesystem im \u00d6lbad<\/li>\n<li>Robuster, inl\u00e4ndisch produzierter Motor<\/li>\n<li>Thermischer Schutz<\/li>\n<li>Fleischwolf: Aluminium \/ Edelstahl<\/li>\n<li>Selbstsch\u00e4rfende Matrizen aus rostfreiem Stahl als Standard<\/li>\n<li>Trichter aus rostfreiem Stahl<\/li>\n<li>Reibwalze aus Stahl<\/li>\n<li>Mikrobelastungsschutz der Reibe\u00f6ffnung<\/li>\n<li>Auslaufschutzgitter f\u00fcr Reibeisen aus rostfreiem Stahl<\/li>\n<li>K\u00e4seschale aus Edelstahl<\/li>\n<li>ABS-St\u00f6\u00dfel<\/li>\n<li>24-Volt-Steuerung<\/li>\n<li>EG-Normen<\/li>\n<li>Hergestellt in Italien<\/li>\n<\/ul>\n<p>Eigenschaften<\/p>\n<ul>\n<li>Mahlwerk aus lebensmittelechtem Aluminium oder rostfreiem Stahl<\/li>\n<li>Auslass \u00d8 60 mm.<\/li>\n<li>Einf\u00fchr\u00f6ffnung f\u00fcr Fleisch \u00d8 52 mm.<\/li>\n<li>Gestanzte Reibwalze 110\u00d760 mm.<\/li>\n<li>Ausgestattet mit W\u00e4rmeschutz (nur CE-Version).<\/li>\n<li>Die Platte wird standardm\u00e4\u00dfig mit 6 mm Bohrung geliefert.<\/li>\n<\/ul>\n<p>Optional:<\/p>\n<ul>\n<li>Mahlwerk aus Aluminium oder rostfreiem Stahl<\/li>\n<li>Zuschlag f\u00fcr Edelstahlwalze.<\/li>\n<\/ul>\n<table style=\"border-collapse: collapse; width: 100%; height: 315px;\">\n<tbody>\n<tr style=\"height: 21px;\">\n<td style=\"width: 50%; height: 21px;\"><strong>Technische Daten<\/strong><\/td>\n<td style=\"width: 50%; height: 21px;\"><strong>Fleischwolfreibe TG8R<\/strong><\/td>\n<\/tr>\n<tr style=\"height: 21px;\">\n<td style=\"width: 50%; height: 21px;\">Spannungsversorgung Volt\/Hz<\/td>\n<td style=\"width: 50%; height: 21px;\">230\/50<\/td>\n<\/tr>\n<tr style=\"height: 21px;\">\n<td style=\"width: 50%; height: 21px;\">Leistung Kwatt\/(Hp)<\/td>\n<td style=\"width: 50%; height: 21px;\">0,38 (0,50)<\/td>\n<\/tr>\n<tr style=\"height: 21px;\">\n<td style=\"width: 50%; height: 21px;\">Umdrehungen\/m Reibe (RPM)<\/td>\n<td style=\"width: 50%; height: 21px;\">1400<\/td>\n<\/tr>\n<tr style=\"height: 21px;\">\n<td style=\"width: 50%; height: 21px;\">Umdrehungen\/m Fleischwolf (RPM)<\/td>\n<td style=\"width: 50%; height: 21px;\">80<\/td>\n<\/tr>\n<tr style=\"height: 21px;\">\n<td style=\"width: 50%; height: 21px;\">Schleifen von Gruppen<\/td>\n<td style=\"width: 50%; height: 21px;\">Edelstahl\/Aluminium<\/td>\n<\/tr>\n<tr style=\"height: 21px;\">\n<td style=\"width: 50%; height: 21px;\">Gelieferte Platte (mm)<\/td>\n<td style=\"width: 50%; height: 21px;\">\u00f86<\/td>\n<\/tr>\n<tr style=\"height: 21px;\">\n<td style=\"width: 50%; height: 21px;\">\u00d6ffnung der Reibe (mm)<\/td>\n<td style=\"width: 50%; height: 21px;\">110&#215;65<\/td>\n<\/tr>\n<tr style=\"height: 21px;\">\n<td style=\"width: 50%; height: 21px;\">Auslass des Fleischwolfs (mm)<\/td>\n<td style=\"width: 50%; height: 21px;\">\u00f860<\/td>\n<\/tr>\n<tr style=\"height: 21px;\">\n<td style=\"width: 50%; height: 21px;\">St\u00fcndliche Leistung Reibe (kg)<\/td>\n<td style=\"width: 50%; height: 21px;\">30<\/td>\n<\/tr>\n<tr style=\"height: 21px;\">\n<td style=\"width: 50%; height: 21px;\">St\u00fcndliche Leistung Fleischwolf (kg)<\/td>\n<td style=\"width: 50%; height: 21px;\">15<\/td>\n<\/tr>\n<tr style=\"height: 21px;\">\n<td style=\"width: 50%; height: 21px;\">Einphasig Nettogewicht (kg)<\/td>\n<td style=\"width: 50%; height: 21px;\">10<\/td>\n<\/tr>\n<tr style=\"height: 21px;\">\n<td style=\"width: 50%; height: 21px;\">Einphasig Bruttogewicht (kg)<\/td>\n<td style=\"width: 50%; height: 21px;\">11<\/td>\n<\/tr>\n<tr style=\"height: 21px;\">\n<td style=\"width: 50%; height: 21px;\">Abmessungen (mm)<\/td>\n<td style=\"width: 50%; height: 21px;\">B. 260 D. 380 H. 360<\/td>\n<\/tr>\n<tr style=\"height: 21px;\">\n<td style=\"width: 50%; height: 21px;\">Verpackungsgr\u00f6\u00dfe (mm)<\/td>\n<td style=\"width: 50%; height: 21px;\">B. 300 D. 390 H. 370<\/td>\n<\/tr>\n<\/tbody>\n<\/table>\n<p>&nbsp;<\/p>\n<p>&nbsp;<\/p>","protected":false},"excerpt":{"rendered":"<p>Macchina SemiProfessionale Tritacarne + Grattugia con Produzione Oraria 30 Kg Monofase Apparecchi per uso semiprofessionale e domestico, ideale per abitazioni e piccoli ristoranti TRITACARNE GRATTUGIA Serie Mignon Retro&#8217; TG 8 R FAMA Descrizione prodotto: Macchinario per uso professionale Costruito in lega di alluminio pressofuso e verniciato Sistema di riduzione ad ingranaggi elicoidali a bagno d\u2019olio [&#8230;]","protected":false},"featured_media":127952,"comment_status":"closed","ping_status":"closed","template":"","meta":{"_monsterinsights_skip_tracking":false,"_monsterinsights_sitenote_active":false,"_monsterinsights_sitenote_note":"","_monsterinsights_sitenote_category":0},"product_brand":[704],"product_cat":[49,56,183],"product_tag":[],"class_list":{"0":"post-127949","1":"product","2":"type-product","3":"status-publish","4":"has-post-thumbnail","6":"product_brand-fama","7":"product_cat-tritacarne","8":"product_cat-grattugie","9":"product_cat-tritacarne-ristorazione","10":"product_shipping_class-215","11":"pa_marca-fama","13":"first","14":"instock","15":"taxable","16":"shipping-taxable","17":"purchasable","18":"product-type-variable"},"_links":{"self":[{"href":"https:\/\/www.creaearredanegozi.it\/de\/wp-json\/wp\/v2\/product\/127949","targetHints":{"allow":["GET"]}}],"collection":[{"href":"https:\/\/www.creaearredanegozi.it\/de\/wp-json\/wp\/v2\/product"}],"about":[{"href":"https:\/\/www.creaearredanegozi.it\/de\/wp-json\/wp\/v2\/types\/product"}],"replies":[{"embeddable":true,"href":"https:\/\/www.creaearredanegozi.it\/de\/wp-json\/wp\/v2\/comments?post=127949"}],"wp:featuredmedia":[{"embeddable":true,"href":"https:\/\/www.creaearredanegozi.it\/de\/wp-json\/wp\/v2\/media\/127952"}],"wp:attachment":[{"href":"https:\/\/www.creaearredanegozi.it\/de\/wp-json\/wp\/v2\/media?parent=127949"}],"wp:term":[{"taxonomy":"product_brand","embeddable":true,"href":"https:\/\/www.creaearredanegozi.it\/de\/wp-json\/wp\/v2\/product_brand?post=127949"},{"taxonomy":"product_cat","embeddable":true,"href":"https:\/\/www.creaearredanegozi.it\/de\/wp-json\/wp\/v2\/product_cat?post=127949"},{"taxonomy":"product_tag","embeddable":true,"href":"https:\/\/www.creaearredanegozi.it\/de\/wp-json\/wp\/v2\/product_tag?post=127949"}],"curies":[{"name":"wp","href":"https:\/\/api.w.org\/{rel}","templated":true}]}}