{"id":127954,"date":"2024-05-17T12:11:36","date_gmt":"2024-05-17T10:11:36","guid":{"rendered":"https:\/\/www.creaearredanegozi.it\/?post_type=product&#038;p=127954"},"modified":"2024-05-27T12:52:24","modified_gmt":"2024-05-27T10:52:24","slug":"grattugia-semi-professionale-380w-retro-serie-mignon-gm-r-fama","status":"publish","type":"product","link":"https:\/\/www.creaearredanegozi.it\/de\/grattugia-semi-professionale-380w-retro-serie-mignon-gm-r-fama\/","title":{"rendered":"Semiprofessionelle Reibe 380W Retro' Mignon Serie GM R FAMA"},"content":{"rendered":"<h3>Grattugia SemiProfessionale Corpo Verniciato Rosso 230V<\/h3>\n<p>Ger\u00e4te f\u00fcr den semiprofessionellen und h\u00e4uslichen Gebrauch, ideal f\u00fcr Haushalte und kleine Restaurants<\/p>\n<p><strong>Grattugia Retro&#8217; Serie Mignon GM R Fama<\/strong><\/p>\n<p>Piccola grattugia per la preparazione del formaggio, ideale per uso domestico, ma indicata anche per\u00a0 uso professionale. Bellissima, funzionale, pratica e grande lavoratrice. Nonostante le ridotte dimensioni \u00e8 in grado di lavorare una quantit\u00e0 di prodotto eccezionale.<\/p>\n<p>Sie entspricht allen geltenden Vorschriften und ist mit einem Motor mit W\u00e4rmeschutz, einer Verriegelung am Reibedr\u00fccker, die bei \u00dcberschreiten der Sicherheitsschwelle eingreift, und einer Reibe aus rostfreiem Stahl ausgestattet, die das Ber\u00fchren beweglicher Teile verhindert. Ein wahres kleines Meisterwerk der Mechanik und des Designs.<\/p>\n<p>Unsere Mignon-Reibe, die bereits erfolgreich im Haushalt eingesetzt wird, erf\u00fcllt auch problemlos die Anforderungen von kleinen Gemeinden, Hotels und Restaurants.<\/p>\n<p>Beschreibung<\/p>\n<ul>\n<li>Maschinen f\u00fcr den professionellen Einsatz<\/li>\n<li>Geh\u00e4use aus druckgegossener und lackierter Aluminiumlegierung<\/li>\n<li>Robuster, inl\u00e4ndisch produzierter Motor.<\/li>\n<li>Thermischer Schutz<\/li>\n<li>Reibwalze aus Stahl<\/li>\n<li>Mikrobelastungsschutz der Reibe\u00f6ffnung<\/li>\n<li>Auslaufschutzgitter f\u00fcr Reibeisen aus rostfreiem Stahl<\/li>\n<li>K\u00e4seschale aus Edelstahl<\/li>\n<li>ABS-St\u00f6\u00dfel<\/li>\n<li>24-Volt-Steuerung<\/li>\n<li>EG-Normen<\/li>\n<li>Hergestellt in Italien<\/li>\n<\/ul>\n<p>Merkmale:<\/p>\n<ul>\n<li>Alimentazione monofase<\/li>\n<li>Bocca grattugia 110&#215;65 mm<\/li>\n<li>Rullo punzonato grattugia 110&#215;60 mm<\/li>\n<li>Ausgestattet mit W\u00e4rmeschutz<\/li>\n<\/ul>\n<p>Optional<\/p>\n<p>Vollst\u00e4ndig aus rostfreiem Stahl AISI 304 gefertigt, hat es scharfe Spitzen.<\/p>\n<p><a href=\"https:\/\/www.creaearredanegozi.it\/wp-content\/uploads\/2024\/05\/mri-rullo-optional.jpg\"><img decoding=\"async\" class=\"alignnone size-full wp-image-128067\" src=\"https:\/\/www.creaearredanegozi.it\/wp-content\/uploads\/2024\/05\/mri-rullo-optional.jpg\" alt=\"\" width=\"440\" height=\"300\" title=\"\" srcset=\"https:\/\/www.creaearredanegozi.it\/wp-content\/uploads\/2024\/05\/mri-rullo-optional.jpg 440w, https:\/\/www.creaearredanegozi.it\/wp-content\/uploads\/2024\/05\/mri-rullo-optional-64x44.jpg 64w\" sizes=\"(max-width: 440px) 100vw, 440px\" \/><\/a><\/p>\n<hr \/>\n<p><strong>Technische Daten<\/strong><\/p>\n<table style=\"border-collapse: collapse; width: 100%;\">\n<tbody>\n<tr>\n<td style=\"width: 50%;\">Modell<\/td>\n<td style=\"width: 50%;\"><strong>Retro&#8217; Mignon GM R<\/strong><\/td>\n<\/tr>\n<tr>\n<td style=\"width: 50%;\">Stromversorgung (Volt\/Hz)<\/td>\n<td style=\"width: 50%;\">230\/50 monofase<\/td>\n<\/tr>\n<tr>\n<td style=\"width: 50%;\">Leistung (Kwatt\/Hp)<\/td>\n<td style=\"width: 50%;\">0,38 (0,50)<\/td>\n<\/tr>\n<tr>\n<td style=\"width: 50%;\">Turns\/Reibe<\/td>\n<td style=\"width: 50%;\">1400<\/td>\n<\/tr>\n<tr>\n<td style=\"width: 50%;\">St\u00fcndliche Leistung Reibeisen<\/td>\n<td style=\"width: 50%;\">30<\/td>\n<\/tr>\n<tr>\n<td style=\"width: 50%;\">Reibeisen Mund<\/td>\n<td style=\"width: 50%;\">110&#215;65<\/td>\n<\/tr>\n<tr>\n<td style=\"width: 50%;\">Walzenreibe gestanzt<\/td>\n<td style=\"width: 50%;\">110&#215;60<\/td>\n<\/tr>\n<tr>\n<td style=\"width: 50%;\">Einphasig Nettogewicht (kg)<\/td>\n<td style=\"width: 50%;\">8,0<\/td>\n<\/tr>\n<tr>\n<td style=\"width: 50%;\">Einphasig Bruttogewicht (kg)<\/td>\n<td style=\"width: 50%;\">9,0<\/td>\n<\/tr>\n<tr>\n<td style=\"width: 50%;\">Abmessungen (mm)<\/td>\n<td style=\"width: 50%;\">B. 170 D. 280 H. 310<\/td>\n<\/tr>\n<tr>\n<td style=\"width: 50%;\">Verpackungsgr\u00f6\u00dfe (mm)<\/td>\n<td style=\"width: 50%;\">B. 260 D. 300 H. 360<\/td>\n<\/tr>\n<\/tbody>\n<\/table>\n<hr \/>\n<p>&nbsp;<\/p>","protected":false},"excerpt":{"rendered":"<p>Grattugia SemiProfessionale Corpo Verniciato Rosso 230V Apparecchi per uso semiprofessionale e domestico, ideale per abitazioni e piccoli ristoranti Grattugia Retro&#8217; Serie Mignon GM R Fama Piccola grattugia per la preparazione del formaggio, ideale per uso domestico, ma indicata anche per\u00a0 uso professionale. Bellissima, funzionale, pratica e grande lavoratrice. Nonostante le ridotte dimensioni \u00e8 in grado [&#8230;]","protected":false},"featured_media":127955,"comment_status":"closed","ping_status":"closed","template":"","meta":{"_monsterinsights_skip_tracking":false,"_monsterinsights_sitenote_active":false,"_monsterinsights_sitenote_note":"","_monsterinsights_sitenote_category":0},"product_brand":[704],"product_cat":[56],"product_tag":[],"class_list":{"0":"post-127954","1":"product","2":"type-product","3":"status-publish","4":"has-post-thumbnail","6":"product_brand-fama","7":"product_cat-grattugie","8":"product_shipping_class-215","9":"pa_marca-fama","11":"first","12":"instock","13":"taxable","14":"shipping-taxable","15":"purchasable","16":"product-type-simple"},"_links":{"self":[{"href":"https:\/\/www.creaearredanegozi.it\/de\/wp-json\/wp\/v2\/product\/127954","targetHints":{"allow":["GET"]}}],"collection":[{"href":"https:\/\/www.creaearredanegozi.it\/de\/wp-json\/wp\/v2\/product"}],"about":[{"href":"https:\/\/www.creaearredanegozi.it\/de\/wp-json\/wp\/v2\/types\/product"}],"replies":[{"embeddable":true,"href":"https:\/\/www.creaearredanegozi.it\/de\/wp-json\/wp\/v2\/comments?post=127954"}],"wp:featuredmedia":[{"embeddable":true,"href":"https:\/\/www.creaearredanegozi.it\/de\/wp-json\/wp\/v2\/media\/127955"}],"wp:attachment":[{"href":"https:\/\/www.creaearredanegozi.it\/de\/wp-json\/wp\/v2\/media?parent=127954"}],"wp:term":[{"taxonomy":"product_brand","embeddable":true,"href":"https:\/\/www.creaearredanegozi.it\/de\/wp-json\/wp\/v2\/product_brand?post=127954"},{"taxonomy":"product_cat","embeddable":true,"href":"https:\/\/www.creaearredanegozi.it\/de\/wp-json\/wp\/v2\/product_cat?post=127954"},{"taxonomy":"product_tag","embeddable":true,"href":"https:\/\/www.creaearredanegozi.it\/de\/wp-json\/wp\/v2\/product_tag?post=127954"}],"curies":[{"name":"wp","href":"https:\/\/api.w.org\/{rel}","templated":true}]}}