{"id":127967,"date":"2024-05-21T10:55:01","date_gmt":"2024-05-21T08:55:01","guid":{"rendered":"https:\/\/www.creaearredanegozi.it\/?post_type=product&#038;p=127967"},"modified":"2024-05-21T11:26:55","modified_gmt":"2024-05-21T09:26:55","slug":"tritacarne-grattugia-professionale-bocca-70mm-750-watt-serie-professional-retro-tg12r-fama","status":"publish","type":"product","link":"https:\/\/www.creaearredanegozi.it\/de\/tritacarne-grattugia-professionale-bocca-70mm-750-watt-serie-professional-retro-tg12r-fama\/","title":{"rendered":"Professionelle Fleischwolfreibe Mund 70mm 750 Watt Professionelle Retro' Serie TG12R Fama"},"content":{"rendered":"<h3>Macchina Professionale Tritacarne + Grattugia con Produzione Oraria 200 Kg<\/h3>\n<p><strong>TRITACARNE GRATTUGIA Serie Professional Retro&#8217; TG 12 R FAMA<\/strong><\/p>\n<p><strong>Beschreibung des Produkts:<\/strong><\/p>\n<ul>\n<li>Maschinen f\u00fcr den professionellen Einsatz<\/li>\n<li>Geh\u00e4use aus druckgegossener und lackierter Aluminiumlegierung<\/li>\n<li>Stirnradgetriebesystem im \u00d6lbad<\/li>\n<li>Robusto motore a induzione di produzione nazionale<\/li>\n<li>Thermischer Schutz<\/li>\n<li>Gruppo macinazione carne: Ghisa Alimentare \/ Acciaio Inox<\/li>\n<li>Selbstsch\u00e4rfende Matrizen aus rostfreiem Stahl als Standard<\/li>\n<li>Trichter aus rostfreiem Stahl<\/li>\n<li>Reibwalze aus Stahl<\/li>\n<li>Disponibile in AISI 304<\/li>\n<li>Mikrobelastungsschutz der Reibe\u00f6ffnung<\/li>\n<li>Auslaufschutzgitter f\u00fcr Reibeisen aus rostfreiem Stahl<\/li>\n<li>K\u00e4seschale aus Edelstahl<\/li>\n<li>ABS-St\u00f6\u00dfel<\/li>\n<li>24-Volt-Steuerung<\/li>\n<li>EG-Normen<\/li>\n<li>Hergestellt in Italien<\/li>\n<\/ul>\n<p>Eigenschaften<\/p>\n<ul>\n<li>Gruppo macinazione in ghisa alimentare o acciaio inox<\/li>\n<li>Auslass \u00d8 70 mm.<\/li>\n<li>Einf\u00fchr\u00f6ffnung f\u00fcr Fleisch \u00d8 52 mm.<\/li>\n<li>Gestanzte Reibwalze 140\u00d775 mm.<\/li>\n<li>Ausgestattet mit W\u00e4rmeschutz.<\/li>\n<li>Die Platte wird standardm\u00e4\u00dfig mit 6 mm Bohrung geliefert.<\/li>\n<\/ul>\n<p>Optional:<\/p>\n<ul>\n<li>Gruppo macinazione ghisa o inox<\/li>\n<li>Dreiphasige oder einphasige Stromversorgung<\/li>\n<li>Umkehrung<\/li>\n<li>Zuschlag f\u00fcr Edelstahlwalze.<\/li>\n<\/ul>\n<table style=\"border-collapse: collapse; width: 100%; height: 315px;\">\n<tbody>\n<tr style=\"height: 21px;\">\n<td style=\"width: 50%; height: 21px;\"><strong>Technische Daten<\/strong><\/td>\n<td style=\"width: 50%; height: 21px;\"><strong>Tritacarne Grattugia TG12R<\/strong><\/td>\n<\/tr>\n<tr style=\"height: 21px;\">\n<td style=\"width: 50%; height: 21px;\">Spannungsversorgung Volt\/Hz<\/td>\n<td style=\"width: 50%; height: 21px;\">230\/50 - 230-400\/50<\/td>\n<\/tr>\n<tr style=\"height: 21px;\">\n<td style=\"width: 50%; height: 21px;\">Leistung Kwatt\/(Hp)<\/td>\n<td style=\"width: 50%; height: 21px;\">0,75 (1,00)<\/td>\n<\/tr>\n<tr style=\"height: 21px;\">\n<td style=\"width: 50%; height: 21px;\">Umdrehungen\/m Reibe (RPM)<\/td>\n<td style=\"width: 50%; height: 21px;\">1400<\/td>\n<\/tr>\n<tr style=\"height: 21px;\">\n<td style=\"width: 50%; height: 21px;\">Umdrehungen\/m Fleischwolf (RPM)<\/td>\n<td style=\"width: 50%; height: 21px;\">200<\/td>\n<\/tr>\n<tr style=\"height: 21px;\">\n<td style=\"width: 50%; height: 21px;\">Schleifen von Gruppen<\/td>\n<td style=\"width: 50%; height: 21px;\">Edelstahl \/ Gusseisen<\/td>\n<\/tr>\n<tr style=\"height: 21px;\">\n<td style=\"width: 50%; height: 21px;\">Gelieferte Platte (mm)<\/td>\n<td style=\"width: 50%; height: 21px;\">\u00f86<\/td>\n<\/tr>\n<tr style=\"height: 21px;\">\n<td style=\"width: 50%; height: 21px;\">\u00d6ffnung der Reibe (mm)<\/td>\n<td style=\"width: 50%; height: 21px;\">140&#215;80<\/td>\n<\/tr>\n<tr style=\"height: 21px;\">\n<td style=\"width: 50%; height: 21px;\">Auslass des Fleischwolfs (mm)<\/td>\n<td style=\"width: 50%; height: 21px;\">\u00f870<\/td>\n<\/tr>\n<tr style=\"height: 21px;\">\n<td style=\"width: 50%; height: 21px;\">St\u00fcndliche Leistung Reibe (kg)<\/td>\n<td style=\"width: 50%; height: 21px;\">50<\/td>\n<\/tr>\n<tr style=\"height: 21px;\">\n<td style=\"width: 50%; height: 21px;\">St\u00fcndliche Leistung Fleischwolf (kg)<\/td>\n<td style=\"width: 50%; height: 21px;\">200<\/td>\n<\/tr>\n<tr style=\"height: 21px;\">\n<td style=\"width: 50%; height: 21px;\">Einphasig\/dreiphasig Nettogewicht (kg)<\/td>\n<td style=\"width: 50%; height: 21px;\">22,0\/22,0<\/td>\n<\/tr>\n<tr style=\"height: 21px;\">\n<td style=\"width: 50%; height: 21px;\">Bruttogewicht einphasig\/dreiphasig (kg)<\/td>\n<td style=\"width: 50%; height: 21px;\">25,0\/25,0<\/td>\n<\/tr>\n<tr style=\"height: 21px;\">\n<td style=\"width: 50%; height: 21px;\">Abmessungen (mm)<\/td>\n<td style=\"width: 50%; height: 21px;\">B. 220 D. 550 H. 460<\/td>\n<\/tr>\n<tr style=\"height: 21px;\">\n<td style=\"width: 50%; height: 21px;\">Verpackungsgr\u00f6\u00dfe (mm)<\/td>\n<td style=\"width: 50%; height: 21px;\">B. 290 D. 600 H. 430<\/td>\n<\/tr>\n<\/tbody>\n<\/table>\n<p>&nbsp;<\/p>\n<p>&nbsp;<\/p>","protected":false},"excerpt":{"rendered":"<p>Macchina Professionale Tritacarne + Grattugia con Produzione Oraria 200 Kg TRITACARNE GRATTUGIA Serie Professional Retro&#8217; TG 12 R FAMA Descrizione prodotto: Macchinario per uso professionale Corpo in lega di alluminio pressofuso e verniciato Sistema di riduzione ad ingranaggi elicoidali a bagno d\u2019olio Robusto motore a induzione di produzione nazionale Termica di protezione Gruppo macinazione carne: [&#8230;]","protected":false},"featured_media":127975,"comment_status":"closed","ping_status":"closed","template":"","meta":{"_monsterinsights_skip_tracking":false,"_monsterinsights_sitenote_active":false,"_monsterinsights_sitenote_note":"","_monsterinsights_sitenote_category":0},"product_brand":[704],"product_cat":[49,56,183],"product_tag":[],"class_list":{"0":"post-127967","1":"product","2":"type-product","3":"status-publish","4":"has-post-thumbnail","6":"product_brand-fama","7":"product_cat-tritacarne","8":"product_cat-grattugie","9":"product_cat-tritacarne-ristorazione","10":"product_shipping_class-f","11":"pa_marca-fama","13":"first","14":"instock","15":"taxable","16":"shipping-taxable","17":"purchasable","18":"product-type-variable"},"_links":{"self":[{"href":"https:\/\/www.creaearredanegozi.it\/de\/wp-json\/wp\/v2\/product\/127967","targetHints":{"allow":["GET"]}}],"collection":[{"href":"https:\/\/www.creaearredanegozi.it\/de\/wp-json\/wp\/v2\/product"}],"about":[{"href":"https:\/\/www.creaearredanegozi.it\/de\/wp-json\/wp\/v2\/types\/product"}],"replies":[{"embeddable":true,"href":"https:\/\/www.creaearredanegozi.it\/de\/wp-json\/wp\/v2\/comments?post=127967"}],"wp:featuredmedia":[{"embeddable":true,"href":"https:\/\/www.creaearredanegozi.it\/de\/wp-json\/wp\/v2\/media\/127975"}],"wp:attachment":[{"href":"https:\/\/www.creaearredanegozi.it\/de\/wp-json\/wp\/v2\/media?parent=127967"}],"wp:term":[{"taxonomy":"product_brand","embeddable":true,"href":"https:\/\/www.creaearredanegozi.it\/de\/wp-json\/wp\/v2\/product_brand?post=127967"},{"taxonomy":"product_cat","embeddable":true,"href":"https:\/\/www.creaearredanegozi.it\/de\/wp-json\/wp\/v2\/product_cat?post=127967"},{"taxonomy":"product_tag","embeddable":true,"href":"https:\/\/www.creaearredanegozi.it\/de\/wp-json\/wp\/v2\/product_tag?post=127967"}],"curies":[{"name":"wp","href":"https:\/\/api.w.org\/{rel}","templated":true}]}}