{"id":128078,"date":"2024-05-29T10:28:35","date_gmt":"2024-05-29T08:28:35","guid":{"rendered":"https:\/\/www.creaearredanegozi.it\/?post_type=product&#038;p=128078"},"modified":"2024-06-04T13:16:20","modified_gmt":"2024-06-04T11:16:20","slug":"professioneller-immersionsmixer-in-verschiedenen-farben-miomix-series-fame","status":"publish","type":"product","link":"https:\/\/www.creaearredanegozi.it\/de\/professioneller-immersionsmixer-in-verschiedenen-farben-miomix-series-fame\/","title":{"rendered":"Profi-Tauchmixer Mixer in verschiedenen Farben Serie MIOMIX FAMA"},"content":{"rendered":"<h3 style=\"text-align: left;\">Professioneller Stabmixer Mixer in verschiedenen Farben<\/h3>\n<p style=\"text-align: left;\"><strong>MIOMIX FAMA<\/strong><\/p>\n<p>Maschine mit ergonomischem Griff f\u00fcr einen ausgezeichneten Halt ohne Erm\u00fcdung, modular mit Mixer, Emulgator, Homogenisator oder Multifunktion, alle 200 oder 250 mm, leichter Minibesen mit Geschwindigkeitsregler, um je nach verwendetem Werkzeug unterschiedliche Produkte zu erhalten.<\/p>\n<p>Dar\u00fcber hinaus kann dieser innovative Mixer durch den Kauf verschiedener Zubeh\u00f6rteile vervollst\u00e4ndigt werden, wie z. B. die Karaffe mit Skala, die einzelne Wandhalterung, um ihn immer griffbereit zu haben, oder die Kombi, die es erm\u00f6glicht, auch Zubeh\u00f6r anzubringen.<\/p>\n<p>Dieses vollst\u00e4ndig in Italien hergestellte Produkt verf\u00fcgt \u00fcber einen Kunststoffk\u00f6rper mit innovativem Design f\u00fcr geringes Gewicht und bessere Griffigkeit sowie \u00fcber Edelstahlklingen zum Schneiden, Mixen und Schlagen, um glatte und seidige Produkte zu erhalten, die sich hervorragend f\u00fcr die Zubereitung von Minestrone, Gem\u00fcsep\u00fcree, So\u00dfen, Teigtaschen, Mayonnaise, Tomatenp\u00fcree, Pesto usw. eignen.<\/p>\n<p>Es besteht die M\u00f6glichkeit, den Motorblock allein in 4 verschiedenen Farben zu erwerben.<\/p>\n<p>Technische Daten<\/p>\n<ul>\n<li>Maschinen f\u00fcr den professionellen Einsatz<\/li>\n<li>Geh\u00e4use aus Kunststoff mit innovativem Design<\/li>\n<li>In verschiedenen Farben: wei\u00df, gr\u00fcn, rot und blau<\/li>\n<li>Leichte, einfach zu bedienende Maschinen<\/li>\n<li>Im Inland hergestellter L\u00fcftermotor<\/li>\n<li>Thermischer Motorschutz<\/li>\n<li>Antrieb mit variabler Geschwindigkeit<\/li>\n<li>Elektronisches Geschwindigkeits- und Leistungsstabilisierungssystem SRS (selbstregulierende Geschwindigkeit)<\/li>\n<li>Hochfeste Polymer-Verbindungen<\/li>\n<li>Mischer und Emulgatoren sind in zwei Gr\u00f6\u00dfen erh\u00e4ltlich: 200-250 mm<\/li>\n<li>Ger\u00e4t von Pr\u00fcfstelle zertifiziert<\/li>\n<li>EG-Normen<\/li>\n<li>Hergestellt in Italien<\/li>\n<\/ul>\n<hr \/>\n<p style=\"text-align: center;\"><strong>Optional<\/strong><\/p>\n<table style=\"border-collapse: collapse; width: 99.9277%; height: 1621px;\" class=\"mtr-table mtr-tr-td\">\n<tbody>\n<tr style=\"height: 21px;\">\n<td style=\"width: 25%; height: 21px;\" data-mtr-content=\"MIO MIX\" class=\"mtr-td-tag\"><div class=\"mtr-cell-content\">MEIN MIX<\/div><\/td>\n<td style=\"width: 40%; height: 21px;\" data-mtr-content=\"Descrizione\" class=\"mtr-td-tag\"><div class=\"mtr-cell-content\">Beschreibung<\/div><\/td>\n<td style=\"width: 99px; height: 21px;\" data-mtr-content=\"\" class=\"mtr-td-tag\"><div class=\"mtr-cell-content\"><\/div><\/td>\n<\/tr>\n<tr style=\"height: 200px;\">\n<td style=\"width: 163px; height: 200px;\" data-mtr-content=\"MIO MIX\" class=\"mtr-td-tag\"><div class=\"mtr-cell-content\">200 und 250 mm Mischer<\/div><\/td>\n<td style=\"width: 492px; height: 200px;\" data-mtr-content=\"Descrizione\" class=\"mtr-td-tag\"><div class=\"mtr-cell-content\">Klingen aus rostfreiem Stahl. Ideal zum Mixen von Gem\u00fcsesuppen, P\u00fcrees, So\u00dfen usw.<\/div><\/td>\n<td style=\"width: 99px; height: 200px;\" data-mtr-content=\"\" class=\"mtr-td-tag\"><div class=\"mtr-cell-content\"><a href=\"https:\/\/www.creaearredanegozi.it\/wp-content\/uploads\/2024\/05\/emulsionatore-200x200-1.jpg\"><img decoding=\"async\" class=\"size-full wp-image-128081 aligncenter\" src=\"https:\/\/www.creaearredanegozi.it\/wp-content\/uploads\/2024\/05\/emulsionatore-200x200-1.jpg\" alt=\"\" width=\"200\" height=\"200\" title=\"\" srcset=\"https:\/\/www.creaearredanegozi.it\/wp-content\/uploads\/2024\/05\/emulsionatore-200x200-1.jpg 200w, https:\/\/www.creaearredanegozi.it\/wp-content\/uploads\/2024\/05\/emulsionatore-200x200-1-100x100.jpg 100w, https:\/\/www.creaearredanegozi.it\/wp-content\/uploads\/2024\/05\/emulsionatore-200x200-1-64x64.jpg 64w\" sizes=\"(max-width: 200px) 100vw, 200px\"><\/a><\/div><\/td>\n<\/tr>\n<tr style=\"height: 200px;\">\n<td style=\"width: 163px; height: 200px;\" data-mtr-content=\"MIO MIX\" class=\"mtr-td-tag\"><div class=\"mtr-cell-content\">Emulgator 200 und 250 mm<\/div><\/td>\n<td style=\"width: 492px; height: 200px;\" data-mtr-content=\"Descrizione\" class=\"mtr-td-tag\"><div class=\"mtr-cell-content\">Scheibe aus rostfreiem Stahl. Ideal zum Emulgieren von So\u00dfen, die dadurch leicht und fluffig werden<\/div><\/td>\n<td style=\"width: 99px; height: 200px;\" data-mtr-content=\"\" class=\"mtr-td-tag\"><div class=\"mtr-cell-content\"><a href=\"https:\/\/www.creaearredanegozi.it\/wp-content\/uploads\/2024\/05\/emulsionatore-240.jpg\"><img decoding=\"async\" class=\"wp-image-128080 aligncenter\" src=\"https:\/\/www.creaearredanegozi.it\/wp-content\/uploads\/2024\/05\/emulsionatore-240.jpg\" alt=\"\" width=\"200\" height=\"200\" title=\"\" srcset=\"https:\/\/www.creaearredanegozi.it\/wp-content\/uploads\/2024\/05\/emulsionatore-240.jpg 240w, https:\/\/www.creaearredanegozi.it\/wp-content\/uploads\/2024\/05\/emulsionatore-240-100x100.jpg 100w, https:\/\/www.creaearredanegozi.it\/wp-content\/uploads\/2024\/05\/emulsionatore-240-64x64.jpg 64w\" sizes=\"(max-width: 200px) 100vw, 200px\"><\/a><\/div><\/td>\n<\/tr>\n<tr style=\"height: 200px;\">\n<td style=\"width: 163px; height: 200px;\" data-mtr-content=\"MIO MIX\" class=\"mtr-td-tag\"><div class=\"mtr-cell-content\">Homogenisator 200 und 250 mm<\/div><\/td>\n<td style=\"width: 492px; height: 200px;\" data-mtr-content=\"Descrizione\" class=\"mtr-td-tag\"><div class=\"mtr-cell-content\">Hergestellt aus rostfreiem Stahl. Ideal f\u00fcr ein glattes und seidiges Produkt, dank der Partikelreduzierung bis zu 2 Mikron<\/div><\/td>\n<td style=\"width: 99px; height: 200px;\" data-mtr-content=\"\" class=\"mtr-td-tag\"><div class=\"mtr-cell-content\"><a href=\"https:\/\/www.creaearredanegozi.it\/wp-content\/uploads\/2024\/05\/omogeneizzatore-200x200-1.jpg\"><img decoding=\"async\" class=\"size-full wp-image-128082 aligncenter\" src=\"https:\/\/www.creaearredanegozi.it\/wp-content\/uploads\/2024\/05\/omogeneizzatore-200x200-1.jpg\" alt=\"\" width=\"200\" height=\"200\" title=\"\" srcset=\"https:\/\/www.creaearredanegozi.it\/wp-content\/uploads\/2024\/05\/omogeneizzatore-200x200-1.jpg 200w, https:\/\/www.creaearredanegozi.it\/wp-content\/uploads\/2024\/05\/omogeneizzatore-200x200-1-100x100.jpg 100w, https:\/\/www.creaearredanegozi.it\/wp-content\/uploads\/2024\/05\/omogeneizzatore-200x200-1-64x64.jpg 64w\" sizes=\"(max-width: 200px) 100vw, 200px\"><\/a><\/div><\/td>\n<\/tr>\n<tr style=\"height: 200px;\">\n<td style=\"width: 163px; height: 200px;\" data-mtr-content=\"MIO MIX\" class=\"mtr-td-tag\"><div class=\"mtr-cell-content\">Mehrfachfunktion 200 und 250 mm<\/div><\/td>\n<td style=\"width: 492px; height: 200px;\" data-mtr-content=\"Descrizione\" class=\"mtr-td-tag\"><div class=\"mtr-cell-content\">Vierschneidige Klinge aus rostfreiem Stahl. Zerkleinert, schneidet und mischt im Handumdrehen. Ideal f\u00fcr die Zubereitung von Eiscreme und Spiegelglasur<\/div><\/td>\n<td style=\"width: 99px; height: 200px;\" data-mtr-content=\"\" class=\"mtr-td-tag\"><div class=\"mtr-cell-content\"><a href=\"https:\/\/www.creaearredanegozi.it\/wp-content\/uploads\/2024\/05\/multifunzione-200x200-1.jpg\"><img decoding=\"async\" class=\"size-full wp-image-128083 aligncenter\" src=\"https:\/\/www.creaearredanegozi.it\/wp-content\/uploads\/2024\/05\/multifunzione-200x200-1.jpg\" alt=\"\" width=\"200\" height=\"200\" title=\"\" srcset=\"https:\/\/www.creaearredanegozi.it\/wp-content\/uploads\/2024\/05\/multifunzione-200x200-1.jpg 200w, https:\/\/www.creaearredanegozi.it\/wp-content\/uploads\/2024\/05\/multifunzione-200x200-1-100x100.jpg 100w, https:\/\/www.creaearredanegozi.it\/wp-content\/uploads\/2024\/05\/multifunzione-200x200-1-64x64.jpg 64w\" sizes=\"(max-width: 200px) 100vw, 200px\"><\/a><\/div><\/td>\n<\/tr>\n<tr style=\"height: 200px;\">\n<td style=\"width: 163px; height: 200px;\" data-mtr-content=\"MIO MIX\" class=\"mtr-td-tag\"><div class=\"mtr-cell-content\">Peitsche<\/div><\/td>\n<td style=\"width: 492px; height: 200px;\" data-mtr-content=\"Descrizione\" class=\"mtr-td-tag\"><div class=\"mtr-cell-content\">Mit Elementen ganz aus Edelstahl, leicht abnehmbar f\u00fcr eine optimale Reinigung. Ideal zum Aufschlagen (Eiwei\u00df, Sahne, etc.).<\/div><\/td>\n<td style=\"width: 99px; height: 200px;\" data-mtr-content=\"\" class=\"mtr-td-tag\"><div class=\"mtr-cell-content\"><a href=\"https:\/\/www.creaearredanegozi.it\/wp-content\/uploads\/2024\/05\/frusta-200x200-1.jpg\"><img decoding=\"async\" class=\"size-full wp-image-128084 aligncenter\" src=\"https:\/\/www.creaearredanegozi.it\/wp-content\/uploads\/2024\/05\/frusta-200x200-1.jpg\" alt=\"\" width=\"200\" height=\"200\" title=\"\" srcset=\"https:\/\/www.creaearredanegozi.it\/wp-content\/uploads\/2024\/05\/frusta-200x200-1.jpg 200w, https:\/\/www.creaearredanegozi.it\/wp-content\/uploads\/2024\/05\/frusta-200x200-1-100x100.jpg 100w, https:\/\/www.creaearredanegozi.it\/wp-content\/uploads\/2024\/05\/frusta-200x200-1-64x64.jpg 64w\" sizes=\"(max-width: 200px) 100vw, 200px\"><\/a><\/div><\/td>\n<\/tr>\n<tr style=\"height: 200px;\">\n<td style=\"width: 163px; height: 200px;\" data-mtr-content=\"MIO MIX\" class=\"mtr-td-tag\"><div class=\"mtr-cell-content\">Einzelne Mini-Wandhalterung<\/div><\/td>\n<td style=\"width: 492px; height: 200px;\" data-mtr-content=\"Descrizione\" class=\"mtr-td-tag\"><div class=\"mtr-cell-content\"><\/div><\/td>\n<td style=\"width: 99px; height: 200px;\" data-mtr-content=\"\" class=\"mtr-td-tag\"><div class=\"mtr-cell-content\"><a href=\"https:\/\/www.creaearredanegozi.it\/wp-content\/uploads\/2024\/05\/supporto-singolo-200x200-1.jpg\"><img decoding=\"async\" class=\"size-full wp-image-128085 aligncenter\" src=\"https:\/\/www.creaearredanegozi.it\/wp-content\/uploads\/2024\/05\/supporto-singolo-200x200-1.jpg\" alt=\"\" width=\"200\" height=\"200\" title=\"\" srcset=\"https:\/\/www.creaearredanegozi.it\/wp-content\/uploads\/2024\/05\/supporto-singolo-200x200-1.jpg 200w, https:\/\/www.creaearredanegozi.it\/wp-content\/uploads\/2024\/05\/supporto-singolo-200x200-1-100x100.jpg 100w, https:\/\/www.creaearredanegozi.it\/wp-content\/uploads\/2024\/05\/supporto-singolo-200x200-1-64x64.jpg 64w\" sizes=\"(max-width: 200px) 100vw, 200px\"><\/a><\/div><\/td>\n<\/tr>\n<tr style=\"height: 200px;\">\n<td style=\"width: 163px; height: 200px;\" data-mtr-content=\"MIO MIX\" class=\"mtr-td-tag\"><div class=\"mtr-cell-content\">Combi mini Wandhalterung<\/div><\/td>\n<td style=\"width: 492px; height: 200px;\" data-mtr-content=\"Descrizione\" class=\"mtr-td-tag\"><div class=\"mtr-cell-content\"><\/div><\/td>\n<td style=\"width: 99px; height: 200px;\" data-mtr-content=\"\" class=\"mtr-td-tag\"><div class=\"mtr-cell-content\"><a href=\"https:\/\/www.creaearredanegozi.it\/wp-content\/uploads\/2024\/05\/supporto-combi-200x200-1.jpg\"><img decoding=\"async\" class=\"size-full wp-image-128086 aligncenter\" src=\"https:\/\/www.creaearredanegozi.it\/wp-content\/uploads\/2024\/05\/supporto-combi-200x200-1.jpg\" alt=\"\" width=\"200\" height=\"200\" title=\"\" srcset=\"https:\/\/www.creaearredanegozi.it\/wp-content\/uploads\/2024\/05\/supporto-combi-200x200-1.jpg 200w, https:\/\/www.creaearredanegozi.it\/wp-content\/uploads\/2024\/05\/supporto-combi-200x200-1-100x100.jpg 100w, https:\/\/www.creaearredanegozi.it\/wp-content\/uploads\/2024\/05\/supporto-combi-200x200-1-64x64.jpg 64w\" sizes=\"(max-width: 200px) 100vw, 200px\"><\/a><\/div><\/td>\n<\/tr>\n<tr style=\"height: 200px;\">\n<td style=\"width: 163px; height: 200px;\" data-mtr-content=\"MIO MIX\" class=\"mtr-td-tag\"><div class=\"mtr-cell-content\">Krug<\/div><\/td>\n<td style=\"width: 492px; height: 200px;\" data-mtr-content=\"Descrizione\" class=\"mtr-td-tag\"><div class=\"mtr-cell-content\">Fassungsverm\u00f6gen 1,5 l<\/div><\/td>\n<td style=\"width: 99px; height: 200px;\" data-mtr-content=\"\" class=\"mtr-td-tag\"><div class=\"mtr-cell-content\"><a href=\"https:\/\/www.creaearredanegozi.it\/wp-content\/uploads\/2024\/05\/caraffa-200x200-1.jpg\"><img decoding=\"async\" class=\"size-full wp-image-128087 aligncenter\" src=\"https:\/\/www.creaearredanegozi.it\/wp-content\/uploads\/2024\/05\/caraffa-200x200-1.jpg\" alt=\"\" width=\"200\" height=\"200\" title=\"\" srcset=\"https:\/\/www.creaearredanegozi.it\/wp-content\/uploads\/2024\/05\/caraffa-200x200-1.jpg 200w, https:\/\/www.creaearredanegozi.it\/wp-content\/uploads\/2024\/05\/caraffa-200x200-1-100x100.jpg 100w, https:\/\/www.creaearredanegozi.it\/wp-content\/uploads\/2024\/05\/caraffa-200x200-1-64x64.jpg 64w\" sizes=\"(max-width: 200px) 100vw, 200px\"><\/a><\/div><\/td>\n<\/tr>\n<\/tbody>\n<\/table>\n<hr \/>\n<p style=\"text-align: center;\"><strong>Technische Daten<\/strong><\/p>\n<table style=\"border-collapse: collapse; width: 100%; height: 168px;\">\n<tbody>\n<tr style=\"height: 21px;\">\n<td style=\"width: 33.3333%; height: 21px;\">Modell<\/td>\n<td style=\"width: 33.3333%; height: 21px;\">MIOMIX<\/td>\n<td style=\"width: 33.3333%; height: 21px;\" rowspan=\"8\"><a href=\"https:\/\/www.creaearredanegozi.it\/wp-content\/uploads\/2024\/05\/misura-corpo.jpg\"><img decoding=\"async\" class=\"alignnone size-full wp-image-128088\" src=\"https:\/\/www.creaearredanegozi.it\/wp-content\/uploads\/2024\/05\/misura-corpo.jpg\" alt=\"\" width=\"200\" height=\"200\" title=\"\" srcset=\"https:\/\/www.creaearredanegozi.it\/wp-content\/uploads\/2024\/05\/misura-corpo.jpg 200w, https:\/\/www.creaearredanegozi.it\/wp-content\/uploads\/2024\/05\/misura-corpo-100x100.jpg 100w, https:\/\/www.creaearredanegozi.it\/wp-content\/uploads\/2024\/05\/misura-corpo-64x64.jpg 64w\" sizes=\"(max-width: 200px) 100vw, 200px\" \/><\/a><\/td>\n<\/tr>\n<tr style=\"height: 21px;\">\n<td style=\"width: 33.3333%; height: 21px;\">Stromversorgung (Volt\/Hz)<\/td>\n<td style=\"width: 33.3333%; height: 21px;\">230 \/ 50-60<\/td>\n<\/tr>\n<tr style=\"height: 21px;\">\n<td style=\"width: 33.3333%; height: 21px;\">Leistung (Kwatt\/Hp)<\/td>\n<td style=\"width: 33.3333%; height: 21px;\">0,25<\/td>\n<\/tr>\n<tr style=\"height: 21px;\">\n<td style=\"width: 33.3333%; height: 21px;\">A mm<\/td>\n<td style=\"width: 33.3333%; height: 21px;\">\u00f875<\/td>\n<\/tr>\n<tr style=\"height: 21px;\">\n<td style=\"width: 33.3333%; height: 21px;\">B mm<\/td>\n<td style=\"width: 33.3333%; height: 21px;\">285<\/td>\n<\/tr>\n<tr style=\"height: 21px;\">\n<td style=\"width: 33.3333%; height: 21px;\">Drehzahl RPM<\/td>\n<td style=\"width: 33.3333%; height: 21px;\">2500 (max. 15000)<\/td>\n<\/tr>\n<tr style=\"height: 21px;\">\n<td style=\"width: 33.3333%; height: 21px;\">Nettogewicht (kg)<\/td>\n<td style=\"width: 33.3333%; height: 21px;\">1,1<\/td>\n<\/tr>\n<tr style=\"height: 21px;\">\n<td style=\"width: 33.3333%; height: 21px;\">Bruttogewicht (kg)<\/td>\n<td style=\"width: 33.3333%; height: 21px;\">1,3<\/td>\n<\/tr>\n<\/tbody>\n<\/table>","protected":false},"excerpt":{"rendered":"<p>Mixer Frullatore ad immersione Professionale Componibile in Vari Colori MIOMIX FAMA Macchina con impugnatura ergonomica per un\u2019ottima presa senza fatica, componibile con mescolatore, emulsionatore, omogeneizzatore o multifunzione, tutti da 200 o 250 mm, frusta light mini con variatore di velocit\u00e0 per ottenere diversi prodotti in base all\u2019utensile utilizzato. Inoltre, questo innovativo mixer, pu\u00f2 essere completato, [&#8230;]","protected":false},"featured_media":128089,"comment_status":"closed","ping_status":"closed","template":"","meta":{"_monsterinsights_skip_tracking":false,"_monsterinsights_sitenote_active":false,"_monsterinsights_sitenote_note":"","_monsterinsights_sitenote_category":0},"product_brand":[704],"product_cat":[65,46,10,163,814,25],"product_tag":[],"class_list":{"0":"post-128078","1":"product","2":"type-product","3":"status-publish","4":"has-post-thumbnail","6":"product_brand-fama","7":"product_cat-frullatori","8":"product_cat-attrezzature-per-pizzeria-attrezzi-pizzaiolo","9":"product_cat-attrezzature-bar","10":"product_cat-frullatori-ristorazione","11":"product_cat-mixer-frullatori","12":"product_cat-attrezzature-ristoranti-pub-cucine","13":"product_shipping_class-614","14":"pa_marca-fama","16":"first","17":"instock","18":"taxable","19":"shipping-taxable","20":"purchasable","21":"product-type-variable"},"_links":{"self":[{"href":"https:\/\/www.creaearredanegozi.it\/de\/wp-json\/wp\/v2\/product\/128078","targetHints":{"allow":["GET"]}}],"collection":[{"href":"https:\/\/www.creaearredanegozi.it\/de\/wp-json\/wp\/v2\/product"}],"about":[{"href":"https:\/\/www.creaearredanegozi.it\/de\/wp-json\/wp\/v2\/types\/product"}],"replies":[{"embeddable":true,"href":"https:\/\/www.creaearredanegozi.it\/de\/wp-json\/wp\/v2\/comments?post=128078"}],"wp:featuredmedia":[{"embeddable":true,"href":"https:\/\/www.creaearredanegozi.it\/de\/wp-json\/wp\/v2\/media\/128089"}],"wp:attachment":[{"href":"https:\/\/www.creaearredanegozi.it\/de\/wp-json\/wp\/v2\/media?parent=128078"}],"wp:term":[{"taxonomy":"product_brand","embeddable":true,"href":"https:\/\/www.creaearredanegozi.it\/de\/wp-json\/wp\/v2\/product_brand?post=128078"},{"taxonomy":"product_cat","embeddable":true,"href":"https:\/\/www.creaearredanegozi.it\/de\/wp-json\/wp\/v2\/product_cat?post=128078"},{"taxonomy":"product_tag","embeddable":true,"href":"https:\/\/www.creaearredanegozi.it\/de\/wp-json\/wp\/v2\/product_tag?post=128078"}],"curies":[{"name":"wp","href":"https:\/\/api.w.org\/{rel}","templated":true}]}}