{"id":128106,"date":"2024-06-03T13:20:57","date_gmt":"2024-06-03T11:20:57","guid":{"rendered":"https:\/\/www.creaearredanegozi.it\/?post_type=product&#038;p=128106"},"modified":"2024-06-04T19:43:10","modified_gmt":"2024-06-04T17:43:10","slug":"professioneller-tauchmixer-mit-zubehorsatz-top-chef-variable-geschwindigkeit-fame-miomix-topcheftop","status":"publish","type":"product","link":"https:\/\/www.creaearredanegozi.it\/de\/professioneller-tauchmixer-mit-zubehorsatz-top-chef-variable-geschwindigkeit-fame-miomix-topcheftop\/","title":{"rendered":"Profi-Tauchmixer mit Zubeh\u00f6rset Top Chef Variable Geschwindigkeit FAMA MIOMIX TOPCHEFTOP"},"content":{"rendered":"<h3>Professioneller Eintauchmixer mit Zubeh\u00f6rset Top Chef Variable Geschwindigkeit<\/h3>\n<h3>Produkt Mixer mit variabler Geschwindigkeit Mio Mix Top Chef FAMA<\/h3>\n<p>Maschine mit ergonomischem Griff f\u00fcr erm\u00fcdungsfreies Greifen, modular mit Mixer, Homogenisator und Multifunktion, alle 250 mm, Schneebesen, Messbecher und Wandhalterung.<\/p>\n<p>Mit Geschwindigkeitsregler, um je nach verwendetem Werkzeug unterschiedliche Produkte zu erhalten, und mit unverzichtbarem Zubeh\u00f6r, wie der graduierten Karaffe und der Wandhalterung, um sie immer griffbereit zu haben, an der auch Zubeh\u00f6r angebracht werden kann.<\/p>\n<p>Dieses vollst\u00e4ndig in Italien hergestellte Produkt hat einen Kunststoffk\u00f6rper mit innovativem Design f\u00fcr geringes Gewicht und bessere Griffigkeit, und die Klingen seiner Bestandteile sind aus rostfreiem Stahl. Sie eignen sich zum Schneiden, Mixen, Schlagen und zur Herstellung von glatten und seidigen Produkten, die sich hervorragend f\u00fcr die Zubereitung von Minestrone, Gem\u00fcsep\u00fcree, So\u00dfen, Teigen, Mayonnaise, Tomatenp\u00fcree, Pesto usw. eignen.<\/p>\n<p>Erh\u00e4ltlich in 4 verschiedenen Farben.<\/p>\n<p><img decoding=\"async\" class=\"alignnone size-medium wp-image-128151 aligncenter\" style=\"max-width: 800px;\" src=\"https:\/\/www.creaearredanegozi.it\/wp-content\/uploads\/2024\/06\/miomix-fama.jpeg\" alt=\"MioMix-Ruhm\" width=\"100%\" height=\"auto\" title=\"\" srcset=\"https:\/\/www.creaearredanegozi.it\/wp-content\/uploads\/2024\/06\/miomix-fama.jpeg 1200w, https:\/\/www.creaearredanegozi.it\/wp-content\/uploads\/2024\/06\/miomix-fama-250x250.jpeg 250w, https:\/\/www.creaearredanegozi.it\/wp-content\/uploads\/2024\/06\/miomix-fama-100x100.jpeg 100w, https:\/\/www.creaearredanegozi.it\/wp-content\/uploads\/2024\/06\/miomix-fama-516x516.jpeg 516w, https:\/\/www.creaearredanegozi.it\/wp-content\/uploads\/2024\/06\/miomix-fama-64x64.jpeg 64w, https:\/\/www.creaearredanegozi.it\/wp-content\/uploads\/2024\/06\/miomix-fama-400x400.jpeg 400w, https:\/\/www.creaearredanegozi.it\/wp-content\/uploads\/2024\/06\/miomix-fama-800x800.jpeg 800w, https:\/\/www.creaearredanegozi.it\/wp-content\/uploads\/2024\/06\/miomix-fama-280x280.jpeg 280w, https:\/\/www.creaearredanegozi.it\/wp-content\/uploads\/2024\/06\/miomix-fama-768x768.jpeg 768w\" sizes=\"(max-width: 1200px) 100vw, 1200px\" \/><\/p>\n<p>Packungsinhalt:<\/p>\n<ul>\n<li>Mischer mit variabler Geschwindigkeit 230V -50\/60Hz<\/li>\n<li>Mischer 250mm<\/li>\n<li>Homogenisator 250mm<\/li>\n<li>Multifunktion 250mm<\/li>\n<li>Peitsche<\/li>\n<li>Abgestufte Karaffe<\/li>\n<li>Sch\u00fcrze<\/li>\n<li>Combo Mini-Wandhalterung.<\/li>\n<\/ul>\n<p><strong>Technische Daten:<\/strong><\/p>\n<table class=\"table table-striped\">\n<tbody>\n<tr>\n<td>\n<p class=\"dati_tecnici_label_1\"><strong>Modell<\/strong><\/p>\n<\/td>\n<td><strong>MIOMIX.TOPCHEF<\/strong><\/td>\n<\/tr>\n<tr>\n<td><b>Strom <strong>(in Watt)<\/strong><\/b><\/td>\n<td align=\"left\">250<\/td>\n<\/tr>\n<tr>\n<td><strong>Stromversorgung (Volt\/Hz)<\/strong><\/td>\n<td align=\"left\">230 \/ 50-60<\/td>\n<\/tr>\n<tr>\n<td><strong>A mm<\/strong><\/td>\n<td align=\"left\">\u00f875<\/td>\n<\/tr>\n<tr>\n<td><strong>B mm<\/strong><\/td>\n<td align=\"left\">285<\/td>\n<\/tr>\n<tr>\n<td><strong>Drehzahl RPM<\/strong><\/td>\n<td align=\"left\">von 2.500 bis 15.000<\/td>\n<\/tr>\n<tr>\n<td><strong>Nettogewicht (kg)<\/strong><\/td>\n<td align=\"left\">4,3<\/td>\n<\/tr>\n<tr>\n<td><strong>Bruttogewicht (kg)<\/strong><\/td>\n<td align=\"left\">5<\/td>\n<\/tr>\n<\/tbody>\n<\/table>\n<hr \/>\n<p style=\"text-align: center;\"><iframe loading=\"lazy\" title=\"YouTube-Video-Player\" src=\"https:\/\/www.youtube-nocookie.com\/embed\/N1WK5CPZspY?si=go-_i5XIt6ozoe1I\" width=\"560\" height=\"315\" frameborder=\"0\" allowfullscreen=\"allowfullscreen\"><\/iframe><\/p>","protected":false},"excerpt":{"rendered":"<p>Mixer a Immersione Professionale Con Accessori Kit Top Chef Velocit\u00e0 Variabile Prodotto Mixer velocit\u00e0 variabile Mio Mix Top Chef FAMA Macchina con impugnatura ergonomica per un\u2019ottima presa senza fatica, componibile con mescolatore, omogeneizzatore e multifunzione, tutti 250 mm, frusta, caraffa graduata, e supporto a parete. Con variatore di velocit\u00e0 per ottenere diversi prodotti in base [&#8230;]","protected":false},"featured_media":128109,"comment_status":"closed","ping_status":"closed","template":"","meta":{"_monsterinsights_skip_tracking":false,"_monsterinsights_sitenote_active":false,"_monsterinsights_sitenote_note":"","_monsterinsights_sitenote_category":0},"product_brand":[704],"product_cat":[65,10,163,814,25],"product_tag":[],"class_list":{"0":"post-128106","1":"product","2":"type-product","3":"status-publish","4":"has-post-thumbnail","6":"product_brand-fama","7":"product_cat-frullatori","8":"product_cat-attrezzature-bar","9":"product_cat-frullatori-ristorazione","10":"product_cat-mixer-frullatori","11":"product_cat-attrezzature-ristoranti-pub-cucine","12":"pa_marca-fama","14":"first","15":"instock","16":"taxable","17":"shipping-taxable","18":"purchasable","19":"product-type-variable"},"_links":{"self":[{"href":"https:\/\/www.creaearredanegozi.it\/de\/wp-json\/wp\/v2\/product\/128106","targetHints":{"allow":["GET"]}}],"collection":[{"href":"https:\/\/www.creaearredanegozi.it\/de\/wp-json\/wp\/v2\/product"}],"about":[{"href":"https:\/\/www.creaearredanegozi.it\/de\/wp-json\/wp\/v2\/types\/product"}],"replies":[{"embeddable":true,"href":"https:\/\/www.creaearredanegozi.it\/de\/wp-json\/wp\/v2\/comments?post=128106"}],"wp:featuredmedia":[{"embeddable":true,"href":"https:\/\/www.creaearredanegozi.it\/de\/wp-json\/wp\/v2\/media\/128109"}],"wp:attachment":[{"href":"https:\/\/www.creaearredanegozi.it\/de\/wp-json\/wp\/v2\/media?parent=128106"}],"wp:term":[{"taxonomy":"product_brand","embeddable":true,"href":"https:\/\/www.creaearredanegozi.it\/de\/wp-json\/wp\/v2\/product_brand?post=128106"},{"taxonomy":"product_cat","embeddable":true,"href":"https:\/\/www.creaearredanegozi.it\/de\/wp-json\/wp\/v2\/product_cat?post=128106"},{"taxonomy":"product_tag","embeddable":true,"href":"https:\/\/www.creaearredanegozi.it\/de\/wp-json\/wp\/v2\/product_tag?post=128106"}],"curies":[{"name":"wp","href":"https:\/\/api.w.org\/{rel}","templated":true}]}}