{"id":128118,"date":"2024-06-03T17:03:06","date_gmt":"2024-06-03T15:03:06","guid":{"rendered":"https:\/\/www.creaearredanegozi.it\/?post_type=product&#038;p=128118"},"modified":"2026-03-05T10:53:17","modified_gmt":"2026-03-05T09:53:17","slug":"vetrina-refrigerata-bassa-temperatura-bt-18-23c-ventilata-frost-250-nv","status":"publish","type":"product","link":"https:\/\/www.creaearredanegozi.it\/de\/vetrina-refrigerata-bassa-temperatura-bt-18-23c-ventilata-frost-250-nv\/","title":{"rendered":"Tieftemperatur-K\u00fchlvitrine BT -18\u00b0\/-23\u00b0C bel\u00fcftet FROST 250 NV"},"content":{"rendered":"<h1 data-anim=\"title\" data-delay=\"0.2\">FROST 250 NV<\/h1>\n<div class=\"col-12-xs single-desc\" data-anim=\"fade\" data-delay=\"0.4\">\n<p>Bel\u00fcftete, schlanke, vertikale K\u00fchlvitrine f\u00fcr Speiseeis mit einer Vollglast\u00fcr, die die Sichtbarkeit der Produkte maximiert. Die Breite von 45 cm und die zus\u00e4tzliche Tiefe machen ihn zu einem schlanken K\u00fchlschrank mit gro\u00dfem Fassungsverm\u00f6gen, der \u00fcberall im Gesch\u00e4ft aufgestellt werden kann. FROST 250 NV verwendet Gase, die als umweltfreundlich gelten. Hergestellt in ITALIEN von U5.<\/p>\n<\/div>\n<table class=\"table table-striped\">\n<tbody>\n<tr>\n<td style=\"width: 50%;\">Temperatur Min<\/td>\n<td>-18\u00b0<\/td>\n<\/tr>\n<tr>\n<td>Max. Temperatur<\/td>\n<td>-23\u00b0<\/td>\n<\/tr>\n<tr>\n<td>Breite<\/td>\n<td>452 mm<\/td>\n<\/tr>\n<tr>\n<td>Tiefe<\/td>\n<td>699 mm<\/td>\n<\/tr>\n<tr>\n<td>H\u00f6he<\/td>\n<td>1.848 mm<\/td>\n<\/tr>\n<tr>\n<td>Sichtbarer Bereich<\/td>\n<td>0,43 mq<\/td>\n<\/tr>\n<tr>\n<td>Klima-Klasse<\/td>\n<td>7<\/td>\n<\/tr>\n<tr>\n<td>Energieverbrauch<\/td>\n<td>9,35 KW\/Anno<\/td>\n<\/tr>\n<tr>\n<td>Watts<\/td>\n<td>525 W<\/td>\n<\/tr>\n<tr>\n<td>K\u00e4ltetechnik<\/td>\n<td>Bel\u00fcftet<\/td>\n<\/tr>\n<tr>\n<td>Bruttokapazit\u00e4t<\/td>\n<td>243 lt<\/td>\n<\/tr>\n<tr>\n<td>Netto-Kapazit\u00e4t<\/td>\n<td>163 lt<\/td>\n<\/tr>\n<tr>\n<td>Thermostat<\/td>\n<td>Elektronisch<\/td>\n<\/tr>\n<tr>\n<td>Entfrosten<\/td>\n<td>Automatisch<\/td>\n<\/tr>\n<tr>\n<td>Thermometer<\/td>\n<td>Elektronisch<\/td>\n<\/tr>\n<tr>\n<td>Gas<\/td>\n<td>R290<\/td>\n<\/tr>\n<tr>\n<td>Beleuchtung<\/td>\n<td>LED-Innenbeleuchtung<\/td>\n<\/tr>\n<tr>\n<td>Sicherheit<\/td>\n<td>Schloss mit Schl\u00fcssel<\/td>\n<\/tr>\n<tr>\n<td>Mobilit\u00e4t<\/td>\n<td>2 verstellbare F\u00fc\u00dfe + 4 Rollen<\/td>\n<\/tr>\n<tr>\n<td>\u00c4u\u00dfere Farbe<\/td>\n<td>Silbergrau<\/td>\n<\/tr>\n<tr>\n<td>Ausr\u00fcstung<\/td>\n<td>4 griglie (287 x 450 mm)<\/td>\n<\/tr>\n<tr>\n<td>Optional<\/td>\n<td>- Grafiken auf Schrank und\/oder Glasfront<br \/>\n- Transparenter Eis am Stiel-Bausatz<br \/>\n- K\u00f6rbe<\/td>\n<\/tr>\n<\/tbody>\n<\/table>","protected":false},"excerpt":{"rendered":"<p>FROST 250 NV Vetrina verticale ventilata slim per gelati con porta full glass che massimizza la visibilit\u00e0 dei prodotti. I suoi 45 cm di larghezza abbinati ad una extra profondit\u00e0 lo rendono un frigo slim ad alta capienza da poter posizionare ovunque nel punto vendita. FROST 250 NV utilizza gas ritenuti non dannosi per l\u2019ambiente. [&#8230;]","protected":false},"featured_media":128115,"comment_status":"closed","ping_status":"closed","template":"","meta":{"_monsterinsights_skip_tracking":false,"_monsterinsights_sitenote_active":false,"_monsterinsights_sitenote_note":"","_monsterinsights_sitenote_category":0},"product_brand":[726],"product_cat":[256,317],"product_tag":[],"class_list":{"0":"post-128118","1":"product","2":"type-product","3":"status-publish","4":"has-post-thumbnail","6":"product_brand-u5","7":"product_cat-fredde","8":"product_cat-gelaterie","9":"product_shipping_class-c","11":"first","12":"instock","13":"taxable","14":"shipping-taxable","15":"purchasable","16":"product-type-simple"},"_links":{"self":[{"href":"https:\/\/www.creaearredanegozi.it\/de\/wp-json\/wp\/v2\/product\/128118","targetHints":{"allow":["GET"]}}],"collection":[{"href":"https:\/\/www.creaearredanegozi.it\/de\/wp-json\/wp\/v2\/product"}],"about":[{"href":"https:\/\/www.creaearredanegozi.it\/de\/wp-json\/wp\/v2\/types\/product"}],"replies":[{"embeddable":true,"href":"https:\/\/www.creaearredanegozi.it\/de\/wp-json\/wp\/v2\/comments?post=128118"}],"wp:featuredmedia":[{"embeddable":true,"href":"https:\/\/www.creaearredanegozi.it\/de\/wp-json\/wp\/v2\/media\/128115"}],"wp:attachment":[{"href":"https:\/\/www.creaearredanegozi.it\/de\/wp-json\/wp\/v2\/media?parent=128118"}],"wp:term":[{"taxonomy":"product_brand","embeddable":true,"href":"https:\/\/www.creaearredanegozi.it\/de\/wp-json\/wp\/v2\/product_brand?post=128118"},{"taxonomy":"product_cat","embeddable":true,"href":"https:\/\/www.creaearredanegozi.it\/de\/wp-json\/wp\/v2\/product_cat?post=128118"},{"taxonomy":"product_tag","embeddable":true,"href":"https:\/\/www.creaearredanegozi.it\/de\/wp-json\/wp\/v2\/product_tag?post=128118"}],"curies":[{"name":"wp","href":"https:\/\/api.w.org\/{rel}","templated":true}]}}