{"id":128119,"date":"2024-06-03T17:09:24","date_gmt":"2024-06-03T15:09:24","guid":{"rendered":"https:\/\/www.creaearredanegozi.it\/?post_type=product&#038;p=128119"},"modified":"2024-06-03T17:15:42","modified_gmt":"2024-06-03T15:15:42","slug":"vetrina-refrigerata-bassa-temperatura-bt-18-23c-statica-frost-glamour-400-ns","status":"publish","type":"product","link":"https:\/\/www.creaearredanegozi.it\/de\/vetrina-refrigerata-bassa-temperatura-bt-18-23c-statica-frost-glamour-400-ns\/","title":{"rendered":"K\u00fchlvitrine Tieftemperatur BT -18\u00b0\/-23\u00b0C statisch FROST GLAMOUR 400 NS"},"content":{"rendered":"<h1 data-anim=\"title\" data-delay=\"0.2\">FROST GLAMOUR 400 NS<\/h1>\n<div class=\"col-12-xs single-desc\" data-anim=\"fade\" data-delay=\"0.4\">\n<p>Statische, schlanke Vertikalvitrine f\u00fcr Speiseeis mit Vollglast\u00fcr und Seitenscheiben, die die Sichtbarkeit der Produkte maximieren (patentierte U5-L\u00f6sung). Die Breite von 45 cm in Kombination mit einer zus\u00e4tzlichen Tiefe machen ihn zu einem schlanken K\u00fchlschrank mit hohem Fassungsverm\u00f6gen, der \u00fcberall im Gesch\u00e4ft aufgestellt werden kann. Der FROST GLAMOUR 400 NS arbeitet mit umweltfreundlichen Gasen. Hergestellt in ITALIEN von U5.<\/p>\n<\/div>\n<table class=\"table table-striped\">\n<tbody>\n<tr>\n<td style=\"width: 50%;\">Temperatur Min<\/td>\n<td>-18\u00b0<\/td>\n<\/tr>\n<tr>\n<td>Max. Temperatur<\/td>\n<td>-23\u00b0<\/td>\n<\/tr>\n<tr>\n<td>Breite<\/td>\n<td>670 mm<\/td>\n<\/tr>\n<tr>\n<td>Tiefe<\/td>\n<td>680 mm<\/td>\n<\/tr>\n<tr>\n<td>H\u00f6he<\/td>\n<td>2.000 mm<\/td>\n<\/tr>\n<tr>\n<td>Sichtbarer Bereich<\/td>\n<td>1.5 mq<\/td>\n<\/tr>\n<tr>\n<td>Klima-Klasse<\/td>\n<td>4<\/td>\n<\/tr>\n<tr>\n<td>Energieverbrauch<\/td>\n<td>14,50 KW\/Anno<\/td>\n<\/tr>\n<tr>\n<td>Watts<\/td>\n<td>760 W<\/td>\n<\/tr>\n<tr>\n<td>K\u00e4ltetechnik<\/td>\n<td>Statik<\/td>\n<\/tr>\n<tr>\n<td>Bruttokapazit\u00e4t<\/td>\n<td>416 lt<\/td>\n<\/tr>\n<tr>\n<td>Netto-Kapazit\u00e4t<\/td>\n<td>302 lt<\/td>\n<\/tr>\n<tr>\n<td>Thermostat<\/td>\n<td>Elektronisch<\/td>\n<\/tr>\n<tr>\n<td>Entfrosten<\/td>\n<td>Handbuch<\/td>\n<\/tr>\n<tr>\n<td>Thermometer<\/td>\n<td>Elektronisch<\/td>\n<\/tr>\n<tr>\n<td>Gas<\/td>\n<td>R290<\/td>\n<\/tr>\n<tr>\n<td>Beleuchtung<\/td>\n<td>LED-Innenbeleuchtung<\/td>\n<\/tr>\n<tr>\n<td>Sicherheit<\/td>\n<td>Schloss mit Schl\u00fcssel<\/td>\n<\/tr>\n<tr>\n<td>Mobilit\u00e4t<\/td>\n<td>2 verstellbare F\u00fc\u00dfe + 4 Rollen<\/td>\n<\/tr>\n<tr>\n<td>\u00c4u\u00dfere Farbe<\/td>\n<td>Silbergrau<\/td>\n<\/tr>\n<tr>\n<td>Optional<\/td>\n<td>- Grafiken auf Schrank und\/oder Glasfront<br \/>\n- Transparenter Eis am Stiel-Bausatz<br \/>\n- K\u00f6rbe<br \/>\n\u2022 Copriripiani metallici<br \/>\n\u2022 Portaprezzo<\/td>\n<\/tr>\n<\/tbody>\n<\/table>","protected":false},"excerpt":{"rendered":"<p>FROST GLAMOUR 400 NS Vetrina verticale statica slim per gelati con porta full glass e vetri laterali che massimizzano la visibilit\u00e0 dei prodotti (soluzione brevettata da U5). I suoi 45 cm di larghezza abbinati ad una extra profondit\u00e0 lo rendono un frigo slim ad alta capienza da poter posizionare ovunque nel punto vendita. FROST GLAMOUR [&#8230;]","protected":false},"featured_media":128121,"comment_status":"closed","ping_status":"closed","template":"","meta":{"_monsterinsights_skip_tracking":false,"_monsterinsights_sitenote_active":false,"_monsterinsights_sitenote_note":"","_monsterinsights_sitenote_category":0},"product_brand":[726],"product_cat":[256,317],"product_tag":[],"class_list":{"0":"post-128119","1":"product","2":"type-product","3":"status-publish","4":"has-post-thumbnail","6":"product_brand-u5","7":"product_cat-fredde","8":"product_cat-gelaterie","9":"product_shipping_class-i","11":"first","12":"instock","13":"taxable","14":"shipping-taxable","15":"purchasable","16":"product-type-simple"},"_links":{"self":[{"href":"https:\/\/www.creaearredanegozi.it\/de\/wp-json\/wp\/v2\/product\/128119","targetHints":{"allow":["GET"]}}],"collection":[{"href":"https:\/\/www.creaearredanegozi.it\/de\/wp-json\/wp\/v2\/product"}],"about":[{"href":"https:\/\/www.creaearredanegozi.it\/de\/wp-json\/wp\/v2\/types\/product"}],"replies":[{"embeddable":true,"href":"https:\/\/www.creaearredanegozi.it\/de\/wp-json\/wp\/v2\/comments?post=128119"}],"wp:featuredmedia":[{"embeddable":true,"href":"https:\/\/www.creaearredanegozi.it\/de\/wp-json\/wp\/v2\/media\/128121"}],"wp:attachment":[{"href":"https:\/\/www.creaearredanegozi.it\/de\/wp-json\/wp\/v2\/media?parent=128119"}],"wp:term":[{"taxonomy":"product_brand","embeddable":true,"href":"https:\/\/www.creaearredanegozi.it\/de\/wp-json\/wp\/v2\/product_brand?post=128119"},{"taxonomy":"product_cat","embeddable":true,"href":"https:\/\/www.creaearredanegozi.it\/de\/wp-json\/wp\/v2\/product_cat?post=128119"},{"taxonomy":"product_tag","embeddable":true,"href":"https:\/\/www.creaearredanegozi.it\/de\/wp-json\/wp\/v2\/product_tag?post=128119"}],"curies":[{"name":"wp","href":"https:\/\/api.w.org\/{rel}","templated":true}]}}