{"id":128154,"date":"2024-06-05T11:43:19","date_gmt":"2024-06-05T09:43:19","guid":{"rendered":"https:\/\/www.creaearredanegozi.it\/?post_type=product&#038;p=128154"},"modified":"2024-06-06T11:28:38","modified_gmt":"2024-06-06T09:28:38","slug":"professioneller-immersionsmixer-mit-variabler-geschwindigkeit-combi-350-watt-heavy-fame-series","status":"publish","type":"product","link":"https:\/\/www.creaearredanegozi.it\/de\/professioneller-immersionsmixer-mit-variabler-geschwindigkeit-combi-350-watt-heavy-fame-series\/","title":{"rendered":"Professioneller Eintauchmischer Variable Geschwindigkeit Combi 350 Watt Heavy Fama Series"},"content":{"rendered":"<h3>Profi-Tauchmixer Variable Geschwindigkeit Combi 350 Watt<\/h3>\n<p><strong>Produktmixer Linie Heavy Fama<\/strong><\/p>\n<ol>\n<li>Code FM350VVC300: MIXER 350 VV + MIXER 300 mm + FRUSTER<\/li>\n<li>Code FM350VVC400: MIXER 350 VV + MIXER 400 mm + FRUSTER<\/li>\n<li>Code FM350VVC500: MIXER 350 VV + MIXER 500 mm + FRUSTER<\/li>\n<li>Code FM350VVC600: MIXER 350 VV + MIXER 600 mm + FRUSTER.<\/li>\n<\/ol>\n<p>Maschine mit ergonomischem Griff f\u00fcr erm\u00fcdungsfreies Arbeiten. Mit Geschwindigkeitsvariator, um verschiedene Produkte je nach verwendetem Werkzeug zu erhalten, ein 9-Gang-Regler mit Leuchtanzeige. Sein zentraler K\u00f6rper ist aus dem st\u00e4rksten und robustesten Edelstahl, sehr agil und bequem, wie der Wechsel von Zubeh\u00f6r mit extremer Geschwindigkeit durchgef\u00fchrt wird, bestehend aus einer Ringmutter Block und Polymer-Gelenk.<\/p>\n<p>Merkmale:<\/p>\n<ul>\n<li>Maschinen f\u00fcr den professionellen Einsatz<\/li>\n<li>Motorgeh\u00e4use aus rostfreiem Stahl<\/li>\n<li>Im Inland hergestellter L\u00fcftermotor<\/li>\n<li>Thermischer Motorschutz<\/li>\n<li>Ergonomischer Griff f\u00fcr mehr Benutzerkomfort<\/li>\n<li>Fl\u00fcssigkristallanzeige<\/li>\n<li>9-Gang-Regler<\/li>\n<li>Elektronisches Geschwindigkeits- und Leistungsstabilisierungssystem SRS (selbstregulierende Geschwindigkeit)<\/li>\n<li>Hochfeste Polymer-Verbindungen<\/li>\n<li>Edelstahlmischer erh\u00e4ltlich in 4 L\u00e4ngen: 300-400-500-600 mm<\/li>\n<li>Schraubmischkupplung<\/li>\n<li>Ger\u00e4t von Pr\u00fcfstelle zertifiziert<\/li>\n<li>EG-Normen<\/li>\n<li>Hergestellt in Italien.<\/li>\n<\/ul>\n<p><a href=\"https:\/\/www.creaearredanegozi.it\/wp-content\/uploads\/2024\/06\/mixer_heavy_corpo_motore.jpg\"><img decoding=\"async\" class=\"alignnone size-full wp-image-128159\" src=\"https:\/\/www.creaearredanegozi.it\/wp-content\/uploads\/2024\/06\/mixer_heavy_corpo_motore.jpg\" alt=\"\" width=\"290\" height=\"270\" title=\"\" srcset=\"https:\/\/www.creaearredanegozi.it\/wp-content\/uploads\/2024\/06\/mixer_heavy_corpo_motore.jpg 290w, https:\/\/www.creaearredanegozi.it\/wp-content\/uploads\/2024\/06\/mixer_heavy_corpo_motore-64x60.jpg 64w\" sizes=\"(max-width: 290px) 100vw, 290px\" \/><\/a><\/p>\n<p><strong>Technische Daten:<\/strong><\/p>\n<table style=\"border-collapse: collapse; width: 100%;\" class=\"mtr-table mtr-tr-td\">\n<tbody>\n<tr>\n<td style=\"width: 20%;\" data-mtr-content=\"Modello\" class=\"mtr-td-tag\"><div class=\"mtr-cell-content\">Modell<\/div><\/td>\n<td style=\"width: 20%;\" data-mtr-content=\"FM350VVC300\" class=\"mtr-td-tag\"><div class=\"mtr-cell-content\">FM350VVC300<\/div><\/td>\n<td style=\"width: 20%;\" data-mtr-content=\"FM350VVC400\" class=\"mtr-td-tag\"><div class=\"mtr-cell-content\">FM350VVC400<\/div><\/td>\n<td style=\"width: 20%;\" data-mtr-content=\"FM350VVC500\" class=\"mtr-td-tag\"><div class=\"mtr-cell-content\">FM350VVC500<\/div><\/td>\n<td style=\"width: 20%;\" data-mtr-content=\"FM350VVC600\" class=\"mtr-td-tag\"><div class=\"mtr-cell-content\">FM350VVC600<\/div><\/td>\n<\/tr>\n<tr>\n<td style=\"width: 20%;\" data-mtr-content=\"Modello\" class=\"mtr-td-tag\"><div class=\"mtr-cell-content\"><strong>Stromversorgung (Volt\/Hz)<\/strong><\/div><\/td>\n<td style=\"width: 20%;\" data-mtr-content=\"FM350VVC300\" class=\"mtr-td-tag\"><div class=\"mtr-cell-content\">230 \/ 50-60<\/div><\/td>\n<td style=\"width: 20%;\" data-mtr-content=\"FM350VVC400\" class=\"mtr-td-tag\"><div class=\"mtr-cell-content\">230 \/ 50-60<\/div><\/td>\n<td style=\"width: 20%;\" data-mtr-content=\"FM350VVC500\" class=\"mtr-td-tag\"><div class=\"mtr-cell-content\">230 \/ 50-60<\/div><\/td>\n<td style=\"width: 20%;\" data-mtr-content=\"FM350VVC600\" class=\"mtr-td-tag\"><div class=\"mtr-cell-content\">230 \/ 50-60<\/div><\/td>\n<\/tr>\n<tr>\n<td style=\"width: 20%;\" data-mtr-content=\"Modello\" class=\"mtr-td-tag\"><div class=\"mtr-cell-content\"><b>Strom <strong>(in Watt)<\/strong><\/b><\/div><\/td>\n<td style=\"width: 20%;\" data-mtr-content=\"FM350VVC300\" class=\"mtr-td-tag\"><div class=\"mtr-cell-content\">0,35<\/div><\/td>\n<td style=\"width: 20%;\" data-mtr-content=\"FM350VVC400\" class=\"mtr-td-tag\"><div class=\"mtr-cell-content\">0,35<\/div><\/td>\n<td style=\"width: 20%;\" data-mtr-content=\"FM350VVC500\" class=\"mtr-td-tag\"><div class=\"mtr-cell-content\">0,35<\/div><\/td>\n<td style=\"width: 20%;\" data-mtr-content=\"FM350VVC600\" class=\"mtr-td-tag\"><div class=\"mtr-cell-content\">0,35<\/div><\/td>\n<\/tr>\n<tr>\n<td style=\"width: 20%;\" data-mtr-content=\"Modello\" class=\"mtr-td-tag\"><div class=\"mtr-cell-content\"><strong>A mm<\/strong><\/div><\/td>\n<td style=\"width: 20%;\" data-mtr-content=\"FM350VVC300\" class=\"mtr-td-tag\"><div class=\"mtr-cell-content\">\u00f8130<\/div><\/td>\n<td style=\"width: 20%;\" data-mtr-content=\"FM350VVC400\" class=\"mtr-td-tag\"><div class=\"mtr-cell-content\">\u00f8130<\/div><\/td>\n<td style=\"width: 20%;\" data-mtr-content=\"FM350VVC500\" class=\"mtr-td-tag\"><div class=\"mtr-cell-content\">\u00f8130<\/div><\/td>\n<td style=\"width: 20%;\" data-mtr-content=\"FM350VVC600\" class=\"mtr-td-tag\"><div class=\"mtr-cell-content\">\u00f8130<\/div><\/td>\n<\/tr>\n<tr>\n<td style=\"width: 20%;\" data-mtr-content=\"Modello\" class=\"mtr-td-tag\"><div class=\"mtr-cell-content\"><strong>B mm<\/strong><\/div><\/td>\n<td style=\"width: 20%;\" data-mtr-content=\"FM350VVC300\" class=\"mtr-td-tag\"><div class=\"mtr-cell-content\">360<\/div><\/td>\n<td style=\"width: 20%;\" data-mtr-content=\"FM350VVC400\" class=\"mtr-td-tag\"><div class=\"mtr-cell-content\">360<\/div><\/td>\n<td style=\"width: 20%;\" data-mtr-content=\"FM350VVC500\" class=\"mtr-td-tag\"><div class=\"mtr-cell-content\">360<\/div><\/td>\n<td style=\"width: 20%;\" data-mtr-content=\"FM350VVC600\" class=\"mtr-td-tag\"><div class=\"mtr-cell-content\">360<\/div><\/td>\n<\/tr>\n<tr>\n<td style=\"width: 20%;\" data-mtr-content=\"Modello\" class=\"mtr-td-tag\"><div class=\"mtr-cell-content\"><strong>Drehzahl RPM<\/strong><\/div><\/td>\n<td style=\"width: 20%;\" data-mtr-content=\"FM350VVC300\" class=\"mtr-td-tag\"><div class=\"mtr-cell-content\">2000\/9000 max. 15000<\/div><\/td>\n<td style=\"width: 20%;\" data-mtr-content=\"FM350VVC400\" class=\"mtr-td-tag\"><div class=\"mtr-cell-content\">2000\/9000 max. 15000<\/div><\/td>\n<td style=\"width: 20%;\" data-mtr-content=\"FM350VVC500\" class=\"mtr-td-tag\"><div class=\"mtr-cell-content\">2000\/9000 max. 15000<\/div><\/td>\n<td style=\"width: 20%;\" data-mtr-content=\"FM350VVC600\" class=\"mtr-td-tag\"><div class=\"mtr-cell-content\">2000\/9000 max. 15000<\/div><\/td>\n<\/tr>\n<tr>\n<td style=\"width: 20%;\" data-mtr-content=\"Modello\" class=\"mtr-td-tag\"><div class=\"mtr-cell-content\"><strong>Mischer mm<\/strong><\/div><\/td>\n<td style=\"width: 20%;\" data-mtr-content=\"FM350VVC300\" class=\"mtr-td-tag\"><div class=\"mtr-cell-content\">300<\/div><\/td>\n<td style=\"width: 20%;\" data-mtr-content=\"FM350VVC400\" class=\"mtr-td-tag\"><div class=\"mtr-cell-content\">400<\/div><\/td>\n<td style=\"width: 20%;\" data-mtr-content=\"FM350VVC500\" class=\"mtr-td-tag\"><div class=\"mtr-cell-content\">500<\/div><\/td>\n<td style=\"width: 20%;\" data-mtr-content=\"FM350VVC600\" class=\"mtr-td-tag\"><div class=\"mtr-cell-content\">600<\/div><\/td>\n<\/tr>\n<tr>\n<td style=\"width: 20%;\" data-mtr-content=\"Modello\" class=\"mtr-td-tag\"><div class=\"mtr-cell-content\"><strong>Peitsche<\/strong><\/div><\/td>\n<td style=\"width: 20%;\" data-mtr-content=\"FM350VVC300\" class=\"mtr-td-tag\"><div class=\"mtr-cell-content\">SI<\/div><\/td>\n<td style=\"width: 20%;\" data-mtr-content=\"FM350VVC400\" class=\"mtr-td-tag\"><div class=\"mtr-cell-content\">SI<\/div><\/td>\n<td style=\"width: 20%;\" data-mtr-content=\"FM350VVC500\" class=\"mtr-td-tag\"><div class=\"mtr-cell-content\">SI<\/div><\/td>\n<td style=\"width: 20%;\" data-mtr-content=\"FM350VVC600\" class=\"mtr-td-tag\"><div class=\"mtr-cell-content\">SI<\/div><\/td>\n<\/tr>\n<tr>\n<td style=\"width: 20%;\" data-mtr-content=\"Modello\" class=\"mtr-td-tag\"><div class=\"mtr-cell-content\"><strong>Nettogewicht (kg)<\/strong><\/div><\/td>\n<td style=\"width: 20%;\" data-mtr-content=\"FM350VVC300\" class=\"mtr-td-tag\"><div class=\"mtr-cell-content\">5<\/div><\/td>\n<td style=\"width: 20%;\" data-mtr-content=\"FM350VVC400\" class=\"mtr-td-tag\"><div class=\"mtr-cell-content\">5,2<\/div><\/td>\n<td style=\"width: 20%;\" data-mtr-content=\"FM350VVC500\" class=\"mtr-td-tag\"><div class=\"mtr-cell-content\">5,45<\/div><\/td>\n<td style=\"width: 20%;\" data-mtr-content=\"FM350VVC600\" class=\"mtr-td-tag\"><div class=\"mtr-cell-content\">5,65<\/div><\/td>\n<\/tr>\n<tr>\n<td style=\"width: 20%;\" data-mtr-content=\"Modello\" class=\"mtr-td-tag\"><div class=\"mtr-cell-content\"><strong>Bruttogewicht (kg)<\/strong><\/div><\/td>\n<td style=\"width: 20%;\" data-mtr-content=\"FM350VVC300\" class=\"mtr-td-tag\"><div class=\"mtr-cell-content\">5,7<\/div><\/td>\n<td style=\"width: 20%;\" data-mtr-content=\"FM350VVC400\" class=\"mtr-td-tag\"><div class=\"mtr-cell-content\">5,9<\/div><\/td>\n<td style=\"width: 20%;\" data-mtr-content=\"FM350VVC500\" class=\"mtr-td-tag\"><div class=\"mtr-cell-content\">6,3<\/div><\/td>\n<td style=\"width: 20%;\" data-mtr-content=\"FM350VVC600\" class=\"mtr-td-tag\"><div class=\"mtr-cell-content\">6,55<\/div><\/td>\n<\/tr>\n<tr>\n<td style=\"width: 20%;\" data-mtr-content=\"Modello\" class=\"mtr-td-tag\"><div class=\"mtr-cell-content\"><\/div><\/td>\n<td style=\"width: 20%;\" data-mtr-content=\"FM350VVC300\" class=\"mtr-td-tag\"><div class=\"mtr-cell-content\"><\/div><\/td>\n<td style=\"width: 20%;\" data-mtr-content=\"FM350VVC400\" class=\"mtr-td-tag\"><div class=\"mtr-cell-content\"><\/div><\/td>\n<td style=\"width: 20%;\" data-mtr-content=\"FM350VVC500\" class=\"mtr-td-tag\"><div class=\"mtr-cell-content\"><\/div><\/td>\n<td style=\"width: 20%;\" data-mtr-content=\"FM350VVC600\" class=\"mtr-td-tag\"><div class=\"mtr-cell-content\"><\/div><\/td>\n<\/tr>\n<\/tbody>\n<\/table>\n<p>&nbsp;<\/p>\n<hr \/>\n<table style=\"border-collapse: collapse; width: 100%;\">\n<tbody>\n<tr>\n<td style=\"width: 50%;\">ERGONOMISCHER GRIFF<\/td>\n<td style=\"width: 50%;\"><a href=\"https:\/\/www.creaearredanegozi.it\/wp-content\/uploads\/2024\/06\/impugnatura-piccola.jpg\"><img decoding=\"async\" class=\"alignnone size-full wp-image-128161\" src=\"https:\/\/www.creaearredanegozi.it\/wp-content\/uploads\/2024\/06\/impugnatura-piccola.jpg\" alt=\"\" width=\"250\" height=\"250\" title=\"\" srcset=\"https:\/\/www.creaearredanegozi.it\/wp-content\/uploads\/2024\/06\/impugnatura-piccola.jpg 250w, https:\/\/www.creaearredanegozi.it\/wp-content\/uploads\/2024\/06\/impugnatura-piccola-100x100.jpg 100w, https:\/\/www.creaearredanegozi.it\/wp-content\/uploads\/2024\/06\/impugnatura-piccola-64x64.jpg 64w\" sizes=\"(max-width: 250px) 100vw, 250px\" \/><\/a><\/td>\n<\/tr>\n<tr>\n<td style=\"width: 50%;\">DIGITALES DISPLAY MIT STARTTASTE (MODELL VF)<\/td>\n<td style=\"width: 50%;\"><a href=\"https:\/\/www.creaearredanegozi.it\/wp-content\/uploads\/2024\/06\/velocita-piccola.jpg\"><img decoding=\"async\" class=\"alignnone size-full wp-image-128162\" src=\"https:\/\/www.creaearredanegozi.it\/wp-content\/uploads\/2024\/06\/velocita-piccola.jpg\" alt=\"\" width=\"250\" height=\"250\" title=\"\" srcset=\"https:\/\/www.creaearredanegozi.it\/wp-content\/uploads\/2024\/06\/velocita-piccola.jpg 250w, https:\/\/www.creaearredanegozi.it\/wp-content\/uploads\/2024\/06\/velocita-piccola-100x100.jpg 100w, https:\/\/www.creaearredanegozi.it\/wp-content\/uploads\/2024\/06\/velocita-piccola-64x64.jpg 64w\" sizes=\"(max-width: 250px) 100vw, 250px\" \/><\/a><\/td>\n<\/tr>\n<tr>\n<td style=\"width: 50%;\">STABILER UND FESTER KERN AUS ROSTFREIEM STAHL<\/td>\n<td style=\"width: 50%;\"><a href=\"https:\/\/www.creaearredanegozi.it\/wp-content\/uploads\/2024\/06\/corpo-piccolo.jpg\"><img decoding=\"async\" class=\"alignnone size-full wp-image-128163\" src=\"https:\/\/www.creaearredanegozi.it\/wp-content\/uploads\/2024\/06\/corpo-piccolo.jpg\" alt=\"\" width=\"250\" height=\"250\" title=\"\" srcset=\"https:\/\/www.creaearredanegozi.it\/wp-content\/uploads\/2024\/06\/corpo-piccolo.jpg 250w, https:\/\/www.creaearredanegozi.it\/wp-content\/uploads\/2024\/06\/corpo-piccolo-100x100.jpg 100w, https:\/\/www.creaearredanegozi.it\/wp-content\/uploads\/2024\/06\/corpo-piccolo-64x64.jpg 64w\" sizes=\"(max-width: 250px) 100vw, 250px\" \/><\/a><\/td>\n<\/tr>\n<tr>\n<td style=\"width: 50%;\">EXTREM EINFACHER WECHSEL DES ZUBEH\u00d6RS<\/td>\n<td style=\"width: 50%;\"><a href=\"https:\/\/www.creaearredanegozi.it\/wp-content\/uploads\/2024\/06\/cambio-acc.jpg\"><img decoding=\"async\" class=\"alignnone size-full wp-image-128164\" src=\"https:\/\/www.creaearredanegozi.it\/wp-content\/uploads\/2024\/06\/cambio-acc.jpg\" alt=\"\" width=\"250\" height=\"250\" title=\"\" srcset=\"https:\/\/www.creaearredanegozi.it\/wp-content\/uploads\/2024\/06\/cambio-acc.jpg 250w, https:\/\/www.creaearredanegozi.it\/wp-content\/uploads\/2024\/06\/cambio-acc-100x100.jpg 100w, https:\/\/www.creaearredanegozi.it\/wp-content\/uploads\/2024\/06\/cambio-acc-64x64.jpg 64w\" sizes=\"(max-width: 250px) 100vw, 250px\" \/><\/a><\/td>\n<\/tr>\n<tr>\n<td style=\"width: 50%;\">EISBOCK<\/td>\n<td style=\"width: 50%;\"><a href=\"https:\/\/www.creaearredanegozi.it\/wp-content\/uploads\/2024\/06\/ghiera.jpg\"><img decoding=\"async\" class=\"alignnone size-full wp-image-128165\" src=\"https:\/\/www.creaearredanegozi.it\/wp-content\/uploads\/2024\/06\/ghiera.jpg\" alt=\"\" width=\"250\" height=\"250\" title=\"\" srcset=\"https:\/\/www.creaearredanegozi.it\/wp-content\/uploads\/2024\/06\/ghiera.jpg 250w, https:\/\/www.creaearredanegozi.it\/wp-content\/uploads\/2024\/06\/ghiera-100x100.jpg 100w, https:\/\/www.creaearredanegozi.it\/wp-content\/uploads\/2024\/06\/ghiera-64x64.jpg 64w\" sizes=\"(max-width: 250px) 100vw, 250px\" \/><\/a><\/td>\n<\/tr>\n<tr>\n<td style=\"width: 50%;\">POLYMER-GELENK<\/td>\n<td style=\"width: 50%;\"><a href=\"https:\/\/www.creaearredanegozi.it\/wp-content\/uploads\/2024\/06\/giunto.jpg\"><img decoding=\"async\" class=\"alignnone size-full wp-image-128166\" src=\"https:\/\/www.creaearredanegozi.it\/wp-content\/uploads\/2024\/06\/giunto.jpg\" alt=\"\" width=\"250\" height=\"250\" title=\"\" srcset=\"https:\/\/www.creaearredanegozi.it\/wp-content\/uploads\/2024\/06\/giunto.jpg 250w, https:\/\/www.creaearredanegozi.it\/wp-content\/uploads\/2024\/06\/giunto-100x100.jpg 100w, https:\/\/www.creaearredanegozi.it\/wp-content\/uploads\/2024\/06\/giunto-64x64.jpg 64w\" sizes=\"(max-width: 250px) 100vw, 250px\" \/><\/a><\/td>\n<\/tr>\n<tr>\n<td style=\"width: 50%;\"><\/td>\n<td style=\"width: 50%;\"><\/td>\n<\/tr>\n<tr>\n<td style=\"width: 50%;\"><\/td>\n<td style=\"width: 50%;\"><\/td>\n<\/tr>\n<\/tbody>\n<\/table>","protected":false},"excerpt":{"rendered":"<p>Mixer a Immersione Professionale Velocit\u00e0 Variabile Combi 350 Watt Prodotto Mixer Linea Heavy Fama Codice FM350VVC300: MIXER 350 VV + MESCOLATORE 300 mm + FRUSTA Codice FM350VVC400: MIXER 350 VV + MESCOLATORE 400 mm + FRUSTA Codice FM350VVC500: MIXER 350 VV + MESCOLATORE 500 mm + FRUSTA Codice FM350VVC600: MIXER 350 VV + MESCOLATORE 600 [&#8230;]","protected":false},"featured_media":128167,"comment_status":"closed","ping_status":"closed","template":"","meta":{"_monsterinsights_skip_tracking":false,"_monsterinsights_sitenote_active":false,"_monsterinsights_sitenote_note":"","_monsterinsights_sitenote_category":0},"product_brand":[704],"product_cat":[65,10,163,814,25],"product_tag":[],"class_list":{"0":"post-128154","1":"product","2":"type-product","3":"status-publish","4":"has-post-thumbnail","6":"product_brand-fama","7":"product_cat-frullatori","8":"product_cat-attrezzature-bar","9":"product_cat-frullatori-ristorazione","10":"product_cat-mixer-frullatori","11":"product_cat-attrezzature-ristoranti-pub-cucine","12":"product_shipping_class-215","13":"pa_marca-fama","15":"first","16":"instock","17":"taxable","18":"shipping-taxable","19":"purchasable","20":"product-type-variable"},"_links":{"self":[{"href":"https:\/\/www.creaearredanegozi.it\/de\/wp-json\/wp\/v2\/product\/128154","targetHints":{"allow":["GET"]}}],"collection":[{"href":"https:\/\/www.creaearredanegozi.it\/de\/wp-json\/wp\/v2\/product"}],"about":[{"href":"https:\/\/www.creaearredanegozi.it\/de\/wp-json\/wp\/v2\/types\/product"}],"replies":[{"embeddable":true,"href":"https:\/\/www.creaearredanegozi.it\/de\/wp-json\/wp\/v2\/comments?post=128154"}],"wp:featuredmedia":[{"embeddable":true,"href":"https:\/\/www.creaearredanegozi.it\/de\/wp-json\/wp\/v2\/media\/128167"}],"wp:attachment":[{"href":"https:\/\/www.creaearredanegozi.it\/de\/wp-json\/wp\/v2\/media?parent=128154"}],"wp:term":[{"taxonomy":"product_brand","embeddable":true,"href":"https:\/\/www.creaearredanegozi.it\/de\/wp-json\/wp\/v2\/product_brand?post=128154"},{"taxonomy":"product_cat","embeddable":true,"href":"https:\/\/www.creaearredanegozi.it\/de\/wp-json\/wp\/v2\/product_cat?post=128154"},{"taxonomy":"product_tag","embeddable":true,"href":"https:\/\/www.creaearredanegozi.it\/de\/wp-json\/wp\/v2\/product_tag?post=128154"}],"curies":[{"name":"wp","href":"https:\/\/api.w.org\/{rel}","templated":true}]}}