{"id":128185,"date":"2024-06-07T10:34:10","date_gmt":"2024-06-07T08:34:10","guid":{"rendered":"https:\/\/www.creaearredanegozi.it\/?post_type=product&#038;p=128185"},"modified":"2024-06-07T11:05:35","modified_gmt":"2024-06-07T09:05:35","slug":"mixer-a-immersione-professionale-450-watt-velocita-variabile-o-fissa-serie-heavy-fama-fm450vv-e-m450vf","status":"publish","type":"product","link":"https:\/\/www.creaearredanegozi.it\/de\/mixer-a-immersione-professionale-450-watt-velocita-variabile-o-fissa-serie-heavy-fama-fm450vv-e-m450vf\/","title":{"rendered":"Professioneller Eintauchmischer 450 Watt Variable oder feste Geschwindigkeit Heavy Fama Serie FM450VV und M450VF"},"content":{"rendered":"<h3>Mixer a Immersione Professionale 450 Watt Velocit\u00e0 Variabile o Fissa<\/h3>\n<p><strong>Produktmixer Linie Heavy Fama<\/strong><\/p>\n<ol>\n<li>Codice FM450VV: Corpo Motore MIXER 450 W Velocit\u00e0 Variabile<\/li>\n<li>Codice FM450VF: Corpo Motore MIXER 450 W Velocit\u00e0 Fissa<\/li>\n<\/ol>\n<p>Maschine mit ergonomischem Griff f\u00fcr erm\u00fcdungsfreies Greifen. Sein zentraler K\u00f6rper ist aus dem st\u00e4rksten und robustesten Edelstahl, sehr agil und bequem, wie der Wechsel von Zubeh\u00f6r mit extremer Geschwindigkeit durchgef\u00fchrt wird, bestehend aus einem Ferrule Block und Polymer-Gelenk.<\/p>\n<p>Modell mit variablem Geschwindigkeitsantrieb f\u00fcr verschiedene Produkte je nach verwendetem Werkzeug, einem 9-Gang-Regler mit Lichtanzeige.<\/p>\n<p>Modell ohne Antrieb mit variabler Geschwindigkeit, bestehend aus einer digitalen Anzeige mit Starttaste.<\/p>\n<p>Merkmale:<\/p>\n<ul>\n<li>Maschinen f\u00fcr den professionellen Einsatz<\/li>\n<li>Motorgeh\u00e4use aus rostfreiem Stahl<\/li>\n<li>Im Inland hergestellter L\u00fcftermotor<\/li>\n<li>Thermischer Motorschutz<\/li>\n<li>Ergonomischer Griff f\u00fcr mehr Benutzerkomfort<\/li>\n<li>Fl\u00fcssigkristallanzeige<\/li>\n<li>9-Gang-Regler (Modell VV)<\/li>\n<li>Elektronisches Geschwindigkeits- und Leistungsstabilisierungssystem SRS (selbstregulierende Geschwindigkeit)<\/li>\n<li>Hochfeste Polymer-Verbindungen<\/li>\n<li>Edelstahlmischer erh\u00e4ltlich in 4 L\u00e4ngen: 300-400-500-600 mm<\/li>\n<li>Schraubmischkupplung<\/li>\n<li>Ger\u00e4t von Pr\u00fcfstelle zertifiziert<\/li>\n<li>EG-Normen<\/li>\n<li>Hergestellt in Italien.<\/li>\n<\/ul>\n<p><a href=\"https:\/\/www.creaearredanegozi.it\/wp-content\/uploads\/2024\/06\/mixer_heavy_corpo_motore.jpg\"><img decoding=\"async\" class=\"alignnone size-full wp-image-128159\" src=\"https:\/\/www.creaearredanegozi.it\/wp-content\/uploads\/2024\/06\/mixer_heavy_corpo_motore.jpg\" alt=\"\" width=\"290\" height=\"270\" title=\"\" srcset=\"https:\/\/www.creaearredanegozi.it\/wp-content\/uploads\/2024\/06\/mixer_heavy_corpo_motore.jpg 290w, https:\/\/www.creaearredanegozi.it\/wp-content\/uploads\/2024\/06\/mixer_heavy_corpo_motore-64x60.jpg 64w\" sizes=\"(max-width: 290px) 100vw, 290px\" \/><\/a><\/p>\n<p>Optionales Zubeh\u00f6r:<\/p>\n<ul>\n<li>300\/400\/500\/600 Mischer<\/li>\n<li>300\/400\/500\/600 Homogenisator<\/li>\n<li>300\/400\/500\/600 Mutifunktion<\/li>\n<li><strong>HEAVY FRUSTER nur f\u00fcr VV (au\u00dfer Modell VF)<\/strong><\/li>\n<li>Wandhalterung f\u00fcr Combi<\/li>\n<li>Wandhalterung f\u00fcr Einzel<\/li>\n<li>Halterung f\u00fcr Pfannendurchmesser max. 400\/600\/800\/1000\/1200.<\/li>\n<\/ul>\n<p>&nbsp;<\/p>\n<p><strong>Technische Daten:<\/strong><\/p>\n<table style=\"border-collapse: collapse; width: 100%;\">\n<tbody>\n<tr>\n<td style=\"width: 20%;\">Modell<\/td>\n<td style=\"width: 20%;\">FM450VV\/VF<\/td>\n<\/tr>\n<tr>\n<td style=\"width: 20%;\"><strong>Stromversorgung (Volt\/Hz)<\/strong><\/td>\n<td style=\"width: 20%;\">230 \/ 50-60<\/td>\n<\/tr>\n<tr>\n<td style=\"width: 20%;\"><b>Strom <strong>(in Watt)<\/strong><\/b><\/td>\n<td style=\"width: 20%;\">0,45<\/td>\n<\/tr>\n<tr>\n<td style=\"width: 20%;\"><strong>A mm<\/strong><\/td>\n<td style=\"width: 20%;\">\u00f8130<\/td>\n<\/tr>\n<tr>\n<td style=\"width: 20%;\"><strong>B mm<\/strong><\/td>\n<td style=\"width: 20%;\">380<\/td>\n<\/tr>\n<tr>\n<td style=\"width: 20%;\"><strong>Drehzahl RPM<\/strong><\/td>\n<td style=\"width: 20%;\">2000\/11000 max 17000<\/td>\n<\/tr>\n<tr>\n<td style=\"width: 20%;\"><strong>Nettogewicht (kg)<\/strong><\/td>\n<td style=\"width: 20%;\">3,20<\/td>\n<\/tr>\n<tr>\n<td style=\"width: 20%;\"><\/td>\n<td style=\"width: 20%;\"><\/td>\n<\/tr>\n<tr>\n<td style=\"width: 20%;\"><\/td>\n<td style=\"width: 20%;\"><\/td>\n<\/tr>\n<tr>\n<td style=\"width: 20%;\"><\/td>\n<td style=\"width: 20%;\"><\/td>\n<\/tr>\n<tr>\n<td style=\"width: 20%;\"><\/td>\n<td style=\"width: 20%;\"><\/td>\n<\/tr>\n<\/tbody>\n<\/table>\n<p>&nbsp;<\/p>\n<hr \/>\n<table style=\"border-collapse: collapse; width: 100%;\">\n<tbody>\n<tr>\n<td style=\"width: 50%;\">ERGONOMISCHER GRIFF<\/td>\n<td style=\"width: 50%;\"><a href=\"https:\/\/www.creaearredanegozi.it\/wp-content\/uploads\/2024\/06\/impugnatura-piccola.jpg\"><img decoding=\"async\" class=\"alignnone size-full wp-image-128161\" src=\"https:\/\/www.creaearredanegozi.it\/wp-content\/uploads\/2024\/06\/impugnatura-piccola.jpg\" alt=\"\" width=\"250\" height=\"250\" title=\"\" srcset=\"https:\/\/www.creaearredanegozi.it\/wp-content\/uploads\/2024\/06\/impugnatura-piccola.jpg 250w, https:\/\/www.creaearredanegozi.it\/wp-content\/uploads\/2024\/06\/impugnatura-piccola-100x100.jpg 100w, https:\/\/www.creaearredanegozi.it\/wp-content\/uploads\/2024\/06\/impugnatura-piccola-64x64.jpg 64w\" sizes=\"(max-width: 250px) 100vw, 250px\" \/><\/a><\/td>\n<\/tr>\n<tr>\n<td style=\"width: 50%;\">DIGITALES DISPLAY MIT STARTTASTE (MODELL VF)<\/td>\n<td style=\"width: 50%;\"><a href=\"https:\/\/www.creaearredanegozi.it\/wp-content\/uploads\/2024\/06\/impug-vf-piccola.jpg\"><img decoding=\"async\" class=\"alignnone size-full wp-image-128178\" src=\"https:\/\/www.creaearredanegozi.it\/wp-content\/uploads\/2024\/06\/impug-vf-piccola.jpg\" alt=\"\" width=\"250\" height=\"250\" title=\"\" srcset=\"https:\/\/www.creaearredanegozi.it\/wp-content\/uploads\/2024\/06\/impug-vf-piccola.jpg 250w, https:\/\/www.creaearredanegozi.it\/wp-content\/uploads\/2024\/06\/impug-vf-piccola-100x100.jpg 100w, https:\/\/www.creaearredanegozi.it\/wp-content\/uploads\/2024\/06\/impug-vf-piccola-64x64.jpg 64w\" sizes=\"(max-width: 250px) 100vw, 250px\" \/><\/a><\/td>\n<\/tr>\n<tr>\n<td style=\"width: 50%;\">9-GANG-REGLER MIT BELEUCHTETEM DISPLAY<br \/>\n(MODELL VV)<\/td>\n<td style=\"width: 50%;\"><a href=\"https:\/\/www.creaearredanegozi.it\/wp-content\/uploads\/2024\/06\/velocita-piccola.jpg\"><img decoding=\"async\" class=\"alignnone size-full wp-image-128162\" src=\"https:\/\/www.creaearredanegozi.it\/wp-content\/uploads\/2024\/06\/velocita-piccola.jpg\" alt=\"\" width=\"250\" height=\"250\" title=\"\" srcset=\"https:\/\/www.creaearredanegozi.it\/wp-content\/uploads\/2024\/06\/velocita-piccola.jpg 250w, https:\/\/www.creaearredanegozi.it\/wp-content\/uploads\/2024\/06\/velocita-piccola-100x100.jpg 100w, https:\/\/www.creaearredanegozi.it\/wp-content\/uploads\/2024\/06\/velocita-piccola-64x64.jpg 64w\" sizes=\"(max-width: 250px) 100vw, 250px\" \/><\/a><\/td>\n<\/tr>\n<tr>\n<td style=\"width: 50%;\">STABILER UND FESTER KERN AUS ROSTFREIEM STAHL<\/td>\n<td style=\"width: 50%;\"><a href=\"https:\/\/www.creaearredanegozi.it\/wp-content\/uploads\/2024\/06\/corpo-piccolo.jpg\"><img decoding=\"async\" class=\"alignnone size-full wp-image-128163\" src=\"https:\/\/www.creaearredanegozi.it\/wp-content\/uploads\/2024\/06\/corpo-piccolo.jpg\" alt=\"\" width=\"250\" height=\"250\" title=\"\" srcset=\"https:\/\/www.creaearredanegozi.it\/wp-content\/uploads\/2024\/06\/corpo-piccolo.jpg 250w, https:\/\/www.creaearredanegozi.it\/wp-content\/uploads\/2024\/06\/corpo-piccolo-100x100.jpg 100w, https:\/\/www.creaearredanegozi.it\/wp-content\/uploads\/2024\/06\/corpo-piccolo-64x64.jpg 64w\" sizes=\"(max-width: 250px) 100vw, 250px\" \/><\/a><\/td>\n<\/tr>\n<tr>\n<td style=\"width: 50%;\">EXTREM EINFACHER WECHSEL DES ZUBEH\u00d6RS<\/td>\n<td style=\"width: 50%;\"><a href=\"https:\/\/www.creaearredanegozi.it\/wp-content\/uploads\/2024\/06\/cambio-acc.jpg\"><img decoding=\"async\" class=\"alignnone size-full wp-image-128164\" src=\"https:\/\/www.creaearredanegozi.it\/wp-content\/uploads\/2024\/06\/cambio-acc.jpg\" alt=\"\" width=\"250\" height=\"250\" title=\"\" srcset=\"https:\/\/www.creaearredanegozi.it\/wp-content\/uploads\/2024\/06\/cambio-acc.jpg 250w, https:\/\/www.creaearredanegozi.it\/wp-content\/uploads\/2024\/06\/cambio-acc-100x100.jpg 100w, https:\/\/www.creaearredanegozi.it\/wp-content\/uploads\/2024\/06\/cambio-acc-64x64.jpg 64w\" sizes=\"(max-width: 250px) 100vw, 250px\" \/><\/a><\/td>\n<\/tr>\n<tr>\n<td style=\"width: 50%;\">EISBOCK<\/td>\n<td style=\"width: 50%;\"><a href=\"https:\/\/www.creaearredanegozi.it\/wp-content\/uploads\/2024\/06\/ghiera.jpg\"><img decoding=\"async\" class=\"alignnone size-full wp-image-128165\" src=\"https:\/\/www.creaearredanegozi.it\/wp-content\/uploads\/2024\/06\/ghiera.jpg\" alt=\"\" width=\"250\" height=\"250\" title=\"\" srcset=\"https:\/\/www.creaearredanegozi.it\/wp-content\/uploads\/2024\/06\/ghiera.jpg 250w, https:\/\/www.creaearredanegozi.it\/wp-content\/uploads\/2024\/06\/ghiera-100x100.jpg 100w, https:\/\/www.creaearredanegozi.it\/wp-content\/uploads\/2024\/06\/ghiera-64x64.jpg 64w\" sizes=\"(max-width: 250px) 100vw, 250px\" \/><\/a><\/td>\n<\/tr>\n<tr>\n<td style=\"width: 50%;\">POLYMER-GELENK<\/td>\n<td style=\"width: 50%;\"><a href=\"https:\/\/www.creaearredanegozi.it\/wp-content\/uploads\/2024\/06\/giunto.jpg\"><img decoding=\"async\" class=\"alignnone size-full wp-image-128166\" src=\"https:\/\/www.creaearredanegozi.it\/wp-content\/uploads\/2024\/06\/giunto.jpg\" alt=\"\" width=\"250\" height=\"250\" title=\"\" srcset=\"https:\/\/www.creaearredanegozi.it\/wp-content\/uploads\/2024\/06\/giunto.jpg 250w, https:\/\/www.creaearredanegozi.it\/wp-content\/uploads\/2024\/06\/giunto-100x100.jpg 100w, https:\/\/www.creaearredanegozi.it\/wp-content\/uploads\/2024\/06\/giunto-64x64.jpg 64w\" sizes=\"(max-width: 250px) 100vw, 250px\" \/><\/a><\/td>\n<\/tr>\n<tr>\n<td style=\"width: 50%;\"><\/td>\n<td style=\"width: 50%;\"><\/td>\n<\/tr>\n<tr>\n<td style=\"width: 50%;\"><\/td>\n<td style=\"width: 50%;\"><\/td>\n<\/tr>\n<\/tbody>\n<\/table>","protected":false},"excerpt":{"rendered":"<p>Mixer a Immersione Professionale 450 Watt Velocit\u00e0 Variabile o Fissa Prodotto Mixer Linea Heavy Fama Codice FM450VV: Corpo Motore MIXER 450 W Velocit\u00e0 Variabile Codice FM450VF: Corpo Motore MIXER 450 W Velocit\u00e0 Fissa Macchina con impugnatura ergonomica per un\u2019ottima presa senza fatica. Il suo corpo centrale \u00e8 in acciaio inox pi\u00f9 robusto e resistente, molto [&#8230;]","protected":false},"featured_media":128187,"comment_status":"closed","ping_status":"closed","template":"","meta":{"_monsterinsights_skip_tracking":false,"_monsterinsights_sitenote_active":false,"_monsterinsights_sitenote_note":"","_monsterinsights_sitenote_category":0},"product_brand":[704],"product_cat":[65,10,163,814,25],"product_tag":[],"class_list":{"0":"post-128185","1":"product","2":"type-product","3":"status-publish","4":"has-post-thumbnail","6":"product_brand-fama","7":"product_cat-frullatori","8":"product_cat-attrezzature-bar","9":"product_cat-frullatori-ristorazione","10":"product_cat-mixer-frullatori","11":"product_cat-attrezzature-ristoranti-pub-cucine","12":"product_shipping_class-f","13":"pa_marca-fama","15":"first","16":"instock","17":"taxable","18":"shipping-taxable","19":"purchasable","20":"product-type-simple"},"_links":{"self":[{"href":"https:\/\/www.creaearredanegozi.it\/de\/wp-json\/wp\/v2\/product\/128185","targetHints":{"allow":["GET"]}}],"collection":[{"href":"https:\/\/www.creaearredanegozi.it\/de\/wp-json\/wp\/v2\/product"}],"about":[{"href":"https:\/\/www.creaearredanegozi.it\/de\/wp-json\/wp\/v2\/types\/product"}],"replies":[{"embeddable":true,"href":"https:\/\/www.creaearredanegozi.it\/de\/wp-json\/wp\/v2\/comments?post=128185"}],"wp:featuredmedia":[{"embeddable":true,"href":"https:\/\/www.creaearredanegozi.it\/de\/wp-json\/wp\/v2\/media\/128187"}],"wp:attachment":[{"href":"https:\/\/www.creaearredanegozi.it\/de\/wp-json\/wp\/v2\/media?parent=128185"}],"wp:term":[{"taxonomy":"product_brand","embeddable":true,"href":"https:\/\/www.creaearredanegozi.it\/de\/wp-json\/wp\/v2\/product_brand?post=128185"},{"taxonomy":"product_cat","embeddable":true,"href":"https:\/\/www.creaearredanegozi.it\/de\/wp-json\/wp\/v2\/product_cat?post=128185"},{"taxonomy":"product_tag","embeddable":true,"href":"https:\/\/www.creaearredanegozi.it\/de\/wp-json\/wp\/v2\/product_tag?post=128185"}],"curies":[{"name":"wp","href":"https:\/\/api.w.org\/{rel}","templated":true}]}}