{"id":128197,"date":"2024-06-07T11:29:40","date_gmt":"2024-06-07T09:29:40","guid":{"rendered":"https:\/\/www.creaearredanegozi.it\/?post_type=product&#038;p=128197"},"modified":"2024-06-07T13:34:57","modified_gmt":"2024-06-07T11:34:57","slug":"mixer-a-immersione-professionale-300-400-500-watt-velocita-variabile-serie-light-fama-fm300vv-fm400vv-fm500vv","status":"publish","type":"product","link":"https:\/\/www.creaearredanegozi.it\/de\/mixer-a-immersione-professionale-300-400-500-watt-velocita-variabile-serie-light-fama-fm300vv-fm400vv-fm500vv\/","title":{"rendered":"Profi-Tauchmischer 300\/400\/500 Watt Variable Geschwindigkeit Light Series Fama FM300VV FM400V FM500VV"},"content":{"rendered":"<h3>Mixer a Immersione Professionale 300\/400\/500 Watt Velocit\u00e0 Variabile<\/h3>\n<p><strong>Produktmixer Light Line Fama<\/strong><\/p>\n<ol>\n<li>Codice FM300VV: Corpo Motore MIXER 300 W Velocit\u00e0 Variabile<\/li>\n<li>Codice FM400VV: Corpo Motore MIXER 400 W Velocit\u00e0 Variabile<\/li>\n<li>Codice FM500VV: Corpo Motore MIXER 500 W Velocit\u00e0 Variabile<\/li>\n<\/ol>\n<p>Macchina con impugnatura ergonomica per un\u2019ottima presa senza fatica. Il suo corpo centrale \u00e8 realizzato in plastica con disegno innovativo per avere un peso contenuto e di facile utilizzo. Caratterizzato da innesto a sgancio rapido, che semplifica l&#8217;inserimento degli accessori.<\/p>\n<p>Con pulsanti di dimensioni ottimali, display digitale e con regolatore\u00a0 a 9 velocit\u00e0, e giunto in polimero.<\/p>\n<p>Modell mit Geschwindigkeitsvariator, um je nach verwendetem Werkzeug unterschiedliche Produkte zu erhalten.<\/p>\n<p>Consigli utili: con il mixer 400Watt, combinando accessori come mescolatore e omogeneizzatore 400mm, avrete una vera e propria macchina per creare gelati.<\/p>\n<p>Merkmale:<\/p>\n<ul>\n<li>Maschinen f\u00fcr den professionellen Einsatz<\/li>\n<li>Geh\u00e4use aus Kunststoff mit innovativem Design<\/li>\n<li>Leichte, einfach zu bedienende Maschinen<\/li>\n<li>Im Inland hergestellter L\u00fcftermotor<\/li>\n<li>Thermischer Motorschutz<\/li>\n<li>Ergonomischer Griff f\u00fcr mehr Benutzerkomfort<\/li>\n<li>Fl\u00fcssigkristallanzeige<\/li>\n<li>9-Gang-Regler<\/li>\n<li>Elektronisches Geschwindigkeits- und Leistungsstabilisierungssystem SRS (selbstregulierende Geschwindigkeit)<\/li>\n<li>Hochfeste Polymer-Verbindungen<\/li>\n<li>Mescolatore disponibile in 3 misure: 300-400-500 mm<\/li>\n<li>Innesto mescolatore a baionetta<\/li>\n<li>Ger\u00e4t von Pr\u00fcfstelle zertifiziert<\/li>\n<li>EG-Normen<\/li>\n<li>Hergestellt in Italien<\/li>\n<\/ul>\n<p><a href=\"https:\/\/www.creaearredanegozi.it\/wp-content\/uploads\/2024\/06\/mixer_light_corpo_motore.jpg\"><img decoding=\"async\" class=\"alignnone wp-image-128198\" src=\"https:\/\/www.creaearredanegozi.it\/wp-content\/uploads\/2024\/06\/mixer_light_corpo_motore.jpg\" alt=\"\" width=\"300\" height=\"280\" title=\"\" srcset=\"https:\/\/www.creaearredanegozi.it\/wp-content\/uploads\/2024\/06\/mixer_light_corpo_motore.jpg 322w, https:\/\/www.creaearredanegozi.it\/wp-content\/uploads\/2024\/06\/mixer_light_corpo_motore-64x60.jpg 64w\" sizes=\"(max-width: 300px) 100vw, 300px\" \/><\/a><\/p>\n<p>Optionales Zubeh\u00f6r:<\/p>\n<ul>\n<li>Mescolatore da 300\/400\/500<\/li>\n<li>Omogeneizzatore da 300\/400\/500<\/li>\n<li>Mutifunzione da 300\/400\/500<\/li>\n<li><strong>FRUSTA LIGHT<\/strong><\/li>\n<li>Wandhalterung f\u00fcr Combi<\/li>\n<li>Halterung f\u00fcr Pfannendurchmesser max. 400\/600\/800\/1000\/1200.<\/li>\n<\/ul>\n<p>&nbsp;<\/p>\n<p><strong>Technische Daten:<\/strong><\/p>\n<table style=\"border-collapse: collapse; width: 100%;\" class=\"mtr-table mtr-tr-td\">\n<tbody>\n<tr>\n<td style=\"width: 25%;\" data-mtr-content=\"Modello\" class=\"mtr-td-tag\"><div class=\"mtr-cell-content\">Modell<\/div><\/td>\n<td style=\"width: 25%;\" data-mtr-content=\"FM300VV\" class=\"mtr-td-tag\"><div class=\"mtr-cell-content\">FM300VV<\/div><\/td>\n<td style=\"width: 25%;\" data-mtr-content=\"FM400VV\" class=\"mtr-td-tag\"><div class=\"mtr-cell-content\">FM400VV<\/div><\/td>\n<td style=\"width: 25%;\" data-mtr-content=\"FM500VV\" class=\"mtr-td-tag\"><div class=\"mtr-cell-content\">FM500VV<\/div><\/td>\n<\/tr>\n<tr>\n<td style=\"width: 25%;\" data-mtr-content=\"Modello\" class=\"mtr-td-tag\"><div class=\"mtr-cell-content\"><strong>Stromversorgung (Volt\/Hz)<\/strong><\/div><\/td>\n<td style=\"width: 25%;\" data-mtr-content=\"FM300VV\" class=\"mtr-td-tag\"><div class=\"mtr-cell-content\">230 \/ 50-60<\/div><\/td>\n<td style=\"width: 25%;\" data-mtr-content=\"FM400VV\" class=\"mtr-td-tag\"><div class=\"mtr-cell-content\">230 \/ 50-60<\/div><\/td>\n<td style=\"width: 25%;\" data-mtr-content=\"FM500VV\" class=\"mtr-td-tag\"><div class=\"mtr-cell-content\">230 \/ 50-60<\/div><\/td>\n<\/tr>\n<tr>\n<td style=\"width: 25%;\" data-mtr-content=\"Modello\" class=\"mtr-td-tag\"><div class=\"mtr-cell-content\"><b>Strom <strong>(in Watt)<\/strong><\/b><\/div><\/td>\n<td style=\"width: 25%;\" data-mtr-content=\"FM300VV\" class=\"mtr-td-tag\"><div class=\"mtr-cell-content\">0,30<\/div><\/td>\n<td style=\"width: 25%;\" data-mtr-content=\"FM400VV\" class=\"mtr-td-tag\"><div class=\"mtr-cell-content\">0,40<\/div><\/td>\n<td style=\"width: 25%;\" data-mtr-content=\"FM500VV\" class=\"mtr-td-tag\"><div class=\"mtr-cell-content\">0,50<\/div><\/td>\n<\/tr>\n<tr>\n<td style=\"width: 25%;\" data-mtr-content=\"Modello\" class=\"mtr-td-tag\"><div class=\"mtr-cell-content\"><strong>A mm<\/strong><\/div><\/td>\n<td style=\"width: 25%;\" data-mtr-content=\"FM300VV\" class=\"mtr-td-tag\"><div class=\"mtr-cell-content\">\u00f8100<\/div><\/td>\n<td style=\"width: 25%;\" data-mtr-content=\"FM400VV\" class=\"mtr-td-tag\"><div class=\"mtr-cell-content\">\u00f8100<\/div><\/td>\n<td style=\"width: 25%;\" data-mtr-content=\"FM500VV\" class=\"mtr-td-tag\"><div class=\"mtr-cell-content\">\u00f8100<\/div><\/td>\n<\/tr>\n<tr>\n<td style=\"width: 25%;\" data-mtr-content=\"Modello\" class=\"mtr-td-tag\"><div class=\"mtr-cell-content\"><strong>B mm<\/strong><\/div><\/td>\n<td style=\"width: 25%;\" data-mtr-content=\"FM300VV\" class=\"mtr-td-tag\"><div class=\"mtr-cell-content\">350<\/div><\/td>\n<td style=\"width: 25%;\" data-mtr-content=\"FM400VV\" class=\"mtr-td-tag\"><div class=\"mtr-cell-content\">350<\/div><\/td>\n<td style=\"width: 25%;\" data-mtr-content=\"FM500VV\" class=\"mtr-td-tag\"><div class=\"mtr-cell-content\">350<\/div><\/td>\n<\/tr>\n<tr>\n<td style=\"width: 25%;\" data-mtr-content=\"Modello\" class=\"mtr-td-tag\"><div class=\"mtr-cell-content\"><strong>Drehzahl RPM<\/strong><\/div><\/td>\n<td style=\"width: 25%;\" data-mtr-content=\"FM300VV\" class=\"mtr-td-tag\"><div class=\"mtr-cell-content\">2000\/9000 max 13000<\/div><\/td>\n<td style=\"width: 25%;\" data-mtr-content=\"FM400VV\" class=\"mtr-td-tag\"><div class=\"mtr-cell-content\">2000\/9000 max. 15000<\/div><\/td>\n<td style=\"width: 25%;\" data-mtr-content=\"FM500VV\" class=\"mtr-td-tag\"><div class=\"mtr-cell-content\">2000\/9000 max. 15000<\/div><\/td>\n<\/tr>\n<tr>\n<td style=\"width: 25%;\" data-mtr-content=\"Modello\" class=\"mtr-td-tag\"><div class=\"mtr-cell-content\"><strong>Nettogewicht (kg)<\/strong><\/div><\/td>\n<td style=\"width: 25%;\" data-mtr-content=\"FM300VV\" class=\"mtr-td-tag\"><div class=\"mtr-cell-content\">1,80<\/div><\/td>\n<td style=\"width: 25%;\" data-mtr-content=\"FM400VV\" class=\"mtr-td-tag\"><div class=\"mtr-cell-content\">2,10<\/div><\/td>\n<td style=\"width: 25%;\" data-mtr-content=\"FM500VV\" class=\"mtr-td-tag\"><div class=\"mtr-cell-content\">2,40<\/div><\/td>\n<\/tr>\n<\/tbody>\n<\/table>\n<p>&nbsp;<\/p>\n<hr \/>\n<p>\u200b<\/p>\n<table style=\"border-collapse: collapse; width: 100%;\">\n<tbody>\n<tr>\n<td style=\"width: 50%;\">PULSANTE IN DIMENSIONI OTTIMALI.<\/p>\n<p>DISPLAY DIGITALE<br \/>\nCON REGOLATORE A 9 VELOCIT\u00c0<\/td>\n<td style=\"width: 50%;\"><img decoding=\"async\" class=\"alignnone size-full wp-image-128199\" style=\"color: #555555;\" src=\"https:\/\/www.creaearredanegozi.it\/wp-content\/uploads\/2024\/06\/Display-digitale-con-regolatore-9-velocita-mini.jpg\" alt=\"\" width=\"250\" height=\"250\" title=\"\" srcset=\"https:\/\/www.creaearredanegozi.it\/wp-content\/uploads\/2024\/06\/Display-digitale-con-regolatore-9-velocita-mini.jpg 250w, https:\/\/www.creaearredanegozi.it\/wp-content\/uploads\/2024\/06\/Display-digitale-con-regolatore-9-velocita-mini-100x100.jpg 100w, https:\/\/www.creaearredanegozi.it\/wp-content\/uploads\/2024\/06\/Display-digitale-con-regolatore-9-velocita-mini-64x64.jpg 64w\" sizes=\"(max-width: 250px) 100vw, 250px\" \/><\/td>\n<\/tr>\n<tr>\n<td style=\"width: 50%;\">EXTREM EINFACHER WECHSEL DES ZUBEH\u00d6RS<\/td>\n<td style=\"width: 50%;\"><a href=\"https:\/\/www.creaearredanegozi.it\/wp-content\/uploads\/2024\/06\/Innesto-a-sgancio-rapido-mini.jpg\"><img decoding=\"async\" class=\"alignnone size-full wp-image-128200\" src=\"https:\/\/www.creaearredanegozi.it\/wp-content\/uploads\/2024\/06\/Innesto-a-sgancio-rapido-mini.jpg\" alt=\"\" width=\"250\" height=\"250\" title=\"\" srcset=\"https:\/\/www.creaearredanegozi.it\/wp-content\/uploads\/2024\/06\/Innesto-a-sgancio-rapido-mini.jpg 250w, https:\/\/www.creaearredanegozi.it\/wp-content\/uploads\/2024\/06\/Innesto-a-sgancio-rapido-mini-100x100.jpg 100w, https:\/\/www.creaearredanegozi.it\/wp-content\/uploads\/2024\/06\/Innesto-a-sgancio-rapido-mini-64x64.jpg 64w\" sizes=\"(max-width: 250px) 100vw, 250px\" \/><\/a><\/td>\n<\/tr>\n<tr>\n<td style=\"width: 50%;\">POLYMER-GELENK<\/td>\n<td style=\"width: 50%;\"><a href=\"https:\/\/www.creaearredanegozi.it\/wp-content\/uploads\/2024\/06\/giunto-in-plomero-mini.jpg\"><img decoding=\"async\" class=\"alignnone size-full wp-image-128201\" src=\"https:\/\/www.creaearredanegozi.it\/wp-content\/uploads\/2024\/06\/giunto-in-plomero-mini.jpg\" alt=\"\" width=\"250\" height=\"250\" title=\"\" srcset=\"https:\/\/www.creaearredanegozi.it\/wp-content\/uploads\/2024\/06\/giunto-in-plomero-mini.jpg 250w, https:\/\/www.creaearredanegozi.it\/wp-content\/uploads\/2024\/06\/giunto-in-plomero-mini-100x100.jpg 100w, https:\/\/www.creaearredanegozi.it\/wp-content\/uploads\/2024\/06\/giunto-in-plomero-mini-64x64.jpg 64w\" sizes=\"(max-width: 250px) 100vw, 250px\" \/><\/a><\/td>\n<\/tr>\n<tr>\n<td style=\"width: 50%;\"><\/td>\n<td style=\"width: 50%;\"><\/td>\n<\/tr>\n<tr>\n<td style=\"width: 50%;\"><\/td>\n<td style=\"width: 50%;\"><\/td>\n<\/tr>\n<\/tbody>\n<\/table>","protected":false},"excerpt":{"rendered":"<p>Mixer a Immersione Professionale 300\/400\/500 Watt Velocit\u00e0 Variabile Prodotto Mixer Linea Light Fama Codice FM300VV: Corpo Motore MIXER 300 W Velocit\u00e0 Variabile Codice FM400VV: Corpo Motore MIXER 400 W Velocit\u00e0 Variabile Codice FM500VV: Corpo Motore MIXER 500 W Velocit\u00e0 Variabile Macchina con impugnatura ergonomica per un\u2019ottima presa senza fatica. Il suo corpo centrale \u00e8 realizzato [&#8230;]","protected":false},"featured_media":128202,"comment_status":"closed","ping_status":"closed","template":"","meta":{"_monsterinsights_skip_tracking":false,"_monsterinsights_sitenote_active":false,"_monsterinsights_sitenote_note":"","_monsterinsights_sitenote_category":0},"product_brand":[704],"product_cat":[65,10,163,814,25],"product_tag":[],"class_list":{"0":"post-128197","1":"product","2":"type-product","3":"status-publish","4":"has-post-thumbnail","6":"product_brand-fama","7":"product_cat-frullatori","8":"product_cat-attrezzature-bar","9":"product_cat-frullatori-ristorazione","10":"product_cat-mixer-frullatori","11":"product_cat-attrezzature-ristoranti-pub-cucine","12":"product_shipping_class-f","13":"pa_marca-fama","15":"first","16":"instock","17":"taxable","18":"shipping-taxable","19":"purchasable","20":"product-type-simple"},"_links":{"self":[{"href":"https:\/\/www.creaearredanegozi.it\/de\/wp-json\/wp\/v2\/product\/128197","targetHints":{"allow":["GET"]}}],"collection":[{"href":"https:\/\/www.creaearredanegozi.it\/de\/wp-json\/wp\/v2\/product"}],"about":[{"href":"https:\/\/www.creaearredanegozi.it\/de\/wp-json\/wp\/v2\/types\/product"}],"replies":[{"embeddable":true,"href":"https:\/\/www.creaearredanegozi.it\/de\/wp-json\/wp\/v2\/comments?post=128197"}],"wp:featuredmedia":[{"embeddable":true,"href":"https:\/\/www.creaearredanegozi.it\/de\/wp-json\/wp\/v2\/media\/128202"}],"wp:attachment":[{"href":"https:\/\/www.creaearredanegozi.it\/de\/wp-json\/wp\/v2\/media?parent=128197"}],"wp:term":[{"taxonomy":"product_brand","embeddable":true,"href":"https:\/\/www.creaearredanegozi.it\/de\/wp-json\/wp\/v2\/product_brand?post=128197"},{"taxonomy":"product_cat","embeddable":true,"href":"https:\/\/www.creaearredanegozi.it\/de\/wp-json\/wp\/v2\/product_cat?post=128197"},{"taxonomy":"product_tag","embeddable":true,"href":"https:\/\/www.creaearredanegozi.it\/de\/wp-json\/wp\/v2\/product_tag?post=128197"}],"curies":[{"name":"wp","href":"https:\/\/api.w.org\/{rel}","templated":true}]}}